{"id":24267,"date":"2024-01-11T07:54:32","date_gmt":"2024-01-11T07:54:32","guid":{"rendered":"https:\/\/hotsmoke.eu\/?post_type=product&#038;p=24267"},"modified":"2026-04-27T19:46:21","modified_gmt":"2026-04-27T19:46:21","slug":"fiori-di-canapa-svizzera-super-lemon-haze-cbd","status":"publish","type":"product","link":"https:\/\/hotsmoke.eu\/it\/shop\/cbd\/swiss-hemp-super-lemon-haze-cbd-flower\/","title":{"rendered":"Fiori di Canapa Svizzeri Super Lemon Haze CBD"},"content":{"rendered":"","protected":false},"excerpt":{"rendered":"<h2>FIORI (CBD &lt;12%)<\/h2>\n<p>Fiori di canapa svizzeri Super Lemon Haze \u2013 CBD. I fiori di limone combinano il profumo dolce e speziato dei limoni. La canapa CBD fornisce uno stato di rilassamento leggero che pu\u00f2 essere avvertito rapidamente. Il contenuto di CBD di questi anelli pu\u00f2 raggiungere fino a 12%. La CBD Super Lemon Haze \u00e8 una variet\u00e0 energica che pu\u00f2 essere un ottimo rimedio per una giornata storta. Il profumo dei fiori di cannabis si concentra per sollevare il morale. Le propriet\u00e0 che migliorano l'umore della Super Lemon Haze possono anche aiutare a regolare l'atmosfera perfetta in casa tua.<\/p>\n<ul>\n<li>Ottenuto da variet\u00e0 di canapa industriale certificate elencate nell'UE.<\/li>\n<li>I fiori di canapa essiccata CBD sono certificati.<\/li>\n<li>Testato in laboratorio \u2014 ogni lotto viene analizzato in laboratori accreditati.<\/li>\n<li>Il prodotto \u00e8 completamente legale, consentito all'acquisto e alla vendita nell'Unione Europea.<\/li>\n<li>Cannabinoidi Naturali: CBDA, CBDV, CBG, CBGA, CBC, CBN, THC, THCV, THCA e molti fenoli, flavonoidi e terpeni.<\/li>\n<li>Il THC nei fiori di cannabis \u00e8 inferiore allo 0,2%.<\/li>\n<li>Fiori di Canapa Svizzera Super Lemon Haze solo da fertilizzanti biologici.<\/li>\n<li>Senza modifiche genetiche.<\/li>\n<li>Nessun seme.<\/li>\n<\/ul>\n<p><strong>Il prodotto \u00e8 100% naturale.<\/strong><\/p>\n<p>\u26a0\ufe0f Attenzione: Non destinato all'uso da parte di persone di et\u00e0 inferiore ai 18 anni. Secondo la legge europea, i fiori dichiarati non sono destinati al consumo interno. Tutti i prodotti sono conformi ai limiti legali di THC &lt;0,2% in Europa.<br \/>\n\u26a0\ufe0f Fiori di canapa tecnica. La canapa tecnica deriva da semi di variet\u00e0 iscritte nel Catalogo Comune delle Variet\u00e0 delle Specie di Piante Agricole. Questo prodotto \u00e8 conforme a tutte le leggi e normative vigenti ed \u00e8 destinato esclusivamente a scopi industriali, alimentari, cosmetici, tecnici o orticoli. Non per consumo diretto o per fumare. Il prodotto pu\u00f2 perdere naturalmente peso nel tempo. Conservare in luogo asciutto e buio. Tenere fuori dalla portata dei bambini.<\/p>","protected":false},"featured_media":24271,"comment_status":"open","ping_status":"closed","template":"","meta":{"inline_featured_image":false},"product_cat":[43,44],"product_tag":[],"class_list":["post-24267","product","type-product","status-publish","has-post-thumbnail","hentry","product_brand-swiss-hemp","product_cat-cbd","product_cat-cbd-flower"],"acf":[],"yoast_head":"<!-- This site is optimized with the Yoast SEO Premium plugin v20.11 (Yoast SEO v20.11) - https:\/\/yoast.com\/wordpress\/plugins\/seo\/ -->\n<title>Swiss Hemp Super Lemon Haze CBD Flower - HotSmoke<\/title>\n<meta name=\"robots\" content=\"index, follow, max-snippet:-1, max-image-preview:large, max-video-preview:-1\" \/>\n<link rel=\"canonical\" href=\"https:\/\/hotsmoke.eu\/it\/shop\/cbd\/fiori-di-canapa-svizzera-super-lemon-haze-cbd\/\" \/>\n<meta property=\"og:locale\" content=\"it_IT\" \/>\n<meta property=\"og:type\" content=\"article\" \/>\n<meta property=\"og:title\" content=\"Swiss Hemp Super Lemon Haze CBD Flower\" \/>\n<meta property=\"og:description\" content=\"FLOWER (CBD &lt;12%) Swiss Hemp Super Lemon Haze - CBD flowers. Lemon flowers combine the sweet and spicy scent of lemons. CBD hemp provides a light state of relaxation that can be felt quickly. The Cbd content of these rings can reach up to 12%. CBD Super Lemon Haze is an energetic strain that can be a great remedy for a bad day. The scent of cannabis flowers is concentrated to lift your spirits. The mood-enhancing properties of Super Lemon Haze can also help regulate the perfect atmosphere in your home.   Obtained from certified industrial hemp varieties listed in the EU.  CBD dried hemp flowers are certified.  Lab-tested \u2014 every batch is analyzed in accredited laboratories.  The product is completely legal, allowed to be purchased and sold in the European Union.  Natural Cannabinoids: CBDA, CBDV, CBG, CBGA, CBC, CBN, THC, THCV, THCA and many phenols, flavonoids and terpenes.  THC in cannabis flowers is less than 0.2%.  Swiss Hemp Super Lemon Haze Flowers only from organic fertilizers.  Without GMO modifications.  No seeds.  The product is 100% natural.  \u26a0\ufe0f Warning: Not intended for use by individuals under 18 years of age. According to Europe law, declared flowers are not intended for internal consumption. All products comply with legal &lt;0.2% THC limits in Europe. \u26a0\ufe0f Technical cannabis flowers. Technical hemp is derived from seeds of varieties listed in the Common Catalogue of Varieties of Agricultural Plant Species. This product complies with all applicable laws and regulations and is intended solely for industrial, food, cosmetic, technical, or horticultural purposes. Not for direct consumption or smoking. The product may naturally lose weight over time. Store in a dry and dark place. Keep out of reach of children.\" \/>\n<meta property=\"og:url\" content=\"https:\/\/hotsmoke.eu\/it\/shop\/cbd\/fiori-di-canapa-svizzera-super-lemon-haze-cbd\/\" \/>\n<meta property=\"og:site_name\" content=\"HotSmoke\" \/>\n<meta property=\"article:publisher\" content=\"https:\/\/www.facebook.com\/hotsmoke.eu\" \/>\n<meta property=\"article:modified_time\" content=\"2026-04-27T19:46:21+00:00\" \/>\n<meta property=\"og:image\" content=\"https:\/\/hotsmoke.eu\/wp-content\/uploads\/2024\/01\/swiss-hemp-super-lemon-haze-hotsmoke.eu_.webp\" \/>\n\t<meta property=\"og:image:width\" content=\"1664\" \/>\n\t<meta property=\"og:image:height\" content=\"1632\" \/>\n\t<meta property=\"og:image:type\" content=\"image\/webp\" \/>\n<meta name=\"twitter:card\" content=\"summary_large_image\" \/>\n<meta name=\"twitter:site\" content=\"@HotSmokeoffici1\" \/>\n<meta name=\"twitter:label1\" content=\"Availability\" \/>\n\t<meta name=\"twitter:data1\" content=\"In stock\" \/>\n<script type=\"application\/ld+json\" class=\"yoast-schema-graph\">{\"@context\":\"https:\/\/schema.org\",\"@graph\":[{\"@type\":[\"WebPage\",\"ItemPage\"],\"@id\":\"https:\/\/hotsmoke.eu\/shop\/cbd\/swiss-hemp-super-lemon-haze-cbd-flower\/\",\"url\":\"https:\/\/hotsmoke.eu\/shop\/cbd\/swiss-hemp-super-lemon-haze-cbd-flower\/\",\"name\":\"Swiss Hemp Super Lemon Haze CBD Flower - HotSmoke\",\"isPartOf\":{\"@id\":\"https:\/\/hotsmoke.eu\/#website\"},\"datePublished\":\"2024-01-11T07:54:32+00:00\",\"dateModified\":\"2026-04-27T19:46:21+00:00\",\"breadcrumb\":{\"@id\":\"https:\/\/hotsmoke.eu\/shop\/cbd\/swiss-hemp-super-lemon-haze-cbd-flower\/#breadcrumb\"},\"inLanguage\":\"it-IT\",\"potentialAction\":[{\"@type\":\"ReadAction\",\"target\":[\"https:\/\/hotsmoke.eu\/shop\/cbd\/swiss-hemp-super-lemon-haze-cbd-flower\/\"]}]},{\"@type\":\"BreadcrumbList\",\"@id\":\"https:\/\/hotsmoke.eu\/shop\/cbd\/swiss-hemp-super-lemon-haze-cbd-flower\/#breadcrumb\",\"itemListElement\":[{\"@type\":\"ListItem\",\"position\":1,\"name\":\"Home\",\"item\":\"https:\/\/hotsmoke.eu\/\"},{\"@type\":\"ListItem\",\"position\":2,\"name\":\"HeatSticks And Heat Not Burn Store\",\"item\":\"https:\/\/hotsmoke.eu\/shop\/\"},{\"@type\":\"ListItem\",\"position\":3,\"name\":\"Swiss Hemp Super Lemon Haze CBD Flower\"}]},{\"@type\":\"WebSite\",\"@id\":\"https:\/\/hotsmoke.eu\/#website\",\"url\":\"https:\/\/hotsmoke.eu\/\",\"name\":\"HotSmoke\",\"description\":\"Heat Not Burn Heating Cigarettes Devices Shop | HotSmoke\",\"publisher\":{\"@id\":\"https:\/\/hotsmoke.eu\/#organization\"},\"alternateName\":\"hotsmoke\",\"potentialAction\":[{\"@type\":\"SearchAction\",\"target\":{\"@type\":\"EntryPoint\",\"urlTemplate\":\"https:\/\/hotsmoke.eu\/?s={search_term_string}\"},\"query-input\":\"required name=search_term_string\"}],\"inLanguage\":\"it-IT\"},{\"@type\":[\"Organization\",\"Place\",\"Store\"],\"@id\":\"https:\/\/hotsmoke.eu\/#organization\",\"name\":\"HotSmoke\",\"alternateName\":\"Hot Smoke\",\"url\":\"https:\/\/hotsmoke.eu\/\",\"logo\":{\"@id\":\"https:\/\/hotsmoke.eu\/shop\/cbd\/swiss-hemp-super-lemon-haze-cbd-flower\/#local-main-organization-logo\"},\"image\":{\"@id\":\"https:\/\/hotsmoke.eu\/shop\/cbd\/swiss-hemp-super-lemon-haze-cbd-flower\/#local-main-organization-logo\"},\"sameAs\":[\"https:\/\/www.facebook.com\/hotsmoke.eu\",\"https:\/\/twitter.com\/HotSmokeoffici1\"],\"publishingPrinciples\":\"https:\/\/hotsmoke.eu\/heat-not-burn-electronic-cigarettes\/\",\"ownershipFundingInfo\":\"https:\/\/hotsmoke.eu\/terms-conditions\/\",\"actionableFeedbackPolicy\":\"https:\/\/hotsmoke.eu\/privacy-policy\/\",\"correctionsPolicy\":\"https:\/\/hotsmoke.eu\/privacy-policy\/\",\"ethicsPolicy\":\"https:\/\/hotsmoke.eu\/privacy-policy\/\",\"diversityPolicy\":\"https:\/\/hotsmoke.eu\/privacy-policy\/\",\"diversityStaffingReport\":\"https:\/\/hotsmoke.eu\/shipping-warranty\/\",\"address\":{\"@id\":\"https:\/\/hotsmoke.eu\/shop\/cbd\/swiss-hemp-super-lemon-haze-cbd-flower\/#local-main-place-address\"},\"geo\":{\"@type\":\"GeoCoordinates\",\"latitude\":\"54.8733992\",\"longitude\":\"23.9492982\"},\"telephone\":[\"+37068673611\"],\"openingHoursSpecification\":[{\"@type\":\"OpeningHoursSpecification\",\"dayOfWeek\":[\"Monday\",\"Tuesday\",\"Wednesday\",\"Thursday\",\"Friday\"],\"opens\":\"10:00\",\"closes\":\"17:00\"},{\"@type\":\"OpeningHoursSpecification\",\"dayOfWeek\":[\"Saturday\",\"Sunday\"],\"opens\":\"00:00\",\"closes\":\"00:00\"}],\"email\":\"info@hotsmoke.eu\",\"areaServed\":\"Lithuania\",\"vatID\":\"LT100013495416\",\"priceRange\":\"$$\",\"currenciesAccepted\":\"Euro\",\"paymentAccepted\":\"Visa, mastercard\"},{\"@type\":\"PostalAddress\",\"@id\":\"https:\/\/hotsmoke.eu\/shop\/cbd\/swiss-hemp-super-lemon-haze-cbd-flower\/#local-main-place-address\",\"streetAddress\":\"L.Ivinskio 18a, L.Ivinskio 18a\",\"addressLocality\":\"Kaunas\",\"postalCode\":\"45151\",\"addressRegion\":\"Lithuania\",\"addressCountry\":\"LT\"},{\"@type\":\"ImageObject\",\"inLanguage\":\"it-IT\",\"@id\":\"https:\/\/hotsmoke.eu\/shop\/cbd\/swiss-hemp-super-lemon-haze-cbd-flower\/#local-main-organization-logo\",\"url\":\"https:\/\/hotsmoke.eu\/wp-content\/uploads\/2022\/12\/hs_black.svg\",\"contentUrl\":\"https:\/\/hotsmoke.eu\/wp-content\/uploads\/2022\/12\/hs_black.svg\",\"caption\":\"HotSmoke\"}]}<\/script>\n<meta name=\"geo.placename\" content=\"Kaunas\" \/>\n<meta name=\"geo.position\" content=\"54.8733992;23.9492982\" \/>\n<meta name=\"geo.region\" content=\"Lituania\" \/>\n<!-- \/ Yoast SEO Premium plugin. -->","yoast_head_json":{"title":"Fiore di CBD Swiss Hemp Super Lemon Haze - HotSmoke","robots":{"index":"index","follow":"follow","max-snippet":"max-snippet:-1","max-image-preview":"max-image-preview:large","max-video-preview":"max-video-preview:-1"},"canonical":"https:\/\/hotsmoke.eu\/it\/shop\/cbd\/fiori-di-canapa-svizzera-super-lemon-haze-cbd\/","og_locale":"it_IT","og_type":"article","og_title":"Swiss Hemp Super Lemon Haze CBD Flower","og_description":"FLOWER (CBD &lt;12%) Swiss Hemp Super Lemon Haze - CBD flowers. Lemon flowers combine the sweet and spicy scent of lemons. CBD hemp provides a light state of relaxation that can be felt quickly. The Cbd content of these rings can reach up to 12%. CBD Super Lemon Haze is an energetic strain that can be a great remedy for a bad day. The scent of cannabis flowers is concentrated to lift your spirits. The mood-enhancing properties of Super Lemon Haze can also help regulate the perfect atmosphere in your home.   Obtained from certified industrial hemp varieties listed in the EU.  CBD dried hemp flowers are certified.  Lab-tested \u2014 every batch is analyzed in accredited laboratories.  The product is completely legal, allowed to be purchased and sold in the European Union.  Natural Cannabinoids: CBDA, CBDV, CBG, CBGA, CBC, CBN, THC, THCV, THCA and many phenols, flavonoids and terpenes.  THC in cannabis flowers is less than 0.2%.  Swiss Hemp Super Lemon Haze Flowers only from organic fertilizers.  Without GMO modifications.  No seeds.  The product is 100% natural.  \u26a0\ufe0f Warning: Not intended for use by individuals under 18 years of age. According to Europe law, declared flowers are not intended for internal consumption. All products comply with legal &lt;0.2% THC limits in Europe. \u26a0\ufe0f Technical cannabis flowers. Technical hemp is derived from seeds of varieties listed in the Common Catalogue of Varieties of Agricultural Plant Species. This product complies with all applicable laws and regulations and is intended solely for industrial, food, cosmetic, technical, or horticultural purposes. Not for direct consumption or smoking. The product may naturally lose weight over time. Store in a dry and dark place. Keep out of reach of children.","og_url":"https:\/\/hotsmoke.eu\/it\/shop\/cbd\/fiori-di-canapa-svizzera-super-lemon-haze-cbd\/","og_site_name":"HotSmoke","article_publisher":"https:\/\/www.facebook.com\/hotsmoke.eu","article_modified_time":"2026-04-27T19:46:21+00:00","og_image":[{"width":1664,"height":1632,"url":"https:\/\/hotsmoke.eu\/wp-content\/uploads\/2024\/01\/swiss-hemp-super-lemon-haze-hotsmoke.eu_.webp","type":"image\/webp"}],"twitter_card":"summary_large_image","twitter_site":"@HotSmokeoffici1","twitter_misc":{"Availability":"In stock"},"schema":{"@context":"https:\/\/schema.org","@graph":[{"@type":["WebPage","ItemPage"],"@id":"https:\/\/hotsmoke.eu\/shop\/cbd\/swiss-hemp-super-lemon-haze-cbd-flower\/","url":"https:\/\/hotsmoke.eu\/shop\/cbd\/swiss-hemp-super-lemon-haze-cbd-flower\/","name":"Fiore di CBD Swiss Hemp Super Lemon Haze - HotSmoke","isPartOf":{"@id":"https:\/\/hotsmoke.eu\/#website"},"datePublished":"2024-01-11T07:54:32+00:00","dateModified":"2026-04-27T19:46:21+00:00","breadcrumb":{"@id":"https:\/\/hotsmoke.eu\/shop\/cbd\/swiss-hemp-super-lemon-haze-cbd-flower\/#breadcrumb"},"inLanguage":"it-IT","potentialAction":[{"@type":"ReadAction","target":["https:\/\/hotsmoke.eu\/shop\/cbd\/swiss-hemp-super-lemon-haze-cbd-flower\/"]}]},{"@type":"BreadcrumbList","@id":"https:\/\/hotsmoke.eu\/shop\/cbd\/swiss-hemp-super-lemon-haze-cbd-flower\/#breadcrumb","itemListElement":[{"@type":"ListItem","position":1,"name":"Home","item":"https:\/\/hotsmoke.eu\/"},{"@type":"ListItem","position":2,"name":"HeatSticks And Heat Not Burn Store","item":"https:\/\/hotsmoke.eu\/shop\/"},{"@type":"ListItem","position":3,"name":"Swiss Hemp Super Lemon Haze CBD Flower"}]},{"@type":"WebSite","@id":"https:\/\/hotsmoke.eu\/#website","url":"https:\/\/hotsmoke.eu\/","name":"Fumo calante","description":"Negozio di dispositivi per sigarette a riscaldamento senza combustione | HotSmoke","publisher":{"@id":"https:\/\/hotsmoke.eu\/#organization"},"alternateName":"hotsmoke","potentialAction":[{"@type":"SearchAction","target":{"@type":"EntryPoint","urlTemplate":"https:\/\/hotsmoke.eu\/?s={search_term_string}"},"query-input":"required name=search_term_string"}],"inLanguage":"it-IT"},{"@type":["Organization","Place","Store"],"@id":"https:\/\/hotsmoke.eu\/#organization","name":"Fumo calante","alternateName":"Hot Smoke","url":"https:\/\/hotsmoke.eu\/","logo":{"@id":"https:\/\/hotsmoke.eu\/shop\/cbd\/swiss-hemp-super-lemon-haze-cbd-flower\/#local-main-organization-logo"},"image":{"@id":"https:\/\/hotsmoke.eu\/shop\/cbd\/swiss-hemp-super-lemon-haze-cbd-flower\/#local-main-organization-logo"},"sameAs":["https:\/\/www.facebook.com\/hotsmoke.eu","https:\/\/twitter.com\/HotSmokeoffici1"],"publishingPrinciples":"https:\/\/hotsmoke.eu\/heat-not-burn-electronic-cigarettes\/","ownershipFundingInfo":"https:\/\/hotsmoke.eu\/terms-conditions\/","actionableFeedbackPolicy":"https:\/\/hotsmoke.eu\/privacy-policy\/","correctionsPolicy":"https:\/\/hotsmoke.eu\/privacy-policy\/","ethicsPolicy":"https:\/\/hotsmoke.eu\/privacy-policy\/","diversityPolicy":"https:\/\/hotsmoke.eu\/privacy-policy\/","diversityStaffingReport":"https:\/\/hotsmoke.eu\/shipping-warranty\/","address":{"@id":"https:\/\/hotsmoke.eu\/shop\/cbd\/swiss-hemp-super-lemon-haze-cbd-flower\/#local-main-place-address"},"geo":{"@type":"GeoCoordinates","latitude":"54.8733992","longitude":"23.9492982"},"telephone":["+37068673611"],"openingHoursSpecification":[{"@type":"OpeningHoursSpecification","dayOfWeek":["Monday","Tuesday","Wednesday","Thursday","Friday"],"opens":"10:00","closes":"17:00"},{"@type":"OpeningHoursSpecification","dayOfWeek":["Saturday","Sunday"],"opens":"00:00","closes":"00:00"}],"email":"info@hotsmoke.eu","areaServed":"Lithuania","vatID":"LT100013495416","priceRange":"$$","currenciesAccepted":"Euro","paymentAccepted":"Visa, mastercard"},{"@type":"PostalAddress","@id":"https:\/\/hotsmoke.eu\/shop\/cbd\/swiss-hemp-super-lemon-haze-cbd-flower\/#local-main-place-address","streetAddress":"L.Ivinskio 18a, L.Ivinskio 18a","addressLocality":"Kaunas","postalCode":"45151","addressRegion":"Lithuania","addressCountry":"LT"},{"@type":"ImageObject","inLanguage":"it-IT","@id":"https:\/\/hotsmoke.eu\/shop\/cbd\/swiss-hemp-super-lemon-haze-cbd-flower\/#local-main-organization-logo","url":"https:\/\/hotsmoke.eu\/wp-content\/uploads\/2022\/12\/hs_black.svg","contentUrl":"https:\/\/hotsmoke.eu\/wp-content\/uploads\/2022\/12\/hs_black.svg","caption":"HotSmoke"}]},"geo.placename":"Kaunas","geo.position":{"lat":"54.8733992","long":"23.9492982"},"geo.region":"Lituania"},"_links":{"self":[{"href":"https:\/\/hotsmoke.eu\/it\/wp-json\/wp\/v2\/product\/24267","targetHints":{"allow":["GET"]}}],"collection":[{"href":"https:\/\/hotsmoke.eu\/it\/wp-json\/wp\/v2\/product"}],"about":[{"href":"https:\/\/hotsmoke.eu\/it\/wp-json\/wp\/v2\/types\/product"}],"replies":[{"embeddable":true,"href":"https:\/\/hotsmoke.eu\/it\/wp-json\/wp\/v2\/comments?post=24267"}],"wp:featuredmedia":[{"embeddable":true,"href":"https:\/\/hotsmoke.eu\/it\/wp-json\/wp\/v2\/media\/24271"}],"wp:attachment":[{"href":"https:\/\/hotsmoke.eu\/it\/wp-json\/wp\/v2\/media?parent=24267"}],"wp:term":[{"taxonomy":"product_cat","embeddable":true,"href":"https:\/\/hotsmoke.eu\/it\/wp-json\/wp\/v2\/product_cat?post=24267"},{"taxonomy":"product_tag","embeddable":true,"href":"https:\/\/hotsmoke.eu\/it\/wp-json\/wp\/v2\/product_tag?post=24267"}],"curies":[{"name":"wp","href":"https:\/\/api.w.org\/{rel}","templated":true}]}}