{"id":23320,"date":"2023-07-25T09:32:57","date_gmt":"2023-07-25T09:32:57","guid":{"rendered":"https:\/\/hotsmoke.eu\/?post_type=product&#038;p=23320"},"modified":"2026-04-27T19:53:24","modified_gmt":"2026-04-27T19:53:24","slug":"olio-svizzero-di-canapa-puro-cbd-40","status":"publish","type":"product","link":"https:\/\/hotsmoke.eu\/it\/shop\/cbd\/swiss-hemp-pure-cbd-40-cbd-oil\/","title":{"rendered":"Olio di CBD Swiss Hemp Pure CBD 40% CBD"},"content":{"rendered":"","protected":false},"excerpt":{"rendered":"<h2>OLIO (CBD 40%)<\/h2>\n<p>Olio di canapa Swiss Hemp Pure CBD 40% \u2013 Olio di canapa CBD. Senza THC, 12000mg di CBD. Gli oli Swiss Hemp PURE CBD contengono CBD isolato naturalmente. Estratto in un processo di estrazione supercritica senza l'uso di solventi. L'olio di CBD non contiene 9-THC n\u00e9 altri cannabinoidi oltre al CBD. L'olio \u00e8 di colore chiaro perch\u00e9 contiene solo CBD isolato e un vettore che \u00e8 olio di cocco MCT.<\/p>\n<ul>\n<li>Ottenuto da variet\u00e0 di canapa industriale certificate elencate nell'UE.<\/li>\n<li>L'olio Swiss Hemp Pure 40% CBD \u00e8 completamente legale, autorizzato all'uso e alla vendita nell'Unione Europea.<\/li>\n<li>Cannabinoidi naturali: CBD.<\/li>\n<li>THC nell'olio di canapa 0%.<\/li>\n<li>Il prodotto non contiene tossine o metalli pesanti.<\/li>\n<li>Testato in laboratorio \u2014 ogni lotto viene analizzato in laboratori accreditati.<\/li>\n<li>Il prodotto \u00e8 fatto solo da fertilizzanti biologici.<\/li>\n<li>Senza modifiche genetiche.<\/li>\n<\/ul>\n<h2>Composizione Canapa Svizzera:<\/h2>\n<ul>\n<li>Olio di cocco MCT.<\/li>\n<li>Isolato di CBD (Cannabidiolo isolato)<\/li>\n<li>Cannabis Sativa L.<\/li>\n<\/ul>\n<p>\u26a0\ufe0f Tenere fuori dalla portata di bambini e animali. Solo per adulti. Non raccomandato per l'uso da parte di donne in gravidanza e in allattamento. Non destinato al consumo diretto o al fumo.<\/p>","protected":false},"featured_media":23323,"comment_status":"open","ping_status":"closed","template":"","meta":{"inline_featured_image":false},"product_cat":[43,52],"product_tag":[],"class_list":["post-23320","product","type-product","status-publish","has-post-thumbnail","hentry","product_brand-swiss-hemp","product_cat-cbd","product_cat-oil"],"acf":[],"yoast_head":"<!-- This site is optimized with the Yoast SEO Premium plugin v20.11 (Yoast SEO v20.11) - https:\/\/yoast.com\/wordpress\/plugins\/seo\/ -->\n<title>Swiss Hemp Pure CBD 40% CBD Oil - HotSmoke<\/title>\n<meta name=\"description\" content=\"Swiss Hemp Pure CBD 40% CBD hemp oil. CBD oil does not contain 9-THC and other cannabinoids other than CBD. 12000mg CBD oil.\" \/>\n<meta name=\"robots\" content=\"index, follow, max-snippet:-1, max-image-preview:large, max-video-preview:-1\" \/>\n<link rel=\"canonical\" href=\"https:\/\/hotsmoke.eu\/it\/shop\/cbd\/olio-svizzero-di-canapa-puro-cbd-40\/\" \/>\n<meta property=\"og:locale\" content=\"it_IT\" \/>\n<meta property=\"og:type\" content=\"article\" \/>\n<meta property=\"og:title\" content=\"Swiss Hemp Pure CBD 40% CBD Oil\" \/>\n<meta property=\"og:description\" content=\"Swiss Hemp Pure CBD 40% CBD hemp oil. CBD oil does not contain 9-THC and other cannabinoids other than CBD. 12000mg CBD oil.\" \/>\n<meta property=\"og:url\" content=\"https:\/\/hotsmoke.eu\/it\/shop\/cbd\/olio-svizzero-di-canapa-puro-cbd-40\/\" \/>\n<meta property=\"og:site_name\" content=\"HotSmoke\" \/>\n<meta property=\"article:publisher\" content=\"https:\/\/www.facebook.com\/hotsmoke.eu\" \/>\n<meta property=\"article:modified_time\" content=\"2026-04-27T19:53:24+00:00\" \/>\n<meta property=\"og:image\" content=\"https:\/\/hotsmoke.eu\/wp-content\/uploads\/2023\/07\/Swiss-hemp-40-hotsmoke.eu_.webp\" \/>\n\t<meta property=\"og:image:width\" content=\"1104\" \/>\n\t<meta property=\"og:image:height\" content=\"1100\" \/>\n\t<meta property=\"og:image:type\" content=\"image\/webp\" \/>\n<meta name=\"twitter:card\" content=\"summary_large_image\" \/>\n<meta name=\"twitter:site\" content=\"@HotSmokeoffici1\" \/>\n<meta name=\"twitter:label1\" content=\"Availability\" \/>\n\t<meta name=\"twitter:data1\" content=\"In stock\" \/>\n<script type=\"application\/ld+json\" class=\"yoast-schema-graph\">{\"@context\":\"https:\/\/schema.org\",\"@graph\":[{\"@type\":[\"WebPage\",\"ItemPage\"],\"@id\":\"https:\/\/hotsmoke.eu\/shop\/cbd\/swiss-hemp-pure-cbd-40-cbd-oil\/\",\"url\":\"https:\/\/hotsmoke.eu\/shop\/cbd\/swiss-hemp-pure-cbd-40-cbd-oil\/\",\"name\":\"Swiss Hemp Pure CBD 40% CBD Oil - HotSmoke\",\"isPartOf\":{\"@id\":\"https:\/\/hotsmoke.eu\/#website\"},\"datePublished\":\"2023-07-25T09:32:57+00:00\",\"dateModified\":\"2026-04-27T19:53:24+00:00\",\"description\":\"Swiss Hemp Pure CBD 40% CBD hemp oil. CBD oil does not contain 9-THC and other cannabinoids other than CBD. 12000mg CBD oil.\",\"breadcrumb\":{\"@id\":\"https:\/\/hotsmoke.eu\/shop\/cbd\/swiss-hemp-pure-cbd-40-cbd-oil\/#breadcrumb\"},\"inLanguage\":\"it-IT\",\"potentialAction\":[{\"@type\":\"ReadAction\",\"target\":[\"https:\/\/hotsmoke.eu\/shop\/cbd\/swiss-hemp-pure-cbd-40-cbd-oil\/\"]}]},{\"@type\":\"BreadcrumbList\",\"@id\":\"https:\/\/hotsmoke.eu\/shop\/cbd\/swiss-hemp-pure-cbd-40-cbd-oil\/#breadcrumb\",\"itemListElement\":[{\"@type\":\"ListItem\",\"position\":1,\"name\":\"Home\",\"item\":\"https:\/\/hotsmoke.eu\/\"},{\"@type\":\"ListItem\",\"position\":2,\"name\":\"HeatSticks And Heat Not Burn Store\",\"item\":\"https:\/\/hotsmoke.eu\/shop\/\"},{\"@type\":\"ListItem\",\"position\":3,\"name\":\"Swiss Hemp Pure CBD 40% CBD Oil\"}]},{\"@type\":\"WebSite\",\"@id\":\"https:\/\/hotsmoke.eu\/#website\",\"url\":\"https:\/\/hotsmoke.eu\/\",\"name\":\"HotSmoke\",\"description\":\"Heat Not Burn Heating Cigarettes Devices Shop | HotSmoke\",\"publisher\":{\"@id\":\"https:\/\/hotsmoke.eu\/#organization\"},\"alternateName\":\"hotsmoke\",\"potentialAction\":[{\"@type\":\"SearchAction\",\"target\":{\"@type\":\"EntryPoint\",\"urlTemplate\":\"https:\/\/hotsmoke.eu\/?s={search_term_string}\"},\"query-input\":\"required name=search_term_string\"}],\"inLanguage\":\"it-IT\"},{\"@type\":[\"Organization\",\"Place\",\"Store\"],\"@id\":\"https:\/\/hotsmoke.eu\/#organization\",\"name\":\"HotSmoke\",\"alternateName\":\"Hot Smoke\",\"url\":\"https:\/\/hotsmoke.eu\/\",\"logo\":{\"@id\":\"https:\/\/hotsmoke.eu\/shop\/cbd\/swiss-hemp-pure-cbd-40-cbd-oil\/#local-main-organization-logo\"},\"image\":{\"@id\":\"https:\/\/hotsmoke.eu\/shop\/cbd\/swiss-hemp-pure-cbd-40-cbd-oil\/#local-main-organization-logo\"},\"sameAs\":[\"https:\/\/www.facebook.com\/hotsmoke.eu\",\"https:\/\/twitter.com\/HotSmokeoffici1\"],\"publishingPrinciples\":\"https:\/\/hotsmoke.eu\/heat-not-burn-electronic-cigarettes\/\",\"ownershipFundingInfo\":\"https:\/\/hotsmoke.eu\/terms-conditions\/\",\"actionableFeedbackPolicy\":\"https:\/\/hotsmoke.eu\/privacy-policy\/\",\"correctionsPolicy\":\"https:\/\/hotsmoke.eu\/privacy-policy\/\",\"ethicsPolicy\":\"https:\/\/hotsmoke.eu\/privacy-policy\/\",\"diversityPolicy\":\"https:\/\/hotsmoke.eu\/privacy-policy\/\",\"diversityStaffingReport\":\"https:\/\/hotsmoke.eu\/shipping-warranty\/\",\"address\":{\"@id\":\"https:\/\/hotsmoke.eu\/shop\/cbd\/swiss-hemp-pure-cbd-40-cbd-oil\/#local-main-place-address\"},\"geo\":{\"@type\":\"GeoCoordinates\",\"latitude\":\"54.8733992\",\"longitude\":\"23.9492982\"},\"telephone\":[\"+37068673611\"],\"openingHoursSpecification\":[{\"@type\":\"OpeningHoursSpecification\",\"dayOfWeek\":[\"Monday\",\"Tuesday\",\"Wednesday\",\"Thursday\",\"Friday\"],\"opens\":\"10:00\",\"closes\":\"17:00\"},{\"@type\":\"OpeningHoursSpecification\",\"dayOfWeek\":[\"Saturday\",\"Sunday\"],\"opens\":\"00:00\",\"closes\":\"00:00\"}],\"email\":\"info@hotsmoke.eu\",\"areaServed\":\"Lithuania\",\"vatID\":\"LT100013495416\",\"priceRange\":\"$$\",\"currenciesAccepted\":\"Euro\",\"paymentAccepted\":\"Visa, mastercard\"},{\"@type\":\"PostalAddress\",\"@id\":\"https:\/\/hotsmoke.eu\/shop\/cbd\/swiss-hemp-pure-cbd-40-cbd-oil\/#local-main-place-address\",\"streetAddress\":\"L.Ivinskio 18a, L.Ivinskio 18a\",\"addressLocality\":\"Kaunas\",\"postalCode\":\"45151\",\"addressRegion\":\"Lithuania\",\"addressCountry\":\"LT\"},{\"@type\":\"ImageObject\",\"inLanguage\":\"it-IT\",\"@id\":\"https:\/\/hotsmoke.eu\/shop\/cbd\/swiss-hemp-pure-cbd-40-cbd-oil\/#local-main-organization-logo\",\"url\":\"https:\/\/hotsmoke.eu\/wp-content\/uploads\/2022\/12\/hs_black.svg\",\"contentUrl\":\"https:\/\/hotsmoke.eu\/wp-content\/uploads\/2022\/12\/hs_black.svg\",\"caption\":\"HotSmoke\"}]}<\/script>\n<meta name=\"geo.placename\" content=\"Kaunas\" \/>\n<meta name=\"geo.position\" content=\"54.8733992;23.9492982\" \/>\n<meta name=\"geo.region\" content=\"Lituania\" \/>\n<!-- \/ Yoast SEO Premium plugin. -->","yoast_head_json":{"title":"Olio di CBD Svizzero Puro 40% Olio di CBD - HotSmoke","description":"Olio di canapa svizzera pura di CBD% olio di canapa CBD. L'olio di CBD non contiene 9-THC e altri cannabinoidi oltre al CBD. Olio di CBD da 12000mg.","robots":{"index":"index","follow":"follow","max-snippet":"max-snippet:-1","max-image-preview":"max-image-preview:large","max-video-preview":"max-video-preview:-1"},"canonical":"https:\/\/hotsmoke.eu\/it\/shop\/cbd\/olio-svizzero-di-canapa-puro-cbd-40\/","og_locale":"it_IT","og_type":"article","og_title":"Swiss Hemp Pure CBD 40% CBD Oil","og_description":"Swiss Hemp Pure CBD 40% CBD hemp oil. CBD oil does not contain 9-THC and other cannabinoids other than CBD. 12000mg CBD oil.","og_url":"https:\/\/hotsmoke.eu\/it\/shop\/cbd\/olio-svizzero-di-canapa-puro-cbd-40\/","og_site_name":"HotSmoke","article_publisher":"https:\/\/www.facebook.com\/hotsmoke.eu","article_modified_time":"2026-04-27T19:53:24+00:00","og_image":[{"width":1104,"height":1100,"url":"https:\/\/hotsmoke.eu\/wp-content\/uploads\/2023\/07\/Swiss-hemp-40-hotsmoke.eu_.webp","type":"image\/webp"}],"twitter_card":"summary_large_image","twitter_site":"@HotSmokeoffici1","twitter_misc":{"Availability":"In stock"},"schema":{"@context":"https:\/\/schema.org","@graph":[{"@type":["WebPage","ItemPage"],"@id":"https:\/\/hotsmoke.eu\/shop\/cbd\/swiss-hemp-pure-cbd-40-cbd-oil\/","url":"https:\/\/hotsmoke.eu\/shop\/cbd\/swiss-hemp-pure-cbd-40-cbd-oil\/","name":"Olio di CBD Svizzero Puro 40% Olio di CBD - HotSmoke","isPartOf":{"@id":"https:\/\/hotsmoke.eu\/#website"},"datePublished":"2023-07-25T09:32:57+00:00","dateModified":"2026-04-27T19:53:24+00:00","description":"Olio di canapa svizzera pura di CBD% olio di canapa CBD. L'olio di CBD non contiene 9-THC e altri cannabinoidi oltre al CBD. Olio di CBD da 12000mg.","breadcrumb":{"@id":"https:\/\/hotsmoke.eu\/shop\/cbd\/swiss-hemp-pure-cbd-40-cbd-oil\/#breadcrumb"},"inLanguage":"it-IT","potentialAction":[{"@type":"ReadAction","target":["https:\/\/hotsmoke.eu\/shop\/cbd\/swiss-hemp-pure-cbd-40-cbd-oil\/"]}]},{"@type":"BreadcrumbList","@id":"https:\/\/hotsmoke.eu\/shop\/cbd\/swiss-hemp-pure-cbd-40-cbd-oil\/#breadcrumb","itemListElement":[{"@type":"ListItem","position":1,"name":"Home","item":"https:\/\/hotsmoke.eu\/"},{"@type":"ListItem","position":2,"name":"HeatSticks And Heat Not Burn Store","item":"https:\/\/hotsmoke.eu\/shop\/"},{"@type":"ListItem","position":3,"name":"Swiss Hemp Pure CBD 40% CBD Oil"}]},{"@type":"WebSite","@id":"https:\/\/hotsmoke.eu\/#website","url":"https:\/\/hotsmoke.eu\/","name":"Fumo calante","description":"Negozio di dispositivi per sigarette a riscaldamento senza combustione | HotSmoke","publisher":{"@id":"https:\/\/hotsmoke.eu\/#organization"},"alternateName":"hotsmoke","potentialAction":[{"@type":"SearchAction","target":{"@type":"EntryPoint","urlTemplate":"https:\/\/hotsmoke.eu\/?s={search_term_string}"},"query-input":"required name=search_term_string"}],"inLanguage":"it-IT"},{"@type":["Organization","Place","Store"],"@id":"https:\/\/hotsmoke.eu\/#organization","name":"Fumo calante","alternateName":"Hot Smoke","url":"https:\/\/hotsmoke.eu\/","logo":{"@id":"https:\/\/hotsmoke.eu\/shop\/cbd\/swiss-hemp-pure-cbd-40-cbd-oil\/#local-main-organization-logo"},"image":{"@id":"https:\/\/hotsmoke.eu\/shop\/cbd\/swiss-hemp-pure-cbd-40-cbd-oil\/#local-main-organization-logo"},"sameAs":["https:\/\/www.facebook.com\/hotsmoke.eu","https:\/\/twitter.com\/HotSmokeoffici1"],"publishingPrinciples":"https:\/\/hotsmoke.eu\/heat-not-burn-electronic-cigarettes\/","ownershipFundingInfo":"https:\/\/hotsmoke.eu\/terms-conditions\/","actionableFeedbackPolicy":"https:\/\/hotsmoke.eu\/privacy-policy\/","correctionsPolicy":"https:\/\/hotsmoke.eu\/privacy-policy\/","ethicsPolicy":"https:\/\/hotsmoke.eu\/privacy-policy\/","diversityPolicy":"https:\/\/hotsmoke.eu\/privacy-policy\/","diversityStaffingReport":"https:\/\/hotsmoke.eu\/shipping-warranty\/","address":{"@id":"https:\/\/hotsmoke.eu\/shop\/cbd\/swiss-hemp-pure-cbd-40-cbd-oil\/#local-main-place-address"},"geo":{"@type":"GeoCoordinates","latitude":"54.8733992","longitude":"23.9492982"},"telephone":["+37068673611"],"openingHoursSpecification":[{"@type":"OpeningHoursSpecification","dayOfWeek":["Monday","Tuesday","Wednesday","Thursday","Friday"],"opens":"10:00","closes":"17:00"},{"@type":"OpeningHoursSpecification","dayOfWeek":["Saturday","Sunday"],"opens":"00:00","closes":"00:00"}],"email":"info@hotsmoke.eu","areaServed":"Lithuania","vatID":"LT100013495416","priceRange":"$$","currenciesAccepted":"Euro","paymentAccepted":"Visa, mastercard"},{"@type":"PostalAddress","@id":"https:\/\/hotsmoke.eu\/shop\/cbd\/swiss-hemp-pure-cbd-40-cbd-oil\/#local-main-place-address","streetAddress":"L.Ivinskio 18a, L.Ivinskio 18a","addressLocality":"Kaunas","postalCode":"45151","addressRegion":"Lithuania","addressCountry":"LT"},{"@type":"ImageObject","inLanguage":"it-IT","@id":"https:\/\/hotsmoke.eu\/shop\/cbd\/swiss-hemp-pure-cbd-40-cbd-oil\/#local-main-organization-logo","url":"https:\/\/hotsmoke.eu\/wp-content\/uploads\/2022\/12\/hs_black.svg","contentUrl":"https:\/\/hotsmoke.eu\/wp-content\/uploads\/2022\/12\/hs_black.svg","caption":"HotSmoke"}]},"geo.placename":"Kaunas","geo.position":{"lat":"54.8733992","long":"23.9492982"},"geo.region":"Lituania"},"_links":{"self":[{"href":"https:\/\/hotsmoke.eu\/it\/wp-json\/wp\/v2\/product\/23320","targetHints":{"allow":["GET"]}}],"collection":[{"href":"https:\/\/hotsmoke.eu\/it\/wp-json\/wp\/v2\/product"}],"about":[{"href":"https:\/\/hotsmoke.eu\/it\/wp-json\/wp\/v2\/types\/product"}],"replies":[{"embeddable":true,"href":"https:\/\/hotsmoke.eu\/it\/wp-json\/wp\/v2\/comments?post=23320"}],"wp:featuredmedia":[{"embeddable":true,"href":"https:\/\/hotsmoke.eu\/it\/wp-json\/wp\/v2\/media\/23323"}],"wp:attachment":[{"href":"https:\/\/hotsmoke.eu\/it\/wp-json\/wp\/v2\/media?parent=23320"}],"wp:term":[{"taxonomy":"product_cat","embeddable":true,"href":"https:\/\/hotsmoke.eu\/it\/wp-json\/wp\/v2\/product_cat?post=23320"},{"taxonomy":"product_tag","embeddable":true,"href":"https:\/\/hotsmoke.eu\/it\/wp-json\/wp\/v2\/product_tag?post=23320"}],"curies":[{"name":"wp","href":"https:\/\/api.w.org\/{rel}","templated":true}]}}