{"id":12917,"date":"2023-06-08T10:19:54","date_gmt":"2023-06-08T10:19:54","guid":{"rendered":"https:\/\/hotsmoke.eu\/?post_type=product&#038;p=12917"},"modified":"2026-04-27T20:30:36","modified_gmt":"2026-04-27T20:30:36","slug":"pluscig-s9","status":"publish","type":"product","link":"https:\/\/hotsmoke.eu\/it\/shop\/heat-not-burn-devices\/pluscig-s9\/","title":{"rendered":"Pluscig S9"},"content":{"rendered":"<h2>Caratteristiche distinte del PLUSCIG S9<\/h2>\n<p>Il modello Pluscig S9 \u00e8 dotato di una batteria integrata ad alta capacit\u00e0 da 3500 mAh, che garantisce prestazioni durature. Il dispositivo \u00e8 equipaggiato con il sistema Intelligent Control Temperature (ICT), che consente una regolazione precisa del processo di riscaldamento.<\/p>\n<ul>\n<li>Intervallo di temperatura: La temperatura massima di riscaldamento raggiunge fino a 390\u00b0C.<\/li>\n<li>Controllo: Possibilit\u00e0 di impostare individualmente il tempo di preriscaldamento in base ai requisiti specifici dei materiali utilizzati.<\/li>\n<li>Costruzione: L'alloggiamento metallico garantisce resistenza meccanica ed efficiente distribuzione del calore.<\/li>\n<\/ul>\n<p><img decoding=\"async\" class=\"alignnone wp-image-28450\" src=\"https:\/\/hotsmoke.eu\/wp-content\/uploads\/2023\/06\/pluscig-s9_9-hotsmoke.lt_.webp\" alt=\"pluscig s9 heat not burn\" width=\"507\" height=\"634\" srcset=\"\/\/hotsmoke.eu\/wp-content\/uploads\/2023\/06\/pluscig-s9_9-hotsmoke.lt_.webp 800w, \/\/hotsmoke.eu\/wp-content\/uploads\/2023\/06\/pluscig-s9_9-hotsmoke.lt_-240x300.webp 240w, \/\/hotsmoke.eu\/wp-content\/uploads\/2023\/06\/pluscig-s9_9-hotsmoke.lt_-768x960.webp 768w, \/\/hotsmoke.eu\/wp-content\/uploads\/2023\/06\/pluscig-s9_9-hotsmoke.lt_-300x375.webp 300w\" sizes=\"(max-width: 507px) 100vw, 507px\" \/><\/p>","protected":false},"excerpt":{"rendered":"<h2>SU HNB SYSTEM<\/h2>\n<p>Pluscig S9 \u00e8 un avanzato sistema di riscaldamento basato sulla tecnologia Heat-not-Burn (HNB). Il display OLED integrato garantisce un monitoraggio e un controllo semplice e chiaro dei parametri del sistema. Questo modello si distingue per la sua batteria ad alta capacit\u00e0 da 3500 mAh, che offre fino a 40 cicli di utilizzo con una singola carica completa.<\/p>\n<p>Il dispositivo garantisce un trattamento termico uniforme senza combustione, con conseguente assenza di formazione di cenere durante l'uso. Grazie all'efficiente sistema di gestione dell'alimentazione, le sessioni consecutive possono essere avviate immediatamente dopo la prima, senza alcun tempo di attesa aggiuntivo per la ricarica.<\/p>\n<h2>VANTAGGI S9<\/h2>\n<ul>\n<li>Funzione autopulente: un programma di ultima generazione che semplifica la manutenzione interna del dispositivo.<\/li>\n<li>Display OLED informativo: fornisce una visione accurata della temperatura, del tempo di sessione e del livello della batteria.<\/li>\n<li>Controllo dei Parametri: Possibilit\u00e0 di regolare singolarmente la temperatura di riscaldamento e la durata della sessione.<\/li>\n<li>Alimentazione: Batteria da 3500 mAh con interfaccia USB Type-C (ricarica rapida).<\/li>\n<li>Durabilit\u00e0: L'alloggiamento \u00e8 progettato per prestazioni stabili a diverse temperature ambiente ed \u00e8 resistente agli impatti meccanici.<\/li>\n<li>Specifiche fisiche: Dimensioni \u2013 10,6 x 3,3 x 2,2 cm.<\/li>\n<li>Compatibilit\u00e0: HEETS, FIIT, NEXUS, NEAFS e altri prodotti progettati per dispositivi di riscaldamento<strong>utilizzando un saldatore a caldo o una lama<\/strong>).<\/li>\n<\/ul>\n<p>Il prodotto \u00e8 coperto da una garanzia di 12 mesi.<\/p>","protected":false},"featured_media":25367,"comment_status":"open","ping_status":"closed","template":"","meta":{"inline_featured_image":false},"product_cat":[18,113],"product_tag":[],"class_list":["post-12917","product","type-product","status-publish","has-post-thumbnail","hentry","product_brand-pluscig","product_cat-heat-not-burn-devices","product_cat-with-heater"],"acf":[],"yoast_head":"<!-- This site is optimized with the Yoast SEO Premium plugin v20.11 (Yoast SEO v20.11) - https:\/\/yoast.com\/wordpress\/plugins\/seo\/ -->\n<title>Pluscig S9 - HotSmoke<\/title>\n<meta name=\"description\" content=\"Pluscig - S9 Heating cigarette system heat not burn cigarette is the result of a combination of technology. Use: HEETS, NEAFS, FIIT, NEXUS\" \/>\n<meta name=\"robots\" content=\"index, follow, max-snippet:-1, max-image-preview:large, max-video-preview:-1\" \/>\n<link rel=\"canonical\" href=\"https:\/\/hotsmoke.eu\/it\/shop\/dispositivi-a-tabacco-riscaldato\/pluscig-s9\/\" \/>\n<meta property=\"og:locale\" content=\"it_IT\" \/>\n<meta property=\"og:type\" content=\"article\" \/>\n<meta property=\"og:title\" content=\"Pluscig S9\" \/>\n<meta property=\"og:description\" content=\"Pluscig - S9 Heating cigarette system heat not burn cigarette is the result of a combination of technology. Use: HEETS, NEAFS, FIIT, NEXUS\" \/>\n<meta property=\"og:url\" content=\"https:\/\/hotsmoke.eu\/it\/shop\/dispositivi-a-tabacco-riscaldato\/pluscig-s9\/\" \/>\n<meta property=\"og:site_name\" content=\"HotSmoke\" \/>\n<meta property=\"article:publisher\" content=\"https:\/\/www.facebook.com\/hotsmoke.eu\" \/>\n<meta property=\"article:modified_time\" content=\"2026-04-27T20:30:36+00:00\" \/>\n<meta property=\"og:image\" content=\"https:\/\/hotsmoke.eu\/wp-content\/uploads\/2024\/05\/pluscig-s9-black-hotsmoke.lt_.webp\" \/>\n\t<meta property=\"og:image:width\" content=\"688\" \/>\n\t<meta property=\"og:image:height\" content=\"890\" \/>\n\t<meta property=\"og:image:type\" content=\"image\/webp\" \/>\n<meta name=\"twitter:card\" content=\"summary_large_image\" \/>\n<meta name=\"twitter:site\" content=\"@HotSmokeoffici1\" \/>\n<meta name=\"twitter:label1\" content=\"Availability\" \/>\n\t<meta name=\"twitter:data1\" content=\"In stock\" \/>\n<script type=\"application\/ld+json\" class=\"yoast-schema-graph\">{\"@context\":\"https:\/\/schema.org\",\"@graph\":[{\"@type\":[\"WebPage\",\"ItemPage\"],\"@id\":\"https:\/\/hotsmoke.eu\/shop\/heat-not-burn-devices\/pluscig-s9\/\",\"url\":\"https:\/\/hotsmoke.eu\/shop\/heat-not-burn-devices\/pluscig-s9\/\",\"name\":\"Pluscig S9 - HotSmoke\",\"isPartOf\":{\"@id\":\"https:\/\/hotsmoke.eu\/#website\"},\"datePublished\":\"2023-06-08T10:19:54+00:00\",\"dateModified\":\"2026-04-27T20:30:36+00:00\",\"description\":\"Pluscig - S9 Heating cigarette system heat not burn cigarette is the result of a combination of technology. Use: HEETS, NEAFS, FIIT, NEXUS\",\"breadcrumb\":{\"@id\":\"https:\/\/hotsmoke.eu\/shop\/heat-not-burn-devices\/pluscig-s9\/#breadcrumb\"},\"inLanguage\":\"it-IT\",\"potentialAction\":[{\"@type\":\"ReadAction\",\"target\":[\"https:\/\/hotsmoke.eu\/shop\/heat-not-burn-devices\/pluscig-s9\/\"]}]},{\"@type\":\"BreadcrumbList\",\"@id\":\"https:\/\/hotsmoke.eu\/shop\/heat-not-burn-devices\/pluscig-s9\/#breadcrumb\",\"itemListElement\":[{\"@type\":\"ListItem\",\"position\":1,\"name\":\"Home\",\"item\":\"https:\/\/hotsmoke.eu\/\"},{\"@type\":\"ListItem\",\"position\":2,\"name\":\"HeatSticks And Heat Not Burn Store\",\"item\":\"https:\/\/hotsmoke.eu\/shop\/\"},{\"@type\":\"ListItem\",\"position\":3,\"name\":\"Pluscig S9\"}]},{\"@type\":\"WebSite\",\"@id\":\"https:\/\/hotsmoke.eu\/#website\",\"url\":\"https:\/\/hotsmoke.eu\/\",\"name\":\"HotSmoke\",\"description\":\"Heat Not Burn Heating Cigarettes Devices Shop | HotSmoke\",\"publisher\":{\"@id\":\"https:\/\/hotsmoke.eu\/#organization\"},\"alternateName\":\"hotsmoke\",\"potentialAction\":[{\"@type\":\"SearchAction\",\"target\":{\"@type\":\"EntryPoint\",\"urlTemplate\":\"https:\/\/hotsmoke.eu\/?s={search_term_string}\"},\"query-input\":\"required name=search_term_string\"}],\"inLanguage\":\"it-IT\"},{\"@type\":[\"Organization\",\"Place\",\"Store\"],\"@id\":\"https:\/\/hotsmoke.eu\/#organization\",\"name\":\"HotSmoke\",\"alternateName\":\"Hot Smoke\",\"url\":\"https:\/\/hotsmoke.eu\/\",\"logo\":{\"@id\":\"https:\/\/hotsmoke.eu\/shop\/heat-not-burn-devices\/pluscig-s9\/#local-main-organization-logo\"},\"image\":{\"@id\":\"https:\/\/hotsmoke.eu\/shop\/heat-not-burn-devices\/pluscig-s9\/#local-main-organization-logo\"},\"sameAs\":[\"https:\/\/www.facebook.com\/hotsmoke.eu\",\"https:\/\/twitter.com\/HotSmokeoffici1\"],\"publishingPrinciples\":\"https:\/\/hotsmoke.eu\/heat-not-burn-electronic-cigarettes\/\",\"ownershipFundingInfo\":\"https:\/\/hotsmoke.eu\/terms-conditions\/\",\"actionableFeedbackPolicy\":\"https:\/\/hotsmoke.eu\/privacy-policy\/\",\"correctionsPolicy\":\"https:\/\/hotsmoke.eu\/privacy-policy\/\",\"ethicsPolicy\":\"https:\/\/hotsmoke.eu\/privacy-policy\/\",\"diversityPolicy\":\"https:\/\/hotsmoke.eu\/privacy-policy\/\",\"diversityStaffingReport\":\"https:\/\/hotsmoke.eu\/shipping-warranty\/\",\"address\":{\"@id\":\"https:\/\/hotsmoke.eu\/shop\/heat-not-burn-devices\/pluscig-s9\/#local-main-place-address\"},\"geo\":{\"@type\":\"GeoCoordinates\",\"latitude\":\"54.8733992\",\"longitude\":\"23.9492982\"},\"telephone\":[\"+37068673611\"],\"openingHoursSpecification\":[{\"@type\":\"OpeningHoursSpecification\",\"dayOfWeek\":[\"Monday\",\"Tuesday\",\"Wednesday\",\"Thursday\",\"Friday\"],\"opens\":\"10:00\",\"closes\":\"17:00\"},{\"@type\":\"OpeningHoursSpecification\",\"dayOfWeek\":[\"Saturday\",\"Sunday\"],\"opens\":\"00:00\",\"closes\":\"00:00\"}],\"email\":\"info@hotsmoke.eu\",\"areaServed\":\"Lithuania\",\"vatID\":\"LT100013495416\",\"priceRange\":\"$$\",\"currenciesAccepted\":\"Euro\",\"paymentAccepted\":\"Visa, mastercard\"},{\"@type\":\"PostalAddress\",\"@id\":\"https:\/\/hotsmoke.eu\/shop\/heat-not-burn-devices\/pluscig-s9\/#local-main-place-address\",\"streetAddress\":\"L.Ivinskio 18a, L.Ivinskio 18a\",\"addressLocality\":\"Kaunas\",\"postalCode\":\"45151\",\"addressRegion\":\"Lithuania\",\"addressCountry\":\"LT\"},{\"@type\":\"ImageObject\",\"inLanguage\":\"it-IT\",\"@id\":\"https:\/\/hotsmoke.eu\/shop\/heat-not-burn-devices\/pluscig-s9\/#local-main-organization-logo\",\"url\":\"https:\/\/hotsmoke.eu\/wp-content\/uploads\/2022\/12\/hs_black.svg\",\"contentUrl\":\"https:\/\/hotsmoke.eu\/wp-content\/uploads\/2022\/12\/hs_black.svg\",\"caption\":\"HotSmoke\"}]}<\/script>\n<meta name=\"geo.placename\" content=\"Kaunas\" \/>\n<meta name=\"geo.position\" content=\"54.8733992;23.9492982\" \/>\n<meta name=\"geo.region\" content=\"Lituania\" \/>\n<!-- \/ Yoast SEO Premium plugin. -->","yoast_head_json":{"title":"Pluscig S9 - HotSmoke","description":"Pluscig - S9 Heating cigarette system (heat not burn) \u00e8 il risultato di una combinazione di tecnologie. Utilizzo: HEETS, NEAFS, FIIT, NEXUS","robots":{"index":"index","follow":"follow","max-snippet":"max-snippet:-1","max-image-preview":"max-image-preview:large","max-video-preview":"max-video-preview:-1"},"canonical":"https:\/\/hotsmoke.eu\/it\/shop\/dispositivi-a-tabacco-riscaldato\/pluscig-s9\/","og_locale":"it_IT","og_type":"article","og_title":"Pluscig S9","og_description":"Pluscig - S9 Heating cigarette system heat not burn cigarette is the result of a combination of technology. Use: HEETS, NEAFS, FIIT, NEXUS","og_url":"https:\/\/hotsmoke.eu\/it\/shop\/dispositivi-a-tabacco-riscaldato\/pluscig-s9\/","og_site_name":"HotSmoke","article_publisher":"https:\/\/www.facebook.com\/hotsmoke.eu","article_modified_time":"2026-04-27T20:30:36+00:00","og_image":[{"width":688,"height":890,"url":"https:\/\/hotsmoke.eu\/wp-content\/uploads\/2024\/05\/pluscig-s9-black-hotsmoke.lt_.webp","type":"image\/webp"}],"twitter_card":"summary_large_image","twitter_site":"@HotSmokeoffici1","twitter_misc":{"Availability":"In stock"},"schema":{"@context":"https:\/\/schema.org","@graph":[{"@type":["WebPage","ItemPage"],"@id":"https:\/\/hotsmoke.eu\/shop\/heat-not-burn-devices\/pluscig-s9\/","url":"https:\/\/hotsmoke.eu\/shop\/heat-not-burn-devices\/pluscig-s9\/","name":"Pluscig S9 - HotSmoke","isPartOf":{"@id":"https:\/\/hotsmoke.eu\/#website"},"datePublished":"2023-06-08T10:19:54+00:00","dateModified":"2026-04-27T20:30:36+00:00","description":"Pluscig - S9 Heating cigarette system (heat not burn) \u00e8 il risultato di una combinazione di tecnologie. Utilizzo: HEETS, NEAFS, FIIT, NEXUS","breadcrumb":{"@id":"https:\/\/hotsmoke.eu\/shop\/heat-not-burn-devices\/pluscig-s9\/#breadcrumb"},"inLanguage":"it-IT","potentialAction":[{"@type":"ReadAction","target":["https:\/\/hotsmoke.eu\/shop\/heat-not-burn-devices\/pluscig-s9\/"]}]},{"@type":"BreadcrumbList","@id":"https:\/\/hotsmoke.eu\/shop\/heat-not-burn-devices\/pluscig-s9\/#breadcrumb","itemListElement":[{"@type":"ListItem","position":1,"name":"Home","item":"https:\/\/hotsmoke.eu\/"},{"@type":"ListItem","position":2,"name":"HeatSticks And Heat Not Burn Store","item":"https:\/\/hotsmoke.eu\/shop\/"},{"@type":"ListItem","position":3,"name":"Pluscig S9"}]},{"@type":"WebSite","@id":"https:\/\/hotsmoke.eu\/#website","url":"https:\/\/hotsmoke.eu\/","name":"Fumo calante","description":"Negozio di dispositivi per sigarette a riscaldamento senza combustione | HotSmoke","publisher":{"@id":"https:\/\/hotsmoke.eu\/#organization"},"alternateName":"hotsmoke","potentialAction":[{"@type":"SearchAction","target":{"@type":"EntryPoint","urlTemplate":"https:\/\/hotsmoke.eu\/?s={search_term_string}"},"query-input":"required name=search_term_string"}],"inLanguage":"it-IT"},{"@type":["Organization","Place","Store"],"@id":"https:\/\/hotsmoke.eu\/#organization","name":"Fumo calante","alternateName":"Hot Smoke","url":"https:\/\/hotsmoke.eu\/","logo":{"@id":"https:\/\/hotsmoke.eu\/shop\/heat-not-burn-devices\/pluscig-s9\/#local-main-organization-logo"},"image":{"@id":"https:\/\/hotsmoke.eu\/shop\/heat-not-burn-devices\/pluscig-s9\/#local-main-organization-logo"},"sameAs":["https:\/\/www.facebook.com\/hotsmoke.eu","https:\/\/twitter.com\/HotSmokeoffici1"],"publishingPrinciples":"https:\/\/hotsmoke.eu\/heat-not-burn-electronic-cigarettes\/","ownershipFundingInfo":"https:\/\/hotsmoke.eu\/terms-conditions\/","actionableFeedbackPolicy":"https:\/\/hotsmoke.eu\/privacy-policy\/","correctionsPolicy":"https:\/\/hotsmoke.eu\/privacy-policy\/","ethicsPolicy":"https:\/\/hotsmoke.eu\/privacy-policy\/","diversityPolicy":"https:\/\/hotsmoke.eu\/privacy-policy\/","diversityStaffingReport":"https:\/\/hotsmoke.eu\/shipping-warranty\/","address":{"@id":"https:\/\/hotsmoke.eu\/shop\/heat-not-burn-devices\/pluscig-s9\/#local-main-place-address"},"geo":{"@type":"GeoCoordinates","latitude":"54.8733992","longitude":"23.9492982"},"telephone":["+37068673611"],"openingHoursSpecification":[{"@type":"OpeningHoursSpecification","dayOfWeek":["Monday","Tuesday","Wednesday","Thursday","Friday"],"opens":"10:00","closes":"17:00"},{"@type":"OpeningHoursSpecification","dayOfWeek":["Saturday","Sunday"],"opens":"00:00","closes":"00:00"}],"email":"info@hotsmoke.eu","areaServed":"Lithuania","vatID":"LT100013495416","priceRange":"$$","currenciesAccepted":"Euro","paymentAccepted":"Visa, mastercard"},{"@type":"PostalAddress","@id":"https:\/\/hotsmoke.eu\/shop\/heat-not-burn-devices\/pluscig-s9\/#local-main-place-address","streetAddress":"L.Ivinskio 18a, L.Ivinskio 18a","addressLocality":"Kaunas","postalCode":"45151","addressRegion":"Lithuania","addressCountry":"LT"},{"@type":"ImageObject","inLanguage":"it-IT","@id":"https:\/\/hotsmoke.eu\/shop\/heat-not-burn-devices\/pluscig-s9\/#local-main-organization-logo","url":"https:\/\/hotsmoke.eu\/wp-content\/uploads\/2022\/12\/hs_black.svg","contentUrl":"https:\/\/hotsmoke.eu\/wp-content\/uploads\/2022\/12\/hs_black.svg","caption":"HotSmoke"}]},"geo.placename":"Kaunas","geo.position":{"lat":"54.8733992","long":"23.9492982"},"geo.region":"Lituania"},"_links":{"self":[{"href":"https:\/\/hotsmoke.eu\/it\/wp-json\/wp\/v2\/product\/12917","targetHints":{"allow":["GET"]}}],"collection":[{"href":"https:\/\/hotsmoke.eu\/it\/wp-json\/wp\/v2\/product"}],"about":[{"href":"https:\/\/hotsmoke.eu\/it\/wp-json\/wp\/v2\/types\/product"}],"replies":[{"embeddable":true,"href":"https:\/\/hotsmoke.eu\/it\/wp-json\/wp\/v2\/comments?post=12917"}],"wp:featuredmedia":[{"embeddable":true,"href":"https:\/\/hotsmoke.eu\/it\/wp-json\/wp\/v2\/media\/25367"}],"wp:attachment":[{"href":"https:\/\/hotsmoke.eu\/it\/wp-json\/wp\/v2\/media?parent=12917"}],"wp:term":[{"taxonomy":"product_cat","embeddable":true,"href":"https:\/\/hotsmoke.eu\/it\/wp-json\/wp\/v2\/product_cat?post=12917"},{"taxonomy":"product_tag","embeddable":true,"href":"https:\/\/hotsmoke.eu\/it\/wp-json\/wp\/v2\/product_tag?post=12917"}],"curies":[{"name":"wp","href":"https:\/\/api.w.org\/{rel}","templated":true}]}}