{"id":27890,"date":"2026-01-27T21:29:19","date_gmt":"2026-01-27T21:29:19","guid":{"rendered":"https:\/\/hotsmoke.eu\/?post_type=product&#038;p=27890"},"modified":"2026-04-14T11:53:25","modified_gmt":"2026-04-14T11:53:25","slug":"neafs-lush-ice-sachets-de-nicotine","status":"publish","type":"product","link":"https:\/\/hotsmoke.eu\/fr\/shop\/pouches\/neafs-lush-ice-nicotine-pouches\/","title":{"rendered":"N\u00e9ofs Lush Ice Sachets de Nicotine"},"content":{"rendered":"","protected":false},"excerpt":{"rendered":"<h2>\u00c0 PROPOS DES POCHETTES<\/h2>\n<p>Les sachets de nicotine Neafs lusci icy. Sont con\u00e7us pour les utilisateurs qui souhaitent de la nicotine sans combustion du tabac. Chaque sachet est doux, confortable sous la l\u00e8vre, et formul\u00e9 pour lib\u00e9rer saveur et nicotine de mani\u00e8re r\u00e9guli\u00e8re. Parfait pour une utilisation nomade, les situations sociales, ou partout o\u00f9 fumer et vapoter sont restreints.<\/p>\n<ul>\n<li>Un produit contient <strong>5 bo\u00eetes<\/strong>; chaque bo\u00eete contient plusieurs sachets \u00e0 usage unique.<\/li>\n<li>Produit vendu comme des sachets de nicotine sans tabac et destin\u00e9 uniquement aux consommateurs adultes.<\/li>\n<li>Alternative plus saine \u00e0 la cigarette et \u00e0 de nombreux produits du tabac sans fum\u00e9e.<\/li>\n<li>Pas de fum\u00e9e secondaire ni de cendres persistantes.<\/li>\n<li>Contr\u00f4le facile des portions et dosage de nicotine pr\u00e9visible.<\/li>\n<li>4 Teneurs en nicotine : R\u00e9gulier \u2013 8MG \/ Fort \u2013 12MG \/ Extra-fort \u2013 16MG.<\/li>\n<\/ul>\n<h2>Utilisation de sachets de nicotine<\/h2>\n<ul>\n<li>Placez une pochette sous votre l\u00e8vre sup\u00e9rieure.<\/li>\n<li>Laissez agir pendant 20 \u00e0 60 minutes selon l'effet d\u00e9sir\u00e9.<\/li>\n<li>Retirer et jeter la pochette dans une poubelle.<\/li>\n<li>Ne pas avaler la pochette.<\/li>\n<li>Ne pas utiliser par les mineurs, les femmes enceintes ou allaitantes, ou les personnes sensibles \u00e0 la nicotine.<\/li>\n<\/ul>\n<h2>Sachets<\/h2>\n<ul>\n<li>Ingr\u00e9dients typiques : nicotine, eau, agents de charge alimentaires, ar\u00f4mes, r\u00e9gulateurs de pH.<br \/>\n(Inclure la liste exacte des ingr\u00e9dients fournie par le fabricant sur l'emballage du produit.)<\/li>\n<li>Avis de sant\u00e9 : Contient de la nicotine \u2013 une substance addictive. \u00c9viter l'usage pendant la grossesse, l'allaitement ou sur avis d'un professionnel de la sant\u00e9. Ne pas laisser \u00e0 la port\u00e9e des enfants ou des animaux domestiques.<\/li>\n<\/ul>\n<p><strong>Total : 1 pi\u00e8ce = 5 canettes.<\/strong><\/p>","protected":false},"featured_media":27880,"comment_status":"open","ping_status":"closed","template":"","meta":{"inline_featured_image":false},"product_cat":[109,112],"product_tag":[],"class_list":["post-27890","product","type-product","status-publish","has-post-thumbnail","hentry","product_brand-neafs","product_cat-pouches","product_cat-nicotine"],"acf":[],"yoast_head":"<!-- This site is optimized with the Yoast SEO Premium plugin v20.11 (Yoast SEO v20.11) - https:\/\/yoast.com\/wordpress\/plugins\/seo\/ -->\n<title>Neafs Lush Ice Nicotine Pouches - HotSmoke<\/title>\n<meta name=\"description\" content=\"Neafs lush ice nicotine pouches. Are crafted for users who want nicotine without tobacco combustion. Smoking and vaping are restricted.\" \/>\n<meta name=\"robots\" content=\"index, follow, max-snippet:-1, max-image-preview:large, max-video-preview:-1\" \/>\n<link rel=\"canonical\" href=\"https:\/\/hotsmoke.eu\/fr\/shop\/pochettes\/neafs-lush-ice-sachets-de-nicotine\/\" \/>\n<meta property=\"og:locale\" content=\"fr_FR\" \/>\n<meta property=\"og:type\" content=\"article\" \/>\n<meta property=\"og:title\" content=\"Neafs Lush Ice Nicotine Pouches\" \/>\n<meta property=\"og:description\" content=\"Neafs lush ice nicotine pouches. Are crafted for users who want nicotine without tobacco combustion. Smoking and vaping are restricted.\" \/>\n<meta property=\"og:url\" content=\"https:\/\/hotsmoke.eu\/fr\/shop\/pochettes\/neafs-lush-ice-sachets-de-nicotine\/\" \/>\n<meta property=\"og:site_name\" content=\"HotSmoke\" \/>\n<meta property=\"article:publisher\" content=\"https:\/\/www.facebook.com\/hotsmoke.eu\" \/>\n<meta property=\"article:modified_time\" content=\"2026-04-14T11:53:25+00:00\" \/>\n<meta property=\"og:image\" content=\"https:\/\/hotsmoke.eu\/wp-content\/uploads\/2026\/01\/nicotine-pouches-lush-neafs-hotsmoke.eu-europe.webp\" \/>\n\t<meta property=\"og:image:width\" content=\"1080\" \/>\n\t<meta property=\"og:image:height\" content=\"1080\" \/>\n\t<meta property=\"og:image:type\" content=\"image\/webp\" \/>\n<meta name=\"twitter:card\" content=\"summary_large_image\" \/>\n<meta name=\"twitter:site\" content=\"@HotSmokeoffici1\" \/>\n<meta name=\"twitter:label1\" content=\"Availability\" \/>\n\t<meta name=\"twitter:data1\" content=\"Out of stock\" \/>\n<script type=\"application\/ld+json\" class=\"yoast-schema-graph\">{\"@context\":\"https:\/\/schema.org\",\"@graph\":[{\"@type\":[\"WebPage\",\"ItemPage\"],\"@id\":\"https:\/\/hotsmoke.eu\/shop\/pouches\/neafs-lush-ice-nicotine-pouches\/\",\"url\":\"https:\/\/hotsmoke.eu\/shop\/pouches\/neafs-lush-ice-nicotine-pouches\/\",\"name\":\"Neafs Lush Ice Nicotine Pouches - HotSmoke\",\"isPartOf\":{\"@id\":\"https:\/\/hotsmoke.eu\/#website\"},\"datePublished\":\"2026-01-27T21:29:19+00:00\",\"dateModified\":\"2026-04-14T11:53:25+00:00\",\"description\":\"Neafs lush ice nicotine pouches. Are crafted for users who want nicotine without tobacco combustion. Smoking and vaping are restricted.\",\"breadcrumb\":{\"@id\":\"https:\/\/hotsmoke.eu\/shop\/pouches\/neafs-lush-ice-nicotine-pouches\/#breadcrumb\"},\"inLanguage\":\"fr-FR\",\"potentialAction\":[{\"@type\":\"ReadAction\",\"target\":[\"https:\/\/hotsmoke.eu\/shop\/pouches\/neafs-lush-ice-nicotine-pouches\/\"]}]},{\"@type\":\"BreadcrumbList\",\"@id\":\"https:\/\/hotsmoke.eu\/shop\/pouches\/neafs-lush-ice-nicotine-pouches\/#breadcrumb\",\"itemListElement\":[{\"@type\":\"ListItem\",\"position\":1,\"name\":\"Home\",\"item\":\"https:\/\/hotsmoke.eu\/\"},{\"@type\":\"ListItem\",\"position\":2,\"name\":\"HeatSticks And Heat Not Burn Store\",\"item\":\"https:\/\/hotsmoke.eu\/shop\/\"},{\"@type\":\"ListItem\",\"position\":3,\"name\":\"Neafs Lush Ice Nicotine Pouches\"}]},{\"@type\":\"WebSite\",\"@id\":\"https:\/\/hotsmoke.eu\/#website\",\"url\":\"https:\/\/hotsmoke.eu\/\",\"name\":\"HotSmoke\",\"description\":\"Heat Not Burn Heating Cigarettes Devices Shop | HotSmoke\",\"publisher\":{\"@id\":\"https:\/\/hotsmoke.eu\/#organization\"},\"alternateName\":\"hotsmoke\",\"potentialAction\":[{\"@type\":\"SearchAction\",\"target\":{\"@type\":\"EntryPoint\",\"urlTemplate\":\"https:\/\/hotsmoke.eu\/?s={search_term_string}\"},\"query-input\":\"required name=search_term_string\"}],\"inLanguage\":\"fr-FR\"},{\"@type\":[\"Organization\",\"Place\",\"Store\"],\"@id\":\"https:\/\/hotsmoke.eu\/#organization\",\"name\":\"HotSmoke\",\"alternateName\":\"Hot Smoke\",\"url\":\"https:\/\/hotsmoke.eu\/\",\"logo\":{\"@id\":\"https:\/\/hotsmoke.eu\/shop\/pouches\/neafs-lush-ice-nicotine-pouches\/#local-main-organization-logo\"},\"image\":{\"@id\":\"https:\/\/hotsmoke.eu\/shop\/pouches\/neafs-lush-ice-nicotine-pouches\/#local-main-organization-logo\"},\"sameAs\":[\"https:\/\/www.facebook.com\/hotsmoke.eu\",\"https:\/\/twitter.com\/HotSmokeoffici1\"],\"publishingPrinciples\":\"https:\/\/hotsmoke.eu\/heat-not-burn-electronic-cigarettes\/\",\"ownershipFundingInfo\":\"https:\/\/hotsmoke.eu\/terms-conditions\/\",\"actionableFeedbackPolicy\":\"https:\/\/hotsmoke.eu\/privacy-policy\/\",\"correctionsPolicy\":\"https:\/\/hotsmoke.eu\/privacy-policy\/\",\"ethicsPolicy\":\"https:\/\/hotsmoke.eu\/privacy-policy\/\",\"diversityPolicy\":\"https:\/\/hotsmoke.eu\/privacy-policy\/\",\"diversityStaffingReport\":\"https:\/\/hotsmoke.eu\/shipping-warranty\/\",\"address\":{\"@id\":\"https:\/\/hotsmoke.eu\/shop\/pouches\/neafs-lush-ice-nicotine-pouches\/#local-main-place-address\"},\"geo\":{\"@type\":\"GeoCoordinates\",\"latitude\":\"54.8733992\",\"longitude\":\"23.9492982\"},\"telephone\":[\"+37068673611\"],\"openingHoursSpecification\":[{\"@type\":\"OpeningHoursSpecification\",\"dayOfWeek\":[\"Monday\",\"Tuesday\",\"Wednesday\",\"Thursday\",\"Friday\"],\"opens\":\"10:00\",\"closes\":\"17:00\"},{\"@type\":\"OpeningHoursSpecification\",\"dayOfWeek\":[\"Saturday\",\"Sunday\"],\"opens\":\"00:00\",\"closes\":\"00:00\"}],\"email\":\"info@hotsmoke.eu\",\"areaServed\":\"Lithuania\",\"vatID\":\"LT100013495416\",\"priceRange\":\"$$\",\"currenciesAccepted\":\"Euro\",\"paymentAccepted\":\"Visa, mastercard\"},{\"@type\":\"PostalAddress\",\"@id\":\"https:\/\/hotsmoke.eu\/shop\/pouches\/neafs-lush-ice-nicotine-pouches\/#local-main-place-address\",\"streetAddress\":\"L.Ivinskio 18a, L.Ivinskio 18a\",\"addressLocality\":\"Kaunas\",\"postalCode\":\"45151\",\"addressRegion\":\"Lithuania\",\"addressCountry\":\"LT\"},{\"@type\":\"ImageObject\",\"inLanguage\":\"fr-FR\",\"@id\":\"https:\/\/hotsmoke.eu\/shop\/pouches\/neafs-lush-ice-nicotine-pouches\/#local-main-organization-logo\",\"url\":\"https:\/\/hotsmoke.eu\/wp-content\/uploads\/2022\/12\/hs_black.svg\",\"contentUrl\":\"https:\/\/hotsmoke.eu\/wp-content\/uploads\/2022\/12\/hs_black.svg\",\"caption\":\"HotSmoke\"}]}<\/script>\n<meta name=\"geo.placename\" content=\"Kaunas\" \/>\n<meta name=\"geo.position\" content=\"54.8733992;23.9492982\" \/>\n<meta name=\"geo.region\" content=\"Lituanie\" \/>\n<!-- \/ Yoast SEO Premium plugin. -->","yoast_head_json":{"title":"Neafs Lush Ice Nicotine Pouches - HotSmoke","description":"Les sachets de nicotine Neafs Lush Ice sont con\u00e7us pour les utilisateurs qui souhaitent de la nicotine sans combustion du tabac. Le tabagisme et le vapotage sont restreints.","robots":{"index":"index","follow":"follow","max-snippet":"max-snippet:-1","max-image-preview":"max-image-preview:large","max-video-preview":"max-video-preview:-1"},"canonical":"https:\/\/hotsmoke.eu\/fr\/shop\/pochettes\/neafs-lush-ice-sachets-de-nicotine\/","og_locale":"fr_FR","og_type":"article","og_title":"Neafs Lush Ice Nicotine Pouches","og_description":"Neafs lush ice nicotine pouches. Are crafted for users who want nicotine without tobacco combustion. Smoking and vaping are restricted.","og_url":"https:\/\/hotsmoke.eu\/fr\/shop\/pochettes\/neafs-lush-ice-sachets-de-nicotine\/","og_site_name":"HotSmoke","article_publisher":"https:\/\/www.facebook.com\/hotsmoke.eu","article_modified_time":"2026-04-14T11:53:25+00:00","og_image":[{"width":1080,"height":1080,"url":"https:\/\/hotsmoke.eu\/wp-content\/uploads\/2026\/01\/nicotine-pouches-lush-neafs-hotsmoke.eu-europe.webp","type":"image\/webp"}],"twitter_card":"summary_large_image","twitter_site":"@HotSmokeoffici1","twitter_misc":{"Availability":"Out of stock"},"schema":{"@context":"https:\/\/schema.org","@graph":[{"@type":["WebPage","ItemPage"],"@id":"https:\/\/hotsmoke.eu\/shop\/pouches\/neafs-lush-ice-nicotine-pouches\/","url":"https:\/\/hotsmoke.eu\/shop\/pouches\/neafs-lush-ice-nicotine-pouches\/","name":"Neafs Lush Ice Nicotine Pouches - HotSmoke","isPartOf":{"@id":"https:\/\/hotsmoke.eu\/#website"},"datePublished":"2026-01-27T21:29:19+00:00","dateModified":"2026-04-14T11:53:25+00:00","description":"Les sachets de nicotine Neafs Lush Ice sont con\u00e7us pour les utilisateurs qui souhaitent de la nicotine sans combustion du tabac. Le tabagisme et le vapotage sont restreints.","breadcrumb":{"@id":"https:\/\/hotsmoke.eu\/shop\/pouches\/neafs-lush-ice-nicotine-pouches\/#breadcrumb"},"inLanguage":"fr-FR","potentialAction":[{"@type":"ReadAction","target":["https:\/\/hotsmoke.eu\/shop\/pouches\/neafs-lush-ice-nicotine-pouches\/"]}]},{"@type":"BreadcrumbList","@id":"https:\/\/hotsmoke.eu\/shop\/pouches\/neafs-lush-ice-nicotine-pouches\/#breadcrumb","itemListElement":[{"@type":"ListItem","position":1,"name":"Home","item":"https:\/\/hotsmoke.eu\/"},{"@type":"ListItem","position":2,"name":"HeatSticks And Heat Not Burn Store","item":"https:\/\/hotsmoke.eu\/shop\/"},{"@type":"ListItem","position":3,"name":"Neafs Lush Ice Nicotine Pouches"}]},{"@type":"WebSite","@id":"https:\/\/hotsmoke.eu\/#website","url":"https:\/\/hotsmoke.eu\/","name":"Fum\u00e9e Chaude","description":"Appareils de cigarettes chauff\u00e9es \u00e0 l'\u00e9tat chaud pas br\u00fbl\u00e9 | HotSmoke","publisher":{"@id":"https:\/\/hotsmoke.eu\/#organization"},"alternateName":"hotsmoke","potentialAction":[{"@type":"SearchAction","target":{"@type":"EntryPoint","urlTemplate":"https:\/\/hotsmoke.eu\/?s={search_term_string}"},"query-input":"required name=search_term_string"}],"inLanguage":"fr-FR"},{"@type":["Organization","Place","Store"],"@id":"https:\/\/hotsmoke.eu\/#organization","name":"Fum\u00e9e Chaude","alternateName":"Hot Smoke","url":"https:\/\/hotsmoke.eu\/","logo":{"@id":"https:\/\/hotsmoke.eu\/shop\/pouches\/neafs-lush-ice-nicotine-pouches\/#local-main-organization-logo"},"image":{"@id":"https:\/\/hotsmoke.eu\/shop\/pouches\/neafs-lush-ice-nicotine-pouches\/#local-main-organization-logo"},"sameAs":["https:\/\/www.facebook.com\/hotsmoke.eu","https:\/\/twitter.com\/HotSmokeoffici1"],"publishingPrinciples":"https:\/\/hotsmoke.eu\/heat-not-burn-electronic-cigarettes\/","ownershipFundingInfo":"https:\/\/hotsmoke.eu\/terms-conditions\/","actionableFeedbackPolicy":"https:\/\/hotsmoke.eu\/privacy-policy\/","correctionsPolicy":"https:\/\/hotsmoke.eu\/privacy-policy\/","ethicsPolicy":"https:\/\/hotsmoke.eu\/privacy-policy\/","diversityPolicy":"https:\/\/hotsmoke.eu\/privacy-policy\/","diversityStaffingReport":"https:\/\/hotsmoke.eu\/shipping-warranty\/","address":{"@id":"https:\/\/hotsmoke.eu\/shop\/pouches\/neafs-lush-ice-nicotine-pouches\/#local-main-place-address"},"geo":{"@type":"GeoCoordinates","latitude":"54.8733992","longitude":"23.9492982"},"telephone":["+37068673611"],"openingHoursSpecification":[{"@type":"OpeningHoursSpecification","dayOfWeek":["Monday","Tuesday","Wednesday","Thursday","Friday"],"opens":"10:00","closes":"17:00"},{"@type":"OpeningHoursSpecification","dayOfWeek":["Saturday","Sunday"],"opens":"00:00","closes":"00:00"}],"email":"info@hotsmoke.eu","areaServed":"Lithuania","vatID":"LT100013495416","priceRange":"$$","currenciesAccepted":"Euro","paymentAccepted":"Visa, mastercard"},{"@type":"PostalAddress","@id":"https:\/\/hotsmoke.eu\/shop\/pouches\/neafs-lush-ice-nicotine-pouches\/#local-main-place-address","streetAddress":"L.Ivinskio 18a, L.Ivinskio 18a","addressLocality":"Kaunas","postalCode":"45151","addressRegion":"Lithuania","addressCountry":"LT"},{"@type":"ImageObject","inLanguage":"fr-FR","@id":"https:\/\/hotsmoke.eu\/shop\/pouches\/neafs-lush-ice-nicotine-pouches\/#local-main-organization-logo","url":"https:\/\/hotsmoke.eu\/wp-content\/uploads\/2022\/12\/hs_black.svg","contentUrl":"https:\/\/hotsmoke.eu\/wp-content\/uploads\/2022\/12\/hs_black.svg","caption":"HotSmoke"}]},"geo.placename":"Kaunas","geo.position":{"lat":"54.8733992","long":"23.9492982"},"geo.region":"Lituanie"},"_links":{"self":[{"href":"https:\/\/hotsmoke.eu\/fr\/wp-json\/wp\/v2\/product\/27890","targetHints":{"allow":["GET"]}}],"collection":[{"href":"https:\/\/hotsmoke.eu\/fr\/wp-json\/wp\/v2\/product"}],"about":[{"href":"https:\/\/hotsmoke.eu\/fr\/wp-json\/wp\/v2\/types\/product"}],"replies":[{"embeddable":true,"href":"https:\/\/hotsmoke.eu\/fr\/wp-json\/wp\/v2\/comments?post=27890"}],"wp:featuredmedia":[{"embeddable":true,"href":"https:\/\/hotsmoke.eu\/fr\/wp-json\/wp\/v2\/media\/27880"}],"wp:attachment":[{"href":"https:\/\/hotsmoke.eu\/fr\/wp-json\/wp\/v2\/media?parent=27890"}],"wp:term":[{"taxonomy":"product_cat","embeddable":true,"href":"https:\/\/hotsmoke.eu\/fr\/wp-json\/wp\/v2\/product_cat?post=27890"},{"taxonomy":"product_tag","embeddable":true,"href":"https:\/\/hotsmoke.eu\/fr\/wp-json\/wp\/v2\/product_tag?post=27890"}],"curies":[{"name":"wp","href":"https:\/\/api.w.org\/{rel}","templated":true}]}}