{"id":25276,"date":"2024-05-09T08:31:34","date_gmt":"2024-05-09T08:31:34","guid":{"rendered":"https:\/\/hotsmoke.eu\/?post_type=product&#038;p=25276"},"modified":"2026-04-27T19:49:58","modified_gmt":"2026-04-27T19:49:58","slug":"h-drop-counting-sheep-10-cbd-cbn-melatonin-oil","status":"publish","type":"product","link":"https:\/\/hotsmoke.eu\/fr\/shop\/cbd\/h-drop-counting-sheep-10-cbd-cbn-melatonin-oil\/","title":{"rendered":"H Drop Counting Sheep 10%+ CBD + CBN + Huile de M\u00e9latonine"},"content":{"rendered":"","protected":false},"excerpt":{"rendered":"<h2>OIL (CBD 10%)<\/h2>\n<p>H Drop Counting Sheep 10%+ CBD + CBN + Melatonin Hemp Oil. Relax every cell in your body. Slow down your mind. Count your breaths or&#8230; sheep. Counting Sheep is a natural formulation of hemp-derived cannabinol (CBN) and cannabidiol (CBD) combined with melatonin to create a new sleep pattern for you.<\/p>\n<ul>\n<li>Guaranteed amount of CBD &#8211; the composition of each batch is tested in the laboratory.<\/li>\n<li>Contains hemp seed oil, rich in beneficial Omega-3, Omega-6 fatty acids and Vitamin E.<\/li>\n<li>The psychotropic substance THC is completely removed.<\/li>\n<li>Test\u00e9 en laboratoire \u2014 chaque lot est analys\u00e9 dans des laboratoires agr\u00e9\u00e9s.<\/li>\n<li>Full-spectrum (except THC), so it also contains other health-giving cannabinoids found in fibrous hemp (CBG, CBDV, CBN, CBC, CBE, CBT).<\/li>\n<li>Made from the highest quality fiber hemp grown on organic farms and free of pesticides.<\/li>\n<li>Vegan friendly.<\/li>\n<li>30+ days of mild strength servings.<\/li>\n<li>200 drops of 2,5mg CBD + 2,5mg CBN + 0,16mg Melatonin.<\/li>\n<\/ul>\n<h2>Composition H Drop:<\/h2>\n<ul>\n<li>Huile de graines de chanvre.<\/li>\n<li>Cannabis Sativa L.<\/li>\n<li>Extrait de fleur de chanvre.<\/li>\n<\/ul>\n<p>\u26a0\ufe0f Tenir hors de port\u00e9e des enfants et des animaux. Pour adultes uniquement. D\u00e9conseill\u00e9 aux femmes enceintes ou allaitantes. Ne pas ing\u00e9rer ni fumer directement.<\/p>","protected":false},"featured_media":25279,"comment_status":"open","ping_status":"closed","template":"","meta":{"inline_featured_image":false},"product_cat":[43,52],"product_tag":[],"class_list":["post-25276","product","type-product","status-publish","has-post-thumbnail","hentry","product_brand-h-drop","product_cat-cbd","product_cat-oil"],"acf":[],"yoast_head":"<!-- This site is optimized with the Yoast SEO Premium plugin v20.11 (Yoast SEO v20.11) - https:\/\/yoast.com\/wordpress\/plugins\/seo\/ -->\n<title>H Drop Counting Sheep 10%+ CBD + CBN + Melatonin Oil - HotSmoke<\/title>\n<meta name=\"robots\" content=\"index, follow, max-snippet:-1, max-image-preview:large, max-video-preview:-1\" \/>\n<link rel=\"canonical\" href=\"https:\/\/hotsmoke.eu\/fr\/shop\/cannabidiol\/h-drop-counting-sheep-10-cbd-cbn-melatonin-oil\/\" \/>\n<meta property=\"og:locale\" content=\"fr_FR\" \/>\n<meta property=\"og:type\" content=\"article\" \/>\n<meta property=\"og:title\" content=\"H Drop Counting Sheep 10%+ CBD + CBN + Melatonin Oil\" \/>\n<meta property=\"og:description\" content=\"OIL (CBD 10%) H Drop Counting Sheep 10%+ CBD + CBN + Melatonin Hemp Oil. Relax every cell in your body. Slow down your mind. Count your breaths or... sheep. Counting Sheep is a natural formulation of hemp-derived cannabinol (CBN) and cannabidiol (CBD) combined with melatonin to create a new sleep pattern for you.   Guaranteed amount of CBD - the composition of each batch is tested in the laboratory.  Contains hemp seed oil, rich in beneficial Omega-3, Omega-6 fatty acids and Vitamin E.  The psychotropic substance THC is completely removed.  Lab-tested \u2014 every batch is analyzed in accredited laboratories.  Full-spectrum (except THC), so it also contains other health-giving cannabinoids found in fibrous hemp (CBG, CBDV, CBN, CBC, CBE, CBT).  Made from the highest quality fiber hemp grown on organic farms and free of pesticides.  Vegan friendly.  30+ days of mild strength servings.  200 drops of 2,5mg CBD + 2,5mg CBN + 0,16mg Melatonin.  Composition H Drop:   Hemp seed oil.  Cannabis Sativa L.  Hemp flower extract.  \u26a0\ufe0f Keep out of reach of children and animals. For adults only. Not recommended for use by pregnant and breastfeeding women. Not intended for direct consumption or smoking.\" \/>\n<meta property=\"og:url\" content=\"https:\/\/hotsmoke.eu\/fr\/shop\/cannabidiol\/h-drop-counting-sheep-10-cbd-cbn-melatonin-oil\/\" \/>\n<meta property=\"og:site_name\" content=\"HotSmoke\" \/>\n<meta property=\"article:publisher\" content=\"https:\/\/www.facebook.com\/hotsmoke.eu\" \/>\n<meta property=\"article:modified_time\" content=\"2026-04-27T19:49:58+00:00\" \/>\n<meta property=\"og:image\" content=\"https:\/\/hotsmoke.eu\/wp-content\/uploads\/2024\/05\/h-drop-counting-sheep-10-cbd-oil-hotsmoke.eu_.webp\" \/>\n\t<meta property=\"og:image:width\" content=\"1080\" \/>\n\t<meta property=\"og:image:height\" content=\"1080\" \/>\n\t<meta property=\"og:image:type\" content=\"image\/webp\" \/>\n<meta name=\"twitter:card\" content=\"summary_large_image\" \/>\n<meta name=\"twitter:site\" content=\"@HotSmokeoffici1\" \/>\n<meta name=\"twitter:label1\" content=\"Availability\" \/>\n\t<meta name=\"twitter:data1\" content=\"In stock\" \/>\n<script type=\"application\/ld+json\" class=\"yoast-schema-graph\">{\"@context\":\"https:\/\/schema.org\",\"@graph\":[{\"@type\":[\"WebPage\",\"ItemPage\"],\"@id\":\"https:\/\/hotsmoke.eu\/shop\/cbd\/h-drop-counting-sheep-10-cbd-cbn-melatonin-oil\/\",\"url\":\"https:\/\/hotsmoke.eu\/shop\/cbd\/h-drop-counting-sheep-10-cbd-cbn-melatonin-oil\/\",\"name\":\"H Drop Counting Sheep 10%+ CBD + CBN + Melatonin Oil - HotSmoke\",\"isPartOf\":{\"@id\":\"https:\/\/hotsmoke.eu\/#website\"},\"datePublished\":\"2024-05-09T08:31:34+00:00\",\"dateModified\":\"2026-04-27T19:49:58+00:00\",\"breadcrumb\":{\"@id\":\"https:\/\/hotsmoke.eu\/shop\/cbd\/h-drop-counting-sheep-10-cbd-cbn-melatonin-oil\/#breadcrumb\"},\"inLanguage\":\"fr-FR\",\"potentialAction\":[{\"@type\":\"ReadAction\",\"target\":[\"https:\/\/hotsmoke.eu\/shop\/cbd\/h-drop-counting-sheep-10-cbd-cbn-melatonin-oil\/\"]}]},{\"@type\":\"BreadcrumbList\",\"@id\":\"https:\/\/hotsmoke.eu\/shop\/cbd\/h-drop-counting-sheep-10-cbd-cbn-melatonin-oil\/#breadcrumb\",\"itemListElement\":[{\"@type\":\"ListItem\",\"position\":1,\"name\":\"Home\",\"item\":\"https:\/\/hotsmoke.eu\/\"},{\"@type\":\"ListItem\",\"position\":2,\"name\":\"HeatSticks And Heat Not Burn Store\",\"item\":\"https:\/\/hotsmoke.eu\/shop\/\"},{\"@type\":\"ListItem\",\"position\":3,\"name\":\"H Drop Counting Sheep 10%+ CBD + CBN + Melatonin Oil\"}]},{\"@type\":\"WebSite\",\"@id\":\"https:\/\/hotsmoke.eu\/#website\",\"url\":\"https:\/\/hotsmoke.eu\/\",\"name\":\"HotSmoke\",\"description\":\"Heat Not Burn Heating Cigarettes Devices Shop | HotSmoke\",\"publisher\":{\"@id\":\"https:\/\/hotsmoke.eu\/#organization\"},\"alternateName\":\"hotsmoke\",\"potentialAction\":[{\"@type\":\"SearchAction\",\"target\":{\"@type\":\"EntryPoint\",\"urlTemplate\":\"https:\/\/hotsmoke.eu\/?s={search_term_string}\"},\"query-input\":\"required name=search_term_string\"}],\"inLanguage\":\"fr-FR\"},{\"@type\":[\"Organization\",\"Place\",\"Store\"],\"@id\":\"https:\/\/hotsmoke.eu\/#organization\",\"name\":\"HotSmoke\",\"alternateName\":\"Hot Smoke\",\"url\":\"https:\/\/hotsmoke.eu\/\",\"logo\":{\"@id\":\"https:\/\/hotsmoke.eu\/shop\/cbd\/h-drop-counting-sheep-10-cbd-cbn-melatonin-oil\/#local-main-organization-logo\"},\"image\":{\"@id\":\"https:\/\/hotsmoke.eu\/shop\/cbd\/h-drop-counting-sheep-10-cbd-cbn-melatonin-oil\/#local-main-organization-logo\"},\"sameAs\":[\"https:\/\/www.facebook.com\/hotsmoke.eu\",\"https:\/\/twitter.com\/HotSmokeoffici1\"],\"publishingPrinciples\":\"https:\/\/hotsmoke.eu\/heat-not-burn-electronic-cigarettes\/\",\"ownershipFundingInfo\":\"https:\/\/hotsmoke.eu\/terms-conditions\/\",\"actionableFeedbackPolicy\":\"https:\/\/hotsmoke.eu\/privacy-policy\/\",\"correctionsPolicy\":\"https:\/\/hotsmoke.eu\/privacy-policy\/\",\"ethicsPolicy\":\"https:\/\/hotsmoke.eu\/privacy-policy\/\",\"diversityPolicy\":\"https:\/\/hotsmoke.eu\/privacy-policy\/\",\"diversityStaffingReport\":\"https:\/\/hotsmoke.eu\/shipping-warranty\/\",\"address\":{\"@id\":\"https:\/\/hotsmoke.eu\/shop\/cbd\/h-drop-counting-sheep-10-cbd-cbn-melatonin-oil\/#local-main-place-address\"},\"geo\":{\"@type\":\"GeoCoordinates\",\"latitude\":\"54.8733992\",\"longitude\":\"23.9492982\"},\"telephone\":[\"+37068673611\"],\"openingHoursSpecification\":[{\"@type\":\"OpeningHoursSpecification\",\"dayOfWeek\":[\"Monday\",\"Tuesday\",\"Wednesday\",\"Thursday\",\"Friday\"],\"opens\":\"10:00\",\"closes\":\"17:00\"},{\"@type\":\"OpeningHoursSpecification\",\"dayOfWeek\":[\"Saturday\",\"Sunday\"],\"opens\":\"00:00\",\"closes\":\"00:00\"}],\"email\":\"info@hotsmoke.eu\",\"areaServed\":\"Lithuania\",\"vatID\":\"LT100013495416\",\"priceRange\":\"$$\",\"currenciesAccepted\":\"Euro\",\"paymentAccepted\":\"Visa, mastercard\"},{\"@type\":\"PostalAddress\",\"@id\":\"https:\/\/hotsmoke.eu\/shop\/cbd\/h-drop-counting-sheep-10-cbd-cbn-melatonin-oil\/#local-main-place-address\",\"streetAddress\":\"L.Ivinskio 18a, L.Ivinskio 18a\",\"addressLocality\":\"Kaunas\",\"postalCode\":\"45151\",\"addressRegion\":\"Lithuania\",\"addressCountry\":\"LT\"},{\"@type\":\"ImageObject\",\"inLanguage\":\"fr-FR\",\"@id\":\"https:\/\/hotsmoke.eu\/shop\/cbd\/h-drop-counting-sheep-10-cbd-cbn-melatonin-oil\/#local-main-organization-logo\",\"url\":\"https:\/\/hotsmoke.eu\/wp-content\/uploads\/2022\/12\/hs_black.svg\",\"contentUrl\":\"https:\/\/hotsmoke.eu\/wp-content\/uploads\/2022\/12\/hs_black.svg\",\"caption\":\"HotSmoke\"}]}<\/script>\n<meta name=\"geo.placename\" content=\"Kaunas\" \/>\n<meta name=\"geo.position\" content=\"54.8733992;23.9492982\" \/>\n<meta name=\"geo.region\" content=\"Lituanie\" \/>\n<!-- \/ Yoast SEO Premium plugin. -->","yoast_head_json":{"title":"H Drop Counting Sheep 10%+ CBD + CBN + Melatonin Oil - HotSmoke","robots":{"index":"index","follow":"follow","max-snippet":"max-snippet:-1","max-image-preview":"max-image-preview:large","max-video-preview":"max-video-preview:-1"},"canonical":"https:\/\/hotsmoke.eu\/fr\/shop\/cannabidiol\/h-drop-counting-sheep-10-cbd-cbn-melatonin-oil\/","og_locale":"fr_FR","og_type":"article","og_title":"H Drop Counting Sheep 10%+ CBD + CBN + Melatonin Oil","og_description":"OIL (CBD 10%) H Drop Counting Sheep 10%+ CBD + CBN + Melatonin Hemp Oil. Relax every cell in your body. Slow down your mind. Count your breaths or... sheep. Counting Sheep is a natural formulation of hemp-derived cannabinol (CBN) and cannabidiol (CBD) combined with melatonin to create a new sleep pattern for you.   Guaranteed amount of CBD - the composition of each batch is tested in the laboratory.  Contains hemp seed oil, rich in beneficial Omega-3, Omega-6 fatty acids and Vitamin E.  The psychotropic substance THC is completely removed.  Lab-tested \u2014 every batch is analyzed in accredited laboratories.  Full-spectrum (except THC), so it also contains other health-giving cannabinoids found in fibrous hemp (CBG, CBDV, CBN, CBC, CBE, CBT).  Made from the highest quality fiber hemp grown on organic farms and free of pesticides.  Vegan friendly.  30+ days of mild strength servings.  200 drops of 2,5mg CBD + 2,5mg CBN + 0,16mg Melatonin.  Composition H Drop:   Hemp seed oil.  Cannabis Sativa L.  Hemp flower extract.  \u26a0\ufe0f Keep out of reach of children and animals. For adults only. Not recommended for use by pregnant and breastfeeding women. Not intended for direct consumption or smoking.","og_url":"https:\/\/hotsmoke.eu\/fr\/shop\/cannabidiol\/h-drop-counting-sheep-10-cbd-cbn-melatonin-oil\/","og_site_name":"HotSmoke","article_publisher":"https:\/\/www.facebook.com\/hotsmoke.eu","article_modified_time":"2026-04-27T19:49:58+00:00","og_image":[{"width":1080,"height":1080,"url":"https:\/\/hotsmoke.eu\/wp-content\/uploads\/2024\/05\/h-drop-counting-sheep-10-cbd-oil-hotsmoke.eu_.webp","type":"image\/webp"}],"twitter_card":"summary_large_image","twitter_site":"@HotSmokeoffici1","twitter_misc":{"Availability":"In stock"},"schema":{"@context":"https:\/\/schema.org","@graph":[{"@type":["WebPage","ItemPage"],"@id":"https:\/\/hotsmoke.eu\/shop\/cbd\/h-drop-counting-sheep-10-cbd-cbn-melatonin-oil\/","url":"https:\/\/hotsmoke.eu\/shop\/cbd\/h-drop-counting-sheep-10-cbd-cbn-melatonin-oil\/","name":"H Drop Counting Sheep 10%+ CBD + CBN + Melatonin Oil - HotSmoke","isPartOf":{"@id":"https:\/\/hotsmoke.eu\/#website"},"datePublished":"2024-05-09T08:31:34+00:00","dateModified":"2026-04-27T19:49:58+00:00","breadcrumb":{"@id":"https:\/\/hotsmoke.eu\/shop\/cbd\/h-drop-counting-sheep-10-cbd-cbn-melatonin-oil\/#breadcrumb"},"inLanguage":"fr-FR","potentialAction":[{"@type":"ReadAction","target":["https:\/\/hotsmoke.eu\/shop\/cbd\/h-drop-counting-sheep-10-cbd-cbn-melatonin-oil\/"]}]},{"@type":"BreadcrumbList","@id":"https:\/\/hotsmoke.eu\/shop\/cbd\/h-drop-counting-sheep-10-cbd-cbn-melatonin-oil\/#breadcrumb","itemListElement":[{"@type":"ListItem","position":1,"name":"Home","item":"https:\/\/hotsmoke.eu\/"},{"@type":"ListItem","position":2,"name":"HeatSticks And Heat Not Burn Store","item":"https:\/\/hotsmoke.eu\/shop\/"},{"@type":"ListItem","position":3,"name":"H Drop Counting Sheep 10%+ CBD + CBN + Melatonin Oil"}]},{"@type":"WebSite","@id":"https:\/\/hotsmoke.eu\/#website","url":"https:\/\/hotsmoke.eu\/","name":"Fum\u00e9e Chaude","description":"Appareils de cigarettes chauff\u00e9es \u00e0 l'\u00e9tat chaud pas br\u00fbl\u00e9 | HotSmoke","publisher":{"@id":"https:\/\/hotsmoke.eu\/#organization"},"alternateName":"hotsmoke","potentialAction":[{"@type":"SearchAction","target":{"@type":"EntryPoint","urlTemplate":"https:\/\/hotsmoke.eu\/?s={search_term_string}"},"query-input":"required name=search_term_string"}],"inLanguage":"fr-FR"},{"@type":["Organization","Place","Store"],"@id":"https:\/\/hotsmoke.eu\/#organization","name":"Fum\u00e9e Chaude","alternateName":"Hot Smoke","url":"https:\/\/hotsmoke.eu\/","logo":{"@id":"https:\/\/hotsmoke.eu\/shop\/cbd\/h-drop-counting-sheep-10-cbd-cbn-melatonin-oil\/#local-main-organization-logo"},"image":{"@id":"https:\/\/hotsmoke.eu\/shop\/cbd\/h-drop-counting-sheep-10-cbd-cbn-melatonin-oil\/#local-main-organization-logo"},"sameAs":["https:\/\/www.facebook.com\/hotsmoke.eu","https:\/\/twitter.com\/HotSmokeoffici1"],"publishingPrinciples":"https:\/\/hotsmoke.eu\/heat-not-burn-electronic-cigarettes\/","ownershipFundingInfo":"https:\/\/hotsmoke.eu\/terms-conditions\/","actionableFeedbackPolicy":"https:\/\/hotsmoke.eu\/privacy-policy\/","correctionsPolicy":"https:\/\/hotsmoke.eu\/privacy-policy\/","ethicsPolicy":"https:\/\/hotsmoke.eu\/privacy-policy\/","diversityPolicy":"https:\/\/hotsmoke.eu\/privacy-policy\/","diversityStaffingReport":"https:\/\/hotsmoke.eu\/shipping-warranty\/","address":{"@id":"https:\/\/hotsmoke.eu\/shop\/cbd\/h-drop-counting-sheep-10-cbd-cbn-melatonin-oil\/#local-main-place-address"},"geo":{"@type":"GeoCoordinates","latitude":"54.8733992","longitude":"23.9492982"},"telephone":["+37068673611"],"openingHoursSpecification":[{"@type":"OpeningHoursSpecification","dayOfWeek":["Monday","Tuesday","Wednesday","Thursday","Friday"],"opens":"10:00","closes":"17:00"},{"@type":"OpeningHoursSpecification","dayOfWeek":["Saturday","Sunday"],"opens":"00:00","closes":"00:00"}],"email":"info@hotsmoke.eu","areaServed":"Lithuania","vatID":"LT100013495416","priceRange":"$$","currenciesAccepted":"Euro","paymentAccepted":"Visa, mastercard"},{"@type":"PostalAddress","@id":"https:\/\/hotsmoke.eu\/shop\/cbd\/h-drop-counting-sheep-10-cbd-cbn-melatonin-oil\/#local-main-place-address","streetAddress":"L.Ivinskio 18a, L.Ivinskio 18a","addressLocality":"Kaunas","postalCode":"45151","addressRegion":"Lithuania","addressCountry":"LT"},{"@type":"ImageObject","inLanguage":"fr-FR","@id":"https:\/\/hotsmoke.eu\/shop\/cbd\/h-drop-counting-sheep-10-cbd-cbn-melatonin-oil\/#local-main-organization-logo","url":"https:\/\/hotsmoke.eu\/wp-content\/uploads\/2022\/12\/hs_black.svg","contentUrl":"https:\/\/hotsmoke.eu\/wp-content\/uploads\/2022\/12\/hs_black.svg","caption":"HotSmoke"}]},"geo.placename":"Kaunas","geo.position":{"lat":"54.8733992","long":"23.9492982"},"geo.region":"Lituanie"},"_links":{"self":[{"href":"https:\/\/hotsmoke.eu\/fr\/wp-json\/wp\/v2\/product\/25276","targetHints":{"allow":["GET"]}}],"collection":[{"href":"https:\/\/hotsmoke.eu\/fr\/wp-json\/wp\/v2\/product"}],"about":[{"href":"https:\/\/hotsmoke.eu\/fr\/wp-json\/wp\/v2\/types\/product"}],"replies":[{"embeddable":true,"href":"https:\/\/hotsmoke.eu\/fr\/wp-json\/wp\/v2\/comments?post=25276"}],"wp:featuredmedia":[{"embeddable":true,"href":"https:\/\/hotsmoke.eu\/fr\/wp-json\/wp\/v2\/media\/25279"}],"wp:attachment":[{"href":"https:\/\/hotsmoke.eu\/fr\/wp-json\/wp\/v2\/media?parent=25276"}],"wp:term":[{"taxonomy":"product_cat","embeddable":true,"href":"https:\/\/hotsmoke.eu\/fr\/wp-json\/wp\/v2\/product_cat?post=25276"},{"taxonomy":"product_tag","embeddable":true,"href":"https:\/\/hotsmoke.eu\/fr\/wp-json\/wp\/v2\/product_tag?post=25276"}],"curies":[{"name":"wp","href":"https:\/\/api.w.org\/{rel}","templated":true}]}}