{"id":24976,"date":"2024-04-15T08:21:18","date_gmt":"2024-04-15T08:21:18","guid":{"rendered":"https:\/\/hotsmoke.eu\/?post_type=product&#038;p=24976"},"modified":"2025-09-03T07:33:42","modified_gmt":"2025-09-03T07:33:42","slug":"r4ve-sachets-dagrumes-glaces","status":"publish","type":"product","link":"https:\/\/hotsmoke.eu\/fr\/shop\/pouches\/r4ve-frozen-citrus-pouches\/","title":{"rendered":"R4VE Sachets Citron Givr\u00e9"},"content":{"rendered":"","protected":false},"excerpt":{"rendered":"<h2>\u00c0 PROPOS DES POCHETTES<\/h2>\n<p>R4VE Frozen Citron Pouches. Sachets de caf\u00e9ine de la marque R4VE au go\u00fbt citron acidul\u00e9 et aux notes glac\u00e9es. Boostez votre \u00e9nergie avec ce nouveau produit sensationnel sur le march\u00e9 ! Gr\u00e2ce \u00e0 la vitamine B5, l'apport \u00e9nerg\u00e9tique est encore plus intense. Les sachets de caf\u00e9ine s'utilisent de la m\u00eame mani\u00e8re que les sachets de nicotine. Placez simplement le sachet derri\u00e8re votre l\u00e8vre et laissez-le agir pendant 15 \u00e0 20 minutes. Si vous recherchez une alternative plus saine aux boissons \u00e9nergisantes, le sachet de caf\u00e9ine R4VE est votre meilleur choix !<\/p>\n<p>Les sachets de caf\u00e9ine sont les plus vendus sur le march\u00e9. Les sachets de caf\u00e9ine sont aussi faciles \u00e0 utiliser que les sachets de nicotine. Placez simplement le sachet derri\u00e8re votre l\u00e8vre et laissez la caf\u00e9ine faire son travail. Cependant, au lieu de nicotine, il y a de la caf\u00e9ine dans un dosage allant jusqu'\u00e0 80 mg\/sachet. \u00c0 titre de comparaison, 250 ml d'une boisson \u00e9nergisante courante sur le march\u00e9 contiennent 80 mg de caf\u00e9ine. Contrairement aux boissons \u00e9nergisantes, les sachets de caf\u00e9ine ne contiennent pas de sucre.<\/p>\n<p><strong>Sachets d'\u00e9nergie \u00e0 haute teneur en caf\u00e9ine de 100 mg\/g (80 mg\/sachet). Ne convient pas aux enfants, aux femmes enceintes et allaitantes, ainsi qu'aux personnes souffrant de maladies cardiaques.\u00a0<\/strong><\/p>","protected":false},"featured_media":24978,"comment_status":"open","ping_status":"closed","template":"","meta":{"inline_featured_image":false},"product_cat":[109,111],"product_tag":[],"class_list":["post-24976","product","type-product","status-publish","has-post-thumbnail","hentry","product_brand-r4ve","product_cat-pouches","product_cat-caffeine"],"acf":[],"yoast_head":"<!-- This site is optimized with the Yoast SEO Premium plugin v20.11 (Yoast SEO v20.11) - https:\/\/yoast.com\/wordpress\/plugins\/seo\/ -->\n<title>R4VE Frozen Citrus Pouches - HotSmoke<\/title>\n<meta name=\"robots\" content=\"index, follow, max-snippet:-1, max-image-preview:large, max-video-preview:-1\" \/>\n<link rel=\"canonical\" href=\"https:\/\/hotsmoke.eu\/fr\/shop\/pochettes\/r4ve-sachets-dagrumes-glaces\/\" \/>\n<meta property=\"og:locale\" content=\"fr_FR\" \/>\n<meta property=\"og:type\" content=\"article\" \/>\n<meta property=\"og:title\" content=\"R4VE Frozen Citrus Pouches\" \/>\n<meta property=\"og:description\" content=\"ABOUT POUCHES R4VE Frozen Citron Pouches. R4VE brand caffeine pouches with sour lemon flavor and ice tones. Boost your energy with this sensational new product on the market! Thanks to vitamin B5, the energy supply is even more intense. Caffeine pouches are used in the same way as nicotine pouches. Simply place the sachet behind your lip and leave it there for 15-20 minutes. If you&#039;re looking for a healthier alternative to energy drinks, the R4VE Caffeine Pouch is your best choice!  Caffeine pouches are the best selling on the market. Caffeine pouches are just as easy to use as nicotine pouches. Simply place the sachet behind your lip and let the caffeine do its work. However, instead of nicotine, there is caffeine in a dosage of up to 80 mg\/bag. For comparison, 250 ml of a common energy drink on the market contains 80 mg of caffeine. Unlike energy drinks, caffeine pouches contain no sugar.  Energy pouches with a high caffeine content of 100 mg\/g (80 mg\/pouch). Not suitable for children, pregnant and lactating women and people with heart disease.\u00a0\" \/>\n<meta property=\"og:url\" content=\"https:\/\/hotsmoke.eu\/fr\/shop\/pochettes\/r4ve-sachets-dagrumes-glaces\/\" \/>\n<meta property=\"og:site_name\" content=\"HotSmoke\" \/>\n<meta property=\"article:publisher\" content=\"https:\/\/www.facebook.com\/hotsmoke.eu\" \/>\n<meta property=\"article:modified_time\" content=\"2025-09-03T07:33:42+00:00\" \/>\n<meta property=\"og:image\" content=\"https:\/\/hotsmoke.eu\/wp-content\/uploads\/2024\/04\/r4ve-frozen-citrus-pouches-hotsmoke.eu_.webp\" \/>\n\t<meta property=\"og:image:width\" content=\"1080\" \/>\n\t<meta property=\"og:image:height\" content=\"1080\" \/>\n\t<meta property=\"og:image:type\" content=\"image\/webp\" \/>\n<meta name=\"twitter:card\" content=\"summary_large_image\" \/>\n<meta name=\"twitter:site\" content=\"@HotSmokeoffici1\" \/>\n<meta name=\"twitter:label1\" content=\"Prix\" \/>\n\t<meta name=\"twitter:data1\" content=\"5.89&euro; 3.99&euro;\" \/>\n\t<meta name=\"twitter:label2\" content=\"Availability\" \/>\n\t<meta name=\"twitter:data2\" content=\"In stock\" \/>\n<script type=\"application\/ld+json\" class=\"yoast-schema-graph\">{\"@context\":\"https:\/\/schema.org\",\"@graph\":[{\"@type\":[\"WebPage\",\"ItemPage\"],\"@id\":\"https:\/\/hotsmoke.eu\/shop\/pouches\/r4ve-frozen-citrus-pouches\/\",\"url\":\"https:\/\/hotsmoke.eu\/shop\/pouches\/r4ve-frozen-citrus-pouches\/\",\"name\":\"R4VE Frozen Citrus Pouches - HotSmoke\",\"isPartOf\":{\"@id\":\"https:\/\/hotsmoke.eu\/#website\"},\"datePublished\":\"2024-04-15T08:21:18+00:00\",\"dateModified\":\"2025-09-03T07:33:42+00:00\",\"breadcrumb\":{\"@id\":\"https:\/\/hotsmoke.eu\/shop\/pouches\/r4ve-frozen-citrus-pouches\/#breadcrumb\"},\"inLanguage\":\"fr-FR\",\"potentialAction\":[{\"@type\":\"ReadAction\",\"target\":[\"https:\/\/hotsmoke.eu\/shop\/pouches\/r4ve-frozen-citrus-pouches\/\"]}]},{\"@type\":\"BreadcrumbList\",\"@id\":\"https:\/\/hotsmoke.eu\/shop\/pouches\/r4ve-frozen-citrus-pouches\/#breadcrumb\",\"itemListElement\":[{\"@type\":\"ListItem\",\"position\":1,\"name\":\"Home\",\"item\":\"https:\/\/hotsmoke.eu\/\"},{\"@type\":\"ListItem\",\"position\":2,\"name\":\"HeatSticks And Heat Not Burn Store\",\"item\":\"https:\/\/hotsmoke.eu\/shop\/\"},{\"@type\":\"ListItem\",\"position\":3,\"name\":\"R4VE Frozen Citrus Pouches\"}]},{\"@type\":\"WebSite\",\"@id\":\"https:\/\/hotsmoke.eu\/#website\",\"url\":\"https:\/\/hotsmoke.eu\/\",\"name\":\"HotSmoke\",\"description\":\"Heat Not Burn Heating Cigarettes Devices Shop | HotSmoke\",\"publisher\":{\"@id\":\"https:\/\/hotsmoke.eu\/#organization\"},\"alternateName\":\"hotsmoke\",\"potentialAction\":[{\"@type\":\"SearchAction\",\"target\":{\"@type\":\"EntryPoint\",\"urlTemplate\":\"https:\/\/hotsmoke.eu\/?s={search_term_string}\"},\"query-input\":\"required name=search_term_string\"}],\"inLanguage\":\"fr-FR\"},{\"@type\":[\"Organization\",\"Place\",\"Store\"],\"@id\":\"https:\/\/hotsmoke.eu\/#organization\",\"name\":\"HotSmoke\",\"alternateName\":\"Hot Smoke\",\"url\":\"https:\/\/hotsmoke.eu\/\",\"logo\":{\"@id\":\"https:\/\/hotsmoke.eu\/shop\/pouches\/r4ve-frozen-citrus-pouches\/#local-main-organization-logo\"},\"image\":{\"@id\":\"https:\/\/hotsmoke.eu\/shop\/pouches\/r4ve-frozen-citrus-pouches\/#local-main-organization-logo\"},\"sameAs\":[\"https:\/\/www.facebook.com\/hotsmoke.eu\",\"https:\/\/twitter.com\/HotSmokeoffici1\"],\"publishingPrinciples\":\"https:\/\/hotsmoke.eu\/heat-not-burn-electronic-cigarettes\/\",\"ownershipFundingInfo\":\"https:\/\/hotsmoke.eu\/terms-conditions\/\",\"actionableFeedbackPolicy\":\"https:\/\/hotsmoke.eu\/privacy-policy\/\",\"correctionsPolicy\":\"https:\/\/hotsmoke.eu\/privacy-policy\/\",\"ethicsPolicy\":\"https:\/\/hotsmoke.eu\/privacy-policy\/\",\"diversityPolicy\":\"https:\/\/hotsmoke.eu\/privacy-policy\/\",\"diversityStaffingReport\":\"https:\/\/hotsmoke.eu\/shipping-warranty\/\",\"address\":{\"@id\":\"https:\/\/hotsmoke.eu\/shop\/pouches\/r4ve-frozen-citrus-pouches\/#local-main-place-address\"},\"geo\":{\"@type\":\"GeoCoordinates\",\"latitude\":\"54.8733992\",\"longitude\":\"23.9492982\"},\"telephone\":[\"+37068673611\"],\"openingHoursSpecification\":[{\"@type\":\"OpeningHoursSpecification\",\"dayOfWeek\":[\"Monday\",\"Tuesday\",\"Wednesday\",\"Thursday\",\"Friday\"],\"opens\":\"10:00\",\"closes\":\"17:00\"},{\"@type\":\"OpeningHoursSpecification\",\"dayOfWeek\":[\"Saturday\",\"Sunday\"],\"opens\":\"00:00\",\"closes\":\"00:00\"}],\"email\":\"info@hotsmoke.eu\",\"areaServed\":\"Lithuania\",\"vatID\":\"LT100013495416\",\"priceRange\":\"$$\",\"currenciesAccepted\":\"Euro\",\"paymentAccepted\":\"Visa, mastercard\"},{\"@type\":\"PostalAddress\",\"@id\":\"https:\/\/hotsmoke.eu\/shop\/pouches\/r4ve-frozen-citrus-pouches\/#local-main-place-address\",\"streetAddress\":\"L.Ivinskio 18a, L.Ivinskio 18a\",\"addressLocality\":\"Kaunas\",\"postalCode\":\"45151\",\"addressRegion\":\"Lithuania\",\"addressCountry\":\"LT\"},{\"@type\":\"ImageObject\",\"inLanguage\":\"fr-FR\",\"@id\":\"https:\/\/hotsmoke.eu\/shop\/pouches\/r4ve-frozen-citrus-pouches\/#local-main-organization-logo\",\"url\":\"https:\/\/hotsmoke.eu\/wp-content\/uploads\/2022\/12\/hs_black.svg\",\"contentUrl\":\"https:\/\/hotsmoke.eu\/wp-content\/uploads\/2022\/12\/hs_black.svg\",\"caption\":\"HotSmoke\"}]}<\/script>\n<meta name=\"geo.placename\" content=\"Kaunas\" \/>\n<meta name=\"geo.position\" content=\"54.8733992;23.9492982\" \/>\n<meta name=\"geo.region\" content=\"Lituanie\" \/>\n<!-- \/ Yoast SEO Premium plugin. -->","yoast_head_json":{"title":"R4VE Sachets Frozen Citrus - HotSmoke","robots":{"index":"index","follow":"follow","max-snippet":"max-snippet:-1","max-image-preview":"max-image-preview:large","max-video-preview":"max-video-preview:-1"},"canonical":"https:\/\/hotsmoke.eu\/fr\/shop\/pochettes\/r4ve-sachets-dagrumes-glaces\/","og_locale":"fr_FR","og_type":"article","og_title":"R4VE Frozen Citrus Pouches","og_description":"ABOUT POUCHES R4VE Frozen Citron Pouches. R4VE brand caffeine pouches with sour lemon flavor and ice tones. Boost your energy with this sensational new product on the market! Thanks to vitamin B5, the energy supply is even more intense. Caffeine pouches are used in the same way as nicotine pouches. Simply place the sachet behind your lip and leave it there for 15-20 minutes. If you're looking for a healthier alternative to energy drinks, the R4VE Caffeine Pouch is your best choice!  Caffeine pouches are the best selling on the market. Caffeine pouches are just as easy to use as nicotine pouches. Simply place the sachet behind your lip and let the caffeine do its work. However, instead of nicotine, there is caffeine in a dosage of up to 80 mg\/bag. For comparison, 250 ml of a common energy drink on the market contains 80 mg of caffeine. Unlike energy drinks, caffeine pouches contain no sugar.  Energy pouches with a high caffeine content of 100 mg\/g (80 mg\/pouch). Not suitable for children, pregnant and lactating women and people with heart disease.\u00a0","og_url":"https:\/\/hotsmoke.eu\/fr\/shop\/pochettes\/r4ve-sachets-dagrumes-glaces\/","og_site_name":"HotSmoke","article_publisher":"https:\/\/www.facebook.com\/hotsmoke.eu","article_modified_time":"2025-09-03T07:33:42+00:00","og_image":[{"width":1080,"height":1080,"url":"https:\/\/hotsmoke.eu\/wp-content\/uploads\/2024\/04\/r4ve-frozen-citrus-pouches-hotsmoke.eu_.webp","type":"image\/webp"}],"twitter_card":"summary_large_image","twitter_site":"@HotSmokeoffici1","twitter_misc":{"Prix":"5.89&euro; 3.99&euro;","Availability":"In stock"},"schema":{"@context":"https:\/\/schema.org","@graph":[{"@type":["WebPage","ItemPage"],"@id":"https:\/\/hotsmoke.eu\/shop\/pouches\/r4ve-frozen-citrus-pouches\/","url":"https:\/\/hotsmoke.eu\/shop\/pouches\/r4ve-frozen-citrus-pouches\/","name":"R4VE Sachets Frozen Citrus - HotSmoke","isPartOf":{"@id":"https:\/\/hotsmoke.eu\/#website"},"datePublished":"2024-04-15T08:21:18+00:00","dateModified":"2025-09-03T07:33:42+00:00","breadcrumb":{"@id":"https:\/\/hotsmoke.eu\/shop\/pouches\/r4ve-frozen-citrus-pouches\/#breadcrumb"},"inLanguage":"fr-FR","potentialAction":[{"@type":"ReadAction","target":["https:\/\/hotsmoke.eu\/shop\/pouches\/r4ve-frozen-citrus-pouches\/"]}]},{"@type":"BreadcrumbList","@id":"https:\/\/hotsmoke.eu\/shop\/pouches\/r4ve-frozen-citrus-pouches\/#breadcrumb","itemListElement":[{"@type":"ListItem","position":1,"name":"Home","item":"https:\/\/hotsmoke.eu\/"},{"@type":"ListItem","position":2,"name":"HeatSticks And Heat Not Burn Store","item":"https:\/\/hotsmoke.eu\/shop\/"},{"@type":"ListItem","position":3,"name":"R4VE Frozen Citrus Pouches"}]},{"@type":"WebSite","@id":"https:\/\/hotsmoke.eu\/#website","url":"https:\/\/hotsmoke.eu\/","name":"Fum\u00e9e Chaude","description":"Appareils de cigarettes chauff\u00e9es \u00e0 l'\u00e9tat chaud pas br\u00fbl\u00e9 | HotSmoke","publisher":{"@id":"https:\/\/hotsmoke.eu\/#organization"},"alternateName":"hotsmoke","potentialAction":[{"@type":"SearchAction","target":{"@type":"EntryPoint","urlTemplate":"https:\/\/hotsmoke.eu\/?s={search_term_string}"},"query-input":"required name=search_term_string"}],"inLanguage":"fr-FR"},{"@type":["Organization","Place","Store"],"@id":"https:\/\/hotsmoke.eu\/#organization","name":"Fum\u00e9e Chaude","alternateName":"Hot Smoke","url":"https:\/\/hotsmoke.eu\/","logo":{"@id":"https:\/\/hotsmoke.eu\/shop\/pouches\/r4ve-frozen-citrus-pouches\/#local-main-organization-logo"},"image":{"@id":"https:\/\/hotsmoke.eu\/shop\/pouches\/r4ve-frozen-citrus-pouches\/#local-main-organization-logo"},"sameAs":["https:\/\/www.facebook.com\/hotsmoke.eu","https:\/\/twitter.com\/HotSmokeoffici1"],"publishingPrinciples":"https:\/\/hotsmoke.eu\/heat-not-burn-electronic-cigarettes\/","ownershipFundingInfo":"https:\/\/hotsmoke.eu\/terms-conditions\/","actionableFeedbackPolicy":"https:\/\/hotsmoke.eu\/privacy-policy\/","correctionsPolicy":"https:\/\/hotsmoke.eu\/privacy-policy\/","ethicsPolicy":"https:\/\/hotsmoke.eu\/privacy-policy\/","diversityPolicy":"https:\/\/hotsmoke.eu\/privacy-policy\/","diversityStaffingReport":"https:\/\/hotsmoke.eu\/shipping-warranty\/","address":{"@id":"https:\/\/hotsmoke.eu\/shop\/pouches\/r4ve-frozen-citrus-pouches\/#local-main-place-address"},"geo":{"@type":"GeoCoordinates","latitude":"54.8733992","longitude":"23.9492982"},"telephone":["+37068673611"],"openingHoursSpecification":[{"@type":"OpeningHoursSpecification","dayOfWeek":["Monday","Tuesday","Wednesday","Thursday","Friday"],"opens":"10:00","closes":"17:00"},{"@type":"OpeningHoursSpecification","dayOfWeek":["Saturday","Sunday"],"opens":"00:00","closes":"00:00"}],"email":"info@hotsmoke.eu","areaServed":"Lithuania","vatID":"LT100013495416","priceRange":"$$","currenciesAccepted":"Euro","paymentAccepted":"Visa, mastercard"},{"@type":"PostalAddress","@id":"https:\/\/hotsmoke.eu\/shop\/pouches\/r4ve-frozen-citrus-pouches\/#local-main-place-address","streetAddress":"L.Ivinskio 18a, L.Ivinskio 18a","addressLocality":"Kaunas","postalCode":"45151","addressRegion":"Lithuania","addressCountry":"LT"},{"@type":"ImageObject","inLanguage":"fr-FR","@id":"https:\/\/hotsmoke.eu\/shop\/pouches\/r4ve-frozen-citrus-pouches\/#local-main-organization-logo","url":"https:\/\/hotsmoke.eu\/wp-content\/uploads\/2022\/12\/hs_black.svg","contentUrl":"https:\/\/hotsmoke.eu\/wp-content\/uploads\/2022\/12\/hs_black.svg","caption":"HotSmoke"}]},"geo.placename":"Kaunas","geo.position":{"lat":"54.8733992","long":"23.9492982"},"geo.region":"Lituanie"},"_links":{"self":[{"href":"https:\/\/hotsmoke.eu\/fr\/wp-json\/wp\/v2\/product\/24976","targetHints":{"allow":["GET"]}}],"collection":[{"href":"https:\/\/hotsmoke.eu\/fr\/wp-json\/wp\/v2\/product"}],"about":[{"href":"https:\/\/hotsmoke.eu\/fr\/wp-json\/wp\/v2\/types\/product"}],"replies":[{"embeddable":true,"href":"https:\/\/hotsmoke.eu\/fr\/wp-json\/wp\/v2\/comments?post=24976"}],"wp:featuredmedia":[{"embeddable":true,"href":"https:\/\/hotsmoke.eu\/fr\/wp-json\/wp\/v2\/media\/24978"}],"wp:attachment":[{"href":"https:\/\/hotsmoke.eu\/fr\/wp-json\/wp\/v2\/media?parent=24976"}],"wp:term":[{"taxonomy":"product_cat","embeddable":true,"href":"https:\/\/hotsmoke.eu\/fr\/wp-json\/wp\/v2\/product_cat?post=24976"},{"taxonomy":"product_tag","embeddable":true,"href":"https:\/\/hotsmoke.eu\/fr\/wp-json\/wp\/v2\/product_tag?post=24976"}],"curies":[{"name":"wp","href":"https:\/\/api.w.org\/{rel}","templated":true}]}}