{"id":24680,"date":"2024-03-14T08:35:22","date_gmt":"2024-03-14T08:35:22","guid":{"rendered":"https:\/\/hotsmoke.eu\/?post_type=product&#038;p=24680"},"modified":"2026-04-27T19:42:20","modified_gmt":"2026-04-27T19:42:20","slug":"cannastra-h4cbd-30-fleur-pelerin-solaire-cannabis","status":"publish","type":"product","link":"https:\/\/hotsmoke.eu\/fr\/shop\/cbd\/cannastra-h4cbd-30-flower-solar-pilgrim-cannabis\/","title":{"rendered":"Cannastra H4CBD 30% Fleur Solar Pilgrim Cannabis"},"content":{"rendered":"","protected":false},"excerpt":{"rendered":"<h2>FLEUR (H4CBD &lt;30%)<\/h2>\n<p>Cannastra H4CBD 30% Fleur Solaire P\u00e8lerin Cannabis Premium. L'une des caract\u00e9ristiques uniques du H4CBD White Widow qui impressionne tout le monde est son ar\u00f4me. Le profil aromatique de cette vari\u00e9t\u00e9 est un m\u00e9lange de pin terreux et de citron acidul\u00e9 avec des notes bois\u00e9es. Le H4CBD White Widow est souvent utilis\u00e9 dans un \u00e9tat d'activit\u00e9 mentale et d'\u00e9motions positives, ce qui le rend parfait pour les personnes qui veulent passer leur temps activement. La quantit\u00e9 de cannabis assure une longue s\u00e9ance de combustion de fleurs.<\/p>\n<h2>PLUS SUR LE H4CBD<\/h2>\n<p>Le H4CBD est un cannabino\u00efde cr\u00e9\u00e9 par modification synth\u00e9tique du CBD. Ce cannabino\u00efde est un d\u00e9riv\u00e9 hexahydrog\u00e9n\u00e9 du CBD, ce qui signifie que quatre atomes d'hydrog\u00e8ne ont \u00e9t\u00e9 ajout\u00e9s \u00e0 la mol\u00e9cule de CBD. Comment le H4CBD est-il fabriqu\u00e9 ? Pour le dire simplement, nous pouvons comparer le processus de production \u00e0 la fa\u00e7on dont la margarine est fabriqu\u00e9e \u00e0 partir d'huile v\u00e9g\u00e9tale. Le H4CBD est une nouvelle forme de CBD qui gagne en popularit\u00e9 en raison de sa puissance \u00e9lev\u00e9e, certaines sources affirmant qu'il est 100 fois plus efficace que le CBD, il n'est donc pas \u00e9tonnant que le cannabino\u00efde hydrog\u00e9n\u00e9 H4CBD retienne l'attention. Le CBD et le H4CBD sont tous deux d\u00e9riv\u00e9s du chanvre. Le CBD est un d\u00e9riv\u00e9 direct du chanvre, tandis que le H4CBD est transform\u00e9, y compris par hydrog\u00e9nation, pour atteindre sa forme finale.<\/p>\n<ul>\n<li>Les fleurs de chanvre sont certifi\u00e9es.<\/li>\n<li>Obtenu \u00e0 partir de vari\u00e9t\u00e9s de chanvre industriel certifi\u00e9es list\u00e9es dans l'UE.<\/li>\n<li>Test\u00e9 en laboratoire \u2014 chaque lot est analys\u00e9 dans des laboratoires agr\u00e9\u00e9s.<\/li>\n<li>Le produit est enti\u00e8rement l\u00e9gal, autoris\u00e9 \u00e0 l'achat et \u00e0 la vente dans l'Union europ\u00e9enne.<\/li>\n<li>Cannabino\u00efdes naturels : CBD, CBDA, CBDV, CBG, CBGA, CBC, CBN, THC, THCV, THCA, ainsi que de nombreux ph\u00e9nols, flavono\u00efdes et terp\u00e8nes.<\/li>\n<li>Le THC dans les fleurs de cannabis est inf\u00e9rieur \u00e0 0,2%.<\/li>\n<li>Ingr\u00e9dients : fleurs de chanvre CBD \/ distillat H4CBD<\/li>\n<\/ul>\n<p>\u26a0\ufe0f Avertissement : Ne convient pas aux personnes de moins de 18 ans. Selon la loi europ\u00e9enne, les fleurs d\u00e9clar\u00e9es ne sont pas destin\u00e9es \u00e0 la consommation interne. Tous les produits sont conformes aux limites l\u00e9gales de% THC inf\u00e9rieures \u00e0 0,2 en Europe.<br \/>\n\u26a0\ufe0f Fleurs de chanvre techniques. Le chanvre technique est issu des semences de vari\u00e9t\u00e9s inscrites au Catalogue commun des vari\u00e9t\u00e9s d'esp\u00e8ces de plantes agricoles. Ce produit est conforme \u00e0 toutes les lois et r\u00e9glementations applicables et est destin\u00e9 \u00e0 des fins industrielles, alimentaires, cosm\u00e9tiques, techniques ou horticoles uniquement. Ne pas consommer directement ni fumer. Le produit peut perdre naturellement du poids avec le temps. Conserver dans un endroit sec et \u00e0 l'abri de la lumi\u00e8re. Tenir hors de port\u00e9e des enfants.<\/p>","protected":false},"featured_media":24684,"comment_status":"open","ping_status":"closed","template":"","meta":{"inline_featured_image":false},"product_cat":[43,44],"product_tag":[],"class_list":["post-24680","product","type-product","status-publish","has-post-thumbnail","hentry","product_brand-cannastra","product_cat-cbd","product_cat-cbd-flower"],"acf":[],"yoast_head":"<!-- This site is optimized with the Yoast SEO Premium plugin v20.11 (Yoast SEO v20.11) - https:\/\/yoast.com\/wordpress\/plugins\/seo\/ -->\n<title>Cannastra H4CBD 30% Flower Solar Pilgrim Cannabis - HotSmoke<\/title>\n<meta name=\"robots\" content=\"index, follow, max-snippet:-1, max-image-preview:large, max-video-preview:-1\" \/>\n<link rel=\"canonical\" href=\"https:\/\/hotsmoke.eu\/fr\/shop\/cannabidiol\/cannastra-h4cbd-30-fleur-pelerin-solaire-cannabis\/\" \/>\n<meta property=\"og:locale\" content=\"fr_FR\" \/>\n<meta property=\"og:type\" content=\"article\" \/>\n<meta property=\"og:title\" content=\"Cannastra H4CBD 30% Flower Solar Pilgrim Cannabis\" \/>\n<meta property=\"og:description\" content=\"FLOWER (H4CBD &lt;30%) Cannastra H4CBD 30% Flower Solar Pilgrim Premium Cannabis. One of the unique features of H4CBD White Widow that impresses everyone is their aroma. The aroma profile of this strain is a mix of earthy pine and tart lemon with hints of wood. H4CBD White Widow is often used in a state of mental activity and positive emotions, making it perfect for people who want to spend their time actively. The amount of cannabis ensures a long session of burning flowers. MORE ABOUT H4CBD H4CBD is a cannabinoid created by synthetically modifying CBD. This cannabinoid is a hexahydro derivative of CBD, which means that four hydrogen atoms have been added to the CBD molecule. How is H4CBD made? Simply put, we can compare the production process to how margarine is made from vegetable oil. H4CBD is a new form of CBD that is gaining popularity due to its high potency, with some sources boasting that it is 100 times more effective than CBD, it is no wonder that the hydrogenated cannabinoid H4CBD is getting a lot of attention. Both CBD and H4CBD are derived from hemp. CBD is a direct derivative of hemp, while H4CBD is transformed, including hydrogenation, to reach its final form.   Hemp flowers are certified.  Obtained from certified industrial hemp varieties listed in the EU.  Lab-tested \u2014 every batch is analyzed in accredited laboratories.  The product is completely legal, allowed to be purchased and sold in the European Union.  Natural Cannabinoids: CBD, CBDA, CBDV, CBG, CBGA, CBC, CBN, THC, THCV, THCA and many phenols, flavonoids and terpenes.  THC in cannabis flowers is less than 0.2%.  Ingredients: CBD hemp flowers\/H4CBD distillate  \u26a0\ufe0f Warning: Not intended for use by individuals under 18 years of age. According to Europe law, declared flowers are not intended for internal consumption. All products comply with legal &lt;0.2% THC limits in Europe. \u26a0\ufe0f Technical cannabis flowers. Technical hemp is derived from seeds of varieties listed in the Common Catalogue of Varieties of Agricultural Plant Species. This product complies with all applicable laws and regulations and is intended solely for industrial, food, cosmetic, technical, or horticultural purposes. Not for direct consumption or smoking. The product may naturally lose weight over time. Store in a dry and dark place. Keep out of reach of children.\" \/>\n<meta property=\"og:url\" content=\"https:\/\/hotsmoke.eu\/fr\/shop\/cannabidiol\/cannastra-h4cbd-30-fleur-pelerin-solaire-cannabis\/\" \/>\n<meta property=\"og:site_name\" content=\"HotSmoke\" \/>\n<meta property=\"article:publisher\" content=\"https:\/\/www.facebook.com\/hotsmoke.eu\" \/>\n<meta property=\"article:modified_time\" content=\"2026-04-27T19:42:20+00:00\" \/>\n<meta property=\"og:image\" content=\"https:\/\/hotsmoke.eu\/wp-content\/uploads\/2024\/03\/cannastra-h4cbd-30_-flower-solar-pilgrim-hotsmoke.eu_.webp\" \/>\n\t<meta property=\"og:image:width\" content=\"1080\" \/>\n\t<meta property=\"og:image:height\" content=\"1080\" \/>\n\t<meta property=\"og:image:type\" content=\"image\/webp\" \/>\n<meta name=\"twitter:card\" content=\"summary_large_image\" \/>\n<meta name=\"twitter:site\" content=\"@HotSmokeoffici1\" \/>\n<meta name=\"twitter:label1\" content=\"Availability\" \/>\n\t<meta name=\"twitter:data1\" content=\"In stock\" \/>\n<script type=\"application\/ld+json\" class=\"yoast-schema-graph\">{\"@context\":\"https:\/\/schema.org\",\"@graph\":[{\"@type\":[\"WebPage\",\"ItemPage\"],\"@id\":\"https:\/\/hotsmoke.eu\/shop\/cbd\/cannastra-h4cbd-30-flower-solar-pilgrim-cannabis\/\",\"url\":\"https:\/\/hotsmoke.eu\/shop\/cbd\/cannastra-h4cbd-30-flower-solar-pilgrim-cannabis\/\",\"name\":\"Cannastra H4CBD 30% Flower Solar Pilgrim Cannabis - HotSmoke\",\"isPartOf\":{\"@id\":\"https:\/\/hotsmoke.eu\/#website\"},\"datePublished\":\"2024-03-14T08:35:22+00:00\",\"dateModified\":\"2026-04-27T19:42:20+00:00\",\"breadcrumb\":{\"@id\":\"https:\/\/hotsmoke.eu\/shop\/cbd\/cannastra-h4cbd-30-flower-solar-pilgrim-cannabis\/#breadcrumb\"},\"inLanguage\":\"fr-FR\",\"potentialAction\":[{\"@type\":\"ReadAction\",\"target\":[\"https:\/\/hotsmoke.eu\/shop\/cbd\/cannastra-h4cbd-30-flower-solar-pilgrim-cannabis\/\"]}]},{\"@type\":\"BreadcrumbList\",\"@id\":\"https:\/\/hotsmoke.eu\/shop\/cbd\/cannastra-h4cbd-30-flower-solar-pilgrim-cannabis\/#breadcrumb\",\"itemListElement\":[{\"@type\":\"ListItem\",\"position\":1,\"name\":\"Home\",\"item\":\"https:\/\/hotsmoke.eu\/\"},{\"@type\":\"ListItem\",\"position\":2,\"name\":\"HeatSticks And Heat Not Burn Store\",\"item\":\"https:\/\/hotsmoke.eu\/shop\/\"},{\"@type\":\"ListItem\",\"position\":3,\"name\":\"Cannastra H4CBD 30% Flower Solar Pilgrim Cannabis\"}]},{\"@type\":\"WebSite\",\"@id\":\"https:\/\/hotsmoke.eu\/#website\",\"url\":\"https:\/\/hotsmoke.eu\/\",\"name\":\"HotSmoke\",\"description\":\"Heat Not Burn Heating Cigarettes Devices Shop | HotSmoke\",\"publisher\":{\"@id\":\"https:\/\/hotsmoke.eu\/#organization\"},\"alternateName\":\"hotsmoke\",\"potentialAction\":[{\"@type\":\"SearchAction\",\"target\":{\"@type\":\"EntryPoint\",\"urlTemplate\":\"https:\/\/hotsmoke.eu\/?s={search_term_string}\"},\"query-input\":\"required name=search_term_string\"}],\"inLanguage\":\"fr-FR\"},{\"@type\":[\"Organization\",\"Place\",\"Store\"],\"@id\":\"https:\/\/hotsmoke.eu\/#organization\",\"name\":\"HotSmoke\",\"alternateName\":\"Hot Smoke\",\"url\":\"https:\/\/hotsmoke.eu\/\",\"logo\":{\"@id\":\"https:\/\/hotsmoke.eu\/shop\/cbd\/cannastra-h4cbd-30-flower-solar-pilgrim-cannabis\/#local-main-organization-logo\"},\"image\":{\"@id\":\"https:\/\/hotsmoke.eu\/shop\/cbd\/cannastra-h4cbd-30-flower-solar-pilgrim-cannabis\/#local-main-organization-logo\"},\"sameAs\":[\"https:\/\/www.facebook.com\/hotsmoke.eu\",\"https:\/\/twitter.com\/HotSmokeoffici1\"],\"publishingPrinciples\":\"https:\/\/hotsmoke.eu\/heat-not-burn-electronic-cigarettes\/\",\"ownershipFundingInfo\":\"https:\/\/hotsmoke.eu\/terms-conditions\/\",\"actionableFeedbackPolicy\":\"https:\/\/hotsmoke.eu\/privacy-policy\/\",\"correctionsPolicy\":\"https:\/\/hotsmoke.eu\/privacy-policy\/\",\"ethicsPolicy\":\"https:\/\/hotsmoke.eu\/privacy-policy\/\",\"diversityPolicy\":\"https:\/\/hotsmoke.eu\/privacy-policy\/\",\"diversityStaffingReport\":\"https:\/\/hotsmoke.eu\/shipping-warranty\/\",\"address\":{\"@id\":\"https:\/\/hotsmoke.eu\/shop\/cbd\/cannastra-h4cbd-30-flower-solar-pilgrim-cannabis\/#local-main-place-address\"},\"geo\":{\"@type\":\"GeoCoordinates\",\"latitude\":\"54.8733992\",\"longitude\":\"23.9492982\"},\"telephone\":[\"+37068673611\"],\"openingHoursSpecification\":[{\"@type\":\"OpeningHoursSpecification\",\"dayOfWeek\":[\"Monday\",\"Tuesday\",\"Wednesday\",\"Thursday\",\"Friday\"],\"opens\":\"10:00\",\"closes\":\"17:00\"},{\"@type\":\"OpeningHoursSpecification\",\"dayOfWeek\":[\"Saturday\",\"Sunday\"],\"opens\":\"00:00\",\"closes\":\"00:00\"}],\"email\":\"info@hotsmoke.eu\",\"areaServed\":\"Lithuania\",\"vatID\":\"LT100013495416\",\"priceRange\":\"$$\",\"currenciesAccepted\":\"Euro\",\"paymentAccepted\":\"Visa, mastercard\"},{\"@type\":\"PostalAddress\",\"@id\":\"https:\/\/hotsmoke.eu\/shop\/cbd\/cannastra-h4cbd-30-flower-solar-pilgrim-cannabis\/#local-main-place-address\",\"streetAddress\":\"L.Ivinskio 18a, L.Ivinskio 18a\",\"addressLocality\":\"Kaunas\",\"postalCode\":\"45151\",\"addressRegion\":\"Lithuania\",\"addressCountry\":\"LT\"},{\"@type\":\"ImageObject\",\"inLanguage\":\"fr-FR\",\"@id\":\"https:\/\/hotsmoke.eu\/shop\/cbd\/cannastra-h4cbd-30-flower-solar-pilgrim-cannabis\/#local-main-organization-logo\",\"url\":\"https:\/\/hotsmoke.eu\/wp-content\/uploads\/2022\/12\/hs_black.svg\",\"contentUrl\":\"https:\/\/hotsmoke.eu\/wp-content\/uploads\/2022\/12\/hs_black.svg\",\"caption\":\"HotSmoke\"}]}<\/script>\n<meta name=\"geo.placename\" content=\"Kaunas\" \/>\n<meta name=\"geo.position\" content=\"54.8733992;23.9492982\" \/>\n<meta name=\"geo.region\" content=\"Lituanie\" \/>\n<!-- \/ Yoast SEO Premium plugin. -->","yoast_head_json":{"title":"Cannastra H4CBD 30% Fleur Solar Pilgrim Cannabis - HotSmoke","robots":{"index":"index","follow":"follow","max-snippet":"max-snippet:-1","max-image-preview":"max-image-preview:large","max-video-preview":"max-video-preview:-1"},"canonical":"https:\/\/hotsmoke.eu\/fr\/shop\/cannabidiol\/cannastra-h4cbd-30-fleur-pelerin-solaire-cannabis\/","og_locale":"fr_FR","og_type":"article","og_title":"Cannastra H4CBD 30% Flower Solar Pilgrim Cannabis","og_description":"FLOWER (H4CBD &lt;30%) Cannastra H4CBD 30% Flower Solar Pilgrim Premium Cannabis. One of the unique features of H4CBD White Widow that impresses everyone is their aroma. The aroma profile of this strain is a mix of earthy pine and tart lemon with hints of wood. H4CBD White Widow is often used in a state of mental activity and positive emotions, making it perfect for people who want to spend their time actively. The amount of cannabis ensures a long session of burning flowers. MORE ABOUT H4CBD H4CBD is a cannabinoid created by synthetically modifying CBD. This cannabinoid is a hexahydro derivative of CBD, which means that four hydrogen atoms have been added to the CBD molecule. How is H4CBD made? Simply put, we can compare the production process to how margarine is made from vegetable oil. H4CBD is a new form of CBD that is gaining popularity due to its high potency, with some sources boasting that it is 100 times more effective than CBD, it is no wonder that the hydrogenated cannabinoid H4CBD is getting a lot of attention. Both CBD and H4CBD are derived from hemp. CBD is a direct derivative of hemp, while H4CBD is transformed, including hydrogenation, to reach its final form.   Hemp flowers are certified.  Obtained from certified industrial hemp varieties listed in the EU.  Lab-tested \u2014 every batch is analyzed in accredited laboratories.  The product is completely legal, allowed to be purchased and sold in the European Union.  Natural Cannabinoids: CBD, CBDA, CBDV, CBG, CBGA, CBC, CBN, THC, THCV, THCA and many phenols, flavonoids and terpenes.  THC in cannabis flowers is less than 0.2%.  Ingredients: CBD hemp flowers\/H4CBD distillate  \u26a0\ufe0f Warning: Not intended for use by individuals under 18 years of age. According to Europe law, declared flowers are not intended for internal consumption. All products comply with legal &lt;0.2% THC limits in Europe. \u26a0\ufe0f Technical cannabis flowers. Technical hemp is derived from seeds of varieties listed in the Common Catalogue of Varieties of Agricultural Plant Species. This product complies with all applicable laws and regulations and is intended solely for industrial, food, cosmetic, technical, or horticultural purposes. Not for direct consumption or smoking. The product may naturally lose weight over time. Store in a dry and dark place. Keep out of reach of children.","og_url":"https:\/\/hotsmoke.eu\/fr\/shop\/cannabidiol\/cannastra-h4cbd-30-fleur-pelerin-solaire-cannabis\/","og_site_name":"HotSmoke","article_publisher":"https:\/\/www.facebook.com\/hotsmoke.eu","article_modified_time":"2026-04-27T19:42:20+00:00","og_image":[{"width":1080,"height":1080,"url":"https:\/\/hotsmoke.eu\/wp-content\/uploads\/2024\/03\/cannastra-h4cbd-30_-flower-solar-pilgrim-hotsmoke.eu_.webp","type":"image\/webp"}],"twitter_card":"summary_large_image","twitter_site":"@HotSmokeoffici1","twitter_misc":{"Availability":"In stock"},"schema":{"@context":"https:\/\/schema.org","@graph":[{"@type":["WebPage","ItemPage"],"@id":"https:\/\/hotsmoke.eu\/shop\/cbd\/cannastra-h4cbd-30-flower-solar-pilgrim-cannabis\/","url":"https:\/\/hotsmoke.eu\/shop\/cbd\/cannastra-h4cbd-30-flower-solar-pilgrim-cannabis\/","name":"Cannastra H4CBD 30% Fleur Solar Pilgrim Cannabis - HotSmoke","isPartOf":{"@id":"https:\/\/hotsmoke.eu\/#website"},"datePublished":"2024-03-14T08:35:22+00:00","dateModified":"2026-04-27T19:42:20+00:00","breadcrumb":{"@id":"https:\/\/hotsmoke.eu\/shop\/cbd\/cannastra-h4cbd-30-flower-solar-pilgrim-cannabis\/#breadcrumb"},"inLanguage":"fr-FR","potentialAction":[{"@type":"ReadAction","target":["https:\/\/hotsmoke.eu\/shop\/cbd\/cannastra-h4cbd-30-flower-solar-pilgrim-cannabis\/"]}]},{"@type":"BreadcrumbList","@id":"https:\/\/hotsmoke.eu\/shop\/cbd\/cannastra-h4cbd-30-flower-solar-pilgrim-cannabis\/#breadcrumb","itemListElement":[{"@type":"ListItem","position":1,"name":"Home","item":"https:\/\/hotsmoke.eu\/"},{"@type":"ListItem","position":2,"name":"HeatSticks And Heat Not Burn Store","item":"https:\/\/hotsmoke.eu\/shop\/"},{"@type":"ListItem","position":3,"name":"Cannastra H4CBD 30% Flower Solar Pilgrim Cannabis"}]},{"@type":"WebSite","@id":"https:\/\/hotsmoke.eu\/#website","url":"https:\/\/hotsmoke.eu\/","name":"Fum\u00e9e Chaude","description":"Appareils de cigarettes chauff\u00e9es \u00e0 l'\u00e9tat chaud pas br\u00fbl\u00e9 | HotSmoke","publisher":{"@id":"https:\/\/hotsmoke.eu\/#organization"},"alternateName":"hotsmoke","potentialAction":[{"@type":"SearchAction","target":{"@type":"EntryPoint","urlTemplate":"https:\/\/hotsmoke.eu\/?s={search_term_string}"},"query-input":"required name=search_term_string"}],"inLanguage":"fr-FR"},{"@type":["Organization","Place","Store"],"@id":"https:\/\/hotsmoke.eu\/#organization","name":"Fum\u00e9e Chaude","alternateName":"Hot Smoke","url":"https:\/\/hotsmoke.eu\/","logo":{"@id":"https:\/\/hotsmoke.eu\/shop\/cbd\/cannastra-h4cbd-30-flower-solar-pilgrim-cannabis\/#local-main-organization-logo"},"image":{"@id":"https:\/\/hotsmoke.eu\/shop\/cbd\/cannastra-h4cbd-30-flower-solar-pilgrim-cannabis\/#local-main-organization-logo"},"sameAs":["https:\/\/www.facebook.com\/hotsmoke.eu","https:\/\/twitter.com\/HotSmokeoffici1"],"publishingPrinciples":"https:\/\/hotsmoke.eu\/heat-not-burn-electronic-cigarettes\/","ownershipFundingInfo":"https:\/\/hotsmoke.eu\/terms-conditions\/","actionableFeedbackPolicy":"https:\/\/hotsmoke.eu\/privacy-policy\/","correctionsPolicy":"https:\/\/hotsmoke.eu\/privacy-policy\/","ethicsPolicy":"https:\/\/hotsmoke.eu\/privacy-policy\/","diversityPolicy":"https:\/\/hotsmoke.eu\/privacy-policy\/","diversityStaffingReport":"https:\/\/hotsmoke.eu\/shipping-warranty\/","address":{"@id":"https:\/\/hotsmoke.eu\/shop\/cbd\/cannastra-h4cbd-30-flower-solar-pilgrim-cannabis\/#local-main-place-address"},"geo":{"@type":"GeoCoordinates","latitude":"54.8733992","longitude":"23.9492982"},"telephone":["+37068673611"],"openingHoursSpecification":[{"@type":"OpeningHoursSpecification","dayOfWeek":["Monday","Tuesday","Wednesday","Thursday","Friday"],"opens":"10:00","closes":"17:00"},{"@type":"OpeningHoursSpecification","dayOfWeek":["Saturday","Sunday"],"opens":"00:00","closes":"00:00"}],"email":"info@hotsmoke.eu","areaServed":"Lithuania","vatID":"LT100013495416","priceRange":"$$","currenciesAccepted":"Euro","paymentAccepted":"Visa, mastercard"},{"@type":"PostalAddress","@id":"https:\/\/hotsmoke.eu\/shop\/cbd\/cannastra-h4cbd-30-flower-solar-pilgrim-cannabis\/#local-main-place-address","streetAddress":"L.Ivinskio 18a, L.Ivinskio 18a","addressLocality":"Kaunas","postalCode":"45151","addressRegion":"Lithuania","addressCountry":"LT"},{"@type":"ImageObject","inLanguage":"fr-FR","@id":"https:\/\/hotsmoke.eu\/shop\/cbd\/cannastra-h4cbd-30-flower-solar-pilgrim-cannabis\/#local-main-organization-logo","url":"https:\/\/hotsmoke.eu\/wp-content\/uploads\/2022\/12\/hs_black.svg","contentUrl":"https:\/\/hotsmoke.eu\/wp-content\/uploads\/2022\/12\/hs_black.svg","caption":"HotSmoke"}]},"geo.placename":"Kaunas","geo.position":{"lat":"54.8733992","long":"23.9492982"},"geo.region":"Lituanie"},"_links":{"self":[{"href":"https:\/\/hotsmoke.eu\/fr\/wp-json\/wp\/v2\/product\/24680","targetHints":{"allow":["GET"]}}],"collection":[{"href":"https:\/\/hotsmoke.eu\/fr\/wp-json\/wp\/v2\/product"}],"about":[{"href":"https:\/\/hotsmoke.eu\/fr\/wp-json\/wp\/v2\/types\/product"}],"replies":[{"embeddable":true,"href":"https:\/\/hotsmoke.eu\/fr\/wp-json\/wp\/v2\/comments?post=24680"}],"wp:featuredmedia":[{"embeddable":true,"href":"https:\/\/hotsmoke.eu\/fr\/wp-json\/wp\/v2\/media\/24684"}],"wp:attachment":[{"href":"https:\/\/hotsmoke.eu\/fr\/wp-json\/wp\/v2\/media?parent=24680"}],"wp:term":[{"taxonomy":"product_cat","embeddable":true,"href":"https:\/\/hotsmoke.eu\/fr\/wp-json\/wp\/v2\/product_cat?post=24680"},{"taxonomy":"product_tag","embeddable":true,"href":"https:\/\/hotsmoke.eu\/fr\/wp-json\/wp\/v2\/product_tag?post=24680"}],"curies":[{"name":"wp","href":"https:\/\/api.w.org\/{rel}","templated":true}]}}