{"id":24592,"date":"2024-02-22T12:22:54","date_gmt":"2024-02-22T12:22:54","guid":{"rendered":"https:\/\/hotsmoke.eu\/?post_type=product&#038;p=24592"},"modified":"2026-03-25T08:50:27","modified_gmt":"2026-03-25T08:50:27","slug":"vaporisateur-fenix-mini","status":"publish","type":"product","link":"https:\/\/hotsmoke.eu\/fr\/shop\/cbd\/fenix-mini-vaporizer\/","title":{"rendered":"Vaporisateur Fenix Mini Plus"},"content":{"rendered":"","protected":false},"excerpt":{"rendered":"<h2>\u00c0 PROPOS DU VAPORISATEUR<\/h2>\n<p>Le Fenix Mini Plus est une version am\u00e9lior\u00e9e de l'appareil compact tr\u00e8s populaire. C'est un vaporisateur discret, de la taille d'une paume, appr\u00e9ci\u00e9 pour sa stabilit\u00e9 et sa technologie d'\u00e9conomie de mati\u00e8re (capacit\u00e9 de la chambre de chauffe \u2013 jusqu'\u00e0 0,15 g).<\/p>\n<p>Le nouveau mod\u00e8le \u201c Plus \u201d pr\u00e9sente de nombreuses am\u00e9liorations techniques :<\/p>\n<ul>\n<li>Vibreur : Informe lorsque le mode de fonctionnement est atteint.<\/li>\n<li>Large plage de temp\u00e9rature : de 120 \u00b0C \u00e0 221 \u00b0C, r\u00e9glable avec une pr\u00e9cision de 1 degr\u00e9.<\/li>\n<li>\u00c9cran OLED : Permet une surveillance en temps r\u00e9el de la temp\u00e9rature r\u00e9gl\u00e9e et actuelle, ainsi que de l'\u00e9tat de la batterie.<\/li>\n<\/ul>\n<h2>AVANTAGES DU VAPORISATEUR<\/h2>\n<ul>\n<li>Haute qualit\u00e9 de vapeur \u2013 Un chemin d'air isol\u00e9 assure la puret\u00e9 chimique des r\u00e9sultats.<\/li>\n<li>Performance hybride \u2013 Extraction maximale des composants actifs des mat\u00e9riaux utilis\u00e9s.<\/li>\n<li>Compacit\u00e9 \u2013 La hauteur de l'appareil n'est que de 8 cm, ce qui le rend extr\u00eamement portable.<\/li>\n<\/ul>\n<h2>SP\u00c9CIFICATIONS<\/h2>\n<ul>\n<li>Dimensions : 80 x 25 x 50 mm.<\/li>\n<li>Temps de chauffage : ~25 sec.<\/li>\n<li>Contr\u00f4le de la temp\u00e9rature : Contr\u00f4le num\u00e9rique (120\u2013221 \u00b0C).<\/li>\n<li>Connexion : USB-C.<\/li>\n<li>Type de chambre : Acier inoxydable.<\/li>\n<\/ul>\n<p>Garantie\u00a0: Garantie du fabricant de 12\u00a0mois.<\/p>","protected":false},"featured_media":24595,"comment_status":"open","ping_status":"closed","template":"","meta":{"inline_featured_image":false},"product_cat":[43,45],"product_tag":[],"class_list":["post-24592","product","type-product","status-publish","has-post-thumbnail","hentry","product_brand-fenix","product_cat-cbd","product_cat-cbd-vaporizers"],"acf":[],"yoast_head":"<!-- This site is optimized with the Yoast SEO Premium plugin v20.11 (Yoast SEO v20.11) - https:\/\/yoast.com\/wordpress\/plugins\/seo\/ -->\n<title>Fenix Mini Plus Vaporizer - HotSmoke<\/title>\n<meta name=\"robots\" content=\"index, follow, max-snippet:-1, max-image-preview:large, max-video-preview:-1\" \/>\n<link rel=\"canonical\" href=\"https:\/\/hotsmoke.eu\/fr\/shop\/cannabidiol\/vaporisateur-fenix-mini\/\" \/>\n<meta property=\"og:locale\" content=\"fr_FR\" \/>\n<meta property=\"og:type\" content=\"article\" \/>\n<meta property=\"og:title\" content=\"Fenix Mini Plus Vaporizer\" \/>\n<meta property=\"og:description\" content=\"ABOUT THE VAPORIZER The Fenix Mini Plus is an enhanced version of the highly popular compact device. It is a discreet, palm-sized vaporizer valued for its stability and material-saving technology (heating chamber capacity \u2013 up to 0.15 g).  The new &quot;Plus&quot; model features numerous technical improvements:   Vibration alert: Notifies when the operating mode is reached.  Wide temperature range: From 120 \u00b0C to 221 \u00b0C, adjustable with 1-degree precision.  OLED display: Allows real-time monitoring of the set and current temperature, as well as battery status.  VAPORIZER ADVANTAGES   High vapor quality \u2013 An isolated air path ensures the chemical purity of the results.  Hybrid performance \u2013 Maximum extraction of active components from the materials used.  Compactness \u2013 The device height is only 8 cm, making it extremely portable.  SPECIFICATIONS   Dimensions: 80 x 25 x 50 mm.  Heating time: ~25 sec.  Temperature control: Digital control (120\u2013221 \u00b0C).  Connection: USB-C.  Chamber type: Stainless steel.  Warranty: 12-month manufacturer&#039;s warranty.\" \/>\n<meta property=\"og:url\" content=\"https:\/\/hotsmoke.eu\/fr\/shop\/cannabidiol\/vaporisateur-fenix-mini\/\" \/>\n<meta property=\"og:site_name\" content=\"HotSmoke\" \/>\n<meta property=\"article:publisher\" content=\"https:\/\/www.facebook.com\/hotsmoke.eu\" \/>\n<meta property=\"article:modified_time\" content=\"2026-03-25T08:50:27+00:00\" \/>\n<meta property=\"og:image\" content=\"https:\/\/hotsmoke.eu\/wp-content\/uploads\/2024\/02\/fenix-mini-vaporizer-hotsmoke.eu-2.webp\" \/>\n\t<meta property=\"og:image:width\" content=\"920\" \/>\n\t<meta property=\"og:image:height\" content=\"1050\" \/>\n\t<meta property=\"og:image:type\" content=\"image\/webp\" \/>\n<meta name=\"twitter:card\" content=\"summary_large_image\" \/>\n<meta name=\"twitter:site\" content=\"@HotSmokeoffici1\" \/>\n<meta name=\"twitter:label1\" content=\"Availability\" \/>\n\t<meta name=\"twitter:data1\" content=\"In stock\" \/>\n<script type=\"application\/ld+json\" class=\"yoast-schema-graph\">{\"@context\":\"https:\/\/schema.org\",\"@graph\":[{\"@type\":[\"WebPage\",\"ItemPage\"],\"@id\":\"https:\/\/hotsmoke.eu\/shop\/cbd\/fenix-mini-vaporizer\/\",\"url\":\"https:\/\/hotsmoke.eu\/shop\/cbd\/fenix-mini-vaporizer\/\",\"name\":\"Fenix Mini Plus Vaporizer - HotSmoke\",\"isPartOf\":{\"@id\":\"https:\/\/hotsmoke.eu\/#website\"},\"datePublished\":\"2024-02-22T12:22:54+00:00\",\"dateModified\":\"2026-03-25T08:50:27+00:00\",\"breadcrumb\":{\"@id\":\"https:\/\/hotsmoke.eu\/shop\/cbd\/fenix-mini-vaporizer\/#breadcrumb\"},\"inLanguage\":\"fr-FR\",\"potentialAction\":[{\"@type\":\"ReadAction\",\"target\":[\"https:\/\/hotsmoke.eu\/shop\/cbd\/fenix-mini-vaporizer\/\"]}]},{\"@type\":\"BreadcrumbList\",\"@id\":\"https:\/\/hotsmoke.eu\/shop\/cbd\/fenix-mini-vaporizer\/#breadcrumb\",\"itemListElement\":[{\"@type\":\"ListItem\",\"position\":1,\"name\":\"Home\",\"item\":\"https:\/\/hotsmoke.eu\/\"},{\"@type\":\"ListItem\",\"position\":2,\"name\":\"HeatSticks And Heat Not Burn Store\",\"item\":\"https:\/\/hotsmoke.eu\/shop\/\"},{\"@type\":\"ListItem\",\"position\":3,\"name\":\"Fenix Mini Plus Vaporizer\"}]},{\"@type\":\"WebSite\",\"@id\":\"https:\/\/hotsmoke.eu\/#website\",\"url\":\"https:\/\/hotsmoke.eu\/\",\"name\":\"HotSmoke\",\"description\":\"Heat Not Burn Heating Cigarettes Devices Shop | HotSmoke\",\"publisher\":{\"@id\":\"https:\/\/hotsmoke.eu\/#organization\"},\"alternateName\":\"hotsmoke\",\"potentialAction\":[{\"@type\":\"SearchAction\",\"target\":{\"@type\":\"EntryPoint\",\"urlTemplate\":\"https:\/\/hotsmoke.eu\/?s={search_term_string}\"},\"query-input\":\"required name=search_term_string\"}],\"inLanguage\":\"fr-FR\"},{\"@type\":[\"Organization\",\"Place\",\"Store\"],\"@id\":\"https:\/\/hotsmoke.eu\/#organization\",\"name\":\"HotSmoke\",\"alternateName\":\"Hot Smoke\",\"url\":\"https:\/\/hotsmoke.eu\/\",\"logo\":{\"@id\":\"https:\/\/hotsmoke.eu\/shop\/cbd\/fenix-mini-vaporizer\/#local-main-organization-logo\"},\"image\":{\"@id\":\"https:\/\/hotsmoke.eu\/shop\/cbd\/fenix-mini-vaporizer\/#local-main-organization-logo\"},\"sameAs\":[\"https:\/\/www.facebook.com\/hotsmoke.eu\",\"https:\/\/twitter.com\/HotSmokeoffici1\"],\"publishingPrinciples\":\"https:\/\/hotsmoke.eu\/heat-not-burn-electronic-cigarettes\/\",\"ownershipFundingInfo\":\"https:\/\/hotsmoke.eu\/terms-conditions\/\",\"actionableFeedbackPolicy\":\"https:\/\/hotsmoke.eu\/privacy-policy\/\",\"correctionsPolicy\":\"https:\/\/hotsmoke.eu\/privacy-policy\/\",\"ethicsPolicy\":\"https:\/\/hotsmoke.eu\/privacy-policy\/\",\"diversityPolicy\":\"https:\/\/hotsmoke.eu\/privacy-policy\/\",\"diversityStaffingReport\":\"https:\/\/hotsmoke.eu\/shipping-warranty\/\",\"address\":{\"@id\":\"https:\/\/hotsmoke.eu\/shop\/cbd\/fenix-mini-vaporizer\/#local-main-place-address\"},\"geo\":{\"@type\":\"GeoCoordinates\",\"latitude\":\"54.8733992\",\"longitude\":\"23.9492982\"},\"telephone\":[\"+37068673611\"],\"openingHoursSpecification\":[{\"@type\":\"OpeningHoursSpecification\",\"dayOfWeek\":[\"Monday\",\"Tuesday\",\"Wednesday\",\"Thursday\",\"Friday\"],\"opens\":\"10:00\",\"closes\":\"17:00\"},{\"@type\":\"OpeningHoursSpecification\",\"dayOfWeek\":[\"Saturday\",\"Sunday\"],\"opens\":\"00:00\",\"closes\":\"00:00\"}],\"email\":\"info@hotsmoke.eu\",\"areaServed\":\"Lithuania\",\"vatID\":\"LT100013495416\",\"priceRange\":\"$$\",\"currenciesAccepted\":\"Euro\",\"paymentAccepted\":\"Visa, mastercard\"},{\"@type\":\"PostalAddress\",\"@id\":\"https:\/\/hotsmoke.eu\/shop\/cbd\/fenix-mini-vaporizer\/#local-main-place-address\",\"streetAddress\":\"L.Ivinskio 18a, L.Ivinskio 18a\",\"addressLocality\":\"Kaunas\",\"postalCode\":\"45151\",\"addressRegion\":\"Lithuania\",\"addressCountry\":\"LT\"},{\"@type\":\"ImageObject\",\"inLanguage\":\"fr-FR\",\"@id\":\"https:\/\/hotsmoke.eu\/shop\/cbd\/fenix-mini-vaporizer\/#local-main-organization-logo\",\"url\":\"https:\/\/hotsmoke.eu\/wp-content\/uploads\/2022\/12\/hs_black.svg\",\"contentUrl\":\"https:\/\/hotsmoke.eu\/wp-content\/uploads\/2022\/12\/hs_black.svg\",\"caption\":\"HotSmoke\"}]}<\/script>\n<meta name=\"geo.placename\" content=\"Kaunas\" \/>\n<meta name=\"geo.position\" content=\"54.8733992;23.9492982\" \/>\n<meta name=\"geo.region\" content=\"Lituanie\" \/>\n<!-- \/ Yoast SEO Premium plugin. -->","yoast_head_json":{"title":"Vaporisateur Fenix Mini Plus - HotSmoke","robots":{"index":"index","follow":"follow","max-snippet":"max-snippet:-1","max-image-preview":"max-image-preview:large","max-video-preview":"max-video-preview:-1"},"canonical":"https:\/\/hotsmoke.eu\/fr\/shop\/cannabidiol\/vaporisateur-fenix-mini\/","og_locale":"fr_FR","og_type":"article","og_title":"Fenix Mini Plus Vaporizer","og_description":"ABOUT THE VAPORIZER The Fenix Mini Plus is an enhanced version of the highly popular compact device. It is a discreet, palm-sized vaporizer valued for its stability and material-saving technology (heating chamber capacity \u2013 up to 0.15 g).  The new \"Plus\" model features numerous technical improvements:   Vibration alert: Notifies when the operating mode is reached.  Wide temperature range: From 120 \u00b0C to 221 \u00b0C, adjustable with 1-degree precision.  OLED display: Allows real-time monitoring of the set and current temperature, as well as battery status.  VAPORIZER ADVANTAGES   High vapor quality \u2013 An isolated air path ensures the chemical purity of the results.  Hybrid performance \u2013 Maximum extraction of active components from the materials used.  Compactness \u2013 The device height is only 8 cm, making it extremely portable.  SPECIFICATIONS   Dimensions: 80 x 25 x 50 mm.  Heating time: ~25 sec.  Temperature control: Digital control (120\u2013221 \u00b0C).  Connection: USB-C.  Chamber type: Stainless steel.  Warranty: 12-month manufacturer's warranty.","og_url":"https:\/\/hotsmoke.eu\/fr\/shop\/cannabidiol\/vaporisateur-fenix-mini\/","og_site_name":"HotSmoke","article_publisher":"https:\/\/www.facebook.com\/hotsmoke.eu","article_modified_time":"2026-03-25T08:50:27+00:00","og_image":[{"width":920,"height":1050,"url":"https:\/\/hotsmoke.eu\/wp-content\/uploads\/2024\/02\/fenix-mini-vaporizer-hotsmoke.eu-2.webp","type":"image\/webp"}],"twitter_card":"summary_large_image","twitter_site":"@HotSmokeoffici1","twitter_misc":{"Availability":"In stock"},"schema":{"@context":"https:\/\/schema.org","@graph":[{"@type":["WebPage","ItemPage"],"@id":"https:\/\/hotsmoke.eu\/shop\/cbd\/fenix-mini-vaporizer\/","url":"https:\/\/hotsmoke.eu\/shop\/cbd\/fenix-mini-vaporizer\/","name":"Vaporisateur Fenix Mini Plus - HotSmoke","isPartOf":{"@id":"https:\/\/hotsmoke.eu\/#website"},"datePublished":"2024-02-22T12:22:54+00:00","dateModified":"2026-03-25T08:50:27+00:00","breadcrumb":{"@id":"https:\/\/hotsmoke.eu\/shop\/cbd\/fenix-mini-vaporizer\/#breadcrumb"},"inLanguage":"fr-FR","potentialAction":[{"@type":"ReadAction","target":["https:\/\/hotsmoke.eu\/shop\/cbd\/fenix-mini-vaporizer\/"]}]},{"@type":"BreadcrumbList","@id":"https:\/\/hotsmoke.eu\/shop\/cbd\/fenix-mini-vaporizer\/#breadcrumb","itemListElement":[{"@type":"ListItem","position":1,"name":"Home","item":"https:\/\/hotsmoke.eu\/"},{"@type":"ListItem","position":2,"name":"HeatSticks And Heat Not Burn Store","item":"https:\/\/hotsmoke.eu\/shop\/"},{"@type":"ListItem","position":3,"name":"Fenix Mini Plus Vaporizer"}]},{"@type":"WebSite","@id":"https:\/\/hotsmoke.eu\/#website","url":"https:\/\/hotsmoke.eu\/","name":"Fum\u00e9e Chaude","description":"Appareils de cigarettes chauff\u00e9es \u00e0 l'\u00e9tat chaud pas br\u00fbl\u00e9 | HotSmoke","publisher":{"@id":"https:\/\/hotsmoke.eu\/#organization"},"alternateName":"hotsmoke","potentialAction":[{"@type":"SearchAction","target":{"@type":"EntryPoint","urlTemplate":"https:\/\/hotsmoke.eu\/?s={search_term_string}"},"query-input":"required name=search_term_string"}],"inLanguage":"fr-FR"},{"@type":["Organization","Place","Store"],"@id":"https:\/\/hotsmoke.eu\/#organization","name":"Fum\u00e9e Chaude","alternateName":"Hot Smoke","url":"https:\/\/hotsmoke.eu\/","logo":{"@id":"https:\/\/hotsmoke.eu\/shop\/cbd\/fenix-mini-vaporizer\/#local-main-organization-logo"},"image":{"@id":"https:\/\/hotsmoke.eu\/shop\/cbd\/fenix-mini-vaporizer\/#local-main-organization-logo"},"sameAs":["https:\/\/www.facebook.com\/hotsmoke.eu","https:\/\/twitter.com\/HotSmokeoffici1"],"publishingPrinciples":"https:\/\/hotsmoke.eu\/heat-not-burn-electronic-cigarettes\/","ownershipFundingInfo":"https:\/\/hotsmoke.eu\/terms-conditions\/","actionableFeedbackPolicy":"https:\/\/hotsmoke.eu\/privacy-policy\/","correctionsPolicy":"https:\/\/hotsmoke.eu\/privacy-policy\/","ethicsPolicy":"https:\/\/hotsmoke.eu\/privacy-policy\/","diversityPolicy":"https:\/\/hotsmoke.eu\/privacy-policy\/","diversityStaffingReport":"https:\/\/hotsmoke.eu\/shipping-warranty\/","address":{"@id":"https:\/\/hotsmoke.eu\/shop\/cbd\/fenix-mini-vaporizer\/#local-main-place-address"},"geo":{"@type":"GeoCoordinates","latitude":"54.8733992","longitude":"23.9492982"},"telephone":["+37068673611"],"openingHoursSpecification":[{"@type":"OpeningHoursSpecification","dayOfWeek":["Monday","Tuesday","Wednesday","Thursday","Friday"],"opens":"10:00","closes":"17:00"},{"@type":"OpeningHoursSpecification","dayOfWeek":["Saturday","Sunday"],"opens":"00:00","closes":"00:00"}],"email":"info@hotsmoke.eu","areaServed":"Lithuania","vatID":"LT100013495416","priceRange":"$$","currenciesAccepted":"Euro","paymentAccepted":"Visa, mastercard"},{"@type":"PostalAddress","@id":"https:\/\/hotsmoke.eu\/shop\/cbd\/fenix-mini-vaporizer\/#local-main-place-address","streetAddress":"L.Ivinskio 18a, L.Ivinskio 18a","addressLocality":"Kaunas","postalCode":"45151","addressRegion":"Lithuania","addressCountry":"LT"},{"@type":"ImageObject","inLanguage":"fr-FR","@id":"https:\/\/hotsmoke.eu\/shop\/cbd\/fenix-mini-vaporizer\/#local-main-organization-logo","url":"https:\/\/hotsmoke.eu\/wp-content\/uploads\/2022\/12\/hs_black.svg","contentUrl":"https:\/\/hotsmoke.eu\/wp-content\/uploads\/2022\/12\/hs_black.svg","caption":"HotSmoke"}]},"geo.placename":"Kaunas","geo.position":{"lat":"54.8733992","long":"23.9492982"},"geo.region":"Lituanie"},"_links":{"self":[{"href":"https:\/\/hotsmoke.eu\/fr\/wp-json\/wp\/v2\/product\/24592","targetHints":{"allow":["GET"]}}],"collection":[{"href":"https:\/\/hotsmoke.eu\/fr\/wp-json\/wp\/v2\/product"}],"about":[{"href":"https:\/\/hotsmoke.eu\/fr\/wp-json\/wp\/v2\/types\/product"}],"replies":[{"embeddable":true,"href":"https:\/\/hotsmoke.eu\/fr\/wp-json\/wp\/v2\/comments?post=24592"}],"wp:featuredmedia":[{"embeddable":true,"href":"https:\/\/hotsmoke.eu\/fr\/wp-json\/wp\/v2\/media\/24595"}],"wp:attachment":[{"href":"https:\/\/hotsmoke.eu\/fr\/wp-json\/wp\/v2\/media?parent=24592"}],"wp:term":[{"taxonomy":"product_cat","embeddable":true,"href":"https:\/\/hotsmoke.eu\/fr\/wp-json\/wp\/v2\/product_cat?post=24592"},{"taxonomy":"product_tag","embeddable":true,"href":"https:\/\/hotsmoke.eu\/fr\/wp-json\/wp\/v2\/product_tag?post=24592"}],"curies":[{"name":"wp","href":"https:\/\/api.w.org\/{rel}","templated":true}]}}