{"id":23335,"date":"2023-07-25T11:24:45","date_gmt":"2023-07-25T11:24:45","guid":{"rendered":"https:\/\/hotsmoke.eu\/?post_type=product&#038;p=23335"},"modified":"2026-04-27T19:53:03","modified_gmt":"2026-04-27T19:53:03","slug":"swiss-hemp-30-cbd-oil","status":"publish","type":"product","link":"https:\/\/hotsmoke.eu\/fr\/shop\/cbd\/swiss-hemp-30-cbd-oil\/","title":{"rendered":"Swiss Hemp 30% CBD Oil"},"content":{"rendered":"","protected":false},"excerpt":{"rendered":"<h2>OIL (CBD 30%)<\/h2>\n<p>Swiss hemp 30% &#8211; CBD oil. High quality full spectrum Swiss CBD oil. Hemp oil is one of the strongest hemp oils in our store due to its high concentration. CBD hemp of this strength will live up to all expectations. Full Spectrum CBD Oil. It is one that contains all the possible nutrients found in hemp. CBD belongs to the cannabinoid group and its alternative name is: cannabidiol.<\/p>\n<ul>\n<li>Obtained from certified industrial hemp varieties listed in the EU.<\/li>\n<li>The Swiss hemp 30% product is completely legal, allowed for use and sale in the European Union.<\/li>\n<li>Natural Cannabinoids: CBDA, CBDV, CBG, CBGA, CBC, CBN, THC, THCV, THCA and many phenols, flavonoids and terpenes.<\/li>\n<li>THC in hemp oil is less than 0.2%.<\/li>\n<li>The product does not contain toxins or heavy metals.<\/li>\n<li>Lab-tested \u2014 every batch is analyzed in accredited laboratories.<\/li>\n<li>The product is only made from organic fertilizers.<\/li>\n<li>Without GMO modifications.<\/li>\n<\/ul>\n<h2>Composition Swiss hemp 30%:<\/h2>\n<ul>\n<li>Hemp seed oil.<\/li>\n<li>Cannabis Sativa L.<\/li>\n<li>Hemp flower extract.<\/li>\n<\/ul>\n<p>\u26a0\ufe0f Keep out of reach of children and animals. For adults only. Not recommended for use by pregnant and breastfeeding women. Not intended for direct consumption or smoking.<\/p>","protected":false},"featured_media":23342,"comment_status":"open","ping_status":"closed","template":"","meta":{"inline_featured_image":false},"product_cat":[43,52],"product_tag":[],"class_list":["post-23335","product","type-product","status-publish","has-post-thumbnail","hentry","product_brand-swiss-hemp","product_cat-cbd","product_cat-oil"],"acf":[],"yoast_head":"<!-- This site is optimized with the Yoast SEO Premium plugin v20.11 (Yoast SEO v20.11) - https:\/\/yoast.com\/wordpress\/plugins\/seo\/ -->\n<title>Swiss Hemp 30% CBD Oil - HotSmoke<\/title>\n<meta name=\"description\" content=\"Hemp oil is one of the strongest hemp oils in our store due to its high concentration. CBD hemp of this strength will live up to all expectations.\" \/>\n<meta name=\"robots\" content=\"index, follow, max-snippet:-1, max-image-preview:large, max-video-preview:-1\" \/>\n<link rel=\"canonical\" href=\"https:\/\/hotsmoke.eu\/fr\/shop\/cbd\/swiss-hemp-30-cbd-oil\/\" \/>\n<meta property=\"og:locale\" content=\"fr_FR\" \/>\n<meta property=\"og:type\" content=\"article\" \/>\n<meta property=\"og:title\" content=\"Swiss Hemp 30% CBD Oil\" \/>\n<meta property=\"og:description\" content=\"Hemp oil is one of the strongest hemp oils in our store due to its high concentration. CBD hemp of this strength will live up to all expectations.\" \/>\n<meta property=\"og:url\" content=\"https:\/\/hotsmoke.eu\/fr\/shop\/cbd\/swiss-hemp-30-cbd-oil\/\" \/>\n<meta property=\"og:site_name\" content=\"HotSmoke\" \/>\n<meta property=\"article:publisher\" content=\"https:\/\/www.facebook.com\/hotsmoke.eu\" \/>\n<meta property=\"article:modified_time\" content=\"2026-04-27T19:53:03+00:00\" \/>\n<meta property=\"og:image\" content=\"https:\/\/hotsmoke.eu\/wp-content\/uploads\/2023\/07\/Swiss-hemp-oil-30-hotsmoke.eu_.webp\" \/>\n\t<meta property=\"og:image:width\" content=\"1600\" \/>\n\t<meta property=\"og:image:height\" content=\"1600\" \/>\n\t<meta property=\"og:image:type\" content=\"image\/webp\" \/>\n<meta name=\"twitter:card\" content=\"summary_large_image\" \/>\n<meta name=\"twitter:site\" content=\"@HotSmokeoffici1\" \/>\n<meta name=\"twitter:label1\" content=\"Availability\" \/>\n\t<meta name=\"twitter:data1\" content=\"In stock\" \/>\n<script type=\"application\/ld+json\" class=\"yoast-schema-graph\">{\"@context\":\"https:\/\/schema.org\",\"@graph\":[{\"@type\":[\"WebPage\",\"ItemPage\"],\"@id\":\"https:\/\/hotsmoke.eu\/shop\/cbd\/swiss-hemp-30-cbd-oil\/\",\"url\":\"https:\/\/hotsmoke.eu\/shop\/cbd\/swiss-hemp-30-cbd-oil\/\",\"name\":\"Swiss Hemp 30% CBD Oil - HotSmoke\",\"isPartOf\":{\"@id\":\"https:\/\/hotsmoke.eu\/#website\"},\"datePublished\":\"2023-07-25T11:24:45+00:00\",\"dateModified\":\"2026-04-27T19:53:03+00:00\",\"description\":\"Hemp oil is one of the strongest hemp oils in our store due to its high concentration. CBD hemp of this strength will live up to all expectations.\",\"breadcrumb\":{\"@id\":\"https:\/\/hotsmoke.eu\/shop\/cbd\/swiss-hemp-30-cbd-oil\/#breadcrumb\"},\"inLanguage\":\"fr-FR\",\"potentialAction\":[{\"@type\":\"ReadAction\",\"target\":[\"https:\/\/hotsmoke.eu\/shop\/cbd\/swiss-hemp-30-cbd-oil\/\"]}]},{\"@type\":\"BreadcrumbList\",\"@id\":\"https:\/\/hotsmoke.eu\/shop\/cbd\/swiss-hemp-30-cbd-oil\/#breadcrumb\",\"itemListElement\":[{\"@type\":\"ListItem\",\"position\":1,\"name\":\"Home\",\"item\":\"https:\/\/hotsmoke.eu\/\"},{\"@type\":\"ListItem\",\"position\":2,\"name\":\"HeatSticks And Heat Not Burn Store\",\"item\":\"https:\/\/hotsmoke.eu\/shop\/\"},{\"@type\":\"ListItem\",\"position\":3,\"name\":\"Swiss Hemp 30% CBD Oil\"}]},{\"@type\":\"WebSite\",\"@id\":\"https:\/\/hotsmoke.eu\/#website\",\"url\":\"https:\/\/hotsmoke.eu\/\",\"name\":\"HotSmoke\",\"description\":\"Heat Not Burn Heating Cigarettes Devices Shop | HotSmoke\",\"publisher\":{\"@id\":\"https:\/\/hotsmoke.eu\/#organization\"},\"alternateName\":\"hotsmoke\",\"potentialAction\":[{\"@type\":\"SearchAction\",\"target\":{\"@type\":\"EntryPoint\",\"urlTemplate\":\"https:\/\/hotsmoke.eu\/?s={search_term_string}\"},\"query-input\":\"required name=search_term_string\"}],\"inLanguage\":\"fr-FR\"},{\"@type\":[\"Organization\",\"Place\",\"Store\"],\"@id\":\"https:\/\/hotsmoke.eu\/#organization\",\"name\":\"HotSmoke\",\"alternateName\":\"Hot Smoke\",\"url\":\"https:\/\/hotsmoke.eu\/\",\"logo\":{\"@id\":\"https:\/\/hotsmoke.eu\/shop\/cbd\/swiss-hemp-30-cbd-oil\/#local-main-organization-logo\"},\"image\":{\"@id\":\"https:\/\/hotsmoke.eu\/shop\/cbd\/swiss-hemp-30-cbd-oil\/#local-main-organization-logo\"},\"sameAs\":[\"https:\/\/www.facebook.com\/hotsmoke.eu\",\"https:\/\/twitter.com\/HotSmokeoffici1\"],\"publishingPrinciples\":\"https:\/\/hotsmoke.eu\/heat-not-burn-electronic-cigarettes\/\",\"ownershipFundingInfo\":\"https:\/\/hotsmoke.eu\/terms-conditions\/\",\"actionableFeedbackPolicy\":\"https:\/\/hotsmoke.eu\/privacy-policy\/\",\"correctionsPolicy\":\"https:\/\/hotsmoke.eu\/privacy-policy\/\",\"ethicsPolicy\":\"https:\/\/hotsmoke.eu\/privacy-policy\/\",\"diversityPolicy\":\"https:\/\/hotsmoke.eu\/privacy-policy\/\",\"diversityStaffingReport\":\"https:\/\/hotsmoke.eu\/shipping-warranty\/\",\"address\":{\"@id\":\"https:\/\/hotsmoke.eu\/shop\/cbd\/swiss-hemp-30-cbd-oil\/#local-main-place-address\"},\"geo\":{\"@type\":\"GeoCoordinates\",\"latitude\":\"54.8733992\",\"longitude\":\"23.9492982\"},\"telephone\":[\"+37068673611\"],\"openingHoursSpecification\":[{\"@type\":\"OpeningHoursSpecification\",\"dayOfWeek\":[\"Monday\",\"Tuesday\",\"Wednesday\",\"Thursday\",\"Friday\"],\"opens\":\"10:00\",\"closes\":\"17:00\"},{\"@type\":\"OpeningHoursSpecification\",\"dayOfWeek\":[\"Saturday\",\"Sunday\"],\"opens\":\"00:00\",\"closes\":\"00:00\"}],\"email\":\"info@hotsmoke.eu\",\"areaServed\":\"Lithuania\",\"vatID\":\"LT100013495416\",\"priceRange\":\"$$\",\"currenciesAccepted\":\"Euro\",\"paymentAccepted\":\"Visa, mastercard\"},{\"@type\":\"PostalAddress\",\"@id\":\"https:\/\/hotsmoke.eu\/shop\/cbd\/swiss-hemp-30-cbd-oil\/#local-main-place-address\",\"streetAddress\":\"L.Ivinskio 18a, L.Ivinskio 18a\",\"addressLocality\":\"Kaunas\",\"postalCode\":\"45151\",\"addressRegion\":\"Lithuania\",\"addressCountry\":\"LT\"},{\"@type\":\"ImageObject\",\"inLanguage\":\"fr-FR\",\"@id\":\"https:\/\/hotsmoke.eu\/shop\/cbd\/swiss-hemp-30-cbd-oil\/#local-main-organization-logo\",\"url\":\"https:\/\/hotsmoke.eu\/wp-content\/uploads\/2022\/12\/hs_black.svg\",\"contentUrl\":\"https:\/\/hotsmoke.eu\/wp-content\/uploads\/2022\/12\/hs_black.svg\",\"caption\":\"HotSmoke\"}]}<\/script>\n<meta name=\"geo.placename\" content=\"Kaunas\" \/>\n<meta name=\"geo.position\" content=\"54.8733992;23.9492982\" \/>\n<meta name=\"geo.region\" content=\"Lituanie\" \/>\n<!-- \/ Yoast SEO Premium plugin. -->","yoast_head_json":{"title":"Swiss Hemp 30% CBD Oil - HotSmoke","description":"Hemp oil is one of the strongest hemp oils in our store due to its high concentration. CBD hemp of this strength will live up to all expectations.","robots":{"index":"index","follow":"follow","max-snippet":"max-snippet:-1","max-image-preview":"max-image-preview:large","max-video-preview":"max-video-preview:-1"},"canonical":"https:\/\/hotsmoke.eu\/fr\/shop\/cbd\/swiss-hemp-30-cbd-oil\/","og_locale":"fr_FR","og_type":"article","og_title":"Swiss Hemp 30% CBD Oil","og_description":"Hemp oil is one of the strongest hemp oils in our store due to its high concentration. CBD hemp of this strength will live up to all expectations.","og_url":"https:\/\/hotsmoke.eu\/fr\/shop\/cbd\/swiss-hemp-30-cbd-oil\/","og_site_name":"HotSmoke","article_publisher":"https:\/\/www.facebook.com\/hotsmoke.eu","article_modified_time":"2026-04-27T19:53:03+00:00","og_image":[{"width":1600,"height":1600,"url":"https:\/\/hotsmoke.eu\/wp-content\/uploads\/2023\/07\/Swiss-hemp-oil-30-hotsmoke.eu_.webp","type":"image\/webp"}],"twitter_card":"summary_large_image","twitter_site":"@HotSmokeoffici1","twitter_misc":{"Availability":"In stock"},"schema":{"@context":"https:\/\/schema.org","@graph":[{"@type":["WebPage","ItemPage"],"@id":"https:\/\/hotsmoke.eu\/shop\/cbd\/swiss-hemp-30-cbd-oil\/","url":"https:\/\/hotsmoke.eu\/shop\/cbd\/swiss-hemp-30-cbd-oil\/","name":"Swiss Hemp 30% CBD Oil - HotSmoke","isPartOf":{"@id":"https:\/\/hotsmoke.eu\/#website"},"datePublished":"2023-07-25T11:24:45+00:00","dateModified":"2026-04-27T19:53:03+00:00","description":"Hemp oil is one of the strongest hemp oils in our store due to its high concentration. CBD hemp of this strength will live up to all expectations.","breadcrumb":{"@id":"https:\/\/hotsmoke.eu\/shop\/cbd\/swiss-hemp-30-cbd-oil\/#breadcrumb"},"inLanguage":"fr-FR","potentialAction":[{"@type":"ReadAction","target":["https:\/\/hotsmoke.eu\/shop\/cbd\/swiss-hemp-30-cbd-oil\/"]}]},{"@type":"BreadcrumbList","@id":"https:\/\/hotsmoke.eu\/shop\/cbd\/swiss-hemp-30-cbd-oil\/#breadcrumb","itemListElement":[{"@type":"ListItem","position":1,"name":"Home","item":"https:\/\/hotsmoke.eu\/"},{"@type":"ListItem","position":2,"name":"HeatSticks And Heat Not Burn Store","item":"https:\/\/hotsmoke.eu\/shop\/"},{"@type":"ListItem","position":3,"name":"Swiss Hemp 30% CBD Oil"}]},{"@type":"WebSite","@id":"https:\/\/hotsmoke.eu\/#website","url":"https:\/\/hotsmoke.eu\/","name":"Fum\u00e9e Chaude","description":"Appareils de cigarettes chauff\u00e9es \u00e0 l'\u00e9tat chaud pas br\u00fbl\u00e9 | HotSmoke","publisher":{"@id":"https:\/\/hotsmoke.eu\/#organization"},"alternateName":"hotsmoke","potentialAction":[{"@type":"SearchAction","target":{"@type":"EntryPoint","urlTemplate":"https:\/\/hotsmoke.eu\/?s={search_term_string}"},"query-input":"required name=search_term_string"}],"inLanguage":"fr-FR"},{"@type":["Organization","Place","Store"],"@id":"https:\/\/hotsmoke.eu\/#organization","name":"Fum\u00e9e Chaude","alternateName":"Hot Smoke","url":"https:\/\/hotsmoke.eu\/","logo":{"@id":"https:\/\/hotsmoke.eu\/shop\/cbd\/swiss-hemp-30-cbd-oil\/#local-main-organization-logo"},"image":{"@id":"https:\/\/hotsmoke.eu\/shop\/cbd\/swiss-hemp-30-cbd-oil\/#local-main-organization-logo"},"sameAs":["https:\/\/www.facebook.com\/hotsmoke.eu","https:\/\/twitter.com\/HotSmokeoffici1"],"publishingPrinciples":"https:\/\/hotsmoke.eu\/heat-not-burn-electronic-cigarettes\/","ownershipFundingInfo":"https:\/\/hotsmoke.eu\/terms-conditions\/","actionableFeedbackPolicy":"https:\/\/hotsmoke.eu\/privacy-policy\/","correctionsPolicy":"https:\/\/hotsmoke.eu\/privacy-policy\/","ethicsPolicy":"https:\/\/hotsmoke.eu\/privacy-policy\/","diversityPolicy":"https:\/\/hotsmoke.eu\/privacy-policy\/","diversityStaffingReport":"https:\/\/hotsmoke.eu\/shipping-warranty\/","address":{"@id":"https:\/\/hotsmoke.eu\/shop\/cbd\/swiss-hemp-30-cbd-oil\/#local-main-place-address"},"geo":{"@type":"GeoCoordinates","latitude":"54.8733992","longitude":"23.9492982"},"telephone":["+37068673611"],"openingHoursSpecification":[{"@type":"OpeningHoursSpecification","dayOfWeek":["Monday","Tuesday","Wednesday","Thursday","Friday"],"opens":"10:00","closes":"17:00"},{"@type":"OpeningHoursSpecification","dayOfWeek":["Saturday","Sunday"],"opens":"00:00","closes":"00:00"}],"email":"info@hotsmoke.eu","areaServed":"Lithuania","vatID":"LT100013495416","priceRange":"$$","currenciesAccepted":"Euro","paymentAccepted":"Visa, mastercard"},{"@type":"PostalAddress","@id":"https:\/\/hotsmoke.eu\/shop\/cbd\/swiss-hemp-30-cbd-oil\/#local-main-place-address","streetAddress":"L.Ivinskio 18a, L.Ivinskio 18a","addressLocality":"Kaunas","postalCode":"45151","addressRegion":"Lithuania","addressCountry":"LT"},{"@type":"ImageObject","inLanguage":"fr-FR","@id":"https:\/\/hotsmoke.eu\/shop\/cbd\/swiss-hemp-30-cbd-oil\/#local-main-organization-logo","url":"https:\/\/hotsmoke.eu\/wp-content\/uploads\/2022\/12\/hs_black.svg","contentUrl":"https:\/\/hotsmoke.eu\/wp-content\/uploads\/2022\/12\/hs_black.svg","caption":"HotSmoke"}]},"geo.placename":"Kaunas","geo.position":{"lat":"54.8733992","long":"23.9492982"},"geo.region":"Lituanie"},"_links":{"self":[{"href":"https:\/\/hotsmoke.eu\/fr\/wp-json\/wp\/v2\/product\/23335","targetHints":{"allow":["GET"]}}],"collection":[{"href":"https:\/\/hotsmoke.eu\/fr\/wp-json\/wp\/v2\/product"}],"about":[{"href":"https:\/\/hotsmoke.eu\/fr\/wp-json\/wp\/v2\/types\/product"}],"replies":[{"embeddable":true,"href":"https:\/\/hotsmoke.eu\/fr\/wp-json\/wp\/v2\/comments?post=23335"}],"wp:featuredmedia":[{"embeddable":true,"href":"https:\/\/hotsmoke.eu\/fr\/wp-json\/wp\/v2\/media\/23342"}],"wp:attachment":[{"href":"https:\/\/hotsmoke.eu\/fr\/wp-json\/wp\/v2\/media?parent=23335"}],"wp:term":[{"taxonomy":"product_cat","embeddable":true,"href":"https:\/\/hotsmoke.eu\/fr\/wp-json\/wp\/v2\/product_cat?post=23335"},{"taxonomy":"product_tag","embeddable":true,"href":"https:\/\/hotsmoke.eu\/fr\/wp-json\/wp\/v2\/product_tag?post=23335"}],"curies":[{"name":"wp","href":"https:\/\/api.w.org\/{rel}","templated":true}]}}