{"id":12917,"date":"2023-06-08T10:19:54","date_gmt":"2023-06-08T10:19:54","guid":{"rendered":"https:\/\/hotsmoke.eu\/?post_type=product&#038;p=12917"},"modified":"2026-04-27T20:30:36","modified_gmt":"2026-04-27T20:30:36","slug":"pluscig-s9","status":"publish","type":"product","link":"https:\/\/hotsmoke.eu\/fr\/shop\/heat-not-burn-devices\/pluscig-s9\/","title":{"rendered":"Pluscig S9"},"content":{"rendered":"<h2>CARACT\u00c9RISTIQUES MARQUANTES DE LA PLUSCIG S9<\/h2>\n<p>Le mod\u00e8le Pluscig S9 est dot\u00e9 d'une batterie int\u00e9gr\u00e9e haute capacit\u00e9 de 3500 mAh, garantissant des performances durables. L'appareil est \u00e9quip\u00e9 du syst\u00e8me Intelligent Control Temperature (ICT), qui permet une r\u00e9gulation pr\u00e9cise du processus de chauffe.<\/p>\n<ul>\n<li>Plage de temp\u00e9rature : La temp\u00e9rature de chauffage maximale atteint jusqu'\u00e0 390\u00b0C.<\/li>\n<li>Contr\u00f4le : Possibilit\u00e9 de r\u00e9gler individuellement le temps de pr\u00e9chauffage en fonction des exigences sp\u00e9cifiques des mat\u00e9riaux utilis\u00e9s.<\/li>\n<li>Construction : Le bo\u00eetier m\u00e9tallique assure une durabilit\u00e9 m\u00e9canique et une bonne dissipation de la chaleur.<\/li>\n<\/ul>\n<p><img decoding=\"async\" class=\"alignnone wp-image-28450\" src=\"https:\/\/hotsmoke.eu\/wp-content\/uploads\/2023\/06\/pluscig-s9_9-hotsmoke.lt_.webp\" alt=\"pluscig s9 chauffe pas br\u00fble\" width=\"507\" height=\"634\" srcset=\"\/\/hotsmoke.eu\/wp-content\/uploads\/2023\/06\/pluscig-s9_9-hotsmoke.lt_.webp 800w, \/\/hotsmoke.eu\/wp-content\/uploads\/2023\/06\/pluscig-s9_9-hotsmoke.lt_-240x300.webp 240w, \/\/hotsmoke.eu\/wp-content\/uploads\/2023\/06\/pluscig-s9_9-hotsmoke.lt_-768x960.webp 768w, \/\/hotsmoke.eu\/wp-content\/uploads\/2023\/06\/pluscig-s9_9-hotsmoke.lt_-300x375.webp 300w\" sizes=\"(max-width: 507px) 100vw, 507px\" \/><\/p>","protected":false},"excerpt":{"rendered":"<h2>\u00c0 PROPOS DU SYST\u00c8ME HNB<\/h2>\n<p>Le Pluscig S9 est un syst\u00e8me de chauffage avanc\u00e9 bas\u00e9 sur la technologie Heat-not-Burn (HNB). L'\u00e9cran OLED int\u00e9gr\u00e9 assure un suivi et un contr\u00f4le simples et clairs des param\u00e8tres du syst\u00e8me. Ce mod\u00e8le se distingue par sa batterie haute capacit\u00e9 de 3500 mAh, qui offre jusqu'\u00e0 40 cycles d'utilisation sur une seule charge compl\u00e8te.<\/p>\n<p>L'appareil assure un traitement thermique uniforme sans combustion, ce qui \u00e9vite la formation de cendres lors de son utilisation. Gr\u00e2ce au syst\u00e8me de gestion d'alimentation efficace, des sessions cons\u00e9cutives peuvent \u00eatre d\u00e9marr\u00e9es imm\u00e9diatement apr\u00e8s la premi\u00e8re, sans temps d'attente suppl\u00e9mentaire pour la recharge.<\/p>\n<h2>AVANTAGES S9<\/h2>\n<ul>\n<li>Fonction autonettoyante : un programme de derni\u00e8re g\u00e9n\u00e9ration qui simplifie l'entretien interne de l'appareil.<\/li>\n<li>\u00c9cran OLED informatif : Offre une vue pr\u00e9cise de la temp\u00e9rature, du temps de session et du niveau de la batterie.<\/li>\n<li>Contr\u00f4le des param\u00e8tres : Possibilit\u00e9 de r\u00e9gler individuellement la temp\u00e9rature de chauffage et la dur\u00e9e de la s\u00e9ance.<\/li>\n<li>Source d'alimentation : batterie de 3500 mAh avec une interface USB Type-C (charge rapide).<\/li>\n<li>Durabilit\u00e9 : Le bo\u00eetier est con\u00e7u pour des performances stables dans des temp\u00e9ratures ambiantes variables et r\u00e9siste aux chocs m\u00e9caniques.<\/li>\n<li>Sp\u00e9cifications physiques : Dimensions \u2013 10,6 x 3,3 x 2,2 cm.<\/li>\n<li>Compatibilit\u00e9 : HEETS, FIIT, NEXUS, NEAFS et autres produits con\u00e7us pour les appareils de chauffage (<strong>en utilisant une pointe chauffante ou une lame<\/strong>).<\/li>\n<\/ul>\n<p>Le produit est livr\u00e9 avec une garantie de 12 mois.<\/p>","protected":false},"featured_media":25367,"comment_status":"open","ping_status":"closed","template":"","meta":{"inline_featured_image":false},"product_cat":[18,113],"product_tag":[],"class_list":["post-12917","product","type-product","status-publish","has-post-thumbnail","hentry","product_brand-pluscig","product_cat-heat-not-burn-devices","product_cat-with-heater"],"acf":[],"yoast_head":"<!-- This site is optimized with the Yoast SEO Premium plugin v20.11 (Yoast SEO v20.11) - https:\/\/yoast.com\/wordpress\/plugins\/seo\/ -->\n<title>Pluscig S9 - HotSmoke<\/title>\n<meta name=\"description\" content=\"Pluscig - S9 Heating cigarette system heat not burn cigarette is the result of a combination of technology. Use: HEETS, NEAFS, FIIT, NEXUS\" \/>\n<meta name=\"robots\" content=\"index, follow, max-snippet:-1, max-image-preview:large, max-video-preview:-1\" \/>\n<link rel=\"canonical\" href=\"https:\/\/hotsmoke.eu\/fr\/shop\/appareils-a-tabac-chauffe\/pluscig-s9\/\" \/>\n<meta property=\"og:locale\" content=\"fr_FR\" \/>\n<meta property=\"og:type\" content=\"article\" \/>\n<meta property=\"og:title\" content=\"Pluscig S9\" \/>\n<meta property=\"og:description\" content=\"Pluscig - S9 Heating cigarette system heat not burn cigarette is the result of a combination of technology. Use: HEETS, NEAFS, FIIT, NEXUS\" \/>\n<meta property=\"og:url\" content=\"https:\/\/hotsmoke.eu\/fr\/shop\/appareils-a-tabac-chauffe\/pluscig-s9\/\" \/>\n<meta property=\"og:site_name\" content=\"HotSmoke\" \/>\n<meta property=\"article:publisher\" content=\"https:\/\/www.facebook.com\/hotsmoke.eu\" \/>\n<meta property=\"article:modified_time\" content=\"2026-04-27T20:30:36+00:00\" \/>\n<meta property=\"og:image\" content=\"https:\/\/hotsmoke.eu\/wp-content\/uploads\/2024\/05\/pluscig-s9-black-hotsmoke.lt_.webp\" \/>\n\t<meta property=\"og:image:width\" content=\"688\" \/>\n\t<meta property=\"og:image:height\" content=\"890\" \/>\n\t<meta property=\"og:image:type\" content=\"image\/webp\" \/>\n<meta name=\"twitter:card\" content=\"summary_large_image\" \/>\n<meta name=\"twitter:site\" content=\"@HotSmokeoffici1\" \/>\n<meta name=\"twitter:label1\" content=\"Availability\" \/>\n\t<meta name=\"twitter:data1\" content=\"In stock\" \/>\n<script type=\"application\/ld+json\" class=\"yoast-schema-graph\">{\"@context\":\"https:\/\/schema.org\",\"@graph\":[{\"@type\":[\"WebPage\",\"ItemPage\"],\"@id\":\"https:\/\/hotsmoke.eu\/shop\/heat-not-burn-devices\/pluscig-s9\/\",\"url\":\"https:\/\/hotsmoke.eu\/shop\/heat-not-burn-devices\/pluscig-s9\/\",\"name\":\"Pluscig S9 - HotSmoke\",\"isPartOf\":{\"@id\":\"https:\/\/hotsmoke.eu\/#website\"},\"datePublished\":\"2023-06-08T10:19:54+00:00\",\"dateModified\":\"2026-04-27T20:30:36+00:00\",\"description\":\"Pluscig - S9 Heating cigarette system heat not burn cigarette is the result of a combination of technology. Use: HEETS, NEAFS, FIIT, NEXUS\",\"breadcrumb\":{\"@id\":\"https:\/\/hotsmoke.eu\/shop\/heat-not-burn-devices\/pluscig-s9\/#breadcrumb\"},\"inLanguage\":\"fr-FR\",\"potentialAction\":[{\"@type\":\"ReadAction\",\"target\":[\"https:\/\/hotsmoke.eu\/shop\/heat-not-burn-devices\/pluscig-s9\/\"]}]},{\"@type\":\"BreadcrumbList\",\"@id\":\"https:\/\/hotsmoke.eu\/shop\/heat-not-burn-devices\/pluscig-s9\/#breadcrumb\",\"itemListElement\":[{\"@type\":\"ListItem\",\"position\":1,\"name\":\"Home\",\"item\":\"https:\/\/hotsmoke.eu\/\"},{\"@type\":\"ListItem\",\"position\":2,\"name\":\"HeatSticks And Heat Not Burn Store\",\"item\":\"https:\/\/hotsmoke.eu\/shop\/\"},{\"@type\":\"ListItem\",\"position\":3,\"name\":\"Pluscig S9\"}]},{\"@type\":\"WebSite\",\"@id\":\"https:\/\/hotsmoke.eu\/#website\",\"url\":\"https:\/\/hotsmoke.eu\/\",\"name\":\"HotSmoke\",\"description\":\"Heat Not Burn Heating Cigarettes Devices Shop | HotSmoke\",\"publisher\":{\"@id\":\"https:\/\/hotsmoke.eu\/#organization\"},\"alternateName\":\"hotsmoke\",\"potentialAction\":[{\"@type\":\"SearchAction\",\"target\":{\"@type\":\"EntryPoint\",\"urlTemplate\":\"https:\/\/hotsmoke.eu\/?s={search_term_string}\"},\"query-input\":\"required name=search_term_string\"}],\"inLanguage\":\"fr-FR\"},{\"@type\":[\"Organization\",\"Place\",\"Store\"],\"@id\":\"https:\/\/hotsmoke.eu\/#organization\",\"name\":\"HotSmoke\",\"alternateName\":\"Hot Smoke\",\"url\":\"https:\/\/hotsmoke.eu\/\",\"logo\":{\"@id\":\"https:\/\/hotsmoke.eu\/shop\/heat-not-burn-devices\/pluscig-s9\/#local-main-organization-logo\"},\"image\":{\"@id\":\"https:\/\/hotsmoke.eu\/shop\/heat-not-burn-devices\/pluscig-s9\/#local-main-organization-logo\"},\"sameAs\":[\"https:\/\/www.facebook.com\/hotsmoke.eu\",\"https:\/\/twitter.com\/HotSmokeoffici1\"],\"publishingPrinciples\":\"https:\/\/hotsmoke.eu\/heat-not-burn-electronic-cigarettes\/\",\"ownershipFundingInfo\":\"https:\/\/hotsmoke.eu\/terms-conditions\/\",\"actionableFeedbackPolicy\":\"https:\/\/hotsmoke.eu\/privacy-policy\/\",\"correctionsPolicy\":\"https:\/\/hotsmoke.eu\/privacy-policy\/\",\"ethicsPolicy\":\"https:\/\/hotsmoke.eu\/privacy-policy\/\",\"diversityPolicy\":\"https:\/\/hotsmoke.eu\/privacy-policy\/\",\"diversityStaffingReport\":\"https:\/\/hotsmoke.eu\/shipping-warranty\/\",\"address\":{\"@id\":\"https:\/\/hotsmoke.eu\/shop\/heat-not-burn-devices\/pluscig-s9\/#local-main-place-address\"},\"geo\":{\"@type\":\"GeoCoordinates\",\"latitude\":\"54.8733992\",\"longitude\":\"23.9492982\"},\"telephone\":[\"+37068673611\"],\"openingHoursSpecification\":[{\"@type\":\"OpeningHoursSpecification\",\"dayOfWeek\":[\"Monday\",\"Tuesday\",\"Wednesday\",\"Thursday\",\"Friday\"],\"opens\":\"10:00\",\"closes\":\"17:00\"},{\"@type\":\"OpeningHoursSpecification\",\"dayOfWeek\":[\"Saturday\",\"Sunday\"],\"opens\":\"00:00\",\"closes\":\"00:00\"}],\"email\":\"info@hotsmoke.eu\",\"areaServed\":\"Lithuania\",\"vatID\":\"LT100013495416\",\"priceRange\":\"$$\",\"currenciesAccepted\":\"Euro\",\"paymentAccepted\":\"Visa, mastercard\"},{\"@type\":\"PostalAddress\",\"@id\":\"https:\/\/hotsmoke.eu\/shop\/heat-not-burn-devices\/pluscig-s9\/#local-main-place-address\",\"streetAddress\":\"L.Ivinskio 18a, L.Ivinskio 18a\",\"addressLocality\":\"Kaunas\",\"postalCode\":\"45151\",\"addressRegion\":\"Lithuania\",\"addressCountry\":\"LT\"},{\"@type\":\"ImageObject\",\"inLanguage\":\"fr-FR\",\"@id\":\"https:\/\/hotsmoke.eu\/shop\/heat-not-burn-devices\/pluscig-s9\/#local-main-organization-logo\",\"url\":\"https:\/\/hotsmoke.eu\/wp-content\/uploads\/2022\/12\/hs_black.svg\",\"contentUrl\":\"https:\/\/hotsmoke.eu\/wp-content\/uploads\/2022\/12\/hs_black.svg\",\"caption\":\"HotSmoke\"}]}<\/script>\n<meta name=\"geo.placename\" content=\"Kaunas\" \/>\n<meta name=\"geo.position\" content=\"54.8733992;23.9492982\" \/>\n<meta name=\"geo.region\" content=\"Lituanie\" \/>\n<!-- \/ Yoast SEO Premium plugin. -->","yoast_head_json":{"title":"Pluscig S9 - HotSmoke","description":"Pluscig - S9 Heating cigarette system chaleur cigarette non br\u00fbl\u00e9e est le r\u00e9sultat d'une combinaison de technologies. Utilisation : HEETS, NEAFS, FIIT, NEXUS","robots":{"index":"index","follow":"follow","max-snippet":"max-snippet:-1","max-image-preview":"max-image-preview:large","max-video-preview":"max-video-preview:-1"},"canonical":"https:\/\/hotsmoke.eu\/fr\/shop\/appareils-a-tabac-chauffe\/pluscig-s9\/","og_locale":"fr_FR","og_type":"article","og_title":"Pluscig S9","og_description":"Pluscig - S9 Heating cigarette system heat not burn cigarette is the result of a combination of technology. Use: HEETS, NEAFS, FIIT, NEXUS","og_url":"https:\/\/hotsmoke.eu\/fr\/shop\/appareils-a-tabac-chauffe\/pluscig-s9\/","og_site_name":"HotSmoke","article_publisher":"https:\/\/www.facebook.com\/hotsmoke.eu","article_modified_time":"2026-04-27T20:30:36+00:00","og_image":[{"width":688,"height":890,"url":"https:\/\/hotsmoke.eu\/wp-content\/uploads\/2024\/05\/pluscig-s9-black-hotsmoke.lt_.webp","type":"image\/webp"}],"twitter_card":"summary_large_image","twitter_site":"@HotSmokeoffici1","twitter_misc":{"Availability":"In stock"},"schema":{"@context":"https:\/\/schema.org","@graph":[{"@type":["WebPage","ItemPage"],"@id":"https:\/\/hotsmoke.eu\/shop\/heat-not-burn-devices\/pluscig-s9\/","url":"https:\/\/hotsmoke.eu\/shop\/heat-not-burn-devices\/pluscig-s9\/","name":"Pluscig S9 - HotSmoke","isPartOf":{"@id":"https:\/\/hotsmoke.eu\/#website"},"datePublished":"2023-06-08T10:19:54+00:00","dateModified":"2026-04-27T20:30:36+00:00","description":"Pluscig - S9 Heating cigarette system chaleur cigarette non br\u00fbl\u00e9e est le r\u00e9sultat d'une combinaison de technologies. Utilisation : HEETS, NEAFS, FIIT, NEXUS","breadcrumb":{"@id":"https:\/\/hotsmoke.eu\/shop\/heat-not-burn-devices\/pluscig-s9\/#breadcrumb"},"inLanguage":"fr-FR","potentialAction":[{"@type":"ReadAction","target":["https:\/\/hotsmoke.eu\/shop\/heat-not-burn-devices\/pluscig-s9\/"]}]},{"@type":"BreadcrumbList","@id":"https:\/\/hotsmoke.eu\/shop\/heat-not-burn-devices\/pluscig-s9\/#breadcrumb","itemListElement":[{"@type":"ListItem","position":1,"name":"Home","item":"https:\/\/hotsmoke.eu\/"},{"@type":"ListItem","position":2,"name":"HeatSticks And Heat Not Burn Store","item":"https:\/\/hotsmoke.eu\/shop\/"},{"@type":"ListItem","position":3,"name":"Pluscig S9"}]},{"@type":"WebSite","@id":"https:\/\/hotsmoke.eu\/#website","url":"https:\/\/hotsmoke.eu\/","name":"Fum\u00e9e Chaude","description":"Appareils de cigarettes chauff\u00e9es \u00e0 l'\u00e9tat chaud pas br\u00fbl\u00e9 | HotSmoke","publisher":{"@id":"https:\/\/hotsmoke.eu\/#organization"},"alternateName":"hotsmoke","potentialAction":[{"@type":"SearchAction","target":{"@type":"EntryPoint","urlTemplate":"https:\/\/hotsmoke.eu\/?s={search_term_string}"},"query-input":"required name=search_term_string"}],"inLanguage":"fr-FR"},{"@type":["Organization","Place","Store"],"@id":"https:\/\/hotsmoke.eu\/#organization","name":"Fum\u00e9e Chaude","alternateName":"Hot Smoke","url":"https:\/\/hotsmoke.eu\/","logo":{"@id":"https:\/\/hotsmoke.eu\/shop\/heat-not-burn-devices\/pluscig-s9\/#local-main-organization-logo"},"image":{"@id":"https:\/\/hotsmoke.eu\/shop\/heat-not-burn-devices\/pluscig-s9\/#local-main-organization-logo"},"sameAs":["https:\/\/www.facebook.com\/hotsmoke.eu","https:\/\/twitter.com\/HotSmokeoffici1"],"publishingPrinciples":"https:\/\/hotsmoke.eu\/heat-not-burn-electronic-cigarettes\/","ownershipFundingInfo":"https:\/\/hotsmoke.eu\/terms-conditions\/","actionableFeedbackPolicy":"https:\/\/hotsmoke.eu\/privacy-policy\/","correctionsPolicy":"https:\/\/hotsmoke.eu\/privacy-policy\/","ethicsPolicy":"https:\/\/hotsmoke.eu\/privacy-policy\/","diversityPolicy":"https:\/\/hotsmoke.eu\/privacy-policy\/","diversityStaffingReport":"https:\/\/hotsmoke.eu\/shipping-warranty\/","address":{"@id":"https:\/\/hotsmoke.eu\/shop\/heat-not-burn-devices\/pluscig-s9\/#local-main-place-address"},"geo":{"@type":"GeoCoordinates","latitude":"54.8733992","longitude":"23.9492982"},"telephone":["+37068673611"],"openingHoursSpecification":[{"@type":"OpeningHoursSpecification","dayOfWeek":["Monday","Tuesday","Wednesday","Thursday","Friday"],"opens":"10:00","closes":"17:00"},{"@type":"OpeningHoursSpecification","dayOfWeek":["Saturday","Sunday"],"opens":"00:00","closes":"00:00"}],"email":"info@hotsmoke.eu","areaServed":"Lithuania","vatID":"LT100013495416","priceRange":"$$","currenciesAccepted":"Euro","paymentAccepted":"Visa, mastercard"},{"@type":"PostalAddress","@id":"https:\/\/hotsmoke.eu\/shop\/heat-not-burn-devices\/pluscig-s9\/#local-main-place-address","streetAddress":"L.Ivinskio 18a, L.Ivinskio 18a","addressLocality":"Kaunas","postalCode":"45151","addressRegion":"Lithuania","addressCountry":"LT"},{"@type":"ImageObject","inLanguage":"fr-FR","@id":"https:\/\/hotsmoke.eu\/shop\/heat-not-burn-devices\/pluscig-s9\/#local-main-organization-logo","url":"https:\/\/hotsmoke.eu\/wp-content\/uploads\/2022\/12\/hs_black.svg","contentUrl":"https:\/\/hotsmoke.eu\/wp-content\/uploads\/2022\/12\/hs_black.svg","caption":"HotSmoke"}]},"geo.placename":"Kaunas","geo.position":{"lat":"54.8733992","long":"23.9492982"},"geo.region":"Lituanie"},"_links":{"self":[{"href":"https:\/\/hotsmoke.eu\/fr\/wp-json\/wp\/v2\/product\/12917","targetHints":{"allow":["GET"]}}],"collection":[{"href":"https:\/\/hotsmoke.eu\/fr\/wp-json\/wp\/v2\/product"}],"about":[{"href":"https:\/\/hotsmoke.eu\/fr\/wp-json\/wp\/v2\/types\/product"}],"replies":[{"embeddable":true,"href":"https:\/\/hotsmoke.eu\/fr\/wp-json\/wp\/v2\/comments?post=12917"}],"wp:featuredmedia":[{"embeddable":true,"href":"https:\/\/hotsmoke.eu\/fr\/wp-json\/wp\/v2\/media\/25367"}],"wp:attachment":[{"href":"https:\/\/hotsmoke.eu\/fr\/wp-json\/wp\/v2\/media?parent=12917"}],"wp:term":[{"taxonomy":"product_cat","embeddable":true,"href":"https:\/\/hotsmoke.eu\/fr\/wp-json\/wp\/v2\/product_cat?post=12917"},{"taxonomy":"product_tag","embeddable":true,"href":"https:\/\/hotsmoke.eu\/fr\/wp-json\/wp\/v2\/product_tag?post=12917"}],"curies":[{"name":"wp","href":"https:\/\/api.w.org\/{rel}","templated":true}]}}