{"id":11737,"date":"2022-03-07T11:15:57","date_gmt":"2022-03-07T11:15:57","guid":{"rendered":"https:\/\/hotsmoke.eu\/?post_type=product&#038;p=11737"},"modified":"2024-04-12T20:27:40","modified_gmt":"2024-04-12T20:27:40","slug":"hitaste-hi10","status":"publish","type":"product","link":"https:\/\/hotsmoke.eu\/fr\/shop\/heat-not-burn-devices\/hitaste-hi10\/","title":{"rendered":"Hitaste HI10"},"content":{"rendered":"","protected":false},"excerpt":{"rendered":"<h2>\u00c0 PROPOS DU SYST\u00c8ME HNB<\/h2>\n<p>HiTaste \u2013 HI10 Syst\u00e8me de cigarettes chauff\u00e9es (chauffer sans br\u00fbler) est le r\u00e9sultat d'une combinaison de technologie, d'art contemporain et de mode. Ce sont des produits de classe \u00e9conomique, esth\u00e9tiques, qui s'attribuent les caract\u00e9ristiques de \u201c mode de vie branch\u00e9 \u201d et de \u201c plaisir de fumer plus sain \u201d. HiTaste est fabriqu\u00e9 en Chine, dans la province de Shenzen, consid\u00e9r\u00e9e comme le plus grand centre d'approvisionnement pour les cigarettes chauff\u00e9es.<\/p>\n<p>Avec une cigarette (syst\u00e8me) enti\u00e8rement charg\u00e9e, vous pouvez effectuer 35 cycles de chauffe complets. Cela signifie que vous n'avez pas besoin de la recharger apr\u00e8s chaque processus de chauffe de 3 minutes.<\/p>\n<h2>HI10 AVANTAGES<\/h2>\n<ul>\n<li>Fonction autonettoyante.<\/li>\n<li>Connexion Bluetooth au t\u00e9l\u00e9phone.<\/li>\n<li>Haute qualit\u00e9.<\/li>\n<li>Fonction de tir.<\/li>\n<li>Contr\u00f4le du temps de fumage et de la temp\u00e9rature de chauffage.<\/li>\n<li>Batterie extra large 3200 mAh.<\/li>\n<li>\u00c9cran OLED HD.<\/li>\n<li>R\u00e9sistant au gel !<\/li>\n<li>USB Type \u2013 C.<\/li>\n<li>Aiguille c\u00e9ramique double.<\/li>\n<li>Hauts niveaux de fum\u00e9e (temp\u00e9rature de pointe)<\/li>\n<li>Pratique, petit. Hauteur de seulement 10 cm.<\/li>\n<li>Utilisation : HEETS, UNICCO, FIIT, HECCIG et autres b\u00e2tonnets chauffants de taille HEETS.<\/li>\n<\/ul>\n<p>Garantie HotSmoke de 12 mois.<\/p>","protected":false},"featured_media":11744,"comment_status":"open","ping_status":"closed","template":"","meta":{"inline_featured_image":false},"product_cat":[18,113],"product_tag":[],"class_list":["post-11737","product","type-product","status-publish","has-post-thumbnail","hentry","product_brand-hitaste","product_cat-heat-not-burn-devices","product_cat-with-heater"],"acf":[],"yoast_head":"<!-- This site is optimized with the Yoast SEO Premium plugin v20.11 (Yoast SEO v20.11) - https:\/\/yoast.com\/wordpress\/plugins\/seo\/ -->\n<title>Hitaste HI10 - HotSmoke<\/title>\n<meta name=\"description\" content=\"HiTaste - HI10 Heating cigarette system (heat not burn) cigarette is the result of a combination of technology, Use heatsticks like heets.\" \/>\n<meta name=\"robots\" content=\"index, follow, max-snippet:-1, max-image-preview:large, max-video-preview:-1\" \/>\n<link rel=\"canonical\" href=\"https:\/\/hotsmoke.eu\/fr\/shop\/appareils-a-tabac-chauffe\/hitaste-hi10\/\" \/>\n<meta property=\"og:locale\" content=\"fr_FR\" \/>\n<meta property=\"og:type\" content=\"article\" \/>\n<meta property=\"og:title\" content=\"Hitaste HI10\" \/>\n<meta property=\"og:description\" content=\"HiTaste - HI10 Heating cigarette system (heat not burn) cigarette is the result of a combination of technology, Use heatsticks like heets.\" \/>\n<meta property=\"og:url\" content=\"https:\/\/hotsmoke.eu\/fr\/shop\/appareils-a-tabac-chauffe\/hitaste-hi10\/\" \/>\n<meta property=\"og:site_name\" content=\"HotSmoke\" \/>\n<meta property=\"article:publisher\" content=\"https:\/\/www.facebook.com\/hotsmoke.eu\" \/>\n<meta property=\"article:modified_time\" content=\"2024-04-12T20:27:40+00:00\" \/>\n<meta property=\"og:image\" content=\"https:\/\/hotsmoke.eu\/wp-content\/uploads\/2022\/03\/hitaste-hi10-hotsmoke.eu_-1.webp\" \/>\n\t<meta property=\"og:image:width\" content=\"664\" \/>\n\t<meta property=\"og:image:height\" content=\"612\" \/>\n\t<meta property=\"og:image:type\" content=\"image\/webp\" \/>\n<meta name=\"twitter:card\" content=\"summary_large_image\" \/>\n<meta name=\"twitter:site\" content=\"@HotSmokeoffici1\" \/>\n<meta name=\"twitter:label1\" content=\"Availability\" \/>\n\t<meta name=\"twitter:data1\" content=\"Out of stock\" \/>\n<script type=\"application\/ld+json\" class=\"yoast-schema-graph\">{\"@context\":\"https:\/\/schema.org\",\"@graph\":[{\"@type\":[\"WebPage\",\"ItemPage\"],\"@id\":\"https:\/\/hotsmoke.eu\/shop\/heat-not-burn-devices\/hitaste-hi10\/\",\"url\":\"https:\/\/hotsmoke.eu\/shop\/heat-not-burn-devices\/hitaste-hi10\/\",\"name\":\"Hitaste HI10 - HotSmoke\",\"isPartOf\":{\"@id\":\"https:\/\/hotsmoke.eu\/#website\"},\"datePublished\":\"2022-03-07T11:15:57+00:00\",\"dateModified\":\"2024-04-12T20:27:40+00:00\",\"description\":\"HiTaste - HI10 Heating cigarette system (heat not burn) cigarette is the result of a combination of technology, Use heatsticks like heets.\",\"breadcrumb\":{\"@id\":\"https:\/\/hotsmoke.eu\/shop\/heat-not-burn-devices\/hitaste-hi10\/#breadcrumb\"},\"inLanguage\":\"fr-FR\",\"potentialAction\":[{\"@type\":\"ReadAction\",\"target\":[\"https:\/\/hotsmoke.eu\/shop\/heat-not-burn-devices\/hitaste-hi10\/\"]}]},{\"@type\":\"BreadcrumbList\",\"@id\":\"https:\/\/hotsmoke.eu\/shop\/heat-not-burn-devices\/hitaste-hi10\/#breadcrumb\",\"itemListElement\":[{\"@type\":\"ListItem\",\"position\":1,\"name\":\"Home\",\"item\":\"https:\/\/hotsmoke.eu\/\"},{\"@type\":\"ListItem\",\"position\":2,\"name\":\"HeatSticks And Heat Not Burn Store\",\"item\":\"https:\/\/hotsmoke.eu\/shop\/\"},{\"@type\":\"ListItem\",\"position\":3,\"name\":\"Hitaste HI10\"}]},{\"@type\":\"WebSite\",\"@id\":\"https:\/\/hotsmoke.eu\/#website\",\"url\":\"https:\/\/hotsmoke.eu\/\",\"name\":\"HotSmoke\",\"description\":\"Heat Not Burn Heating Cigarettes Devices Shop | HotSmoke\",\"publisher\":{\"@id\":\"https:\/\/hotsmoke.eu\/#organization\"},\"alternateName\":\"hotsmoke\",\"potentialAction\":[{\"@type\":\"SearchAction\",\"target\":{\"@type\":\"EntryPoint\",\"urlTemplate\":\"https:\/\/hotsmoke.eu\/?s={search_term_string}\"},\"query-input\":\"required name=search_term_string\"}],\"inLanguage\":\"fr-FR\"},{\"@type\":[\"Organization\",\"Place\",\"Store\"],\"@id\":\"https:\/\/hotsmoke.eu\/#organization\",\"name\":\"HotSmoke\",\"alternateName\":\"Hot Smoke\",\"url\":\"https:\/\/hotsmoke.eu\/\",\"logo\":{\"@id\":\"https:\/\/hotsmoke.eu\/shop\/heat-not-burn-devices\/hitaste-hi10\/#local-main-organization-logo\"},\"image\":{\"@id\":\"https:\/\/hotsmoke.eu\/shop\/heat-not-burn-devices\/hitaste-hi10\/#local-main-organization-logo\"},\"sameAs\":[\"https:\/\/www.facebook.com\/hotsmoke.eu\",\"https:\/\/twitter.com\/HotSmokeoffici1\"],\"publishingPrinciples\":\"https:\/\/hotsmoke.eu\/heat-not-burn-electronic-cigarettes\/\",\"ownershipFundingInfo\":\"https:\/\/hotsmoke.eu\/terms-conditions\/\",\"actionableFeedbackPolicy\":\"https:\/\/hotsmoke.eu\/privacy-policy\/\",\"correctionsPolicy\":\"https:\/\/hotsmoke.eu\/privacy-policy\/\",\"ethicsPolicy\":\"https:\/\/hotsmoke.eu\/privacy-policy\/\",\"diversityPolicy\":\"https:\/\/hotsmoke.eu\/privacy-policy\/\",\"diversityStaffingReport\":\"https:\/\/hotsmoke.eu\/shipping-warranty\/\",\"address\":{\"@id\":\"https:\/\/hotsmoke.eu\/shop\/heat-not-burn-devices\/hitaste-hi10\/#local-main-place-address\"},\"geo\":{\"@type\":\"GeoCoordinates\",\"latitude\":\"54.8733992\",\"longitude\":\"23.9492982\"},\"telephone\":[\"+37068673611\"],\"openingHoursSpecification\":[{\"@type\":\"OpeningHoursSpecification\",\"dayOfWeek\":[\"Monday\",\"Tuesday\",\"Wednesday\",\"Thursday\",\"Friday\"],\"opens\":\"10:00\",\"closes\":\"17:00\"},{\"@type\":\"OpeningHoursSpecification\",\"dayOfWeek\":[\"Saturday\",\"Sunday\"],\"opens\":\"00:00\",\"closes\":\"00:00\"}],\"email\":\"info@hotsmoke.eu\",\"areaServed\":\"Lithuania\",\"vatID\":\"LT100013495416\",\"priceRange\":\"$$\",\"currenciesAccepted\":\"Euro\",\"paymentAccepted\":\"Visa, mastercard\"},{\"@type\":\"PostalAddress\",\"@id\":\"https:\/\/hotsmoke.eu\/shop\/heat-not-burn-devices\/hitaste-hi10\/#local-main-place-address\",\"streetAddress\":\"L.Ivinskio 18a, L.Ivinskio 18a\",\"addressLocality\":\"Kaunas\",\"postalCode\":\"45151\",\"addressRegion\":\"Lithuania\",\"addressCountry\":\"LT\"},{\"@type\":\"ImageObject\",\"inLanguage\":\"fr-FR\",\"@id\":\"https:\/\/hotsmoke.eu\/shop\/heat-not-burn-devices\/hitaste-hi10\/#local-main-organization-logo\",\"url\":\"https:\/\/hotsmoke.eu\/wp-content\/uploads\/2022\/12\/hs_black.svg\",\"contentUrl\":\"https:\/\/hotsmoke.eu\/wp-content\/uploads\/2022\/12\/hs_black.svg\",\"caption\":\"HotSmoke\"}]}<\/script>\n<meta name=\"geo.placename\" content=\"Kaunas\" \/>\n<meta name=\"geo.position\" content=\"54.8733992;23.9492982\" \/>\n<meta name=\"geo.region\" content=\"Lituanie\" \/>\n<!-- \/ Yoast SEO Premium plugin. -->","yoast_head_json":{"title":"Hitaste HI10 - HotSmoke","description":"HiTaste - HI10 Syst\u00e8me de cigarettes chauffantes (chauffer pas br\u00fbler) la cigarette est le r\u00e9sultat d'une combinaison de technologie, utilisez des heatsticks comme les heets.","robots":{"index":"index","follow":"follow","max-snippet":"max-snippet:-1","max-image-preview":"max-image-preview:large","max-video-preview":"max-video-preview:-1"},"canonical":"https:\/\/hotsmoke.eu\/fr\/shop\/appareils-a-tabac-chauffe\/hitaste-hi10\/","og_locale":"fr_FR","og_type":"article","og_title":"Hitaste HI10","og_description":"HiTaste - HI10 Heating cigarette system (heat not burn) cigarette is the result of a combination of technology, Use heatsticks like heets.","og_url":"https:\/\/hotsmoke.eu\/fr\/shop\/appareils-a-tabac-chauffe\/hitaste-hi10\/","og_site_name":"HotSmoke","article_publisher":"https:\/\/www.facebook.com\/hotsmoke.eu","article_modified_time":"2024-04-12T20:27:40+00:00","og_image":[{"width":664,"height":612,"url":"https:\/\/hotsmoke.eu\/wp-content\/uploads\/2022\/03\/hitaste-hi10-hotsmoke.eu_-1.webp","type":"image\/webp"}],"twitter_card":"summary_large_image","twitter_site":"@HotSmokeoffici1","twitter_misc":{"Availability":"Out of stock"},"schema":{"@context":"https:\/\/schema.org","@graph":[{"@type":["WebPage","ItemPage"],"@id":"https:\/\/hotsmoke.eu\/shop\/heat-not-burn-devices\/hitaste-hi10\/","url":"https:\/\/hotsmoke.eu\/shop\/heat-not-burn-devices\/hitaste-hi10\/","name":"Hitaste HI10 - HotSmoke","isPartOf":{"@id":"https:\/\/hotsmoke.eu\/#website"},"datePublished":"2022-03-07T11:15:57+00:00","dateModified":"2024-04-12T20:27:40+00:00","description":"HiTaste - HI10 Syst\u00e8me de cigarettes chauffantes (chauffer pas br\u00fbler) la cigarette est le r\u00e9sultat d'une combinaison de technologie, utilisez des heatsticks comme les heets.","breadcrumb":{"@id":"https:\/\/hotsmoke.eu\/shop\/heat-not-burn-devices\/hitaste-hi10\/#breadcrumb"},"inLanguage":"fr-FR","potentialAction":[{"@type":"ReadAction","target":["https:\/\/hotsmoke.eu\/shop\/heat-not-burn-devices\/hitaste-hi10\/"]}]},{"@type":"BreadcrumbList","@id":"https:\/\/hotsmoke.eu\/shop\/heat-not-burn-devices\/hitaste-hi10\/#breadcrumb","itemListElement":[{"@type":"ListItem","position":1,"name":"Home","item":"https:\/\/hotsmoke.eu\/"},{"@type":"ListItem","position":2,"name":"HeatSticks And Heat Not Burn Store","item":"https:\/\/hotsmoke.eu\/shop\/"},{"@type":"ListItem","position":3,"name":"Hitaste HI10"}]},{"@type":"WebSite","@id":"https:\/\/hotsmoke.eu\/#website","url":"https:\/\/hotsmoke.eu\/","name":"Fum\u00e9e Chaude","description":"Appareils de cigarettes chauff\u00e9es \u00e0 l'\u00e9tat chaud pas br\u00fbl\u00e9 | HotSmoke","publisher":{"@id":"https:\/\/hotsmoke.eu\/#organization"},"alternateName":"hotsmoke","potentialAction":[{"@type":"SearchAction","target":{"@type":"EntryPoint","urlTemplate":"https:\/\/hotsmoke.eu\/?s={search_term_string}"},"query-input":"required name=search_term_string"}],"inLanguage":"fr-FR"},{"@type":["Organization","Place","Store"],"@id":"https:\/\/hotsmoke.eu\/#organization","name":"Fum\u00e9e Chaude","alternateName":"Hot Smoke","url":"https:\/\/hotsmoke.eu\/","logo":{"@id":"https:\/\/hotsmoke.eu\/shop\/heat-not-burn-devices\/hitaste-hi10\/#local-main-organization-logo"},"image":{"@id":"https:\/\/hotsmoke.eu\/shop\/heat-not-burn-devices\/hitaste-hi10\/#local-main-organization-logo"},"sameAs":["https:\/\/www.facebook.com\/hotsmoke.eu","https:\/\/twitter.com\/HotSmokeoffici1"],"publishingPrinciples":"https:\/\/hotsmoke.eu\/heat-not-burn-electronic-cigarettes\/","ownershipFundingInfo":"https:\/\/hotsmoke.eu\/terms-conditions\/","actionableFeedbackPolicy":"https:\/\/hotsmoke.eu\/privacy-policy\/","correctionsPolicy":"https:\/\/hotsmoke.eu\/privacy-policy\/","ethicsPolicy":"https:\/\/hotsmoke.eu\/privacy-policy\/","diversityPolicy":"https:\/\/hotsmoke.eu\/privacy-policy\/","diversityStaffingReport":"https:\/\/hotsmoke.eu\/shipping-warranty\/","address":{"@id":"https:\/\/hotsmoke.eu\/shop\/heat-not-burn-devices\/hitaste-hi10\/#local-main-place-address"},"geo":{"@type":"GeoCoordinates","latitude":"54.8733992","longitude":"23.9492982"},"telephone":["+37068673611"],"openingHoursSpecification":[{"@type":"OpeningHoursSpecification","dayOfWeek":["Monday","Tuesday","Wednesday","Thursday","Friday"],"opens":"10:00","closes":"17:00"},{"@type":"OpeningHoursSpecification","dayOfWeek":["Saturday","Sunday"],"opens":"00:00","closes":"00:00"}],"email":"info@hotsmoke.eu","areaServed":"Lithuania","vatID":"LT100013495416","priceRange":"$$","currenciesAccepted":"Euro","paymentAccepted":"Visa, mastercard"},{"@type":"PostalAddress","@id":"https:\/\/hotsmoke.eu\/shop\/heat-not-burn-devices\/hitaste-hi10\/#local-main-place-address","streetAddress":"L.Ivinskio 18a, L.Ivinskio 18a","addressLocality":"Kaunas","postalCode":"45151","addressRegion":"Lithuania","addressCountry":"LT"},{"@type":"ImageObject","inLanguage":"fr-FR","@id":"https:\/\/hotsmoke.eu\/shop\/heat-not-burn-devices\/hitaste-hi10\/#local-main-organization-logo","url":"https:\/\/hotsmoke.eu\/wp-content\/uploads\/2022\/12\/hs_black.svg","contentUrl":"https:\/\/hotsmoke.eu\/wp-content\/uploads\/2022\/12\/hs_black.svg","caption":"HotSmoke"}]},"geo.placename":"Kaunas","geo.position":{"lat":"54.8733992","long":"23.9492982"},"geo.region":"Lituanie"},"_links":{"self":[{"href":"https:\/\/hotsmoke.eu\/fr\/wp-json\/wp\/v2\/product\/11737","targetHints":{"allow":["GET"]}}],"collection":[{"href":"https:\/\/hotsmoke.eu\/fr\/wp-json\/wp\/v2\/product"}],"about":[{"href":"https:\/\/hotsmoke.eu\/fr\/wp-json\/wp\/v2\/types\/product"}],"replies":[{"embeddable":true,"href":"https:\/\/hotsmoke.eu\/fr\/wp-json\/wp\/v2\/comments?post=11737"}],"wp:featuredmedia":[{"embeddable":true,"href":"https:\/\/hotsmoke.eu\/fr\/wp-json\/wp\/v2\/media\/11744"}],"wp:attachment":[{"href":"https:\/\/hotsmoke.eu\/fr\/wp-json\/wp\/v2\/media?parent=11737"}],"wp:term":[{"taxonomy":"product_cat","embeddable":true,"href":"https:\/\/hotsmoke.eu\/fr\/wp-json\/wp\/v2\/product_cat?post=11737"},{"taxonomy":"product_tag","embeddable":true,"href":"https:\/\/hotsmoke.eu\/fr\/wp-json\/wp\/v2\/product_tag?post=11737"}],"curies":[{"name":"wp","href":"https:\/\/api.w.org\/{rel}","templated":true}]}}