{"id":623,"date":"2021-06-02T19:21:52","date_gmt":"2021-06-02T19:21:52","guid":{"rendered":"https:\/\/hotsmoke.eu\/?page_id=623"},"modified":"2026-04-27T14:20:01","modified_gmt":"2026-04-27T14:20:01","slug":"cigarettes-heatsticks","status":"publish","type":"page","link":"https:\/\/hotsmoke.eu\/fr\/ccobato-cigarettes-heatsticks\/","title":{"rendered":"CCOBATO &amp; UNICCO : B\u00e2tonnets chauffants \u00e0 base de plantes, sans tabac, haut de gamme"},"content":{"rendered":"<p>Cr\u00e9\u00e9e en avril 2019, <strong>Ccobato (Shenzhen) Technology Ltd<\/strong> est rapidement devenu un pionnier dans l'industrie du \u201c\u00a0heat-not-burn\u00a0\u201d. Guid\u00e9e par une philosophie de \u00ab\u00a0mentalit\u00e9 saine, produits sains, vie saine\u00a0\u00bb, l'entreprise se consacre \u00e0 fournir des alternatives innovantes et de haute qualit\u00e9 aux consommateurs modernes \u00e0 la recherche d'un rituel de tabagisme plus propre.<\/p>\n\n\n\n<p><strong>CCOBATO : L'envers du tabac<\/strong> CCOBATO est notre marque phare de <strong>b\u00e2tonnets \u00e0 base de plantes sans nicotine<\/strong>. Fid\u00e8le \u00e0 son nom \u2013 une anagramme cr\u00e9ative de \u201c Tobacco \u201d \u2013 la marque repr\u00e9sente un engagement total envers un mode de vie sans tabac et sans nicotine. Ces b\u00e2tonnets sont con\u00e7us pour aider les fumeurs habituels \u00e0 passer \u00e0 une exp\u00e9rience plus saine, sans m\u00e9taux lourds nocifs ni fum\u00e9es toxiques.<\/p>\n\n\n\n<p>En f\u00e9vrier 2020, CCOBATO Electronic Herbal a pass\u00e9 avec succ\u00e8s des contr\u00f4les rigoureux <strong>Tests JFRL<\/strong> (Centre de recherche et d'analyse alimentaire du Japon) et <strong>Tests de s\u00e9curit\u00e9 TCT<\/strong>, certifiant que les produits sont exempts de nicotine, de tabac et de sous-produits de combustion nocifs.<\/p>\n\n\n\n<p><strong>UNICCO : Le choix \u00e0 base de plantes avec sel de nicotine<\/strong> Pour ceux qui veulent la puret\u00e9 des herbes tout en ayant besoin de la satisfaction de la nicotine, nous proposons <strong>UNICCO<\/strong>:<\/p>\n\n\n\n<ul class=\"wp-block-list\">\n<li><strong>Innovation \u00e0 base de plantes :<\/strong> Les b\u00e2tons UNICCO sont faits \u00e0 partir d'un m\u00e9lange d'herbes biologiques, 100% sans tabac.<\/li>\n\n\n\n<li><strong>Infusion de sel de nicotine :<\/strong> Ces b\u00e2tonnets contiennent des sels de nicotine de haute qualit\u00e9 pour offrir une exp\u00e9rience famili\u00e8re et satisfaisante.<\/li>\n\n\n\n<li><strong>Qualit\u00e9 sup\u00e9rieure :<\/strong> \u00c0 l'instar de CCOBATO, UNICCO met l'accent sur la s\u00e9curit\u00e9 et un go\u00fbt raffin\u00e9 et doux.<\/li>\n<\/ul>\n\n\n\n<p><strong>Compatibilit\u00e9 universelle<\/strong> Les deux chaufferettes CCOBATO et UNICCO sont con\u00e7ues pour une performance maximale et sont <strong>enti\u00e8rement compatible<\/strong> avec tous les principaux appareils de tabac chauff\u00e9, y compris :<\/p>\n\n\n\n<ul class=\"wp-block-list\">\n<li><strong>IQOS, HITASTE, ISMOD, NEAFS<\/strong> et d'autres syst\u00e8mes HNB modernes.<\/li>\n<\/ul>","protected":false},"excerpt":{"rendered":"<p>Established in April 2019, Ccobato (Shenzhen) Technology Ltd has quickly become a pioneer in the heat-not-burn industry. Driven by a [&hellip;]<\/p>\n","protected":false},"author":17,"featured_media":0,"parent":0,"menu_order":0,"comment_status":"closed","ping_status":"closed","template":"","meta":{"inline_featured_image":false,"footnotes":""},"class_list":["post-623","page","type-page","status-publish","hentry"],"acf":[],"yoast_head":"<!-- This site is optimized with the Yoast SEO Premium plugin v20.11 (Yoast SEO v20.11) - https:\/\/yoast.com\/wordpress\/plugins\/seo\/ -->\n<title>CCOBATO &amp; UNICCO | Premium Nicotine-Free Herbal Heatsticks<\/title>\n<meta name=\"description\" content=\"Discover CCOBATO and UNICCO herbal heatsticks. 100% tobacco-free, lab-tested, and compatible with IQOS &amp; HITASTE. Shop the alternatives now.\" \/>\n<meta name=\"robots\" content=\"index, follow, max-snippet:-1, max-image-preview:large, max-video-preview:-1\" \/>\n<link rel=\"canonical\" href=\"https:\/\/hotsmoke.eu\/fr\/cigarettes-heatsticks\/\" \/>\n<meta property=\"og:locale\" content=\"fr_FR\" \/>\n<meta property=\"og:type\" content=\"article\" \/>\n<meta property=\"og:title\" content=\"CCOBATO &amp; UNICCO: Premium Tobacco-Free Herbal Heatsticks\" \/>\n<meta property=\"og:description\" content=\"Established in April 2019, Ccobato (Shenzhen) Technology Ltd has quickly become a pioneer in the heat-not-burn industry. Driven by a philosophy of\" \/>\n<meta property=\"og:url\" content=\"https:\/\/hotsmoke.eu\/fr\/cigarettes-heatsticks\/\" \/>\n<meta property=\"og:site_name\" content=\"HotSmoke\" \/>\n<meta property=\"article:publisher\" content=\"https:\/\/www.facebook.com\/hotsmoke.eu\" \/>\n<meta property=\"article:modified_time\" content=\"2026-04-27T14:20:01+00:00\" \/>\n<meta property=\"og:image\" content=\"https:\/\/hotsmoke.eu\/wp-content\/uploads\/2024\/04\/heatsticks-hotsmoke.eu_.webp\" \/>\n\t<meta property=\"og:image:width\" content=\"350\" \/>\n\t<meta property=\"og:image:height\" content=\"350\" \/>\n\t<meta property=\"og:image:type\" content=\"image\/webp\" \/>\n<meta name=\"twitter:card\" content=\"summary_large_image\" \/>\n<meta name=\"twitter:site\" content=\"@HotSmokeoffici1\" \/>\n<meta name=\"twitter:label1\" content=\"Dur\u00e9e de lecture estim\u00e9e\" \/>\n\t<meta name=\"twitter:data1\" content=\"2 minutes\" \/>\n<script type=\"application\/ld+json\" class=\"yoast-schema-graph\">{\"@context\":\"https:\/\/schema.org\",\"@graph\":[{\"@type\":\"WebPage\",\"@id\":\"https:\/\/hotsmoke.eu\/ccobato-cigarettes-heatsticks\/\",\"url\":\"https:\/\/hotsmoke.eu\/ccobato-cigarettes-heatsticks\/\",\"name\":\"CCOBATO & UNICCO | Premium Nicotine-Free Herbal Heatsticks\",\"isPartOf\":{\"@id\":\"https:\/\/hotsmoke.eu\/#website\"},\"datePublished\":\"2021-06-02T19:21:52+00:00\",\"dateModified\":\"2026-04-27T14:20:01+00:00\",\"description\":\"Discover CCOBATO and UNICCO herbal heatsticks. 100% tobacco-free, lab-tested, and compatible with IQOS & HITASTE. Shop the alternatives now.\",\"breadcrumb\":{\"@id\":\"https:\/\/hotsmoke.eu\/ccobato-cigarettes-heatsticks\/#breadcrumb\"},\"inLanguage\":\"fr-FR\",\"potentialAction\":[{\"@type\":\"ReadAction\",\"target\":[\"https:\/\/hotsmoke.eu\/ccobato-cigarettes-heatsticks\/\"]}]},{\"@type\":\"BreadcrumbList\",\"@id\":\"https:\/\/hotsmoke.eu\/ccobato-cigarettes-heatsticks\/#breadcrumb\",\"itemListElement\":[{\"@type\":\"ListItem\",\"position\":1,\"name\":\"Home\",\"item\":\"https:\/\/hotsmoke.eu\/\"},{\"@type\":\"ListItem\",\"position\":2,\"name\":\"CCOBATO &amp; UNICCO: Premium Tobacco-Free Herbal Heatsticks\"}]},{\"@type\":\"WebSite\",\"@id\":\"https:\/\/hotsmoke.eu\/#website\",\"url\":\"https:\/\/hotsmoke.eu\/\",\"name\":\"HotSmoke\",\"description\":\"Heat Not Burn Heating Cigarettes Devices Shop | HotSmoke\",\"publisher\":{\"@id\":\"https:\/\/hotsmoke.eu\/#organization\"},\"alternateName\":\"hotsmoke\",\"potentialAction\":[{\"@type\":\"SearchAction\",\"target\":{\"@type\":\"EntryPoint\",\"urlTemplate\":\"https:\/\/hotsmoke.eu\/?s={search_term_string}\"},\"query-input\":\"required name=search_term_string\"}],\"inLanguage\":\"fr-FR\"},{\"@type\":[\"Organization\",\"Place\",\"Store\"],\"@id\":\"https:\/\/hotsmoke.eu\/#organization\",\"name\":\"HotSmoke\",\"alternateName\":\"Hot Smoke\",\"url\":\"https:\/\/hotsmoke.eu\/\",\"logo\":{\"@id\":\"https:\/\/hotsmoke.eu\/ccobato-cigarettes-heatsticks\/#local-main-organization-logo\"},\"image\":{\"@id\":\"https:\/\/hotsmoke.eu\/ccobato-cigarettes-heatsticks\/#local-main-organization-logo\"},\"sameAs\":[\"https:\/\/www.facebook.com\/hotsmoke.eu\",\"https:\/\/twitter.com\/HotSmokeoffici1\"],\"publishingPrinciples\":\"https:\/\/hotsmoke.eu\/heat-not-burn-electronic-cigarettes\/\",\"ownershipFundingInfo\":\"https:\/\/hotsmoke.eu\/terms-conditions\/\",\"actionableFeedbackPolicy\":\"https:\/\/hotsmoke.eu\/privacy-policy\/\",\"correctionsPolicy\":\"https:\/\/hotsmoke.eu\/privacy-policy\/\",\"ethicsPolicy\":\"https:\/\/hotsmoke.eu\/privacy-policy\/\",\"diversityPolicy\":\"https:\/\/hotsmoke.eu\/privacy-policy\/\",\"diversityStaffingReport\":\"https:\/\/hotsmoke.eu\/shipping-warranty\/\",\"address\":{\"@id\":\"https:\/\/hotsmoke.eu\/ccobato-cigarettes-heatsticks\/#local-main-place-address\"},\"geo\":{\"@type\":\"GeoCoordinates\",\"latitude\":\"54.8733992\",\"longitude\":\"23.9492982\"},\"telephone\":[\"+37068673611\"],\"openingHoursSpecification\":[{\"@type\":\"OpeningHoursSpecification\",\"dayOfWeek\":[\"Monday\",\"Tuesday\",\"Wednesday\",\"Thursday\",\"Friday\"],\"opens\":\"10:00\",\"closes\":\"17:00\"},{\"@type\":\"OpeningHoursSpecification\",\"dayOfWeek\":[\"Saturday\",\"Sunday\"],\"opens\":\"00:00\",\"closes\":\"00:00\"}],\"email\":\"info@hotsmoke.eu\",\"areaServed\":\"Lithuania\",\"vatID\":\"LT100013495416\",\"priceRange\":\"$$\",\"currenciesAccepted\":\"Euro\",\"paymentAccepted\":\"Visa, mastercard\"},{\"@type\":\"PostalAddress\",\"@id\":\"https:\/\/hotsmoke.eu\/ccobato-cigarettes-heatsticks\/#local-main-place-address\",\"streetAddress\":\"L.Ivinskio 18a, L.Ivinskio 18a\",\"addressLocality\":\"Kaunas\",\"postalCode\":\"45151\",\"addressRegion\":\"Lithuania\",\"addressCountry\":\"LT\"},{\"@type\":\"ImageObject\",\"inLanguage\":\"fr-FR\",\"@id\":\"https:\/\/hotsmoke.eu\/ccobato-cigarettes-heatsticks\/#local-main-organization-logo\",\"url\":\"https:\/\/hotsmoke.eu\/wp-content\/uploads\/2022\/12\/hs_black.svg\",\"contentUrl\":\"https:\/\/hotsmoke.eu\/wp-content\/uploads\/2022\/12\/hs_black.svg\",\"caption\":\"HotSmoke\"}]}<\/script>\n<meta name=\"geo.placename\" content=\"Kaunas\" \/>\n<meta name=\"geo.position\" content=\"54.8733992;23.9492982\" \/>\n<meta name=\"geo.region\" content=\"Lituanie\" \/>\n<!-- \/ Yoast SEO Premium plugin. -->","yoast_head_json":{"title":"CCOBATO &amp; UNICCO | B\u00e2tonnets de plantes aromatiques premium sans nicotine","description":"D\u00e9couvrez les heatsticks aux herbes CCOBATO et UNICCO. 100% sans tabac, test\u00e9s en laboratoire et compatibles avec IQOS &amp; HITASTE. Achetez les alternatives d\u00e8s maintenant.","robots":{"index":"index","follow":"follow","max-snippet":"max-snippet:-1","max-image-preview":"max-image-preview:large","max-video-preview":"max-video-preview:-1"},"canonical":"https:\/\/hotsmoke.eu\/fr\/cigarettes-heatsticks\/","og_locale":"fr_FR","og_type":"article","og_title":"CCOBATO &amp; UNICCO: Premium Tobacco-Free Herbal Heatsticks","og_description":"Established in April 2019, Ccobato (Shenzhen) Technology Ltd has quickly become a pioneer in the heat-not-burn industry. Driven by a philosophy of","og_url":"https:\/\/hotsmoke.eu\/fr\/cigarettes-heatsticks\/","og_site_name":"HotSmoke","article_publisher":"https:\/\/www.facebook.com\/hotsmoke.eu","article_modified_time":"2026-04-27T14:20:01+00:00","og_image":[{"width":350,"height":350,"url":"https:\/\/hotsmoke.eu\/wp-content\/uploads\/2024\/04\/heatsticks-hotsmoke.eu_.webp","type":"image\/webp"}],"twitter_card":"summary_large_image","twitter_site":"@HotSmokeoffici1","twitter_misc":{"Dur\u00e9e de lecture estim\u00e9e":"2 minutes"},"schema":{"@context":"https:\/\/schema.org","@graph":[{"@type":"WebPage","@id":"https:\/\/hotsmoke.eu\/ccobato-cigarettes-heatsticks\/","url":"https:\/\/hotsmoke.eu\/ccobato-cigarettes-heatsticks\/","name":"CCOBATO &amp; UNICCO | B\u00e2tonnets de plantes aromatiques premium sans nicotine","isPartOf":{"@id":"https:\/\/hotsmoke.eu\/#website"},"datePublished":"2021-06-02T19:21:52+00:00","dateModified":"2026-04-27T14:20:01+00:00","description":"D\u00e9couvrez les heatsticks aux herbes CCOBATO et UNICCO. 100% sans tabac, test\u00e9s en laboratoire et compatibles avec IQOS &amp; HITASTE. Achetez les alternatives d\u00e8s maintenant.","breadcrumb":{"@id":"https:\/\/hotsmoke.eu\/ccobato-cigarettes-heatsticks\/#breadcrumb"},"inLanguage":"fr-FR","potentialAction":[{"@type":"ReadAction","target":["https:\/\/hotsmoke.eu\/ccobato-cigarettes-heatsticks\/"]}]},{"@type":"BreadcrumbList","@id":"https:\/\/hotsmoke.eu\/ccobato-cigarettes-heatsticks\/#breadcrumb","itemListElement":[{"@type":"ListItem","position":1,"name":"Home","item":"https:\/\/hotsmoke.eu\/"},{"@type":"ListItem","position":2,"name":"CCOBATO &amp; UNICCO: Premium Tobacco-Free Herbal Heatsticks"}]},{"@type":"WebSite","@id":"https:\/\/hotsmoke.eu\/#website","url":"https:\/\/hotsmoke.eu\/","name":"Fum\u00e9e Chaude","description":"Appareils de cigarettes chauff\u00e9es \u00e0 l'\u00e9tat chaud pas br\u00fbl\u00e9 | HotSmoke","publisher":{"@id":"https:\/\/hotsmoke.eu\/#organization"},"alternateName":"hotsmoke","potentialAction":[{"@type":"SearchAction","target":{"@type":"EntryPoint","urlTemplate":"https:\/\/hotsmoke.eu\/?s={search_term_string}"},"query-input":"required name=search_term_string"}],"inLanguage":"fr-FR"},{"@type":["Organization","Place","Store"],"@id":"https:\/\/hotsmoke.eu\/#organization","name":"Fum\u00e9e Chaude","alternateName":"Hot Smoke","url":"https:\/\/hotsmoke.eu\/","logo":{"@id":"https:\/\/hotsmoke.eu\/ccobato-cigarettes-heatsticks\/#local-main-organization-logo"},"image":{"@id":"https:\/\/hotsmoke.eu\/ccobato-cigarettes-heatsticks\/#local-main-organization-logo"},"sameAs":["https:\/\/www.facebook.com\/hotsmoke.eu","https:\/\/twitter.com\/HotSmokeoffici1"],"publishingPrinciples":"https:\/\/hotsmoke.eu\/heat-not-burn-electronic-cigarettes\/","ownershipFundingInfo":"https:\/\/hotsmoke.eu\/terms-conditions\/","actionableFeedbackPolicy":"https:\/\/hotsmoke.eu\/privacy-policy\/","correctionsPolicy":"https:\/\/hotsmoke.eu\/privacy-policy\/","ethicsPolicy":"https:\/\/hotsmoke.eu\/privacy-policy\/","diversityPolicy":"https:\/\/hotsmoke.eu\/privacy-policy\/","diversityStaffingReport":"https:\/\/hotsmoke.eu\/shipping-warranty\/","address":{"@id":"https:\/\/hotsmoke.eu\/ccobato-cigarettes-heatsticks\/#local-main-place-address"},"geo":{"@type":"GeoCoordinates","latitude":"54.8733992","longitude":"23.9492982"},"telephone":["+37068673611"],"openingHoursSpecification":[{"@type":"OpeningHoursSpecification","dayOfWeek":["Monday","Tuesday","Wednesday","Thursday","Friday"],"opens":"10:00","closes":"17:00"},{"@type":"OpeningHoursSpecification","dayOfWeek":["Saturday","Sunday"],"opens":"00:00","closes":"00:00"}],"email":"info@hotsmoke.eu","areaServed":"Lithuania","vatID":"LT100013495416","priceRange":"$$","currenciesAccepted":"Euro","paymentAccepted":"Visa, mastercard"},{"@type":"PostalAddress","@id":"https:\/\/hotsmoke.eu\/ccobato-cigarettes-heatsticks\/#local-main-place-address","streetAddress":"L.Ivinskio 18a, L.Ivinskio 18a","addressLocality":"Kaunas","postalCode":"45151","addressRegion":"Lithuania","addressCountry":"LT"},{"@type":"ImageObject","inLanguage":"fr-FR","@id":"https:\/\/hotsmoke.eu\/ccobato-cigarettes-heatsticks\/#local-main-organization-logo","url":"https:\/\/hotsmoke.eu\/wp-content\/uploads\/2022\/12\/hs_black.svg","contentUrl":"https:\/\/hotsmoke.eu\/wp-content\/uploads\/2022\/12\/hs_black.svg","caption":"HotSmoke"}]},"geo.placename":"Kaunas","geo.position":{"lat":"54.8733992","long":"23.9492982"},"geo.region":"Lituanie"},"_links":{"self":[{"href":"https:\/\/hotsmoke.eu\/fr\/wp-json\/wp\/v2\/pages\/623","targetHints":{"allow":["GET"]}}],"collection":[{"href":"https:\/\/hotsmoke.eu\/fr\/wp-json\/wp\/v2\/pages"}],"about":[{"href":"https:\/\/hotsmoke.eu\/fr\/wp-json\/wp\/v2\/types\/page"}],"author":[{"embeddable":true,"href":"https:\/\/hotsmoke.eu\/fr\/wp-json\/wp\/v2\/users\/17"}],"replies":[{"embeddable":true,"href":"https:\/\/hotsmoke.eu\/fr\/wp-json\/wp\/v2\/comments?post=623"}],"version-history":[{"count":1,"href":"https:\/\/hotsmoke.eu\/fr\/wp-json\/wp\/v2\/pages\/623\/revisions"}],"predecessor-version":[{"id":28435,"href":"https:\/\/hotsmoke.eu\/fr\/wp-json\/wp\/v2\/pages\/623\/revisions\/28435"}],"wp:attachment":[{"href":"https:\/\/hotsmoke.eu\/fr\/wp-json\/wp\/v2\/media?parent=623"}],"curies":[{"name":"wp","href":"https:\/\/api.w.org\/{rel}","templated":true}]}}