{"id":11322,"date":"2021-08-13T08:16:12","date_gmt":"2021-08-13T08:16:12","guid":{"rendered":"https:\/\/hotsmoke.eu\/?page_id=11322"},"modified":"2026-04-27T14:23:47","modified_gmt":"2026-04-27T14:23:47","slug":"batonnets-chauffants-neafs","status":"publish","type":"page","link":"https:\/\/hotsmoke.eu\/fr\/neafs-heatsticks\/","title":{"rendered":"NEAFS Heatsticks : Alternatives aux herbes sans tabac de qualit\u00e9 sup\u00e9rieure"},"content":{"rendered":"<p>Depuis 2015, <strong>NEAFS<\/strong> est un leader mondial dans la fourniture d'exp\u00e9riences gustatives de haute qualit\u00e9 pour ceux qui recherchent une alternative moderne au tabac traditionnel. En combinant une technologie innovante avec la nature, NEAFS a cr\u00e9\u00e9 un produit qui imite parfaitement le rituel de fumer tout en \u00e9liminant les effets nocifs de la combustion du tabac.<\/p>\n\n\n\n<p><strong>Le Secret de la Saveur : Feuilles de Th\u00e9 &amp; Herbes Naturelles<\/strong> Gr\u00e2ce \u00e0 une R&amp;D constante et \u00e0 l'excellence en laboratoire, NEAFS a d\u00e9velopp\u00e9 un m\u00e9lange unique de <strong>herbes naturelles et feuilles de th\u00e9<\/strong>. Cette base v\u00e9g\u00e9tale offre un profil de saveur inoubliable qui rivalise avec la satisfaction des marques \u00e0 base de tabac, mais offre une exp\u00e9rience consid\u00e9rablement plus propre.<\/p>\n\n\n\n<ul class=\"wp-block-list\">\n<li><strong>Large vari\u00e9t\u00e9 de saveurs :<\/strong> Explorez tout, du classique <strong>Tabac de Virginie<\/strong> et rafra\u00eechissant <strong>Menthol<\/strong> vibrant <strong>Mojito et Fraise<\/strong> notes.<\/li>\n\n\n\n<li><strong>La s\u00e9curit\u00e9 d'abord :<\/strong> Notre engagement en recherche vous garantit une exp\u00e9rience d'a\u00e9rosol riche sans le goudron, les cendres ou les odeurs d\u00e9sagr\u00e9ables associ\u00e9s \u00e0 la combustion du tabac.<\/li>\n<\/ul>\n\n\n\n<p><strong>Une transition plus intelligente<\/strong> Les produits NEAFS sont con\u00e7us pour ceux qui valorisent leur bien-\u00eatre mais ne veulent pas faire de compromis sur la satisfaction. En supprimant enti\u00e8rement le tabac, NEAFS r\u00e9duit consid\u00e9rablement l'exposition aux produits chimiques nocifs, offrant une exp\u00e9rience sophistiqu\u00e9e. <strong>transition sans tabac<\/strong> pour l'utilisateur moderne.<\/p>\n\n\n\n<p><strong>Compatibilit\u00e9 universelle et flexibilit\u00e9<\/strong> Que vous pr\u00e9f\u00e9riez une exp\u00e9rience purement \u00e0 base de plantes ou un coup de nicotine familier, NEAFS a ce qu'il vous faut :<\/p>\n\n\n\n<ul class=\"wp-block-list\">\n<li><strong>Options de sels de nicotine :<\/strong> Pour un \"throat hit\" doux et satisfaisant (nicotine 1,5%).<\/li>\n\n\n\n<li><strong>Gamme sans nicotine :<\/strong> 100% \u00e0 base de plantes et sans nicotine pour une exp\u00e9rience gustative pure.<\/li>\n\n\n\n<li><strong>Compatibilit\u00e9 de l'appareil :<\/strong> Les b\u00e2tonnets NEAFS sont con\u00e7us pour fonctionner parfaitement avec tous les principaux <strong>appareils de tabac chauff\u00e9<\/strong>, y compris <strong>IQOS, HITASTE, ISMOD, NEAFS et autres appareils \u00e0 tabac chauff\u00e9<\/strong>.<\/li>\n<\/ul>\n\n\n\n<p><strong>Passez \u00e0 la boutique NEAFS sur HotSmoke<\/strong> \u2013 votre source de confiance pour les heatsticks \u00e0 base de plantes de premi\u00e8re qualit\u00e9 en Europe. D\u00e9couvrez l'avenir des alternatives au tabac d\u00e8s aujourd'hui !<\/p>","protected":false},"excerpt":{"rendered":"<p>Since 2015, NEAFS has been a global leader in providing high-quality taste experiences for those seeking a modern alternative to [&hellip;]<\/p>\n","protected":false},"author":17,"featured_media":0,"parent":0,"menu_order":0,"comment_status":"closed","ping_status":"closed","template":"","meta":{"inline_featured_image":false,"footnotes":""},"class_list":["post-11322","page","type-page","status-publish","hentry"],"acf":[],"yoast_head":"<!-- This site is optimized with the Yoast SEO Premium plugin v20.11 (Yoast SEO v20.11) - https:\/\/yoast.com\/wordpress\/plugins\/seo\/ -->\n<title>NEAFS Heatsticks | Premium Tobacco-Free Herbal Sticks<\/title>\n<meta name=\"description\" content=\"Discover NEAFS heatsticks \u2013 the ultimate tobacco-free alternative. Made from tea leaves &amp; natural herbs. Compatible with IQOS &amp; HiTaste.\" \/>\n<meta name=\"robots\" content=\"index, follow, max-snippet:-1, max-image-preview:large, max-video-preview:-1\" \/>\n<link rel=\"canonical\" href=\"https:\/\/hotsmoke.eu\/fr\/batonnets-chauffants-neafs\/\" \/>\n<meta property=\"og:locale\" content=\"fr_FR\" \/>\n<meta property=\"og:type\" content=\"article\" \/>\n<meta property=\"og:title\" content=\"NEAFS Heatsticks: Premium Tobacco-Free Herbal Alternatives\" \/>\n<meta property=\"og:description\" content=\"Since 2015, NEAFS has been a global leader in providing high-quality taste experiences for those seeking a modern alternative to traditional tobacco. By\" \/>\n<meta property=\"og:url\" content=\"https:\/\/hotsmoke.eu\/fr\/batonnets-chauffants-neafs\/\" \/>\n<meta property=\"og:site_name\" content=\"HotSmoke\" \/>\n<meta property=\"article:publisher\" content=\"https:\/\/www.facebook.com\/hotsmoke.eu\" \/>\n<meta property=\"article:modified_time\" content=\"2026-04-27T14:23:47+00:00\" \/>\n<meta property=\"og:image\" content=\"https:\/\/hotsmoke.eu\/wp-content\/uploads\/2024\/04\/heatsticks-hotsmoke.eu_.webp\" \/>\n\t<meta property=\"og:image:width\" content=\"350\" \/>\n\t<meta property=\"og:image:height\" content=\"350\" \/>\n\t<meta property=\"og:image:type\" content=\"image\/webp\" \/>\n<meta name=\"twitter:card\" content=\"summary_large_image\" \/>\n<meta name=\"twitter:site\" content=\"@HotSmokeoffici1\" \/>\n<meta name=\"twitter:label1\" content=\"Dur\u00e9e de lecture estim\u00e9e\" \/>\n\t<meta name=\"twitter:data1\" content=\"2 minutes\" \/>\n<script type=\"application\/ld+json\" class=\"yoast-schema-graph\">{\"@context\":\"https:\/\/schema.org\",\"@graph\":[{\"@type\":\"WebPage\",\"@id\":\"https:\/\/hotsmoke.eu\/neafs-heatsticks\/\",\"url\":\"https:\/\/hotsmoke.eu\/neafs-heatsticks\/\",\"name\":\"NEAFS Heatsticks | Premium Tobacco-Free Herbal Sticks\",\"isPartOf\":{\"@id\":\"https:\/\/hotsmoke.eu\/#website\"},\"datePublished\":\"2021-08-13T08:16:12+00:00\",\"dateModified\":\"2026-04-27T14:23:47+00:00\",\"description\":\"Discover NEAFS heatsticks \u2013 the ultimate tobacco-free alternative. Made from tea leaves & natural herbs. Compatible with IQOS & HiTaste.\",\"breadcrumb\":{\"@id\":\"https:\/\/hotsmoke.eu\/neafs-heatsticks\/#breadcrumb\"},\"inLanguage\":\"fr-FR\",\"potentialAction\":[{\"@type\":\"ReadAction\",\"target\":[\"https:\/\/hotsmoke.eu\/neafs-heatsticks\/\"]}]},{\"@type\":\"BreadcrumbList\",\"@id\":\"https:\/\/hotsmoke.eu\/neafs-heatsticks\/#breadcrumb\",\"itemListElement\":[{\"@type\":\"ListItem\",\"position\":1,\"name\":\"Home\",\"item\":\"https:\/\/hotsmoke.eu\/\"},{\"@type\":\"ListItem\",\"position\":2,\"name\":\"NEAFS Heatsticks: Premium Tobacco-Free Herbal Alternatives\"}]},{\"@type\":\"WebSite\",\"@id\":\"https:\/\/hotsmoke.eu\/#website\",\"url\":\"https:\/\/hotsmoke.eu\/\",\"name\":\"HotSmoke\",\"description\":\"Heat Not Burn Heating Cigarettes Devices Shop | HotSmoke\",\"publisher\":{\"@id\":\"https:\/\/hotsmoke.eu\/#organization\"},\"alternateName\":\"hotsmoke\",\"potentialAction\":[{\"@type\":\"SearchAction\",\"target\":{\"@type\":\"EntryPoint\",\"urlTemplate\":\"https:\/\/hotsmoke.eu\/?s={search_term_string}\"},\"query-input\":\"required name=search_term_string\"}],\"inLanguage\":\"fr-FR\"},{\"@type\":[\"Organization\",\"Place\",\"Store\"],\"@id\":\"https:\/\/hotsmoke.eu\/#organization\",\"name\":\"HotSmoke\",\"alternateName\":\"Hot Smoke\",\"url\":\"https:\/\/hotsmoke.eu\/\",\"logo\":{\"@id\":\"https:\/\/hotsmoke.eu\/neafs-heatsticks\/#local-main-organization-logo\"},\"image\":{\"@id\":\"https:\/\/hotsmoke.eu\/neafs-heatsticks\/#local-main-organization-logo\"},\"sameAs\":[\"https:\/\/www.facebook.com\/hotsmoke.eu\",\"https:\/\/twitter.com\/HotSmokeoffici1\"],\"publishingPrinciples\":\"https:\/\/hotsmoke.eu\/heat-not-burn-electronic-cigarettes\/\",\"ownershipFundingInfo\":\"https:\/\/hotsmoke.eu\/terms-conditions\/\",\"actionableFeedbackPolicy\":\"https:\/\/hotsmoke.eu\/privacy-policy\/\",\"correctionsPolicy\":\"https:\/\/hotsmoke.eu\/privacy-policy\/\",\"ethicsPolicy\":\"https:\/\/hotsmoke.eu\/privacy-policy\/\",\"diversityPolicy\":\"https:\/\/hotsmoke.eu\/privacy-policy\/\",\"diversityStaffingReport\":\"https:\/\/hotsmoke.eu\/shipping-warranty\/\",\"address\":{\"@id\":\"https:\/\/hotsmoke.eu\/neafs-heatsticks\/#local-main-place-address\"},\"geo\":{\"@type\":\"GeoCoordinates\",\"latitude\":\"54.8733992\",\"longitude\":\"23.9492982\"},\"telephone\":[\"+37068673611\"],\"openingHoursSpecification\":[{\"@type\":\"OpeningHoursSpecification\",\"dayOfWeek\":[\"Monday\",\"Tuesday\",\"Wednesday\",\"Thursday\",\"Friday\"],\"opens\":\"10:00\",\"closes\":\"17:00\"},{\"@type\":\"OpeningHoursSpecification\",\"dayOfWeek\":[\"Saturday\",\"Sunday\"],\"opens\":\"00:00\",\"closes\":\"00:00\"}],\"email\":\"info@hotsmoke.eu\",\"areaServed\":\"Lithuania\",\"vatID\":\"LT100013495416\",\"priceRange\":\"$$\",\"currenciesAccepted\":\"Euro\",\"paymentAccepted\":\"Visa, mastercard\"},{\"@type\":\"PostalAddress\",\"@id\":\"https:\/\/hotsmoke.eu\/neafs-heatsticks\/#local-main-place-address\",\"streetAddress\":\"L.Ivinskio 18a, L.Ivinskio 18a\",\"addressLocality\":\"Kaunas\",\"postalCode\":\"45151\",\"addressRegion\":\"Lithuania\",\"addressCountry\":\"LT\"},{\"@type\":\"ImageObject\",\"inLanguage\":\"fr-FR\",\"@id\":\"https:\/\/hotsmoke.eu\/neafs-heatsticks\/#local-main-organization-logo\",\"url\":\"https:\/\/hotsmoke.eu\/wp-content\/uploads\/2022\/12\/hs_black.svg\",\"contentUrl\":\"https:\/\/hotsmoke.eu\/wp-content\/uploads\/2022\/12\/hs_black.svg\",\"caption\":\"HotSmoke\"}]}<\/script>\n<meta name=\"geo.placename\" content=\"Kaunas\" \/>\n<meta name=\"geo.position\" content=\"54.8733992;23.9492982\" \/>\n<meta name=\"geo.region\" content=\"Lituanie\" \/>\n<!-- \/ Yoast SEO Premium plugin. -->","yoast_head_json":{"title":"B\u00e2tonnets NEAFS | B\u00e2tonnets d'herbes premium sans tabac","description":"D\u00e9couvrez les b\u00e2tonnets chauffants NEAFS \u2013 l'alternative ultime sans tabac. Fabriqu\u00e9s \u00e0 partir de feuilles de th\u00e9 et d'herbes naturelles. Compatible avec IQOS et HiTaste.","robots":{"index":"index","follow":"follow","max-snippet":"max-snippet:-1","max-image-preview":"max-image-preview:large","max-video-preview":"max-video-preview:-1"},"canonical":"https:\/\/hotsmoke.eu\/fr\/batonnets-chauffants-neafs\/","og_locale":"fr_FR","og_type":"article","og_title":"NEAFS Heatsticks: Premium Tobacco-Free Herbal Alternatives","og_description":"Since 2015, NEAFS has been a global leader in providing high-quality taste experiences for those seeking a modern alternative to traditional tobacco. By","og_url":"https:\/\/hotsmoke.eu\/fr\/batonnets-chauffants-neafs\/","og_site_name":"HotSmoke","article_publisher":"https:\/\/www.facebook.com\/hotsmoke.eu","article_modified_time":"2026-04-27T14:23:47+00:00","og_image":[{"width":350,"height":350,"url":"https:\/\/hotsmoke.eu\/wp-content\/uploads\/2024\/04\/heatsticks-hotsmoke.eu_.webp","type":"image\/webp"}],"twitter_card":"summary_large_image","twitter_site":"@HotSmokeoffici1","twitter_misc":{"Dur\u00e9e de lecture estim\u00e9e":"2 minutes"},"schema":{"@context":"https:\/\/schema.org","@graph":[{"@type":"WebPage","@id":"https:\/\/hotsmoke.eu\/neafs-heatsticks\/","url":"https:\/\/hotsmoke.eu\/neafs-heatsticks\/","name":"B\u00e2tonnets NEAFS | B\u00e2tonnets d'herbes premium sans tabac","isPartOf":{"@id":"https:\/\/hotsmoke.eu\/#website"},"datePublished":"2021-08-13T08:16:12+00:00","dateModified":"2026-04-27T14:23:47+00:00","description":"D\u00e9couvrez les b\u00e2tonnets chauffants NEAFS \u2013 l'alternative ultime sans tabac. Fabriqu\u00e9s \u00e0 partir de feuilles de th\u00e9 et d'herbes naturelles. Compatible avec IQOS et HiTaste.","breadcrumb":{"@id":"https:\/\/hotsmoke.eu\/neafs-heatsticks\/#breadcrumb"},"inLanguage":"fr-FR","potentialAction":[{"@type":"ReadAction","target":["https:\/\/hotsmoke.eu\/neafs-heatsticks\/"]}]},{"@type":"BreadcrumbList","@id":"https:\/\/hotsmoke.eu\/neafs-heatsticks\/#breadcrumb","itemListElement":[{"@type":"ListItem","position":1,"name":"Home","item":"https:\/\/hotsmoke.eu\/"},{"@type":"ListItem","position":2,"name":"NEAFS Heatsticks: Premium Tobacco-Free Herbal Alternatives"}]},{"@type":"WebSite","@id":"https:\/\/hotsmoke.eu\/#website","url":"https:\/\/hotsmoke.eu\/","name":"Fum\u00e9e Chaude","description":"Appareils de cigarettes chauff\u00e9es \u00e0 l'\u00e9tat chaud pas br\u00fbl\u00e9 | HotSmoke","publisher":{"@id":"https:\/\/hotsmoke.eu\/#organization"},"alternateName":"hotsmoke","potentialAction":[{"@type":"SearchAction","target":{"@type":"EntryPoint","urlTemplate":"https:\/\/hotsmoke.eu\/?s={search_term_string}"},"query-input":"required name=search_term_string"}],"inLanguage":"fr-FR"},{"@type":["Organization","Place","Store"],"@id":"https:\/\/hotsmoke.eu\/#organization","name":"Fum\u00e9e Chaude","alternateName":"Hot Smoke","url":"https:\/\/hotsmoke.eu\/","logo":{"@id":"https:\/\/hotsmoke.eu\/neafs-heatsticks\/#local-main-organization-logo"},"image":{"@id":"https:\/\/hotsmoke.eu\/neafs-heatsticks\/#local-main-organization-logo"},"sameAs":["https:\/\/www.facebook.com\/hotsmoke.eu","https:\/\/twitter.com\/HotSmokeoffici1"],"publishingPrinciples":"https:\/\/hotsmoke.eu\/heat-not-burn-electronic-cigarettes\/","ownershipFundingInfo":"https:\/\/hotsmoke.eu\/terms-conditions\/","actionableFeedbackPolicy":"https:\/\/hotsmoke.eu\/privacy-policy\/","correctionsPolicy":"https:\/\/hotsmoke.eu\/privacy-policy\/","ethicsPolicy":"https:\/\/hotsmoke.eu\/privacy-policy\/","diversityPolicy":"https:\/\/hotsmoke.eu\/privacy-policy\/","diversityStaffingReport":"https:\/\/hotsmoke.eu\/shipping-warranty\/","address":{"@id":"https:\/\/hotsmoke.eu\/neafs-heatsticks\/#local-main-place-address"},"geo":{"@type":"GeoCoordinates","latitude":"54.8733992","longitude":"23.9492982"},"telephone":["+37068673611"],"openingHoursSpecification":[{"@type":"OpeningHoursSpecification","dayOfWeek":["Monday","Tuesday","Wednesday","Thursday","Friday"],"opens":"10:00","closes":"17:00"},{"@type":"OpeningHoursSpecification","dayOfWeek":["Saturday","Sunday"],"opens":"00:00","closes":"00:00"}],"email":"info@hotsmoke.eu","areaServed":"Lithuania","vatID":"LT100013495416","priceRange":"$$","currenciesAccepted":"Euro","paymentAccepted":"Visa, mastercard"},{"@type":"PostalAddress","@id":"https:\/\/hotsmoke.eu\/neafs-heatsticks\/#local-main-place-address","streetAddress":"L.Ivinskio 18a, L.Ivinskio 18a","addressLocality":"Kaunas","postalCode":"45151","addressRegion":"Lithuania","addressCountry":"LT"},{"@type":"ImageObject","inLanguage":"fr-FR","@id":"https:\/\/hotsmoke.eu\/neafs-heatsticks\/#local-main-organization-logo","url":"https:\/\/hotsmoke.eu\/wp-content\/uploads\/2022\/12\/hs_black.svg","contentUrl":"https:\/\/hotsmoke.eu\/wp-content\/uploads\/2022\/12\/hs_black.svg","caption":"HotSmoke"}]},"geo.placename":"Kaunas","geo.position":{"lat":"54.8733992","long":"23.9492982"},"geo.region":"Lituanie"},"_links":{"self":[{"href":"https:\/\/hotsmoke.eu\/fr\/wp-json\/wp\/v2\/pages\/11322","targetHints":{"allow":["GET"]}}],"collection":[{"href":"https:\/\/hotsmoke.eu\/fr\/wp-json\/wp\/v2\/pages"}],"about":[{"href":"https:\/\/hotsmoke.eu\/fr\/wp-json\/wp\/v2\/types\/page"}],"author":[{"embeddable":true,"href":"https:\/\/hotsmoke.eu\/fr\/wp-json\/wp\/v2\/users\/17"}],"replies":[{"embeddable":true,"href":"https:\/\/hotsmoke.eu\/fr\/wp-json\/wp\/v2\/comments?post=11322"}],"version-history":[{"count":1,"href":"https:\/\/hotsmoke.eu\/fr\/wp-json\/wp\/v2\/pages\/11322\/revisions"}],"predecessor-version":[{"id":28437,"href":"https:\/\/hotsmoke.eu\/fr\/wp-json\/wp\/v2\/pages\/11322\/revisions\/28437"}],"wp:attachment":[{"href":"https:\/\/hotsmoke.eu\/fr\/wp-json\/wp\/v2\/media?parent=11322"}],"curies":[{"name":"wp","href":"https:\/\/api.w.org\/{rel}","templated":true}]}}