{"id":11249,"date":"2021-08-04T13:54:36","date_gmt":"2021-08-04T13:54:36","guid":{"rendered":"https:\/\/hotsmoke.eu\/?page_id=11249"},"modified":"2023-07-28T09:19:27","modified_gmt":"2023-07-28T09:19:27","slug":"cigarettes-electroniques-a-chauffage-non-combustion","status":"publish","type":"page","link":"https:\/\/hotsmoke.eu\/fr\/heat-not-burn-electronic-cigarettes\/","title":{"rendered":"Cigarettes \u00e9lectroniques \u00e0 chauffage plut\u00f4t qu'\u00e0 combustion"},"content":{"rendered":"<p>Les cigarettes chauff\u00e9es (syst\u00e8mes) fonctionnent en chauffant le tabac \u00e0 une certaine temp\u00e9rature, produisant des vapeurs de tabac, que le fumeur ressent comme s'il fumait une cigarette ordinaire ; seule la temp\u00e9rature de chauffage du tabac Heat Not Burn est beaucoup plus basse (50-350 \u00b0C) que celle des cigarettes ordinaires (jusqu'\u00e0 900 \u00b0C), il n'y a donc pas de combustion r\u00e9elle et il n'y a pas d'effets secondaires tels que la gomme, la suie et d'autres substances toxiques nocives. La plupart des consommateurs d\u00e9crivent les cigarettes Heat Not Burn comme ayant une saveur plus douce que les cigarettes ordinaires, ce qui est d\u00fb \u00e0 la temp\u00e9rature plus basse de la vapeur de tabac par rapport aux produits de combustion lors de la fum\u00e9e d'une cigarette conventionnelle. Cela peut sembler \u00eatre un inconv\u00e9nient des cigarettes Heat Not Burn, mais tr\u00e8s faible par rapport au fait que les recherches ont montr\u00e9 que les cigarettes chauff\u00e9es (syst\u00e8mes) ~ 90-99% causent moins de dommages pour la sant\u00e9 que les cigarettes ordinaires.<\/p>\n\n\n\n<p>Presque toutes les entreprises de tabac produisent ou pr\u00e9voient dans un avenir proche de proposer des produits \u00e0 base de \"Heat Not Burn\" (chauffer sans br\u00fbler) qui remplaceront probablement les cigarettes traditionnelles. Dans les pays avanc\u00e9s tels que le Japon et la Su\u00e8de, la tendance au remplacement des cigarettes traditionnelles par des cigarettes \"Heat Not Burn\" est notable et, simultan\u00e9ment, les maladies li\u00e9es au tabagisme telles que le cancer du poumon ont r\u00e9cemment diminu\u00e9.<\/p>","protected":false},"excerpt":{"rendered":"<p>The heating cigarettes ( systems ) works by heating the tobacco to a certain temperature, producing tobacco vapors, that smoker [&hellip;]<\/p>\n","protected":false},"author":17,"featured_media":0,"parent":0,"menu_order":0,"comment_status":"closed","ping_status":"closed","template":"","meta":{"inline_featured_image":false,"footnotes":""},"class_list":["post-11249","page","type-page","status-publish","hentry"],"acf":[],"yoast_head":"<!-- This site is optimized with the Yoast SEO Premium plugin v20.11 (Yoast SEO v20.11) - https:\/\/yoast.com\/wordpress\/plugins\/seo\/ -->\n<title>Heat Not Burn Electronic Cigarettes - HotSmoke<\/title>\n<meta name=\"description\" content=\"Most consumers describe Heat Not Burn cigarettes as a softer avor than regular cigarettes, which is due to the lower temperature\" \/>\n<meta name=\"robots\" content=\"index, follow, max-snippet:-1, max-image-preview:large, max-video-preview:-1\" \/>\n<link rel=\"canonical\" href=\"https:\/\/hotsmoke.eu\/fr\/cigarettes-electroniques-a-chauffage-non-combustion\/\" \/>\n<meta property=\"og:locale\" content=\"fr_FR\" \/>\n<meta property=\"og:type\" content=\"article\" \/>\n<meta property=\"og:title\" content=\"Heat Not Burn Electronic Cigarettes\" \/>\n<meta property=\"og:description\" content=\"The heating cigarettes ( systems ) works by heating the tobacco to a certain temperature, producing tobacco vapors, that smoker feels like smoking a\" \/>\n<meta property=\"og:url\" content=\"https:\/\/hotsmoke.eu\/fr\/cigarettes-electroniques-a-chauffage-non-combustion\/\" \/>\n<meta property=\"og:site_name\" content=\"HotSmoke\" \/>\n<meta property=\"article:publisher\" content=\"https:\/\/www.facebook.com\/hotsmoke.eu\" \/>\n<meta property=\"article:modified_time\" content=\"2023-07-28T09:19:27+00:00\" \/>\n<meta property=\"og:image\" content=\"https:\/\/hotsmoke.eu\/wp-content\/uploads\/2024\/04\/heatsticks-hotsmoke.eu_.webp\" \/>\n\t<meta property=\"og:image:width\" content=\"350\" \/>\n\t<meta property=\"og:image:height\" content=\"350\" \/>\n\t<meta property=\"og:image:type\" content=\"image\/webp\" \/>\n<meta name=\"twitter:card\" content=\"summary_large_image\" \/>\n<meta name=\"twitter:site\" content=\"@HotSmokeoffici1\" \/>\n<meta name=\"twitter:label1\" content=\"Dur\u00e9e de lecture estim\u00e9e\" \/>\n\t<meta name=\"twitter:data1\" content=\"1 minute\" \/>\n<script type=\"application\/ld+json\" class=\"yoast-schema-graph\">{\"@context\":\"https:\/\/schema.org\",\"@graph\":[{\"@type\":\"WebPage\",\"@id\":\"https:\/\/hotsmoke.eu\/heat-not-burn-electronic-cigarettes\/\",\"url\":\"https:\/\/hotsmoke.eu\/heat-not-burn-electronic-cigarettes\/\",\"name\":\"Heat Not Burn Electronic Cigarettes - HotSmoke\",\"isPartOf\":{\"@id\":\"https:\/\/hotsmoke.eu\/#website\"},\"datePublished\":\"2021-08-04T13:54:36+00:00\",\"dateModified\":\"2023-07-28T09:19:27+00:00\",\"description\":\"Most consumers describe Heat Not Burn cigarettes as a softer avor than regular cigarettes, which is due to the lower temperature\",\"breadcrumb\":{\"@id\":\"https:\/\/hotsmoke.eu\/heat-not-burn-electronic-cigarettes\/#breadcrumb\"},\"inLanguage\":\"fr-FR\",\"potentialAction\":[{\"@type\":\"ReadAction\",\"target\":[\"https:\/\/hotsmoke.eu\/heat-not-burn-electronic-cigarettes\/\"]}]},{\"@type\":\"BreadcrumbList\",\"@id\":\"https:\/\/hotsmoke.eu\/heat-not-burn-electronic-cigarettes\/#breadcrumb\",\"itemListElement\":[{\"@type\":\"ListItem\",\"position\":1,\"name\":\"Home\",\"item\":\"https:\/\/hotsmoke.eu\/\"},{\"@type\":\"ListItem\",\"position\":2,\"name\":\"Heat Not Burn Electronic Cigarettes\"}]},{\"@type\":\"WebSite\",\"@id\":\"https:\/\/hotsmoke.eu\/#website\",\"url\":\"https:\/\/hotsmoke.eu\/\",\"name\":\"HotSmoke\",\"description\":\"Heat Not Burn Heating Cigarettes Devices Shop | HotSmoke\",\"publisher\":{\"@id\":\"https:\/\/hotsmoke.eu\/#organization\"},\"alternateName\":\"hotsmoke\",\"potentialAction\":[{\"@type\":\"SearchAction\",\"target\":{\"@type\":\"EntryPoint\",\"urlTemplate\":\"https:\/\/hotsmoke.eu\/?s={search_term_string}\"},\"query-input\":\"required name=search_term_string\"}],\"inLanguage\":\"fr-FR\"},{\"@type\":[\"Organization\",\"Place\",\"Store\"],\"@id\":\"https:\/\/hotsmoke.eu\/#organization\",\"name\":\"HotSmoke\",\"alternateName\":\"Hot Smoke\",\"url\":\"https:\/\/hotsmoke.eu\/\",\"logo\":{\"@id\":\"https:\/\/hotsmoke.eu\/heat-not-burn-electronic-cigarettes\/#local-main-organization-logo\"},\"image\":{\"@id\":\"https:\/\/hotsmoke.eu\/heat-not-burn-electronic-cigarettes\/#local-main-organization-logo\"},\"sameAs\":[\"https:\/\/www.facebook.com\/hotsmoke.eu\",\"https:\/\/twitter.com\/HotSmokeoffici1\"],\"publishingPrinciples\":\"https:\/\/hotsmoke.eu\/heat-not-burn-electronic-cigarettes\/\",\"ownershipFundingInfo\":\"https:\/\/hotsmoke.eu\/terms-conditions\/\",\"actionableFeedbackPolicy\":\"https:\/\/hotsmoke.eu\/privacy-policy\/\",\"correctionsPolicy\":\"https:\/\/hotsmoke.eu\/privacy-policy\/\",\"ethicsPolicy\":\"https:\/\/hotsmoke.eu\/privacy-policy\/\",\"diversityPolicy\":\"https:\/\/hotsmoke.eu\/privacy-policy\/\",\"diversityStaffingReport\":\"https:\/\/hotsmoke.eu\/shipping-warranty\/\",\"address\":{\"@id\":\"https:\/\/hotsmoke.eu\/heat-not-burn-electronic-cigarettes\/#local-main-place-address\"},\"geo\":{\"@type\":\"GeoCoordinates\",\"latitude\":\"54.8733992\",\"longitude\":\"23.9492982\"},\"telephone\":[\"+37068673611\"],\"openingHoursSpecification\":[{\"@type\":\"OpeningHoursSpecification\",\"dayOfWeek\":[\"Monday\",\"Tuesday\",\"Wednesday\",\"Thursday\",\"Friday\"],\"opens\":\"10:00\",\"closes\":\"17:00\"},{\"@type\":\"OpeningHoursSpecification\",\"dayOfWeek\":[\"Saturday\",\"Sunday\"],\"opens\":\"00:00\",\"closes\":\"00:00\"}],\"email\":\"info@hotsmoke.eu\",\"areaServed\":\"Lithuania\",\"vatID\":\"LT100013495416\",\"priceRange\":\"$$\",\"currenciesAccepted\":\"Euro\",\"paymentAccepted\":\"Visa, mastercard\"},{\"@type\":\"PostalAddress\",\"@id\":\"https:\/\/hotsmoke.eu\/heat-not-burn-electronic-cigarettes\/#local-main-place-address\",\"streetAddress\":\"L.Ivinskio 18a, L.Ivinskio 18a\",\"addressLocality\":\"Kaunas\",\"postalCode\":\"45151\",\"addressRegion\":\"Lithuania\",\"addressCountry\":\"LT\"},{\"@type\":\"ImageObject\",\"inLanguage\":\"fr-FR\",\"@id\":\"https:\/\/hotsmoke.eu\/heat-not-burn-electronic-cigarettes\/#local-main-organization-logo\",\"url\":\"https:\/\/hotsmoke.eu\/wp-content\/uploads\/2022\/12\/hs_black.svg\",\"contentUrl\":\"https:\/\/hotsmoke.eu\/wp-content\/uploads\/2022\/12\/hs_black.svg\",\"caption\":\"HotSmoke\"}]}<\/script>\n<meta name=\"geo.placename\" content=\"Kaunas\" \/>\n<meta name=\"geo.position\" content=\"54.8733992;23.9492982\" \/>\n<meta name=\"geo.region\" content=\"Lituanie\" \/>\n<!-- \/ Yoast SEO Premium plugin. -->","yoast_head_json":{"title":"Cigarettes \u00e9lectroniques \u00e0 tabac chauff\u00e9 - HotSmoke","description":"La plupart des consommateurs d\u00e9crivent les cigarettes \u00e0 tabac chauff\u00e9 comme ayant une saveur plus douce que les cigarettes ordinaires, ce qui est d\u00fb \u00e0 la temp\u00e9rature plus basse.","robots":{"index":"index","follow":"follow","max-snippet":"max-snippet:-1","max-image-preview":"max-image-preview:large","max-video-preview":"max-video-preview:-1"},"canonical":"https:\/\/hotsmoke.eu\/fr\/cigarettes-electroniques-a-chauffage-non-combustion\/","og_locale":"fr_FR","og_type":"article","og_title":"Heat Not Burn Electronic Cigarettes","og_description":"The heating cigarettes ( systems ) works by heating the tobacco to a certain temperature, producing tobacco vapors, that smoker feels like smoking a","og_url":"https:\/\/hotsmoke.eu\/fr\/cigarettes-electroniques-a-chauffage-non-combustion\/","og_site_name":"HotSmoke","article_publisher":"https:\/\/www.facebook.com\/hotsmoke.eu","article_modified_time":"2023-07-28T09:19:27+00:00","og_image":[{"width":350,"height":350,"url":"https:\/\/hotsmoke.eu\/wp-content\/uploads\/2024\/04\/heatsticks-hotsmoke.eu_.webp","type":"image\/webp"}],"twitter_card":"summary_large_image","twitter_site":"@HotSmokeoffici1","twitter_misc":{"Dur\u00e9e de lecture estim\u00e9e":"1 minute"},"schema":{"@context":"https:\/\/schema.org","@graph":[{"@type":"WebPage","@id":"https:\/\/hotsmoke.eu\/heat-not-burn-electronic-cigarettes\/","url":"https:\/\/hotsmoke.eu\/heat-not-burn-electronic-cigarettes\/","name":"Cigarettes \u00e9lectroniques \u00e0 tabac chauff\u00e9 - HotSmoke","isPartOf":{"@id":"https:\/\/hotsmoke.eu\/#website"},"datePublished":"2021-08-04T13:54:36+00:00","dateModified":"2023-07-28T09:19:27+00:00","description":"La plupart des consommateurs d\u00e9crivent les cigarettes \u00e0 tabac chauff\u00e9 comme ayant une saveur plus douce que les cigarettes ordinaires, ce qui est d\u00fb \u00e0 la temp\u00e9rature plus basse.","breadcrumb":{"@id":"https:\/\/hotsmoke.eu\/heat-not-burn-electronic-cigarettes\/#breadcrumb"},"inLanguage":"fr-FR","potentialAction":[{"@type":"ReadAction","target":["https:\/\/hotsmoke.eu\/heat-not-burn-electronic-cigarettes\/"]}]},{"@type":"BreadcrumbList","@id":"https:\/\/hotsmoke.eu\/heat-not-burn-electronic-cigarettes\/#breadcrumb","itemListElement":[{"@type":"ListItem","position":1,"name":"Home","item":"https:\/\/hotsmoke.eu\/"},{"@type":"ListItem","position":2,"name":"Heat Not Burn Electronic Cigarettes"}]},{"@type":"WebSite","@id":"https:\/\/hotsmoke.eu\/#website","url":"https:\/\/hotsmoke.eu\/","name":"Fum\u00e9e Chaude","description":"Appareils de cigarettes chauff\u00e9es \u00e0 l'\u00e9tat chaud pas br\u00fbl\u00e9 | HotSmoke","publisher":{"@id":"https:\/\/hotsmoke.eu\/#organization"},"alternateName":"hotsmoke","potentialAction":[{"@type":"SearchAction","target":{"@type":"EntryPoint","urlTemplate":"https:\/\/hotsmoke.eu\/?s={search_term_string}"},"query-input":"required name=search_term_string"}],"inLanguage":"fr-FR"},{"@type":["Organization","Place","Store"],"@id":"https:\/\/hotsmoke.eu\/#organization","name":"Fum\u00e9e Chaude","alternateName":"Hot Smoke","url":"https:\/\/hotsmoke.eu\/","logo":{"@id":"https:\/\/hotsmoke.eu\/heat-not-burn-electronic-cigarettes\/#local-main-organization-logo"},"image":{"@id":"https:\/\/hotsmoke.eu\/heat-not-burn-electronic-cigarettes\/#local-main-organization-logo"},"sameAs":["https:\/\/www.facebook.com\/hotsmoke.eu","https:\/\/twitter.com\/HotSmokeoffici1"],"publishingPrinciples":"https:\/\/hotsmoke.eu\/heat-not-burn-electronic-cigarettes\/","ownershipFundingInfo":"https:\/\/hotsmoke.eu\/terms-conditions\/","actionableFeedbackPolicy":"https:\/\/hotsmoke.eu\/privacy-policy\/","correctionsPolicy":"https:\/\/hotsmoke.eu\/privacy-policy\/","ethicsPolicy":"https:\/\/hotsmoke.eu\/privacy-policy\/","diversityPolicy":"https:\/\/hotsmoke.eu\/privacy-policy\/","diversityStaffingReport":"https:\/\/hotsmoke.eu\/shipping-warranty\/","address":{"@id":"https:\/\/hotsmoke.eu\/heat-not-burn-electronic-cigarettes\/#local-main-place-address"},"geo":{"@type":"GeoCoordinates","latitude":"54.8733992","longitude":"23.9492982"},"telephone":["+37068673611"],"openingHoursSpecification":[{"@type":"OpeningHoursSpecification","dayOfWeek":["Monday","Tuesday","Wednesday","Thursday","Friday"],"opens":"10:00","closes":"17:00"},{"@type":"OpeningHoursSpecification","dayOfWeek":["Saturday","Sunday"],"opens":"00:00","closes":"00:00"}],"email":"info@hotsmoke.eu","areaServed":"Lithuania","vatID":"LT100013495416","priceRange":"$$","currenciesAccepted":"Euro","paymentAccepted":"Visa, mastercard"},{"@type":"PostalAddress","@id":"https:\/\/hotsmoke.eu\/heat-not-burn-electronic-cigarettes\/#local-main-place-address","streetAddress":"L.Ivinskio 18a, L.Ivinskio 18a","addressLocality":"Kaunas","postalCode":"45151","addressRegion":"Lithuania","addressCountry":"LT"},{"@type":"ImageObject","inLanguage":"fr-FR","@id":"https:\/\/hotsmoke.eu\/heat-not-burn-electronic-cigarettes\/#local-main-organization-logo","url":"https:\/\/hotsmoke.eu\/wp-content\/uploads\/2022\/12\/hs_black.svg","contentUrl":"https:\/\/hotsmoke.eu\/wp-content\/uploads\/2022\/12\/hs_black.svg","caption":"HotSmoke"}]},"geo.placename":"Kaunas","geo.position":{"lat":"54.8733992","long":"23.9492982"},"geo.region":"Lituanie"},"_links":{"self":[{"href":"https:\/\/hotsmoke.eu\/fr\/wp-json\/wp\/v2\/pages\/11249","targetHints":{"allow":["GET"]}}],"collection":[{"href":"https:\/\/hotsmoke.eu\/fr\/wp-json\/wp\/v2\/pages"}],"about":[{"href":"https:\/\/hotsmoke.eu\/fr\/wp-json\/wp\/v2\/types\/page"}],"author":[{"embeddable":true,"href":"https:\/\/hotsmoke.eu\/fr\/wp-json\/wp\/v2\/users\/17"}],"replies":[{"embeddable":true,"href":"https:\/\/hotsmoke.eu\/fr\/wp-json\/wp\/v2\/comments?post=11249"}],"version-history":[{"count":0,"href":"https:\/\/hotsmoke.eu\/fr\/wp-json\/wp\/v2\/pages\/11249\/revisions"}],"wp:attachment":[{"href":"https:\/\/hotsmoke.eu\/fr\/wp-json\/wp\/v2\/media?parent=11249"}],"curies":[{"name":"wp","href":"https:\/\/api.w.org\/{rel}","templated":true}]}}