{"id":434,"date":"2021-05-27T16:29:50","date_gmt":"2021-05-27T16:29:50","guid":{"rendered":"https:\/\/hotsmoke.eu\/?post_type=product&#038;p=434"},"modified":"2026-04-27T19:00:56","modified_gmt":"2026-04-27T19:00:56","slug":"calentadores-de-tabaco-neafs","status":"publish","type":"product","link":"https:\/\/hotsmoke.eu\/es\/shop\/heatsticks\/neafs-coffee-heatsticks\/","title":{"rendered":"Neafs Coffee Heatsticks"},"content":{"rendered":"","protected":false},"excerpt":{"rendered":"<h2>SOBRE HEATSTICKS<\/h2>\n<p>NEAFS Coffee \u2013 ofrece una sofisticada experiencia de vapeo al reemplazar el tabaco tradicional con una mezcla de alta calidad de hojas de t\u00e9 y hierbas naturales. Infundidos con sal de nicotina de 1.5%, estos bastones proporcionan un golpe de garganta notablemente suave y una satisfacci\u00f3n constante sin las toxinas asociadas con la combusti\u00f3n. Experimenta el sabor premium del caf\u00e9 madurado al sol con NEAFS, la alternativa libre de tabaco de renombre mundial para los entusiastas de HNB.<\/p>\n<ul>\n<li>Sabor Aut\u00e9ntico a Frutas: Disfruta de un rico y natural aroma a caf\u00e9 desde la primera hasta la \u00faltima calada.<\/li>\n<li><strong>1.5% Sal de Nicotina<\/strong>Perfectamente equilibrado para proporcionar satisfacci\u00f3n sin dejar de ser 100% libre de tabaco.<\/li>\n<li>Base Herbal Avanzada: Elaborada con hojas de t\u00e9 de primera calidad, que garantizan un aerosol limpio sin alquitr\u00e1n, cenizas ni humo.<\/li>\n<li>Compatibilidad universal: optimizado para todos los dispositivos de tabaco calentado equipados con <strong>calentador<\/strong> gustar <strong>aguja o cuchilla de calentamiento<\/strong>, como HiTaste, IQOS, ISMOD, LIL Solid y TEO.<\/li>\n<\/ul>\n<p>\u26a0\ufe0f Contiene nicotina, una sustancia adictiva. S\u00f3lo para uso adulto (N-18). No apto para mujeres embarazadas o en per\u00edodo de lactancia. El paquete contiene 20 sticks.<\/p>","protected":false},"featured_media":24997,"comment_status":"open","ping_status":"closed","template":"","meta":{"inline_featured_image":false},"product_cat":[24,26],"product_tag":[],"class_list":["post-434","product","type-product","status-publish","has-post-thumbnail","hentry","product_brand-neafs","product_cat-heatsticks","product_cat-with-nicotine"],"acf":[],"yoast_head":"<!-- This site is optimized with the Yoast SEO Premium plugin v20.11 (Yoast SEO v20.11) - https:\/\/yoast.com\/wordpress\/plugins\/seo\/ -->\n<title>NEAFS Coffee | Tobacco-Free Nicotine Salt Sticks<\/title>\n<meta name=\"description\" content=\"NEAFS Coffee tobacco-free heatsticks. Premium herbal blend with 1.5% nicotine salt. Compatible with IQOS &amp; HiTaste. Fast EU shipping. Shop now!\" \/>\n<meta name=\"robots\" content=\"index, follow, max-snippet:-1, max-image-preview:large, max-video-preview:-1\" \/>\n<link rel=\"canonical\" href=\"https:\/\/hotsmoke.eu\/es\/shop\/barritas-de-calor\/calentadores-de-tabaco-neafs\/\" \/>\n<meta property=\"og:locale\" content=\"es_ES\" \/>\n<meta property=\"og:type\" content=\"article\" \/>\n<meta property=\"og:title\" content=\"Neafs Coffee Heatsticks\" \/>\n<meta property=\"og:description\" content=\"NEAFS Coffee tobacco-free heatsticks. Premium herbal blend with 1.5% nicotine salt. Compatible with IQOS &amp; HiTaste. Fast EU shipping. Shop now!\" \/>\n<meta property=\"og:url\" content=\"https:\/\/hotsmoke.eu\/es\/shop\/barritas-de-calor\/calentadores-de-tabaco-neafs\/\" \/>\n<meta property=\"og:site_name\" content=\"HotSmoke\" \/>\n<meta property=\"article:publisher\" content=\"https:\/\/www.facebook.com\/hotsmoke.eu\" \/>\n<meta property=\"article:modified_time\" content=\"2026-04-27T19:00:56+00:00\" \/>\n<meta property=\"og:image\" content=\"https:\/\/hotsmoke.eu\/wp-content\/uploads\/2021\/05\/neafs-coffee-hotsmoke.eu_-1.webp\" \/>\n\t<meta property=\"og:image:width\" content=\"2500\" \/>\n\t<meta property=\"og:image:height\" content=\"2500\" \/>\n\t<meta property=\"og:image:type\" content=\"image\/webp\" \/>\n<meta name=\"twitter:card\" content=\"summary_large_image\" \/>\n<meta name=\"twitter:site\" content=\"@HotSmokeoffici1\" \/>\n<meta name=\"twitter:label1\" content=\"Availability\" \/>\n\t<meta name=\"twitter:data1\" content=\"In stock\" \/>\n<script type=\"application\/ld+json\" class=\"yoast-schema-graph\">{\"@context\":\"https:\/\/schema.org\",\"@graph\":[{\"@type\":[\"WebPage\",\"ItemPage\"],\"@id\":\"https:\/\/hotsmoke.eu\/shop\/heatsticks\/neafs-coffee-heatsticks\/\",\"url\":\"https:\/\/hotsmoke.eu\/shop\/heatsticks\/neafs-coffee-heatsticks\/\",\"name\":\"NEAFS Coffee | Tobacco-Free Nicotine Salt Sticks\",\"isPartOf\":{\"@id\":\"https:\/\/hotsmoke.eu\/#website\"},\"datePublished\":\"2021-05-27T16:29:50+00:00\",\"dateModified\":\"2026-04-27T19:00:56+00:00\",\"description\":\"NEAFS Coffee tobacco-free heatsticks. Premium herbal blend with 1.5% nicotine salt. Compatible with IQOS & HiTaste. Fast EU shipping. Shop now!\",\"breadcrumb\":{\"@id\":\"https:\/\/hotsmoke.eu\/shop\/heatsticks\/neafs-coffee-heatsticks\/#breadcrumb\"},\"inLanguage\":\"es\",\"potentialAction\":[{\"@type\":\"ReadAction\",\"target\":[\"https:\/\/hotsmoke.eu\/shop\/heatsticks\/neafs-coffee-heatsticks\/\"]}]},{\"@type\":\"BreadcrumbList\",\"@id\":\"https:\/\/hotsmoke.eu\/shop\/heatsticks\/neafs-coffee-heatsticks\/#breadcrumb\",\"itemListElement\":[{\"@type\":\"ListItem\",\"position\":1,\"name\":\"Home\",\"item\":\"https:\/\/hotsmoke.eu\/\"},{\"@type\":\"ListItem\",\"position\":2,\"name\":\"HeatSticks And Heat Not Burn Store\",\"item\":\"https:\/\/hotsmoke.eu\/shop\/\"},{\"@type\":\"ListItem\",\"position\":3,\"name\":\"Neafs Coffee Heatsticks\"}]},{\"@type\":\"WebSite\",\"@id\":\"https:\/\/hotsmoke.eu\/#website\",\"url\":\"https:\/\/hotsmoke.eu\/\",\"name\":\"HotSmoke\",\"description\":\"Heat Not Burn Heating Cigarettes Devices Shop | HotSmoke\",\"publisher\":{\"@id\":\"https:\/\/hotsmoke.eu\/#organization\"},\"alternateName\":\"hotsmoke\",\"potentialAction\":[{\"@type\":\"SearchAction\",\"target\":{\"@type\":\"EntryPoint\",\"urlTemplate\":\"https:\/\/hotsmoke.eu\/?s={search_term_string}\"},\"query-input\":\"required name=search_term_string\"}],\"inLanguage\":\"es\"},{\"@type\":[\"Organization\",\"Place\",\"Store\"],\"@id\":\"https:\/\/hotsmoke.eu\/#organization\",\"name\":\"HotSmoke\",\"alternateName\":\"Hot Smoke\",\"url\":\"https:\/\/hotsmoke.eu\/\",\"logo\":{\"@id\":\"https:\/\/hotsmoke.eu\/shop\/heatsticks\/neafs-coffee-heatsticks\/#local-main-organization-logo\"},\"image\":{\"@id\":\"https:\/\/hotsmoke.eu\/shop\/heatsticks\/neafs-coffee-heatsticks\/#local-main-organization-logo\"},\"sameAs\":[\"https:\/\/www.facebook.com\/hotsmoke.eu\",\"https:\/\/twitter.com\/HotSmokeoffici1\"],\"publishingPrinciples\":\"https:\/\/hotsmoke.eu\/heat-not-burn-electronic-cigarettes\/\",\"ownershipFundingInfo\":\"https:\/\/hotsmoke.eu\/terms-conditions\/\",\"actionableFeedbackPolicy\":\"https:\/\/hotsmoke.eu\/privacy-policy\/\",\"correctionsPolicy\":\"https:\/\/hotsmoke.eu\/privacy-policy\/\",\"ethicsPolicy\":\"https:\/\/hotsmoke.eu\/privacy-policy\/\",\"diversityPolicy\":\"https:\/\/hotsmoke.eu\/privacy-policy\/\",\"diversityStaffingReport\":\"https:\/\/hotsmoke.eu\/shipping-warranty\/\",\"address\":{\"@id\":\"https:\/\/hotsmoke.eu\/shop\/heatsticks\/neafs-coffee-heatsticks\/#local-main-place-address\"},\"geo\":{\"@type\":\"GeoCoordinates\",\"latitude\":\"54.8733992\",\"longitude\":\"23.9492982\"},\"telephone\":[\"+37068673611\"],\"openingHoursSpecification\":[{\"@type\":\"OpeningHoursSpecification\",\"dayOfWeek\":[\"Monday\",\"Tuesday\",\"Wednesday\",\"Thursday\",\"Friday\"],\"opens\":\"10:00\",\"closes\":\"17:00\"},{\"@type\":\"OpeningHoursSpecification\",\"dayOfWeek\":[\"Saturday\",\"Sunday\"],\"opens\":\"00:00\",\"closes\":\"00:00\"}],\"email\":\"info@hotsmoke.eu\",\"areaServed\":\"Lithuania\",\"vatID\":\"LT100013495416\",\"priceRange\":\"$$\",\"currenciesAccepted\":\"Euro\",\"paymentAccepted\":\"Visa, mastercard\"},{\"@type\":\"PostalAddress\",\"@id\":\"https:\/\/hotsmoke.eu\/shop\/heatsticks\/neafs-coffee-heatsticks\/#local-main-place-address\",\"streetAddress\":\"L.Ivinskio 18a, L.Ivinskio 18a\",\"addressLocality\":\"Kaunas\",\"postalCode\":\"45151\",\"addressRegion\":\"Lithuania\",\"addressCountry\":\"LT\"},{\"@type\":\"ImageObject\",\"inLanguage\":\"es\",\"@id\":\"https:\/\/hotsmoke.eu\/shop\/heatsticks\/neafs-coffee-heatsticks\/#local-main-organization-logo\",\"url\":\"https:\/\/hotsmoke.eu\/wp-content\/uploads\/2022\/12\/hs_black.svg\",\"contentUrl\":\"https:\/\/hotsmoke.eu\/wp-content\/uploads\/2022\/12\/hs_black.svg\",\"caption\":\"HotSmoke\"}]}<\/script>\n<meta name=\"geo.placename\" content=\"Kaunas\" \/>\n<meta name=\"geo.position\" content=\"54.8733992;23.9492982\" \/>\n<meta name=\"geo.region\" content=\"Lituania\" \/>\n<!-- \/ Yoast SEO Premium plugin. -->","yoast_head_json":{"title":"NEAFS Coffee | Pilas de Nicotina en Sal Libres de Tabaco","description":"Heatsticks de tabaco sin cafe\u00edna NEAFS. Mezcla herbal premium con 1.5% de sal de nicotina. Compatible con IQOS y HiTaste. Env\u00edo r\u00e1pido a la UE. \u00a1Compra ahora!","robots":{"index":"index","follow":"follow","max-snippet":"max-snippet:-1","max-image-preview":"max-image-preview:large","max-video-preview":"max-video-preview:-1"},"canonical":"https:\/\/hotsmoke.eu\/es\/shop\/barritas-de-calor\/calentadores-de-tabaco-neafs\/","og_locale":"es_ES","og_type":"article","og_title":"Neafs Coffee Heatsticks","og_description":"NEAFS Coffee tobacco-free heatsticks. Premium herbal blend with 1.5% nicotine salt. Compatible with IQOS & HiTaste. Fast EU shipping. Shop now!","og_url":"https:\/\/hotsmoke.eu\/es\/shop\/barritas-de-calor\/calentadores-de-tabaco-neafs\/","og_site_name":"HotSmoke","article_publisher":"https:\/\/www.facebook.com\/hotsmoke.eu","article_modified_time":"2026-04-27T19:00:56+00:00","og_image":[{"width":2500,"height":2500,"url":"https:\/\/hotsmoke.eu\/wp-content\/uploads\/2021\/05\/neafs-coffee-hotsmoke.eu_-1.webp","type":"image\/webp"}],"twitter_card":"summary_large_image","twitter_site":"@HotSmokeoffici1","twitter_misc":{"Availability":"In stock"},"schema":{"@context":"https:\/\/schema.org","@graph":[{"@type":["WebPage","ItemPage"],"@id":"https:\/\/hotsmoke.eu\/shop\/heatsticks\/neafs-coffee-heatsticks\/","url":"https:\/\/hotsmoke.eu\/shop\/heatsticks\/neafs-coffee-heatsticks\/","name":"NEAFS Coffee | Pilas de Nicotina en Sal Libres de Tabaco","isPartOf":{"@id":"https:\/\/hotsmoke.eu\/#website"},"datePublished":"2021-05-27T16:29:50+00:00","dateModified":"2026-04-27T19:00:56+00:00","description":"Heatsticks de tabaco sin cafe\u00edna NEAFS. Mezcla herbal premium con 1.5% de sal de nicotina. Compatible con IQOS y HiTaste. Env\u00edo r\u00e1pido a la UE. \u00a1Compra ahora!","breadcrumb":{"@id":"https:\/\/hotsmoke.eu\/shop\/heatsticks\/neafs-coffee-heatsticks\/#breadcrumb"},"inLanguage":"es","potentialAction":[{"@type":"ReadAction","target":["https:\/\/hotsmoke.eu\/shop\/heatsticks\/neafs-coffee-heatsticks\/"]}]},{"@type":"BreadcrumbList","@id":"https:\/\/hotsmoke.eu\/shop\/heatsticks\/neafs-coffee-heatsticks\/#breadcrumb","itemListElement":[{"@type":"ListItem","position":1,"name":"Home","item":"https:\/\/hotsmoke.eu\/"},{"@type":"ListItem","position":2,"name":"HeatSticks And Heat Not Burn Store","item":"https:\/\/hotsmoke.eu\/shop\/"},{"@type":"ListItem","position":3,"name":"Neafs Coffee Heatsticks"}]},{"@type":"WebSite","@id":"https:\/\/hotsmoke.eu\/#website","url":"https:\/\/hotsmoke.eu\/","name":"Humo caliente","description":"Tienda de dispositivos de tabaco calentado Heat Not Burn | HotSmoke","publisher":{"@id":"https:\/\/hotsmoke.eu\/#organization"},"alternateName":"hotsmoke","potentialAction":[{"@type":"SearchAction","target":{"@type":"EntryPoint","urlTemplate":"https:\/\/hotsmoke.eu\/?s={search_term_string}"},"query-input":"required name=search_term_string"}],"inLanguage":"es"},{"@type":["Organization","Place","Store"],"@id":"https:\/\/hotsmoke.eu\/#organization","name":"Humo caliente","alternateName":"Hot Smoke","url":"https:\/\/hotsmoke.eu\/","logo":{"@id":"https:\/\/hotsmoke.eu\/shop\/heatsticks\/neafs-coffee-heatsticks\/#local-main-organization-logo"},"image":{"@id":"https:\/\/hotsmoke.eu\/shop\/heatsticks\/neafs-coffee-heatsticks\/#local-main-organization-logo"},"sameAs":["https:\/\/www.facebook.com\/hotsmoke.eu","https:\/\/twitter.com\/HotSmokeoffici1"],"publishingPrinciples":"https:\/\/hotsmoke.eu\/heat-not-burn-electronic-cigarettes\/","ownershipFundingInfo":"https:\/\/hotsmoke.eu\/terms-conditions\/","actionableFeedbackPolicy":"https:\/\/hotsmoke.eu\/privacy-policy\/","correctionsPolicy":"https:\/\/hotsmoke.eu\/privacy-policy\/","ethicsPolicy":"https:\/\/hotsmoke.eu\/privacy-policy\/","diversityPolicy":"https:\/\/hotsmoke.eu\/privacy-policy\/","diversityStaffingReport":"https:\/\/hotsmoke.eu\/shipping-warranty\/","address":{"@id":"https:\/\/hotsmoke.eu\/shop\/heatsticks\/neafs-coffee-heatsticks\/#local-main-place-address"},"geo":{"@type":"GeoCoordinates","latitude":"54.8733992","longitude":"23.9492982"},"telephone":["+37068673611"],"openingHoursSpecification":[{"@type":"OpeningHoursSpecification","dayOfWeek":["Monday","Tuesday","Wednesday","Thursday","Friday"],"opens":"10:00","closes":"17:00"},{"@type":"OpeningHoursSpecification","dayOfWeek":["Saturday","Sunday"],"opens":"00:00","closes":"00:00"}],"email":"info@hotsmoke.eu","areaServed":"Lithuania","vatID":"LT100013495416","priceRange":"$$","currenciesAccepted":"Euro","paymentAccepted":"Visa, mastercard"},{"@type":"PostalAddress","@id":"https:\/\/hotsmoke.eu\/shop\/heatsticks\/neafs-coffee-heatsticks\/#local-main-place-address","streetAddress":"L.Ivinskio 18a, L.Ivinskio 18a","addressLocality":"Kaunas","postalCode":"45151","addressRegion":"Lithuania","addressCountry":"LT"},{"@type":"ImageObject","inLanguage":"es","@id":"https:\/\/hotsmoke.eu\/shop\/heatsticks\/neafs-coffee-heatsticks\/#local-main-organization-logo","url":"https:\/\/hotsmoke.eu\/wp-content\/uploads\/2022\/12\/hs_black.svg","contentUrl":"https:\/\/hotsmoke.eu\/wp-content\/uploads\/2022\/12\/hs_black.svg","caption":"HotSmoke"}]},"geo.placename":"Kaunas","geo.position":{"lat":"54.8733992","long":"23.9492982"},"geo.region":"Lituania"},"_links":{"self":[{"href":"https:\/\/hotsmoke.eu\/es\/wp-json\/wp\/v2\/product\/434","targetHints":{"allow":["GET"]}}],"collection":[{"href":"https:\/\/hotsmoke.eu\/es\/wp-json\/wp\/v2\/product"}],"about":[{"href":"https:\/\/hotsmoke.eu\/es\/wp-json\/wp\/v2\/types\/product"}],"replies":[{"embeddable":true,"href":"https:\/\/hotsmoke.eu\/es\/wp-json\/wp\/v2\/comments?post=434"}],"wp:featuredmedia":[{"embeddable":true,"href":"https:\/\/hotsmoke.eu\/es\/wp-json\/wp\/v2\/media\/24997"}],"wp:attachment":[{"href":"https:\/\/hotsmoke.eu\/es\/wp-json\/wp\/v2\/media?parent=434"}],"wp:term":[{"taxonomy":"product_cat","embeddable":true,"href":"https:\/\/hotsmoke.eu\/es\/wp-json\/wp\/v2\/product_cat?post=434"},{"taxonomy":"product_tag","embeddable":true,"href":"https:\/\/hotsmoke.eu\/es\/wp-json\/wp\/v2\/product_tag?post=434"}],"curies":[{"name":"wp","href":"https:\/\/api.w.org\/{rel}","templated":true}]}}