{"id":27920,"date":"2026-01-27T23:05:44","date_gmt":"2026-01-27T23:05:44","guid":{"rendered":"https:\/\/hotsmoke.eu\/?post_type=product&#038;p=27920"},"modified":"2026-04-14T11:55:31","modified_gmt":"2026-04-14T11:55:31","slug":"vape-de-nicotina-sabor-limon-y-lima-de-neafs","status":"publish","type":"product","link":"https:\/\/hotsmoke.eu\/es\/shop\/vape\/neafs-lemon-lime-nicotine-vape\/","title":{"rendered":"Vapeador de nicotina NEAFS Lim\u00f3n Lima"},"content":{"rendered":"","protected":false},"excerpt":{"rendered":"<h2>SOBRE VAPE<\/h2>\n<p>NEAFS Lemon Lime UNO Crystal Bar 700 \u2013 Vapeador con nicotina. Combina un dise\u00f1o premium con una facilidad de uso sin esfuerzo. La carcasa con efecto cristal le da un aspecto refinado, mientras que el factor de forma compacto cabe c\u00f3modamente en un bolsillo o bolso. Prellenado y precargado, el dispositivo est\u00e1 dise\u00f1ado para ofrecer un perfil de sabor constante, desde la primera calada hasta la \u00faltima, para que los usuarios disfruten de una experiencia fiable sin complicaciones con resistencias, c\u00e1psulas o recargas de e-l\u00edquido.<\/p>\n<ul>\n<li>Uso sin complicaciones: Completamente desechable \u2013 sin recargas, cargas ni cambios de bobina.<\/li>\n<li>Sabor consistente: Bobina y combinaci\u00f3n de l\u00edquido electr\u00f3nico optimizadas para un gusto uniforme durante toda la vida \u00fatil del dispositivo.<\/li>\n<li>Aspecto premium: el acabado de cristal a\u00f1ade un toque moderno y elegante.<\/li>\n<li>Port\u00e1til: dise\u00f1o delgado y ligero para llevarlo discretamente en el d\u00eda a d\u00eda.<\/li>\n<li>Construido seg\u00fan los est\u00e1ndares: Fabricado seg\u00fan las directrices de seguridad y calidad de la industria para minimizar las fugas y garantizar un rendimiento fiable.<\/li>\n<\/ul>\n<h2>Vape desechable con nicotina<\/h2>\n<ul>\n<li>Modelo: NEAFS UNO Crystal Bar 700.<\/li>\n<li>Tipo: Vape desechable.<\/li>\n<li>Caladas: Hasta 700 caladas.<\/li>\n<li>Vapeador desechable de clase premium.<\/li>\n<li>Dise\u00f1o: Carcasa compacta con efecto cristal<\/li>\n<li>Uso: Prellenado y listo para usar; no requiere recarga<\/li>\n<li>Recomendado para: Usuarios que buscan una opci\u00f3n desechable, simple y elegante.<\/li>\n<\/ul>","protected":false},"featured_media":27913,"comment_status":"open","ping_status":"closed","template":"","meta":{"inline_featured_image":false},"product_cat":[161,110],"product_tag":[],"class_list":["post-27920","product","type-product","status-publish","has-post-thumbnail","hentry","product_brand-neafs","product_cat-nicotine-vape","product_cat-vape"],"acf":[],"yoast_head":"<!-- This site is optimized with the Yoast SEO Premium plugin v20.11 (Yoast SEO v20.11) - https:\/\/yoast.com\/wordpress\/plugins\/seo\/ -->\n<title>NEAFS Lemon Lime Nicotine Vape - HotSmoke<\/title>\n<meta name=\"description\" content=\"NEAFS Lemon lime UNO Crystal Bar 700 - Nicotine Vape. Blends premium design with effortless usability. Fully disposable vape - no refilling.\" \/>\n<meta name=\"robots\" content=\"index, follow, max-snippet:-1, max-image-preview:large, max-video-preview:-1\" \/>\n<link rel=\"canonical\" href=\"https:\/\/hotsmoke.eu\/es\/shop\/vapear\/vape-de-nicotina-sabor-limon-y-lima-de-neafs\/\" \/>\n<meta property=\"og:locale\" content=\"es_ES\" \/>\n<meta property=\"og:type\" content=\"article\" \/>\n<meta property=\"og:title\" content=\"NEAFS Lemon Lime Nicotine Vape\" \/>\n<meta property=\"og:description\" content=\"NEAFS Lemon lime UNO Crystal Bar 700 - Nicotine Vape. Blends premium design with effortless usability. Fully disposable vape - no refilling.\" \/>\n<meta property=\"og:url\" content=\"https:\/\/hotsmoke.eu\/es\/shop\/vapear\/vape-de-nicotina-sabor-limon-y-lima-de-neafs\/\" \/>\n<meta property=\"og:site_name\" content=\"HotSmoke\" \/>\n<meta property=\"article:publisher\" content=\"https:\/\/www.facebook.com\/hotsmoke.eu\" \/>\n<meta property=\"article:modified_time\" content=\"2026-04-14T11:55:31+00:00\" \/>\n<meta property=\"og:image\" content=\"https:\/\/hotsmoke.eu\/wp-content\/uploads\/2026\/01\/neafs-lemon-lime-nicotine-vape-hotsmoke.eu_.webp\" \/>\n\t<meta property=\"og:image:width\" content=\"1080\" \/>\n\t<meta property=\"og:image:height\" content=\"1080\" \/>\n\t<meta property=\"og:image:type\" content=\"image\/webp\" \/>\n<meta name=\"twitter:card\" content=\"summary_large_image\" \/>\n<meta name=\"twitter:site\" content=\"@HotSmokeoffici1\" \/>\n<meta name=\"twitter:label1\" content=\"Availability\" \/>\n\t<meta name=\"twitter:data1\" content=\"Out of stock\" \/>\n<script type=\"application\/ld+json\" class=\"yoast-schema-graph\">{\"@context\":\"https:\/\/schema.org\",\"@graph\":[{\"@type\":[\"WebPage\",\"ItemPage\"],\"@id\":\"https:\/\/hotsmoke.eu\/shop\/vape\/neafs-lemon-lime-nicotine-vape\/\",\"url\":\"https:\/\/hotsmoke.eu\/shop\/vape\/neafs-lemon-lime-nicotine-vape\/\",\"name\":\"NEAFS Lemon Lime Nicotine Vape - HotSmoke\",\"isPartOf\":{\"@id\":\"https:\/\/hotsmoke.eu\/#website\"},\"datePublished\":\"2026-01-27T23:05:44+00:00\",\"dateModified\":\"2026-04-14T11:55:31+00:00\",\"description\":\"NEAFS Lemon lime UNO Crystal Bar 700 - Nicotine Vape. Blends premium design with effortless usability. Fully disposable vape - no refilling.\",\"breadcrumb\":{\"@id\":\"https:\/\/hotsmoke.eu\/shop\/vape\/neafs-lemon-lime-nicotine-vape\/#breadcrumb\"},\"inLanguage\":\"es\",\"potentialAction\":[{\"@type\":\"ReadAction\",\"target\":[\"https:\/\/hotsmoke.eu\/shop\/vape\/neafs-lemon-lime-nicotine-vape\/\"]}]},{\"@type\":\"BreadcrumbList\",\"@id\":\"https:\/\/hotsmoke.eu\/shop\/vape\/neafs-lemon-lime-nicotine-vape\/#breadcrumb\",\"itemListElement\":[{\"@type\":\"ListItem\",\"position\":1,\"name\":\"Home\",\"item\":\"https:\/\/hotsmoke.eu\/\"},{\"@type\":\"ListItem\",\"position\":2,\"name\":\"HeatSticks And Heat Not Burn Store\",\"item\":\"https:\/\/hotsmoke.eu\/shop\/\"},{\"@type\":\"ListItem\",\"position\":3,\"name\":\"NEAFS Lemon Lime Nicotine Vape\"}]},{\"@type\":\"WebSite\",\"@id\":\"https:\/\/hotsmoke.eu\/#website\",\"url\":\"https:\/\/hotsmoke.eu\/\",\"name\":\"HotSmoke\",\"description\":\"Heat Not Burn Heating Cigarettes Devices Shop | HotSmoke\",\"publisher\":{\"@id\":\"https:\/\/hotsmoke.eu\/#organization\"},\"alternateName\":\"hotsmoke\",\"potentialAction\":[{\"@type\":\"SearchAction\",\"target\":{\"@type\":\"EntryPoint\",\"urlTemplate\":\"https:\/\/hotsmoke.eu\/?s={search_term_string}\"},\"query-input\":\"required name=search_term_string\"}],\"inLanguage\":\"es\"},{\"@type\":[\"Organization\",\"Place\",\"Store\"],\"@id\":\"https:\/\/hotsmoke.eu\/#organization\",\"name\":\"HotSmoke\",\"alternateName\":\"Hot Smoke\",\"url\":\"https:\/\/hotsmoke.eu\/\",\"logo\":{\"@id\":\"https:\/\/hotsmoke.eu\/shop\/vape\/neafs-lemon-lime-nicotine-vape\/#local-main-organization-logo\"},\"image\":{\"@id\":\"https:\/\/hotsmoke.eu\/shop\/vape\/neafs-lemon-lime-nicotine-vape\/#local-main-organization-logo\"},\"sameAs\":[\"https:\/\/www.facebook.com\/hotsmoke.eu\",\"https:\/\/twitter.com\/HotSmokeoffici1\"],\"publishingPrinciples\":\"https:\/\/hotsmoke.eu\/heat-not-burn-electronic-cigarettes\/\",\"ownershipFundingInfo\":\"https:\/\/hotsmoke.eu\/terms-conditions\/\",\"actionableFeedbackPolicy\":\"https:\/\/hotsmoke.eu\/privacy-policy\/\",\"correctionsPolicy\":\"https:\/\/hotsmoke.eu\/privacy-policy\/\",\"ethicsPolicy\":\"https:\/\/hotsmoke.eu\/privacy-policy\/\",\"diversityPolicy\":\"https:\/\/hotsmoke.eu\/privacy-policy\/\",\"diversityStaffingReport\":\"https:\/\/hotsmoke.eu\/shipping-warranty\/\",\"address\":{\"@id\":\"https:\/\/hotsmoke.eu\/shop\/vape\/neafs-lemon-lime-nicotine-vape\/#local-main-place-address\"},\"geo\":{\"@type\":\"GeoCoordinates\",\"latitude\":\"54.8733992\",\"longitude\":\"23.9492982\"},\"telephone\":[\"+37068673611\"],\"openingHoursSpecification\":[{\"@type\":\"OpeningHoursSpecification\",\"dayOfWeek\":[\"Monday\",\"Tuesday\",\"Wednesday\",\"Thursday\",\"Friday\"],\"opens\":\"10:00\",\"closes\":\"17:00\"},{\"@type\":\"OpeningHoursSpecification\",\"dayOfWeek\":[\"Saturday\",\"Sunday\"],\"opens\":\"00:00\",\"closes\":\"00:00\"}],\"email\":\"info@hotsmoke.eu\",\"areaServed\":\"Lithuania\",\"vatID\":\"LT100013495416\",\"priceRange\":\"$$\",\"currenciesAccepted\":\"Euro\",\"paymentAccepted\":\"Visa, mastercard\"},{\"@type\":\"PostalAddress\",\"@id\":\"https:\/\/hotsmoke.eu\/shop\/vape\/neafs-lemon-lime-nicotine-vape\/#local-main-place-address\",\"streetAddress\":\"L.Ivinskio 18a, L.Ivinskio 18a\",\"addressLocality\":\"Kaunas\",\"postalCode\":\"45151\",\"addressRegion\":\"Lithuania\",\"addressCountry\":\"LT\"},{\"@type\":\"ImageObject\",\"inLanguage\":\"es\",\"@id\":\"https:\/\/hotsmoke.eu\/shop\/vape\/neafs-lemon-lime-nicotine-vape\/#local-main-organization-logo\",\"url\":\"https:\/\/hotsmoke.eu\/wp-content\/uploads\/2022\/12\/hs_black.svg\",\"contentUrl\":\"https:\/\/hotsmoke.eu\/wp-content\/uploads\/2022\/12\/hs_black.svg\",\"caption\":\"HotSmoke\"}]}<\/script>\n<meta name=\"geo.placename\" content=\"Kaunas\" \/>\n<meta name=\"geo.position\" content=\"54.8733992;23.9492982\" \/>\n<meta name=\"geo.region\" content=\"Lituania\" \/>\n<!-- \/ Yoast SEO Premium plugin. -->","yoast_head_json":{"title":"NEAFS Vape de Nicotina Lim\u00f3n Lima - HotSmoke","description":"NEAFS Lemon Lime UNO Crystal Bar 700 - Vape con nicotina. Combina dise\u00f1o premium con facilidad de uso. Vapeador completamente desechable, no necesita recarga.","robots":{"index":"index","follow":"follow","max-snippet":"max-snippet:-1","max-image-preview":"max-image-preview:large","max-video-preview":"max-video-preview:-1"},"canonical":"https:\/\/hotsmoke.eu\/es\/shop\/vapear\/vape-de-nicotina-sabor-limon-y-lima-de-neafs\/","og_locale":"es_ES","og_type":"article","og_title":"NEAFS Lemon Lime Nicotine Vape","og_description":"NEAFS Lemon lime UNO Crystal Bar 700 - Nicotine Vape. Blends premium design with effortless usability. Fully disposable vape - no refilling.","og_url":"https:\/\/hotsmoke.eu\/es\/shop\/vapear\/vape-de-nicotina-sabor-limon-y-lima-de-neafs\/","og_site_name":"HotSmoke","article_publisher":"https:\/\/www.facebook.com\/hotsmoke.eu","article_modified_time":"2026-04-14T11:55:31+00:00","og_image":[{"width":1080,"height":1080,"url":"https:\/\/hotsmoke.eu\/wp-content\/uploads\/2026\/01\/neafs-lemon-lime-nicotine-vape-hotsmoke.eu_.webp","type":"image\/webp"}],"twitter_card":"summary_large_image","twitter_site":"@HotSmokeoffici1","twitter_misc":{"Availability":"Out of stock"},"schema":{"@context":"https:\/\/schema.org","@graph":[{"@type":["WebPage","ItemPage"],"@id":"https:\/\/hotsmoke.eu\/shop\/vape\/neafs-lemon-lime-nicotine-vape\/","url":"https:\/\/hotsmoke.eu\/shop\/vape\/neafs-lemon-lime-nicotine-vape\/","name":"NEAFS Vape de Nicotina Lim\u00f3n Lima - HotSmoke","isPartOf":{"@id":"https:\/\/hotsmoke.eu\/#website"},"datePublished":"2026-01-27T23:05:44+00:00","dateModified":"2026-04-14T11:55:31+00:00","description":"NEAFS Lemon Lime UNO Crystal Bar 700 - Vape con nicotina. Combina dise\u00f1o premium con facilidad de uso. Vapeador completamente desechable, no necesita recarga.","breadcrumb":{"@id":"https:\/\/hotsmoke.eu\/shop\/vape\/neafs-lemon-lime-nicotine-vape\/#breadcrumb"},"inLanguage":"es","potentialAction":[{"@type":"ReadAction","target":["https:\/\/hotsmoke.eu\/shop\/vape\/neafs-lemon-lime-nicotine-vape\/"]}]},{"@type":"BreadcrumbList","@id":"https:\/\/hotsmoke.eu\/shop\/vape\/neafs-lemon-lime-nicotine-vape\/#breadcrumb","itemListElement":[{"@type":"ListItem","position":1,"name":"Home","item":"https:\/\/hotsmoke.eu\/"},{"@type":"ListItem","position":2,"name":"HeatSticks And Heat Not Burn Store","item":"https:\/\/hotsmoke.eu\/shop\/"},{"@type":"ListItem","position":3,"name":"NEAFS Lemon Lime Nicotine Vape"}]},{"@type":"WebSite","@id":"https:\/\/hotsmoke.eu\/#website","url":"https:\/\/hotsmoke.eu\/","name":"Humo caliente","description":"Tienda de dispositivos de tabaco calentado Heat Not Burn | HotSmoke","publisher":{"@id":"https:\/\/hotsmoke.eu\/#organization"},"alternateName":"hotsmoke","potentialAction":[{"@type":"SearchAction","target":{"@type":"EntryPoint","urlTemplate":"https:\/\/hotsmoke.eu\/?s={search_term_string}"},"query-input":"required name=search_term_string"}],"inLanguage":"es"},{"@type":["Organization","Place","Store"],"@id":"https:\/\/hotsmoke.eu\/#organization","name":"Humo caliente","alternateName":"Hot Smoke","url":"https:\/\/hotsmoke.eu\/","logo":{"@id":"https:\/\/hotsmoke.eu\/shop\/vape\/neafs-lemon-lime-nicotine-vape\/#local-main-organization-logo"},"image":{"@id":"https:\/\/hotsmoke.eu\/shop\/vape\/neafs-lemon-lime-nicotine-vape\/#local-main-organization-logo"},"sameAs":["https:\/\/www.facebook.com\/hotsmoke.eu","https:\/\/twitter.com\/HotSmokeoffici1"],"publishingPrinciples":"https:\/\/hotsmoke.eu\/heat-not-burn-electronic-cigarettes\/","ownershipFundingInfo":"https:\/\/hotsmoke.eu\/terms-conditions\/","actionableFeedbackPolicy":"https:\/\/hotsmoke.eu\/privacy-policy\/","correctionsPolicy":"https:\/\/hotsmoke.eu\/privacy-policy\/","ethicsPolicy":"https:\/\/hotsmoke.eu\/privacy-policy\/","diversityPolicy":"https:\/\/hotsmoke.eu\/privacy-policy\/","diversityStaffingReport":"https:\/\/hotsmoke.eu\/shipping-warranty\/","address":{"@id":"https:\/\/hotsmoke.eu\/shop\/vape\/neafs-lemon-lime-nicotine-vape\/#local-main-place-address"},"geo":{"@type":"GeoCoordinates","latitude":"54.8733992","longitude":"23.9492982"},"telephone":["+37068673611"],"openingHoursSpecification":[{"@type":"OpeningHoursSpecification","dayOfWeek":["Monday","Tuesday","Wednesday","Thursday","Friday"],"opens":"10:00","closes":"17:00"},{"@type":"OpeningHoursSpecification","dayOfWeek":["Saturday","Sunday"],"opens":"00:00","closes":"00:00"}],"email":"info@hotsmoke.eu","areaServed":"Lithuania","vatID":"LT100013495416","priceRange":"$$","currenciesAccepted":"Euro","paymentAccepted":"Visa, mastercard"},{"@type":"PostalAddress","@id":"https:\/\/hotsmoke.eu\/shop\/vape\/neafs-lemon-lime-nicotine-vape\/#local-main-place-address","streetAddress":"L.Ivinskio 18a, L.Ivinskio 18a","addressLocality":"Kaunas","postalCode":"45151","addressRegion":"Lithuania","addressCountry":"LT"},{"@type":"ImageObject","inLanguage":"es","@id":"https:\/\/hotsmoke.eu\/shop\/vape\/neafs-lemon-lime-nicotine-vape\/#local-main-organization-logo","url":"https:\/\/hotsmoke.eu\/wp-content\/uploads\/2022\/12\/hs_black.svg","contentUrl":"https:\/\/hotsmoke.eu\/wp-content\/uploads\/2022\/12\/hs_black.svg","caption":"HotSmoke"}]},"geo.placename":"Kaunas","geo.position":{"lat":"54.8733992","long":"23.9492982"},"geo.region":"Lituania"},"_links":{"self":[{"href":"https:\/\/hotsmoke.eu\/es\/wp-json\/wp\/v2\/product\/27920","targetHints":{"allow":["GET"]}}],"collection":[{"href":"https:\/\/hotsmoke.eu\/es\/wp-json\/wp\/v2\/product"}],"about":[{"href":"https:\/\/hotsmoke.eu\/es\/wp-json\/wp\/v2\/types\/product"}],"replies":[{"embeddable":true,"href":"https:\/\/hotsmoke.eu\/es\/wp-json\/wp\/v2\/comments?post=27920"}],"wp:featuredmedia":[{"embeddable":true,"href":"https:\/\/hotsmoke.eu\/es\/wp-json\/wp\/v2\/media\/27913"}],"wp:attachment":[{"href":"https:\/\/hotsmoke.eu\/es\/wp-json\/wp\/v2\/media?parent=27920"}],"wp:term":[{"taxonomy":"product_cat","embeddable":true,"href":"https:\/\/hotsmoke.eu\/es\/wp-json\/wp\/v2\/product_cat?post=27920"},{"taxonomy":"product_tag","embeddable":true,"href":"https:\/\/hotsmoke.eu\/es\/wp-json\/wp\/v2\/product_tag?post=27920"}],"curies":[{"name":"wp","href":"https:\/\/api.w.org\/{rel}","templated":true}]}}