{"id":25133,"date":"2024-04-26T05:42:15","date_gmt":"2024-04-26T05:42:15","guid":{"rendered":"https:\/\/hotsmoke.eu\/?post_type=product&#038;p=25133"},"modified":"2024-04-26T05:56:46","modified_gmt":"2024-04-26T05:56:46","slug":"cannabis-bakehouse-gorilla-cookies","status":"publish","type":"product","link":"https:\/\/hotsmoke.eu\/es\/shop\/cbd\/cannabis-bakehouse-gorilla-cookies\/","title":{"rendered":"Cannabis Bakehouse Gorilla Cookies"},"content":{"rendered":"","protected":false},"excerpt":{"rendered":"<h2>SOBRE LAS COOKIES<\/h2>\n<p>Cannabis Bakehouse Gorilla Cookies.Cannabis Bakehouse&#8217;s Gorilla Cookies are a combination of Gorilla Glue and Girl Scout Kush. Flavors like these represent agility, focus and nature in equal measure. Going to a get-together with friends? Buy Gorilla Cannabis cookies and share them. These cookies will put your mind in a relaxing state with a slightly calming effect. Gorilla Cannabis biscuits are THC-free, which means you can consume them whenever you get a craving.<\/p>\n<p><strong>Ingredientes:<\/strong> Harina de TRIGO, aceite vegetal (palma, coco), az\u00facar, agua, aceite vegetal (colza), aceite de terpeno, cacao en polvo, glicerol (E422), sal, sal yodada, agente leudante (E500), conservante (E202), antiaglomerante (E535), antioxidante (E330), emulgente (E471), enzima (alfa-amilasa (trigo)), yoduro de potasio, \u00e1cido asc\u00f3rbico (E300), fosfato de calcio (E341).<\/p>\n<p><strong>Valor nutricional por 100 g:<\/strong> Kj 1.930,00; calor\u00edas 461,00; Prote\u00edna 5,14 g; Carbohidratos 49,64 g; Az\u00facar 17,84 g; Grasa 26,50 g (de los cuales saturados 11,24 g, de los cuales insaturados 11,09 g); Fibra 1,39 g; Sal 0,53 g.<\/p>","protected":false},"featured_media":25135,"comment_status":"open","ping_status":"closed","template":"","meta":{"inline_featured_image":false},"product_cat":[43],"product_tag":[],"class_list":["post-25133","product","type-product","status-publish","has-post-thumbnail","hentry","product_brand-cannabis-bakehouse","product_cat-cbd"],"acf":[],"yoast_head":"<!-- This site is optimized with the Yoast SEO Premium plugin v20.11 (Yoast SEO v20.11) - https:\/\/yoast.com\/wordpress\/plugins\/seo\/ -->\n<title>Cannabis Bakehouse Gorilla Cookies - HotSmoke<\/title>\n<meta name=\"robots\" content=\"index, follow, max-snippet:-1, max-image-preview:large, max-video-preview:-1\" \/>\n<link rel=\"canonical\" href=\"https:\/\/hotsmoke.eu\/es\/shop\/cbd\/cannabis-bakehouse-gorilla-cookies\/\" \/>\n<meta property=\"og:locale\" content=\"es_ES\" \/>\n<meta property=\"og:type\" content=\"article\" \/>\n<meta property=\"og:title\" content=\"Cannabis Bakehouse Gorilla Cookies\" \/>\n<meta property=\"og:description\" content=\"ABOUT COOKIES Cannabis Bakehouse Gorilla Cookies.Cannabis Bakehouse&#039;s Gorilla Cookies are a combination of Gorilla Glue and Girl Scout Kush. Flavors like these represent agility, focus and nature in equal measure. Going to a get-together with friends? Buy Gorilla Cannabis cookies and share them. These cookies will put your mind in a relaxing state with a slightly calming effect. Gorilla Cannabis biscuits are THC-free, which means you can consume them whenever you get a craving.  Ingredients: WHEAT flour, vegetable oil (palm, coconut), sugar, water, vegetable oil (rapeseed), terpene oil, cocoa powder, glycerol (E422), salt, iodized salt, raising agent (E500), preservative (E202), adhesive (E535), antioxidant (E330), emulsifier (E471), enzyme (alpha-amylase (wheat)), potassium iodide, ascorbic acid (E300), calcium phosphate (E341).  Nutritional value per 100 g: Kj 1,930.00; calories 461.00; Protein 5.14 g; Carbohydrates 49.64 g; Sugar 17.84g; Fat 26.50 g (of which saturated 11.24 g, of which unsaturated 11.09 g); Fiber 1.39 g; Salt 0.53 g.\" \/>\n<meta property=\"og:url\" content=\"https:\/\/hotsmoke.eu\/es\/shop\/cbd\/cannabis-bakehouse-gorilla-cookies\/\" \/>\n<meta property=\"og:site_name\" content=\"HotSmoke\" \/>\n<meta property=\"article:publisher\" content=\"https:\/\/www.facebook.com\/hotsmoke.eu\" \/>\n<meta property=\"article:modified_time\" content=\"2024-04-26T05:56:46+00:00\" \/>\n<meta property=\"og:image\" content=\"https:\/\/hotsmoke.eu\/wp-content\/uploads\/2024\/04\/cannabis-bakehouse-gorilla-hotsmoke.eu_.webp\" \/>\n\t<meta property=\"og:image:width\" content=\"1080\" \/>\n\t<meta property=\"og:image:height\" content=\"1080\" \/>\n\t<meta property=\"og:image:type\" content=\"image\/webp\" \/>\n<meta name=\"twitter:card\" content=\"summary_large_image\" \/>\n<meta name=\"twitter:site\" content=\"@HotSmokeoffici1\" \/>\n<meta name=\"twitter:label1\" content=\"Precio\" \/>\n\t<meta name=\"twitter:data1\" content=\"19.99&euro;\" \/>\n\t<meta name=\"twitter:label2\" content=\"Availability\" \/>\n\t<meta name=\"twitter:data2\" content=\"In stock\" \/>\n<script type=\"application\/ld+json\" class=\"yoast-schema-graph\">{\"@context\":\"https:\/\/schema.org\",\"@graph\":[{\"@type\":[\"WebPage\",\"ItemPage\"],\"@id\":\"https:\/\/hotsmoke.eu\/shop\/cbd\/cannabis-bakehouse-gorilla-cookies\/\",\"url\":\"https:\/\/hotsmoke.eu\/shop\/cbd\/cannabis-bakehouse-gorilla-cookies\/\",\"name\":\"Cannabis Bakehouse Gorilla Cookies - HotSmoke\",\"isPartOf\":{\"@id\":\"https:\/\/hotsmoke.eu\/#website\"},\"datePublished\":\"2024-04-26T05:42:15+00:00\",\"dateModified\":\"2024-04-26T05:56:46+00:00\",\"breadcrumb\":{\"@id\":\"https:\/\/hotsmoke.eu\/shop\/cbd\/cannabis-bakehouse-gorilla-cookies\/#breadcrumb\"},\"inLanguage\":\"es\",\"potentialAction\":[{\"@type\":\"ReadAction\",\"target\":[\"https:\/\/hotsmoke.eu\/shop\/cbd\/cannabis-bakehouse-gorilla-cookies\/\"]}]},{\"@type\":\"BreadcrumbList\",\"@id\":\"https:\/\/hotsmoke.eu\/shop\/cbd\/cannabis-bakehouse-gorilla-cookies\/#breadcrumb\",\"itemListElement\":[{\"@type\":\"ListItem\",\"position\":1,\"name\":\"Home\",\"item\":\"https:\/\/hotsmoke.eu\/\"},{\"@type\":\"ListItem\",\"position\":2,\"name\":\"HeatSticks And Heat Not Burn Store\",\"item\":\"https:\/\/hotsmoke.eu\/shop\/\"},{\"@type\":\"ListItem\",\"position\":3,\"name\":\"Cannabis Bakehouse Gorilla Cookies\"}]},{\"@type\":\"WebSite\",\"@id\":\"https:\/\/hotsmoke.eu\/#website\",\"url\":\"https:\/\/hotsmoke.eu\/\",\"name\":\"HotSmoke\",\"description\":\"Heat Not Burn Heating Cigarettes Devices Shop | HotSmoke\",\"publisher\":{\"@id\":\"https:\/\/hotsmoke.eu\/#organization\"},\"alternateName\":\"hotsmoke\",\"potentialAction\":[{\"@type\":\"SearchAction\",\"target\":{\"@type\":\"EntryPoint\",\"urlTemplate\":\"https:\/\/hotsmoke.eu\/?s={search_term_string}\"},\"query-input\":\"required name=search_term_string\"}],\"inLanguage\":\"es\"},{\"@type\":[\"Organization\",\"Place\",\"Store\"],\"@id\":\"https:\/\/hotsmoke.eu\/#organization\",\"name\":\"HotSmoke\",\"alternateName\":\"Hot Smoke\",\"url\":\"https:\/\/hotsmoke.eu\/\",\"logo\":{\"@id\":\"https:\/\/hotsmoke.eu\/shop\/cbd\/cannabis-bakehouse-gorilla-cookies\/#local-main-organization-logo\"},\"image\":{\"@id\":\"https:\/\/hotsmoke.eu\/shop\/cbd\/cannabis-bakehouse-gorilla-cookies\/#local-main-organization-logo\"},\"sameAs\":[\"https:\/\/www.facebook.com\/hotsmoke.eu\",\"https:\/\/twitter.com\/HotSmokeoffici1\"],\"publishingPrinciples\":\"https:\/\/hotsmoke.eu\/heat-not-burn-electronic-cigarettes\/\",\"ownershipFundingInfo\":\"https:\/\/hotsmoke.eu\/terms-conditions\/\",\"actionableFeedbackPolicy\":\"https:\/\/hotsmoke.eu\/privacy-policy\/\",\"correctionsPolicy\":\"https:\/\/hotsmoke.eu\/privacy-policy\/\",\"ethicsPolicy\":\"https:\/\/hotsmoke.eu\/privacy-policy\/\",\"diversityPolicy\":\"https:\/\/hotsmoke.eu\/privacy-policy\/\",\"diversityStaffingReport\":\"https:\/\/hotsmoke.eu\/shipping-warranty\/\",\"address\":{\"@id\":\"https:\/\/hotsmoke.eu\/shop\/cbd\/cannabis-bakehouse-gorilla-cookies\/#local-main-place-address\"},\"geo\":{\"@type\":\"GeoCoordinates\",\"latitude\":\"54.8733992\",\"longitude\":\"23.9492982\"},\"telephone\":[\"+37068673611\"],\"openingHoursSpecification\":[{\"@type\":\"OpeningHoursSpecification\",\"dayOfWeek\":[\"Monday\",\"Tuesday\",\"Wednesday\",\"Thursday\",\"Friday\"],\"opens\":\"10:00\",\"closes\":\"17:00\"},{\"@type\":\"OpeningHoursSpecification\",\"dayOfWeek\":[\"Saturday\",\"Sunday\"],\"opens\":\"00:00\",\"closes\":\"00:00\"}],\"email\":\"info@hotsmoke.eu\",\"areaServed\":\"Lithuania\",\"vatID\":\"LT100013495416\",\"priceRange\":\"$$\",\"currenciesAccepted\":\"Euro\",\"paymentAccepted\":\"Visa, mastercard\"},{\"@type\":\"PostalAddress\",\"@id\":\"https:\/\/hotsmoke.eu\/shop\/cbd\/cannabis-bakehouse-gorilla-cookies\/#local-main-place-address\",\"streetAddress\":\"L.Ivinskio 18a, L.Ivinskio 18a\",\"addressLocality\":\"Kaunas\",\"postalCode\":\"45151\",\"addressRegion\":\"Lithuania\",\"addressCountry\":\"LT\"},{\"@type\":\"ImageObject\",\"inLanguage\":\"es\",\"@id\":\"https:\/\/hotsmoke.eu\/shop\/cbd\/cannabis-bakehouse-gorilla-cookies\/#local-main-organization-logo\",\"url\":\"https:\/\/hotsmoke.eu\/wp-content\/uploads\/2022\/12\/hs_black.svg\",\"contentUrl\":\"https:\/\/hotsmoke.eu\/wp-content\/uploads\/2022\/12\/hs_black.svg\",\"caption\":\"HotSmoke\"}]}<\/script>\n<meta name=\"geo.placename\" content=\"Kaunas\" \/>\n<meta name=\"geo.position\" content=\"54.8733992;23.9492982\" \/>\n<meta name=\"geo.region\" content=\"Lituania\" \/>\n<!-- \/ Yoast SEO Premium plugin. -->","yoast_head_json":{"title":"Cannabis Bakehouse Gorilla Cookies - HotSmoke","robots":{"index":"index","follow":"follow","max-snippet":"max-snippet:-1","max-image-preview":"max-image-preview:large","max-video-preview":"max-video-preview:-1"},"canonical":"https:\/\/hotsmoke.eu\/es\/shop\/cbd\/cannabis-bakehouse-gorilla-cookies\/","og_locale":"es_ES","og_type":"article","og_title":"Cannabis Bakehouse Gorilla Cookies","og_description":"ABOUT COOKIES Cannabis Bakehouse Gorilla Cookies.Cannabis Bakehouse's Gorilla Cookies are a combination of Gorilla Glue and Girl Scout Kush. Flavors like these represent agility, focus and nature in equal measure. Going to a get-together with friends? Buy Gorilla Cannabis cookies and share them. These cookies will put your mind in a relaxing state with a slightly calming effect. Gorilla Cannabis biscuits are THC-free, which means you can consume them whenever you get a craving.  Ingredients: WHEAT flour, vegetable oil (palm, coconut), sugar, water, vegetable oil (rapeseed), terpene oil, cocoa powder, glycerol (E422), salt, iodized salt, raising agent (E500), preservative (E202), adhesive (E535), antioxidant (E330), emulsifier (E471), enzyme (alpha-amylase (wheat)), potassium iodide, ascorbic acid (E300), calcium phosphate (E341).  Nutritional value per 100 g: Kj 1,930.00; calories 461.00; Protein 5.14 g; Carbohydrates 49.64 g; Sugar 17.84g; Fat 26.50 g (of which saturated 11.24 g, of which unsaturated 11.09 g); Fiber 1.39 g; Salt 0.53 g.","og_url":"https:\/\/hotsmoke.eu\/es\/shop\/cbd\/cannabis-bakehouse-gorilla-cookies\/","og_site_name":"HotSmoke","article_publisher":"https:\/\/www.facebook.com\/hotsmoke.eu","article_modified_time":"2024-04-26T05:56:46+00:00","og_image":[{"width":1080,"height":1080,"url":"https:\/\/hotsmoke.eu\/wp-content\/uploads\/2024\/04\/cannabis-bakehouse-gorilla-hotsmoke.eu_.webp","type":"image\/webp"}],"twitter_card":"summary_large_image","twitter_site":"@HotSmokeoffici1","twitter_misc":{"Precio":"19.99&euro;","Availability":"In stock"},"schema":{"@context":"https:\/\/schema.org","@graph":[{"@type":["WebPage","ItemPage"],"@id":"https:\/\/hotsmoke.eu\/shop\/cbd\/cannabis-bakehouse-gorilla-cookies\/","url":"https:\/\/hotsmoke.eu\/shop\/cbd\/cannabis-bakehouse-gorilla-cookies\/","name":"Cannabis Bakehouse Gorilla Cookies - HotSmoke","isPartOf":{"@id":"https:\/\/hotsmoke.eu\/#website"},"datePublished":"2024-04-26T05:42:15+00:00","dateModified":"2024-04-26T05:56:46+00:00","breadcrumb":{"@id":"https:\/\/hotsmoke.eu\/shop\/cbd\/cannabis-bakehouse-gorilla-cookies\/#breadcrumb"},"inLanguage":"es","potentialAction":[{"@type":"ReadAction","target":["https:\/\/hotsmoke.eu\/shop\/cbd\/cannabis-bakehouse-gorilla-cookies\/"]}]},{"@type":"BreadcrumbList","@id":"https:\/\/hotsmoke.eu\/shop\/cbd\/cannabis-bakehouse-gorilla-cookies\/#breadcrumb","itemListElement":[{"@type":"ListItem","position":1,"name":"Home","item":"https:\/\/hotsmoke.eu\/"},{"@type":"ListItem","position":2,"name":"HeatSticks And Heat Not Burn Store","item":"https:\/\/hotsmoke.eu\/shop\/"},{"@type":"ListItem","position":3,"name":"Cannabis Bakehouse Gorilla Cookies"}]},{"@type":"WebSite","@id":"https:\/\/hotsmoke.eu\/#website","url":"https:\/\/hotsmoke.eu\/","name":"Humo caliente","description":"Tienda de dispositivos de tabaco calentado Heat Not Burn | HotSmoke","publisher":{"@id":"https:\/\/hotsmoke.eu\/#organization"},"alternateName":"hotsmoke","potentialAction":[{"@type":"SearchAction","target":{"@type":"EntryPoint","urlTemplate":"https:\/\/hotsmoke.eu\/?s={search_term_string}"},"query-input":"required name=search_term_string"}],"inLanguage":"es"},{"@type":["Organization","Place","Store"],"@id":"https:\/\/hotsmoke.eu\/#organization","name":"Humo caliente","alternateName":"Hot Smoke","url":"https:\/\/hotsmoke.eu\/","logo":{"@id":"https:\/\/hotsmoke.eu\/shop\/cbd\/cannabis-bakehouse-gorilla-cookies\/#local-main-organization-logo"},"image":{"@id":"https:\/\/hotsmoke.eu\/shop\/cbd\/cannabis-bakehouse-gorilla-cookies\/#local-main-organization-logo"},"sameAs":["https:\/\/www.facebook.com\/hotsmoke.eu","https:\/\/twitter.com\/HotSmokeoffici1"],"publishingPrinciples":"https:\/\/hotsmoke.eu\/heat-not-burn-electronic-cigarettes\/","ownershipFundingInfo":"https:\/\/hotsmoke.eu\/terms-conditions\/","actionableFeedbackPolicy":"https:\/\/hotsmoke.eu\/privacy-policy\/","correctionsPolicy":"https:\/\/hotsmoke.eu\/privacy-policy\/","ethicsPolicy":"https:\/\/hotsmoke.eu\/privacy-policy\/","diversityPolicy":"https:\/\/hotsmoke.eu\/privacy-policy\/","diversityStaffingReport":"https:\/\/hotsmoke.eu\/shipping-warranty\/","address":{"@id":"https:\/\/hotsmoke.eu\/shop\/cbd\/cannabis-bakehouse-gorilla-cookies\/#local-main-place-address"},"geo":{"@type":"GeoCoordinates","latitude":"54.8733992","longitude":"23.9492982"},"telephone":["+37068673611"],"openingHoursSpecification":[{"@type":"OpeningHoursSpecification","dayOfWeek":["Monday","Tuesday","Wednesday","Thursday","Friday"],"opens":"10:00","closes":"17:00"},{"@type":"OpeningHoursSpecification","dayOfWeek":["Saturday","Sunday"],"opens":"00:00","closes":"00:00"}],"email":"info@hotsmoke.eu","areaServed":"Lithuania","vatID":"LT100013495416","priceRange":"$$","currenciesAccepted":"Euro","paymentAccepted":"Visa, mastercard"},{"@type":"PostalAddress","@id":"https:\/\/hotsmoke.eu\/shop\/cbd\/cannabis-bakehouse-gorilla-cookies\/#local-main-place-address","streetAddress":"L.Ivinskio 18a, L.Ivinskio 18a","addressLocality":"Kaunas","postalCode":"45151","addressRegion":"Lithuania","addressCountry":"LT"},{"@type":"ImageObject","inLanguage":"es","@id":"https:\/\/hotsmoke.eu\/shop\/cbd\/cannabis-bakehouse-gorilla-cookies\/#local-main-organization-logo","url":"https:\/\/hotsmoke.eu\/wp-content\/uploads\/2022\/12\/hs_black.svg","contentUrl":"https:\/\/hotsmoke.eu\/wp-content\/uploads\/2022\/12\/hs_black.svg","caption":"HotSmoke"}]},"geo.placename":"Kaunas","geo.position":{"lat":"54.8733992","long":"23.9492982"},"geo.region":"Lituania"},"_links":{"self":[{"href":"https:\/\/hotsmoke.eu\/es\/wp-json\/wp\/v2\/product\/25133","targetHints":{"allow":["GET"]}}],"collection":[{"href":"https:\/\/hotsmoke.eu\/es\/wp-json\/wp\/v2\/product"}],"about":[{"href":"https:\/\/hotsmoke.eu\/es\/wp-json\/wp\/v2\/types\/product"}],"replies":[{"embeddable":true,"href":"https:\/\/hotsmoke.eu\/es\/wp-json\/wp\/v2\/comments?post=25133"}],"wp:featuredmedia":[{"embeddable":true,"href":"https:\/\/hotsmoke.eu\/es\/wp-json\/wp\/v2\/media\/25135"}],"wp:attachment":[{"href":"https:\/\/hotsmoke.eu\/es\/wp-json\/wp\/v2\/media?parent=25133"}],"wp:term":[{"taxonomy":"product_cat","embeddable":true,"href":"https:\/\/hotsmoke.eu\/es\/wp-json\/wp\/v2\/product_cat?post=25133"},{"taxonomy":"product_tag","embeddable":true,"href":"https:\/\/hotsmoke.eu\/es\/wp-json\/wp\/v2\/product_tag?post=25133"}],"curies":[{"name":"wp","href":"https:\/\/api.w.org\/{rel}","templated":true}]}}