{"id":24976,"date":"2024-04-15T08:21:18","date_gmt":"2024-04-15T08:21:18","guid":{"rendered":"https:\/\/hotsmoke.eu\/?post_type=product&#038;p=24976"},"modified":"2025-09-03T07:33:42","modified_gmt":"2025-09-03T07:33:42","slug":"r4ve-frozen-citrus-pouches","status":"publish","type":"product","link":"https:\/\/hotsmoke.eu\/es\/shop\/pouches\/r4ve-frozen-citrus-pouches\/","title":{"rendered":"Bolsas R4VE C\u00edtrico Helado"},"content":{"rendered":"","protected":false},"excerpt":{"rendered":"<h2>SOBRE BOLSAS<\/h2>\n<p>R4VE Frozen Citron Pouches. R4VE brand caffeine pouches with sour lemon flavor and ice tones. Boost your energy with this sensational new product on the market! Thanks to vitamin B5, the energy supply is even more intense. Caffeine pouches are used in the same way as nicotine pouches. Simply place the sachet behind your lip and leave it there for 15-20 minutes. If you&#8217;re looking for a healthier alternative to energy drinks, the R4VE Caffeine Pouch is your best choice!<\/p>\n<p>Las bolsas de cafe\u00edna son las m\u00e1s vendidas en el mercado. Las bolsas de cafe\u00edna son tan f\u00e1ciles de usar como las bolsas de nicotina. Simplemente coloque la bolsita detr\u00e1s de su labio y deje que la cafe\u00edna haga su efecto. Sin embargo, en lugar de nicotina, hay cafe\u00edna en una dosis de hasta 80 mg por bolsa. A modo de comparaci\u00f3n, 250 ml de una bebida energ\u00e9tica com\u00fan en el mercado contienen 80 mg de cafe\u00edna. A diferencia de las bebidas energ\u00e9ticas, las bolsas de cafe\u00edna no contienen az\u00facar.<\/p>\n<p><strong>Bolsitas de energ\u00eda con un alto contenido de cafe\u00edna de 100 mg\/g (80 mg\/bolsita). No apto para ni\u00f1os, mujeres embarazadas y lactantes, y personas con enfermedades card\u00edacas.\u00a0<\/strong><\/p>","protected":false},"featured_media":24978,"comment_status":"open","ping_status":"closed","template":"","meta":{"inline_featured_image":false},"product_cat":[109,111],"product_tag":[],"class_list":["post-24976","product","type-product","status-publish","has-post-thumbnail","hentry","product_brand-r4ve","product_cat-pouches","product_cat-caffeine"],"acf":[],"yoast_head":"<!-- This site is optimized with the Yoast SEO Premium plugin v20.11 (Yoast SEO v20.11) - https:\/\/yoast.com\/wordpress\/plugins\/seo\/ -->\n<title>R4VE Frozen Citrus Pouches - HotSmoke<\/title>\n<meta name=\"robots\" content=\"index, follow, max-snippet:-1, max-image-preview:large, max-video-preview:-1\" \/>\n<link rel=\"canonical\" href=\"https:\/\/hotsmoke.eu\/es\/shop\/bolsos\/r4ve-frozen-citrus-pouches\/\" \/>\n<meta property=\"og:locale\" content=\"es_ES\" \/>\n<meta property=\"og:type\" content=\"article\" \/>\n<meta property=\"og:title\" content=\"R4VE Frozen Citrus Pouches\" \/>\n<meta property=\"og:description\" content=\"ABOUT POUCHES R4VE Frozen Citron Pouches. R4VE brand caffeine pouches with sour lemon flavor and ice tones. Boost your energy with this sensational new product on the market! Thanks to vitamin B5, the energy supply is even more intense. Caffeine pouches are used in the same way as nicotine pouches. Simply place the sachet behind your lip and leave it there for 15-20 minutes. If you&#039;re looking for a healthier alternative to energy drinks, the R4VE Caffeine Pouch is your best choice!  Caffeine pouches are the best selling on the market. Caffeine pouches are just as easy to use as nicotine pouches. Simply place the sachet behind your lip and let the caffeine do its work. However, instead of nicotine, there is caffeine in a dosage of up to 80 mg\/bag. For comparison, 250 ml of a common energy drink on the market contains 80 mg of caffeine. Unlike energy drinks, caffeine pouches contain no sugar.  Energy pouches with a high caffeine content of 100 mg\/g (80 mg\/pouch). Not suitable for children, pregnant and lactating women and people with heart disease.\u00a0\" \/>\n<meta property=\"og:url\" content=\"https:\/\/hotsmoke.eu\/es\/shop\/bolsos\/r4ve-frozen-citrus-pouches\/\" \/>\n<meta property=\"og:site_name\" content=\"HotSmoke\" \/>\n<meta property=\"article:publisher\" content=\"https:\/\/www.facebook.com\/hotsmoke.eu\" \/>\n<meta property=\"article:modified_time\" content=\"2025-09-03T07:33:42+00:00\" \/>\n<meta property=\"og:image\" content=\"https:\/\/hotsmoke.eu\/wp-content\/uploads\/2024\/04\/r4ve-frozen-citrus-pouches-hotsmoke.eu_.webp\" \/>\n\t<meta property=\"og:image:width\" content=\"1080\" \/>\n\t<meta property=\"og:image:height\" content=\"1080\" \/>\n\t<meta property=\"og:image:type\" content=\"image\/webp\" \/>\n<meta name=\"twitter:card\" content=\"summary_large_image\" \/>\n<meta name=\"twitter:site\" content=\"@HotSmokeoffici1\" \/>\n<meta name=\"twitter:label1\" content=\"Precio\" \/>\n\t<meta name=\"twitter:data1\" content=\"5.89&euro; 3.99&euro;\" \/>\n\t<meta name=\"twitter:label2\" content=\"Availability\" \/>\n\t<meta name=\"twitter:data2\" content=\"In stock\" \/>\n<script type=\"application\/ld+json\" class=\"yoast-schema-graph\">{\"@context\":\"https:\/\/schema.org\",\"@graph\":[{\"@type\":[\"WebPage\",\"ItemPage\"],\"@id\":\"https:\/\/hotsmoke.eu\/shop\/pouches\/r4ve-frozen-citrus-pouches\/\",\"url\":\"https:\/\/hotsmoke.eu\/shop\/pouches\/r4ve-frozen-citrus-pouches\/\",\"name\":\"R4VE Frozen Citrus Pouches - HotSmoke\",\"isPartOf\":{\"@id\":\"https:\/\/hotsmoke.eu\/#website\"},\"datePublished\":\"2024-04-15T08:21:18+00:00\",\"dateModified\":\"2025-09-03T07:33:42+00:00\",\"breadcrumb\":{\"@id\":\"https:\/\/hotsmoke.eu\/shop\/pouches\/r4ve-frozen-citrus-pouches\/#breadcrumb\"},\"inLanguage\":\"es\",\"potentialAction\":[{\"@type\":\"ReadAction\",\"target\":[\"https:\/\/hotsmoke.eu\/shop\/pouches\/r4ve-frozen-citrus-pouches\/\"]}]},{\"@type\":\"BreadcrumbList\",\"@id\":\"https:\/\/hotsmoke.eu\/shop\/pouches\/r4ve-frozen-citrus-pouches\/#breadcrumb\",\"itemListElement\":[{\"@type\":\"ListItem\",\"position\":1,\"name\":\"Home\",\"item\":\"https:\/\/hotsmoke.eu\/\"},{\"@type\":\"ListItem\",\"position\":2,\"name\":\"HeatSticks And Heat Not Burn Store\",\"item\":\"https:\/\/hotsmoke.eu\/shop\/\"},{\"@type\":\"ListItem\",\"position\":3,\"name\":\"R4VE Frozen Citrus Pouches\"}]},{\"@type\":\"WebSite\",\"@id\":\"https:\/\/hotsmoke.eu\/#website\",\"url\":\"https:\/\/hotsmoke.eu\/\",\"name\":\"HotSmoke\",\"description\":\"Heat Not Burn Heating Cigarettes Devices Shop | HotSmoke\",\"publisher\":{\"@id\":\"https:\/\/hotsmoke.eu\/#organization\"},\"alternateName\":\"hotsmoke\",\"potentialAction\":[{\"@type\":\"SearchAction\",\"target\":{\"@type\":\"EntryPoint\",\"urlTemplate\":\"https:\/\/hotsmoke.eu\/?s={search_term_string}\"},\"query-input\":\"required name=search_term_string\"}],\"inLanguage\":\"es\"},{\"@type\":[\"Organization\",\"Place\",\"Store\"],\"@id\":\"https:\/\/hotsmoke.eu\/#organization\",\"name\":\"HotSmoke\",\"alternateName\":\"Hot Smoke\",\"url\":\"https:\/\/hotsmoke.eu\/\",\"logo\":{\"@id\":\"https:\/\/hotsmoke.eu\/shop\/pouches\/r4ve-frozen-citrus-pouches\/#local-main-organization-logo\"},\"image\":{\"@id\":\"https:\/\/hotsmoke.eu\/shop\/pouches\/r4ve-frozen-citrus-pouches\/#local-main-organization-logo\"},\"sameAs\":[\"https:\/\/www.facebook.com\/hotsmoke.eu\",\"https:\/\/twitter.com\/HotSmokeoffici1\"],\"publishingPrinciples\":\"https:\/\/hotsmoke.eu\/heat-not-burn-electronic-cigarettes\/\",\"ownershipFundingInfo\":\"https:\/\/hotsmoke.eu\/terms-conditions\/\",\"actionableFeedbackPolicy\":\"https:\/\/hotsmoke.eu\/privacy-policy\/\",\"correctionsPolicy\":\"https:\/\/hotsmoke.eu\/privacy-policy\/\",\"ethicsPolicy\":\"https:\/\/hotsmoke.eu\/privacy-policy\/\",\"diversityPolicy\":\"https:\/\/hotsmoke.eu\/privacy-policy\/\",\"diversityStaffingReport\":\"https:\/\/hotsmoke.eu\/shipping-warranty\/\",\"address\":{\"@id\":\"https:\/\/hotsmoke.eu\/shop\/pouches\/r4ve-frozen-citrus-pouches\/#local-main-place-address\"},\"geo\":{\"@type\":\"GeoCoordinates\",\"latitude\":\"54.8733992\",\"longitude\":\"23.9492982\"},\"telephone\":[\"+37068673611\"],\"openingHoursSpecification\":[{\"@type\":\"OpeningHoursSpecification\",\"dayOfWeek\":[\"Monday\",\"Tuesday\",\"Wednesday\",\"Thursday\",\"Friday\"],\"opens\":\"10:00\",\"closes\":\"17:00\"},{\"@type\":\"OpeningHoursSpecification\",\"dayOfWeek\":[\"Saturday\",\"Sunday\"],\"opens\":\"00:00\",\"closes\":\"00:00\"}],\"email\":\"info@hotsmoke.eu\",\"areaServed\":\"Lithuania\",\"vatID\":\"LT100013495416\",\"priceRange\":\"$$\",\"currenciesAccepted\":\"Euro\",\"paymentAccepted\":\"Visa, mastercard\"},{\"@type\":\"PostalAddress\",\"@id\":\"https:\/\/hotsmoke.eu\/shop\/pouches\/r4ve-frozen-citrus-pouches\/#local-main-place-address\",\"streetAddress\":\"L.Ivinskio 18a, L.Ivinskio 18a\",\"addressLocality\":\"Kaunas\",\"postalCode\":\"45151\",\"addressRegion\":\"Lithuania\",\"addressCountry\":\"LT\"},{\"@type\":\"ImageObject\",\"inLanguage\":\"es\",\"@id\":\"https:\/\/hotsmoke.eu\/shop\/pouches\/r4ve-frozen-citrus-pouches\/#local-main-organization-logo\",\"url\":\"https:\/\/hotsmoke.eu\/wp-content\/uploads\/2022\/12\/hs_black.svg\",\"contentUrl\":\"https:\/\/hotsmoke.eu\/wp-content\/uploads\/2022\/12\/hs_black.svg\",\"caption\":\"HotSmoke\"}]}<\/script>\n<meta name=\"geo.placename\" content=\"Kaunas\" \/>\n<meta name=\"geo.position\" content=\"54.8733992;23.9492982\" \/>\n<meta name=\"geo.region\" content=\"Lituania\" \/>\n<!-- \/ Yoast SEO Premium plugin. -->","yoast_head_json":{"title":"R4VE Frozen Citrus Pouches - HotSmoke","robots":{"index":"index","follow":"follow","max-snippet":"max-snippet:-1","max-image-preview":"max-image-preview:large","max-video-preview":"max-video-preview:-1"},"canonical":"https:\/\/hotsmoke.eu\/es\/shop\/bolsos\/r4ve-frozen-citrus-pouches\/","og_locale":"es_ES","og_type":"article","og_title":"R4VE Frozen Citrus Pouches","og_description":"ABOUT POUCHES R4VE Frozen Citron Pouches. R4VE brand caffeine pouches with sour lemon flavor and ice tones. Boost your energy with this sensational new product on the market! Thanks to vitamin B5, the energy supply is even more intense. Caffeine pouches are used in the same way as nicotine pouches. Simply place the sachet behind your lip and leave it there for 15-20 minutes. If you're looking for a healthier alternative to energy drinks, the R4VE Caffeine Pouch is your best choice!  Caffeine pouches are the best selling on the market. Caffeine pouches are just as easy to use as nicotine pouches. Simply place the sachet behind your lip and let the caffeine do its work. However, instead of nicotine, there is caffeine in a dosage of up to 80 mg\/bag. For comparison, 250 ml of a common energy drink on the market contains 80 mg of caffeine. Unlike energy drinks, caffeine pouches contain no sugar.  Energy pouches with a high caffeine content of 100 mg\/g (80 mg\/pouch). Not suitable for children, pregnant and lactating women and people with heart disease.\u00a0","og_url":"https:\/\/hotsmoke.eu\/es\/shop\/bolsos\/r4ve-frozen-citrus-pouches\/","og_site_name":"HotSmoke","article_publisher":"https:\/\/www.facebook.com\/hotsmoke.eu","article_modified_time":"2025-09-03T07:33:42+00:00","og_image":[{"width":1080,"height":1080,"url":"https:\/\/hotsmoke.eu\/wp-content\/uploads\/2024\/04\/r4ve-frozen-citrus-pouches-hotsmoke.eu_.webp","type":"image\/webp"}],"twitter_card":"summary_large_image","twitter_site":"@HotSmokeoffici1","twitter_misc":{"Precio":"5.89&euro; 3.99&euro;","Availability":"In stock"},"schema":{"@context":"https:\/\/schema.org","@graph":[{"@type":["WebPage","ItemPage"],"@id":"https:\/\/hotsmoke.eu\/shop\/pouches\/r4ve-frozen-citrus-pouches\/","url":"https:\/\/hotsmoke.eu\/shop\/pouches\/r4ve-frozen-citrus-pouches\/","name":"R4VE Frozen Citrus Pouches - HotSmoke","isPartOf":{"@id":"https:\/\/hotsmoke.eu\/#website"},"datePublished":"2024-04-15T08:21:18+00:00","dateModified":"2025-09-03T07:33:42+00:00","breadcrumb":{"@id":"https:\/\/hotsmoke.eu\/shop\/pouches\/r4ve-frozen-citrus-pouches\/#breadcrumb"},"inLanguage":"es","potentialAction":[{"@type":"ReadAction","target":["https:\/\/hotsmoke.eu\/shop\/pouches\/r4ve-frozen-citrus-pouches\/"]}]},{"@type":"BreadcrumbList","@id":"https:\/\/hotsmoke.eu\/shop\/pouches\/r4ve-frozen-citrus-pouches\/#breadcrumb","itemListElement":[{"@type":"ListItem","position":1,"name":"Home","item":"https:\/\/hotsmoke.eu\/"},{"@type":"ListItem","position":2,"name":"HeatSticks And Heat Not Burn Store","item":"https:\/\/hotsmoke.eu\/shop\/"},{"@type":"ListItem","position":3,"name":"R4VE Frozen Citrus Pouches"}]},{"@type":"WebSite","@id":"https:\/\/hotsmoke.eu\/#website","url":"https:\/\/hotsmoke.eu\/","name":"Humo caliente","description":"Tienda de dispositivos de tabaco calentado Heat Not Burn | HotSmoke","publisher":{"@id":"https:\/\/hotsmoke.eu\/#organization"},"alternateName":"hotsmoke","potentialAction":[{"@type":"SearchAction","target":{"@type":"EntryPoint","urlTemplate":"https:\/\/hotsmoke.eu\/?s={search_term_string}"},"query-input":"required name=search_term_string"}],"inLanguage":"es"},{"@type":["Organization","Place","Store"],"@id":"https:\/\/hotsmoke.eu\/#organization","name":"Humo caliente","alternateName":"Hot Smoke","url":"https:\/\/hotsmoke.eu\/","logo":{"@id":"https:\/\/hotsmoke.eu\/shop\/pouches\/r4ve-frozen-citrus-pouches\/#local-main-organization-logo"},"image":{"@id":"https:\/\/hotsmoke.eu\/shop\/pouches\/r4ve-frozen-citrus-pouches\/#local-main-organization-logo"},"sameAs":["https:\/\/www.facebook.com\/hotsmoke.eu","https:\/\/twitter.com\/HotSmokeoffici1"],"publishingPrinciples":"https:\/\/hotsmoke.eu\/heat-not-burn-electronic-cigarettes\/","ownershipFundingInfo":"https:\/\/hotsmoke.eu\/terms-conditions\/","actionableFeedbackPolicy":"https:\/\/hotsmoke.eu\/privacy-policy\/","correctionsPolicy":"https:\/\/hotsmoke.eu\/privacy-policy\/","ethicsPolicy":"https:\/\/hotsmoke.eu\/privacy-policy\/","diversityPolicy":"https:\/\/hotsmoke.eu\/privacy-policy\/","diversityStaffingReport":"https:\/\/hotsmoke.eu\/shipping-warranty\/","address":{"@id":"https:\/\/hotsmoke.eu\/shop\/pouches\/r4ve-frozen-citrus-pouches\/#local-main-place-address"},"geo":{"@type":"GeoCoordinates","latitude":"54.8733992","longitude":"23.9492982"},"telephone":["+37068673611"],"openingHoursSpecification":[{"@type":"OpeningHoursSpecification","dayOfWeek":["Monday","Tuesday","Wednesday","Thursday","Friday"],"opens":"10:00","closes":"17:00"},{"@type":"OpeningHoursSpecification","dayOfWeek":["Saturday","Sunday"],"opens":"00:00","closes":"00:00"}],"email":"info@hotsmoke.eu","areaServed":"Lithuania","vatID":"LT100013495416","priceRange":"$$","currenciesAccepted":"Euro","paymentAccepted":"Visa, mastercard"},{"@type":"PostalAddress","@id":"https:\/\/hotsmoke.eu\/shop\/pouches\/r4ve-frozen-citrus-pouches\/#local-main-place-address","streetAddress":"L.Ivinskio 18a, L.Ivinskio 18a","addressLocality":"Kaunas","postalCode":"45151","addressRegion":"Lithuania","addressCountry":"LT"},{"@type":"ImageObject","inLanguage":"es","@id":"https:\/\/hotsmoke.eu\/shop\/pouches\/r4ve-frozen-citrus-pouches\/#local-main-organization-logo","url":"https:\/\/hotsmoke.eu\/wp-content\/uploads\/2022\/12\/hs_black.svg","contentUrl":"https:\/\/hotsmoke.eu\/wp-content\/uploads\/2022\/12\/hs_black.svg","caption":"HotSmoke"}]},"geo.placename":"Kaunas","geo.position":{"lat":"54.8733992","long":"23.9492982"},"geo.region":"Lituania"},"_links":{"self":[{"href":"https:\/\/hotsmoke.eu\/es\/wp-json\/wp\/v2\/product\/24976","targetHints":{"allow":["GET"]}}],"collection":[{"href":"https:\/\/hotsmoke.eu\/es\/wp-json\/wp\/v2\/product"}],"about":[{"href":"https:\/\/hotsmoke.eu\/es\/wp-json\/wp\/v2\/types\/product"}],"replies":[{"embeddable":true,"href":"https:\/\/hotsmoke.eu\/es\/wp-json\/wp\/v2\/comments?post=24976"}],"wp:featuredmedia":[{"embeddable":true,"href":"https:\/\/hotsmoke.eu\/es\/wp-json\/wp\/v2\/media\/24978"}],"wp:attachment":[{"href":"https:\/\/hotsmoke.eu\/es\/wp-json\/wp\/v2\/media?parent=24976"}],"wp:term":[{"taxonomy":"product_cat","embeddable":true,"href":"https:\/\/hotsmoke.eu\/es\/wp-json\/wp\/v2\/product_cat?post=24976"},{"taxonomy":"product_tag","embeddable":true,"href":"https:\/\/hotsmoke.eu\/es\/wp-json\/wp\/v2\/product_tag?post=24976"}],"curies":[{"name":"wp","href":"https:\/\/api.w.org\/{rel}","templated":true}]}}