{"id":24686,"date":"2024-03-14T08:48:37","date_gmt":"2024-03-14T08:48:37","guid":{"rendered":"https:\/\/hotsmoke.eu\/?post_type=product&#038;p=24686"},"modified":"2026-04-27T19:42:09","modified_gmt":"2026-04-27T19:42:09","slug":"cannastra-h4cbd-60-flower-time-cannabis","status":"publish","type":"product","link":"https:\/\/hotsmoke.eu\/es\/shop\/cbd\/cannastra-h4cbd-60-flower-time-cannabis\/","title":{"rendered":"Cannastra H4CBD 60% Flor Time Cannabis"},"content":{"rendered":"","protected":false},"excerpt":{"rendered":"<h2>FLOWER (H4CBD &lt;60%)<\/h2>\n<p>Cannastra H4CBD 60% Flower Time Explorer Premium Cannabis. This H4CBD sativa originates from the South African port city of Durban. It has become popular all over the world due to its sweet smell and energizing effect. Durban Poison is the perfect tool to help you stay productive during a busy day exploring the outdoors or spark your creativity. An extremely aesthetic and great-smelling strain, perfect for lifting your spirits during the day!<\/p>\n<h2>MORE ABOUT H4CBD<\/h2>\n<p>H4CBD is a cannabinoid created by synthetically modifying CBD. This cannabinoid is a hexahydro derivative of CBD, which means that four hydrogen atoms have been added to the CBD molecule. How is H4CBD made? Simply put, we can compare the production process to how margarine is made from vegetable oil. H4CBD is a new form of CBD that is gaining popularity due to its high potency, with some sources boasting that it is 100 times more effective than CBD, it is no wonder that the hydrogenated cannabinoid H4CBD is getting a lot of attention. Both CBD and H4CBD are derived from hemp. CBD is a direct derivative of hemp, while H4CBD is transformed, including hydrogenation, to reach its final form.<\/p>\n<ul>\n<li>Hemp flowers are certified.<\/li>\n<li>Obtenido de variedades certificadas de c\u00e1\u00f1amo industrial listadas en la UE.<\/li>\n<li>Probado en laboratorio: cada lote se analiza en laboratorios acreditados.<\/li>\n<li>El producto es completamente legal, permitido para ser comprado y vendido en la Uni\u00f3n Europea.<\/li>\n<li>Natural Cannabinoids: CBD, CBDA, CBDV, CBG, CBGA, CBC, CBN, THC, THCV, THCA and many phenols, flavonoids and terpenes.<\/li>\n<li>El THC en las flores de cannabis es inferior al 0.2%.<\/li>\n<li>Ingredients: CBD hemp flowers\/H4CBD distillate<\/li>\n<\/ul>\n<p>\u26a0\ufe0f Advertencia: No destinado a personas menores de 18 a\u00f1os. Seg\u00fan la ley europea, las flores declaradas no est\u00e1n destinadas al consumo interno. Todos los productos cumplen con los l\u00edmites legales de &lt;0.2% THC en Europa.<br \/>\n\u26a0\ufe0f Flores t\u00e9cnicas de cannabis. El c\u00e1\u00f1amo t\u00e9cnico se deriva de semillas de variedades registradas en el Cat\u00e1logo Com\u00fan de Variedades de Especies Vegetales de Cultivo. Este producto cumple con todas las leyes y normativas aplicables y est\u00e1 destinado exclusivamente a fines industriales, alimentarios, cosm\u00e9ticos, t\u00e9cnicos o hort\u00edcolas. No apto para consumo directo ni para fumar. El producto puede perder peso de forma natural con el tiempo. Almacenar en un lugar seco y oscuro. Mantener fuera del alcance de los ni\u00f1os.<\/p>","protected":false},"featured_media":24690,"comment_status":"open","ping_status":"closed","template":"","meta":{"inline_featured_image":false},"product_cat":[43,44],"product_tag":[],"class_list":["post-24686","product","type-product","status-publish","has-post-thumbnail","hentry","product_brand-cannastra","product_cat-cbd","product_cat-cbd-flower"],"acf":[],"yoast_head":"<!-- This site is optimized with the Yoast SEO Premium plugin v20.11 (Yoast SEO v20.11) - https:\/\/yoast.com\/wordpress\/plugins\/seo\/ -->\n<title>Cannastra H4CBD 60% Flower Time Cannabis - HotSmoke<\/title>\n<meta name=\"robots\" content=\"index, follow, max-snippet:-1, max-image-preview:large, max-video-preview:-1\" \/>\n<link rel=\"canonical\" href=\"https:\/\/hotsmoke.eu\/es\/shop\/cbd\/cannastra-h4cbd-60-flower-time-cannabis\/\" \/>\n<meta property=\"og:locale\" content=\"es_ES\" \/>\n<meta property=\"og:type\" content=\"article\" \/>\n<meta property=\"og:title\" content=\"Cannastra H4CBD 60% Flower Time Cannabis\" \/>\n<meta property=\"og:description\" content=\"FLOWER (H4CBD &lt;60%) Cannastra H4CBD 60% Flower Time Explorer Premium Cannabis. This H4CBD sativa originates from the South African port city of Durban. It has become popular all over the world due to its sweet smell and energizing effect. Durban Poison is the perfect tool to help you stay productive during a busy day exploring the outdoors or spark your creativity. An extremely aesthetic and great-smelling strain, perfect for lifting your spirits during the day! MORE ABOUT H4CBD H4CBD is a cannabinoid created by synthetically modifying CBD. This cannabinoid is a hexahydro derivative of CBD, which means that four hydrogen atoms have been added to the CBD molecule. How is H4CBD made? Simply put, we can compare the production process to how margarine is made from vegetable oil. H4CBD is a new form of CBD that is gaining popularity due to its high potency, with some sources boasting that it is 100 times more effective than CBD, it is no wonder that the hydrogenated cannabinoid H4CBD is getting a lot of attention. Both CBD and H4CBD are derived from hemp. CBD is a direct derivative of hemp, while H4CBD is transformed, including hydrogenation, to reach its final form.   Hemp flowers are certified.  Obtained from certified industrial hemp varieties listed in the EU.  Lab-tested \u2014 every batch is analyzed in accredited laboratories.  The product is completely legal, allowed to be purchased and sold in the European Union.  Natural Cannabinoids: CBD, CBDA, CBDV, CBG, CBGA, CBC, CBN, THC, THCV, THCA and many phenols, flavonoids and terpenes.  THC in cannabis flowers is less than 0.2%.  Ingredients: CBD hemp flowers\/H4CBD distillate  \u26a0\ufe0f Warning: Not intended for use by individuals under 18 years of age. According to Europe law, declared flowers are not intended for internal consumption. All products comply with legal &lt;0.2% THC limits in Europe. \u26a0\ufe0f Technical cannabis flowers. Technical hemp is derived from seeds of varieties listed in the Common Catalogue of Varieties of Agricultural Plant Species. This product complies with all applicable laws and regulations and is intended solely for industrial, food, cosmetic, technical, or horticultural purposes. Not for direct consumption or smoking. The product may naturally lose weight over time. Store in a dry and dark place. Keep out of reach of children.\" \/>\n<meta property=\"og:url\" content=\"https:\/\/hotsmoke.eu\/es\/shop\/cbd\/cannastra-h4cbd-60-flower-time-cannabis\/\" \/>\n<meta property=\"og:site_name\" content=\"HotSmoke\" \/>\n<meta property=\"article:publisher\" content=\"https:\/\/www.facebook.com\/hotsmoke.eu\" \/>\n<meta property=\"article:modified_time\" content=\"2026-04-27T19:42:09+00:00\" \/>\n<meta property=\"og:image\" content=\"https:\/\/hotsmoke.eu\/wp-content\/uploads\/2024\/03\/cannastra-h4cbd-flower-time-explorer-cannabis-hotsmoke.eu_.webp\" \/>\n\t<meta property=\"og:image:width\" content=\"1080\" \/>\n\t<meta property=\"og:image:height\" content=\"1080\" \/>\n\t<meta property=\"og:image:type\" content=\"image\/webp\" \/>\n<meta name=\"twitter:card\" content=\"summary_large_image\" \/>\n<meta name=\"twitter:site\" content=\"@HotSmokeoffici1\" \/>\n<meta name=\"twitter:label1\" content=\"Availability\" \/>\n\t<meta name=\"twitter:data1\" content=\"In stock\" \/>\n<script type=\"application\/ld+json\" class=\"yoast-schema-graph\">{\"@context\":\"https:\/\/schema.org\",\"@graph\":[{\"@type\":[\"WebPage\",\"ItemPage\"],\"@id\":\"https:\/\/hotsmoke.eu\/shop\/cbd\/cannastra-h4cbd-60-flower-time-cannabis\/\",\"url\":\"https:\/\/hotsmoke.eu\/shop\/cbd\/cannastra-h4cbd-60-flower-time-cannabis\/\",\"name\":\"Cannastra H4CBD 60% Flower Time Cannabis - HotSmoke\",\"isPartOf\":{\"@id\":\"https:\/\/hotsmoke.eu\/#website\"},\"datePublished\":\"2024-03-14T08:48:37+00:00\",\"dateModified\":\"2026-04-27T19:42:09+00:00\",\"breadcrumb\":{\"@id\":\"https:\/\/hotsmoke.eu\/shop\/cbd\/cannastra-h4cbd-60-flower-time-cannabis\/#breadcrumb\"},\"inLanguage\":\"es\",\"potentialAction\":[{\"@type\":\"ReadAction\",\"target\":[\"https:\/\/hotsmoke.eu\/shop\/cbd\/cannastra-h4cbd-60-flower-time-cannabis\/\"]}]},{\"@type\":\"BreadcrumbList\",\"@id\":\"https:\/\/hotsmoke.eu\/shop\/cbd\/cannastra-h4cbd-60-flower-time-cannabis\/#breadcrumb\",\"itemListElement\":[{\"@type\":\"ListItem\",\"position\":1,\"name\":\"Home\",\"item\":\"https:\/\/hotsmoke.eu\/\"},{\"@type\":\"ListItem\",\"position\":2,\"name\":\"HeatSticks And Heat Not Burn Store\",\"item\":\"https:\/\/hotsmoke.eu\/shop\/\"},{\"@type\":\"ListItem\",\"position\":3,\"name\":\"Cannastra H4CBD 60% Flower Time Cannabis\"}]},{\"@type\":\"WebSite\",\"@id\":\"https:\/\/hotsmoke.eu\/#website\",\"url\":\"https:\/\/hotsmoke.eu\/\",\"name\":\"HotSmoke\",\"description\":\"Heat Not Burn Heating Cigarettes Devices Shop | HotSmoke\",\"publisher\":{\"@id\":\"https:\/\/hotsmoke.eu\/#organization\"},\"alternateName\":\"hotsmoke\",\"potentialAction\":[{\"@type\":\"SearchAction\",\"target\":{\"@type\":\"EntryPoint\",\"urlTemplate\":\"https:\/\/hotsmoke.eu\/?s={search_term_string}\"},\"query-input\":\"required name=search_term_string\"}],\"inLanguage\":\"es\"},{\"@type\":[\"Organization\",\"Place\",\"Store\"],\"@id\":\"https:\/\/hotsmoke.eu\/#organization\",\"name\":\"HotSmoke\",\"alternateName\":\"Hot Smoke\",\"url\":\"https:\/\/hotsmoke.eu\/\",\"logo\":{\"@id\":\"https:\/\/hotsmoke.eu\/shop\/cbd\/cannastra-h4cbd-60-flower-time-cannabis\/#local-main-organization-logo\"},\"image\":{\"@id\":\"https:\/\/hotsmoke.eu\/shop\/cbd\/cannastra-h4cbd-60-flower-time-cannabis\/#local-main-organization-logo\"},\"sameAs\":[\"https:\/\/www.facebook.com\/hotsmoke.eu\",\"https:\/\/twitter.com\/HotSmokeoffici1\"],\"publishingPrinciples\":\"https:\/\/hotsmoke.eu\/heat-not-burn-electronic-cigarettes\/\",\"ownershipFundingInfo\":\"https:\/\/hotsmoke.eu\/terms-conditions\/\",\"actionableFeedbackPolicy\":\"https:\/\/hotsmoke.eu\/privacy-policy\/\",\"correctionsPolicy\":\"https:\/\/hotsmoke.eu\/privacy-policy\/\",\"ethicsPolicy\":\"https:\/\/hotsmoke.eu\/privacy-policy\/\",\"diversityPolicy\":\"https:\/\/hotsmoke.eu\/privacy-policy\/\",\"diversityStaffingReport\":\"https:\/\/hotsmoke.eu\/shipping-warranty\/\",\"address\":{\"@id\":\"https:\/\/hotsmoke.eu\/shop\/cbd\/cannastra-h4cbd-60-flower-time-cannabis\/#local-main-place-address\"},\"geo\":{\"@type\":\"GeoCoordinates\",\"latitude\":\"54.8733992\",\"longitude\":\"23.9492982\"},\"telephone\":[\"+37068673611\"],\"openingHoursSpecification\":[{\"@type\":\"OpeningHoursSpecification\",\"dayOfWeek\":[\"Monday\",\"Tuesday\",\"Wednesday\",\"Thursday\",\"Friday\"],\"opens\":\"10:00\",\"closes\":\"17:00\"},{\"@type\":\"OpeningHoursSpecification\",\"dayOfWeek\":[\"Saturday\",\"Sunday\"],\"opens\":\"00:00\",\"closes\":\"00:00\"}],\"email\":\"info@hotsmoke.eu\",\"areaServed\":\"Lithuania\",\"vatID\":\"LT100013495416\",\"priceRange\":\"$$\",\"currenciesAccepted\":\"Euro\",\"paymentAccepted\":\"Visa, mastercard\"},{\"@type\":\"PostalAddress\",\"@id\":\"https:\/\/hotsmoke.eu\/shop\/cbd\/cannastra-h4cbd-60-flower-time-cannabis\/#local-main-place-address\",\"streetAddress\":\"L.Ivinskio 18a, L.Ivinskio 18a\",\"addressLocality\":\"Kaunas\",\"postalCode\":\"45151\",\"addressRegion\":\"Lithuania\",\"addressCountry\":\"LT\"},{\"@type\":\"ImageObject\",\"inLanguage\":\"es\",\"@id\":\"https:\/\/hotsmoke.eu\/shop\/cbd\/cannastra-h4cbd-60-flower-time-cannabis\/#local-main-organization-logo\",\"url\":\"https:\/\/hotsmoke.eu\/wp-content\/uploads\/2022\/12\/hs_black.svg\",\"contentUrl\":\"https:\/\/hotsmoke.eu\/wp-content\/uploads\/2022\/12\/hs_black.svg\",\"caption\":\"HotSmoke\"}]}<\/script>\n<meta name=\"geo.placename\" content=\"Kaunas\" \/>\n<meta name=\"geo.position\" content=\"54.8733992;23.9492982\" \/>\n<meta name=\"geo.region\" content=\"Lituania\" \/>\n<!-- \/ Yoast SEO Premium plugin. -->","yoast_head_json":{"title":"Cannastra H4CBD 60% Flower Time Cannabis - HotSmoke","robots":{"index":"index","follow":"follow","max-snippet":"max-snippet:-1","max-image-preview":"max-image-preview:large","max-video-preview":"max-video-preview:-1"},"canonical":"https:\/\/hotsmoke.eu\/es\/shop\/cbd\/cannastra-h4cbd-60-flower-time-cannabis\/","og_locale":"es_ES","og_type":"article","og_title":"Cannastra H4CBD 60% Flower Time Cannabis","og_description":"FLOWER (H4CBD &lt;60%) Cannastra H4CBD 60% Flower Time Explorer Premium Cannabis. This H4CBD sativa originates from the South African port city of Durban. It has become popular all over the world due to its sweet smell and energizing effect. Durban Poison is the perfect tool to help you stay productive during a busy day exploring the outdoors or spark your creativity. An extremely aesthetic and great-smelling strain, perfect for lifting your spirits during the day! MORE ABOUT H4CBD H4CBD is a cannabinoid created by synthetically modifying CBD. This cannabinoid is a hexahydro derivative of CBD, which means that four hydrogen atoms have been added to the CBD molecule. How is H4CBD made? Simply put, we can compare the production process to how margarine is made from vegetable oil. H4CBD is a new form of CBD that is gaining popularity due to its high potency, with some sources boasting that it is 100 times more effective than CBD, it is no wonder that the hydrogenated cannabinoid H4CBD is getting a lot of attention. Both CBD and H4CBD are derived from hemp. CBD is a direct derivative of hemp, while H4CBD is transformed, including hydrogenation, to reach its final form.   Hemp flowers are certified.  Obtained from certified industrial hemp varieties listed in the EU.  Lab-tested \u2014 every batch is analyzed in accredited laboratories.  The product is completely legal, allowed to be purchased and sold in the European Union.  Natural Cannabinoids: CBD, CBDA, CBDV, CBG, CBGA, CBC, CBN, THC, THCV, THCA and many phenols, flavonoids and terpenes.  THC in cannabis flowers is less than 0.2%.  Ingredients: CBD hemp flowers\/H4CBD distillate  \u26a0\ufe0f Warning: Not intended for use by individuals under 18 years of age. According to Europe law, declared flowers are not intended for internal consumption. All products comply with legal &lt;0.2% THC limits in Europe. \u26a0\ufe0f Technical cannabis flowers. Technical hemp is derived from seeds of varieties listed in the Common Catalogue of Varieties of Agricultural Plant Species. This product complies with all applicable laws and regulations and is intended solely for industrial, food, cosmetic, technical, or horticultural purposes. Not for direct consumption or smoking. The product may naturally lose weight over time. Store in a dry and dark place. Keep out of reach of children.","og_url":"https:\/\/hotsmoke.eu\/es\/shop\/cbd\/cannastra-h4cbd-60-flower-time-cannabis\/","og_site_name":"HotSmoke","article_publisher":"https:\/\/www.facebook.com\/hotsmoke.eu","article_modified_time":"2026-04-27T19:42:09+00:00","og_image":[{"width":1080,"height":1080,"url":"https:\/\/hotsmoke.eu\/wp-content\/uploads\/2024\/03\/cannastra-h4cbd-flower-time-explorer-cannabis-hotsmoke.eu_.webp","type":"image\/webp"}],"twitter_card":"summary_large_image","twitter_site":"@HotSmokeoffici1","twitter_misc":{"Availability":"In stock"},"schema":{"@context":"https:\/\/schema.org","@graph":[{"@type":["WebPage","ItemPage"],"@id":"https:\/\/hotsmoke.eu\/shop\/cbd\/cannastra-h4cbd-60-flower-time-cannabis\/","url":"https:\/\/hotsmoke.eu\/shop\/cbd\/cannastra-h4cbd-60-flower-time-cannabis\/","name":"Cannastra H4CBD 60% Flower Time Cannabis - HotSmoke","isPartOf":{"@id":"https:\/\/hotsmoke.eu\/#website"},"datePublished":"2024-03-14T08:48:37+00:00","dateModified":"2026-04-27T19:42:09+00:00","breadcrumb":{"@id":"https:\/\/hotsmoke.eu\/shop\/cbd\/cannastra-h4cbd-60-flower-time-cannabis\/#breadcrumb"},"inLanguage":"es","potentialAction":[{"@type":"ReadAction","target":["https:\/\/hotsmoke.eu\/shop\/cbd\/cannastra-h4cbd-60-flower-time-cannabis\/"]}]},{"@type":"BreadcrumbList","@id":"https:\/\/hotsmoke.eu\/shop\/cbd\/cannastra-h4cbd-60-flower-time-cannabis\/#breadcrumb","itemListElement":[{"@type":"ListItem","position":1,"name":"Home","item":"https:\/\/hotsmoke.eu\/"},{"@type":"ListItem","position":2,"name":"HeatSticks And Heat Not Burn Store","item":"https:\/\/hotsmoke.eu\/shop\/"},{"@type":"ListItem","position":3,"name":"Cannastra H4CBD 60% Flower Time Cannabis"}]},{"@type":"WebSite","@id":"https:\/\/hotsmoke.eu\/#website","url":"https:\/\/hotsmoke.eu\/","name":"Humo caliente","description":"Tienda de dispositivos de tabaco calentado Heat Not Burn | HotSmoke","publisher":{"@id":"https:\/\/hotsmoke.eu\/#organization"},"alternateName":"hotsmoke","potentialAction":[{"@type":"SearchAction","target":{"@type":"EntryPoint","urlTemplate":"https:\/\/hotsmoke.eu\/?s={search_term_string}"},"query-input":"required name=search_term_string"}],"inLanguage":"es"},{"@type":["Organization","Place","Store"],"@id":"https:\/\/hotsmoke.eu\/#organization","name":"Humo caliente","alternateName":"Hot Smoke","url":"https:\/\/hotsmoke.eu\/","logo":{"@id":"https:\/\/hotsmoke.eu\/shop\/cbd\/cannastra-h4cbd-60-flower-time-cannabis\/#local-main-organization-logo"},"image":{"@id":"https:\/\/hotsmoke.eu\/shop\/cbd\/cannastra-h4cbd-60-flower-time-cannabis\/#local-main-organization-logo"},"sameAs":["https:\/\/www.facebook.com\/hotsmoke.eu","https:\/\/twitter.com\/HotSmokeoffici1"],"publishingPrinciples":"https:\/\/hotsmoke.eu\/heat-not-burn-electronic-cigarettes\/","ownershipFundingInfo":"https:\/\/hotsmoke.eu\/terms-conditions\/","actionableFeedbackPolicy":"https:\/\/hotsmoke.eu\/privacy-policy\/","correctionsPolicy":"https:\/\/hotsmoke.eu\/privacy-policy\/","ethicsPolicy":"https:\/\/hotsmoke.eu\/privacy-policy\/","diversityPolicy":"https:\/\/hotsmoke.eu\/privacy-policy\/","diversityStaffingReport":"https:\/\/hotsmoke.eu\/shipping-warranty\/","address":{"@id":"https:\/\/hotsmoke.eu\/shop\/cbd\/cannastra-h4cbd-60-flower-time-cannabis\/#local-main-place-address"},"geo":{"@type":"GeoCoordinates","latitude":"54.8733992","longitude":"23.9492982"},"telephone":["+37068673611"],"openingHoursSpecification":[{"@type":"OpeningHoursSpecification","dayOfWeek":["Monday","Tuesday","Wednesday","Thursday","Friday"],"opens":"10:00","closes":"17:00"},{"@type":"OpeningHoursSpecification","dayOfWeek":["Saturday","Sunday"],"opens":"00:00","closes":"00:00"}],"email":"info@hotsmoke.eu","areaServed":"Lithuania","vatID":"LT100013495416","priceRange":"$$","currenciesAccepted":"Euro","paymentAccepted":"Visa, mastercard"},{"@type":"PostalAddress","@id":"https:\/\/hotsmoke.eu\/shop\/cbd\/cannastra-h4cbd-60-flower-time-cannabis\/#local-main-place-address","streetAddress":"L.Ivinskio 18a, L.Ivinskio 18a","addressLocality":"Kaunas","postalCode":"45151","addressRegion":"Lithuania","addressCountry":"LT"},{"@type":"ImageObject","inLanguage":"es","@id":"https:\/\/hotsmoke.eu\/shop\/cbd\/cannastra-h4cbd-60-flower-time-cannabis\/#local-main-organization-logo","url":"https:\/\/hotsmoke.eu\/wp-content\/uploads\/2022\/12\/hs_black.svg","contentUrl":"https:\/\/hotsmoke.eu\/wp-content\/uploads\/2022\/12\/hs_black.svg","caption":"HotSmoke"}]},"geo.placename":"Kaunas","geo.position":{"lat":"54.8733992","long":"23.9492982"},"geo.region":"Lituania"},"_links":{"self":[{"href":"https:\/\/hotsmoke.eu\/es\/wp-json\/wp\/v2\/product\/24686","targetHints":{"allow":["GET"]}}],"collection":[{"href":"https:\/\/hotsmoke.eu\/es\/wp-json\/wp\/v2\/product"}],"about":[{"href":"https:\/\/hotsmoke.eu\/es\/wp-json\/wp\/v2\/types\/product"}],"replies":[{"embeddable":true,"href":"https:\/\/hotsmoke.eu\/es\/wp-json\/wp\/v2\/comments?post=24686"}],"wp:featuredmedia":[{"embeddable":true,"href":"https:\/\/hotsmoke.eu\/es\/wp-json\/wp\/v2\/media\/24690"}],"wp:attachment":[{"href":"https:\/\/hotsmoke.eu\/es\/wp-json\/wp\/v2\/media?parent=24686"}],"wp:term":[{"taxonomy":"product_cat","embeddable":true,"href":"https:\/\/hotsmoke.eu\/es\/wp-json\/wp\/v2\/product_cat?post=24686"},{"taxonomy":"product_tag","embeddable":true,"href":"https:\/\/hotsmoke.eu\/es\/wp-json\/wp\/v2\/product_tag?post=24686"}],"curies":[{"name":"wp","href":"https:\/\/api.w.org\/{rel}","templated":true}]}}