{"id":24272,"date":"2024-01-11T08:06:38","date_gmt":"2024-01-11T08:06:38","guid":{"rendered":"https:\/\/hotsmoke.eu\/?post_type=product&#038;p=24272"},"modified":"2026-04-27T19:46:14","modified_gmt":"2026-04-27T19:46:14","slug":"swiss-hemp-amnesia-cbd-flower","status":"publish","type":"product","link":"https:\/\/hotsmoke.eu\/es\/shop\/cbd\/swiss-hemp-amnesia-cbd-flower\/","title":{"rendered":"Flor de CBD Amnesia de C\u00e1\u00f1amo Suizo"},"content":{"rendered":"","protected":false},"excerpt":{"rendered":"<h2>FLOR (CBD &lt;10%)<\/h2>\n<p>Swiss Hemp Amnesia &#8211; CBD flowers. Amnesia Cannabis is the name of several strains that have won a total of at least 18 awards. Amnesia was officially registered as a cross between Bubblegum and Super Silver Haze. Cannabis flowers also contain woody notes, especially cedar. When the flowers are broken, a delicate, savory fragrance is released. Despite all this richness, the aroma is mild with a sharp and citrusy undertaste.<\/p>\n<ul>\n<li>Obtenido de variedades certificadas de c\u00e1\u00f1amo industrial listadas en la UE.<\/li>\n<li>Las flores de c\u00e1\u00f1amo secas con CBD est\u00e1n certificadas.<\/li>\n<li>Probado en laboratorio: cada lote se analiza en laboratorios acreditados.<\/li>\n<li>El producto es completamente legal, permitido para ser comprado y vendido en la Uni\u00f3n Europea.<\/li>\n<li>Cannabinoides Naturales: CBDA, CBDV, CBG, CBGA, CBC, CBN, THC, THCV, THCA y muchos fenoles, flavonoides y terpenos.<\/li>\n<li>El THC en las flores de cannabis es inferior al 0.2%.<\/li>\n<li>Swiss Hemp Amnesia Flowers only from organic fertilizers.<\/li>\n<li>Sin modificaciones gen\u00e9ticamente modificadas.<\/li>\n<li>Sin semillas.<\/li>\n<\/ul>\n<p><strong>El producto es 100% natural.<\/strong><\/p>\n<p>\u26a0\ufe0f Advertencia: No destinado a personas menores de 18 a\u00f1os. Seg\u00fan la ley europea, las flores declaradas no est\u00e1n destinadas al consumo interno. Todos los productos cumplen con los l\u00edmites legales de &lt;0.2% THC en Europa.<br \/>\n\u26a0\ufe0f Flores t\u00e9cnicas de cannabis. El c\u00e1\u00f1amo t\u00e9cnico se deriva de semillas de variedades registradas en el Cat\u00e1logo Com\u00fan de Variedades de Especies Vegetales de Cultivo. Este producto cumple con todas las leyes y normativas aplicables y est\u00e1 destinado exclusivamente a fines industriales, alimentarios, cosm\u00e9ticos, t\u00e9cnicos o hort\u00edcolas. No apto para consumo directo ni para fumar. El producto puede perder peso de forma natural con el tiempo. Almacenar en un lugar seco y oscuro. Mantener fuera del alcance de los ni\u00f1os.<\/p>","protected":false},"featured_media":24276,"comment_status":"open","ping_status":"closed","template":"","meta":{"inline_featured_image":false},"product_cat":[43,44],"product_tag":[],"class_list":["post-24272","product","type-product","status-publish","has-post-thumbnail","hentry","product_brand-swiss-hemp","product_cat-cbd","product_cat-cbd-flower"],"acf":[],"yoast_head":"<!-- This site is optimized with the Yoast SEO Premium plugin v20.11 (Yoast SEO v20.11) - https:\/\/yoast.com\/wordpress\/plugins\/seo\/ -->\n<title>Swiss Hemp Amnesia CBD Flower - HotSmoke<\/title>\n<meta name=\"robots\" content=\"index, follow, max-snippet:-1, max-image-preview:large, max-video-preview:-1\" \/>\n<link rel=\"canonical\" href=\"https:\/\/hotsmoke.eu\/es\/shop\/cbd\/swiss-hemp-amnesia-cbd-flower\/\" \/>\n<meta property=\"og:locale\" content=\"es_ES\" \/>\n<meta property=\"og:type\" content=\"article\" \/>\n<meta property=\"og:title\" content=\"Swiss Hemp Amnesia CBD Flower\" \/>\n<meta property=\"og:description\" content=\"FLOWER (CBD &lt;10%) Swiss Hemp Amnesia - CBD flowers. Amnesia Cannabis is the name of several strains that have won a total of at least 18 awards. Amnesia was officially registered as a cross between Bubblegum and Super Silver Haze. Cannabis flowers also contain woody notes, especially cedar. When the flowers are broken, a delicate, savory fragrance is released. Despite all this richness, the aroma is mild with a sharp and citrusy undertaste.   Obtained from certified industrial hemp varieties listed in the EU.  CBD dried hemp flowers are certified.  Lab-tested \u2014 every batch is analyzed in accredited laboratories.  The product is completely legal, allowed to be purchased and sold in the European Union.  Natural Cannabinoids: CBDA, CBDV, CBG, CBGA, CBC, CBN, THC, THCV, THCA and many phenols, flavonoids and terpenes.  THC in cannabis flowers is less than 0.2%.  Swiss Hemp Amnesia Flowers only from organic fertilizers.  Without GMO modifications.  No seeds.  The product is 100% natural.  \u26a0\ufe0f Warning: Not intended for use by individuals under 18 years of age. According to Europe law, declared flowers are not intended for internal consumption. All products comply with legal &lt;0.2% THC limits in Europe. \u26a0\ufe0f Technical cannabis flowers. Technical hemp is derived from seeds of varieties listed in the Common Catalogue of Varieties of Agricultural Plant Species. This product complies with all applicable laws and regulations and is intended solely for industrial, food, cosmetic, technical, or horticultural purposes. Not for direct consumption or smoking. The product may naturally lose weight over time. Store in a dry and dark place. Keep out of reach of children.\" \/>\n<meta property=\"og:url\" content=\"https:\/\/hotsmoke.eu\/es\/shop\/cbd\/swiss-hemp-amnesia-cbd-flower\/\" \/>\n<meta property=\"og:site_name\" content=\"HotSmoke\" \/>\n<meta property=\"article:publisher\" content=\"https:\/\/www.facebook.com\/hotsmoke.eu\" \/>\n<meta property=\"article:modified_time\" content=\"2026-04-27T19:46:14+00:00\" \/>\n<meta property=\"og:image\" content=\"https:\/\/hotsmoke.eu\/wp-content\/uploads\/2024\/01\/swiss-hemp-amnesia-hotsmoke.eu_.webp\" \/>\n\t<meta property=\"og:image:width\" content=\"2120\" \/>\n\t<meta property=\"og:image:height\" content=\"2080\" \/>\n\t<meta property=\"og:image:type\" content=\"image\/webp\" \/>\n<meta name=\"twitter:card\" content=\"summary_large_image\" \/>\n<meta name=\"twitter:site\" content=\"@HotSmokeoffici1\" \/>\n<meta name=\"twitter:label1\" content=\"Availability\" \/>\n\t<meta name=\"twitter:data1\" content=\"In stock\" \/>\n<script type=\"application\/ld+json\" class=\"yoast-schema-graph\">{\"@context\":\"https:\/\/schema.org\",\"@graph\":[{\"@type\":[\"WebPage\",\"ItemPage\"],\"@id\":\"https:\/\/hotsmoke.eu\/shop\/cbd\/swiss-hemp-amnesia-cbd-flower\/\",\"url\":\"https:\/\/hotsmoke.eu\/shop\/cbd\/swiss-hemp-amnesia-cbd-flower\/\",\"name\":\"Swiss Hemp Amnesia CBD Flower - HotSmoke\",\"isPartOf\":{\"@id\":\"https:\/\/hotsmoke.eu\/#website\"},\"datePublished\":\"2024-01-11T08:06:38+00:00\",\"dateModified\":\"2026-04-27T19:46:14+00:00\",\"breadcrumb\":{\"@id\":\"https:\/\/hotsmoke.eu\/shop\/cbd\/swiss-hemp-amnesia-cbd-flower\/#breadcrumb\"},\"inLanguage\":\"es\",\"potentialAction\":[{\"@type\":\"ReadAction\",\"target\":[\"https:\/\/hotsmoke.eu\/shop\/cbd\/swiss-hemp-amnesia-cbd-flower\/\"]}]},{\"@type\":\"BreadcrumbList\",\"@id\":\"https:\/\/hotsmoke.eu\/shop\/cbd\/swiss-hemp-amnesia-cbd-flower\/#breadcrumb\",\"itemListElement\":[{\"@type\":\"ListItem\",\"position\":1,\"name\":\"Home\",\"item\":\"https:\/\/hotsmoke.eu\/\"},{\"@type\":\"ListItem\",\"position\":2,\"name\":\"HeatSticks And Heat Not Burn Store\",\"item\":\"https:\/\/hotsmoke.eu\/shop\/\"},{\"@type\":\"ListItem\",\"position\":3,\"name\":\"Swiss Hemp Amnesia CBD Flower\"}]},{\"@type\":\"WebSite\",\"@id\":\"https:\/\/hotsmoke.eu\/#website\",\"url\":\"https:\/\/hotsmoke.eu\/\",\"name\":\"HotSmoke\",\"description\":\"Heat Not Burn Heating Cigarettes Devices Shop | HotSmoke\",\"publisher\":{\"@id\":\"https:\/\/hotsmoke.eu\/#organization\"},\"alternateName\":\"hotsmoke\",\"potentialAction\":[{\"@type\":\"SearchAction\",\"target\":{\"@type\":\"EntryPoint\",\"urlTemplate\":\"https:\/\/hotsmoke.eu\/?s={search_term_string}\"},\"query-input\":\"required name=search_term_string\"}],\"inLanguage\":\"es\"},{\"@type\":[\"Organization\",\"Place\",\"Store\"],\"@id\":\"https:\/\/hotsmoke.eu\/#organization\",\"name\":\"HotSmoke\",\"alternateName\":\"Hot Smoke\",\"url\":\"https:\/\/hotsmoke.eu\/\",\"logo\":{\"@id\":\"https:\/\/hotsmoke.eu\/shop\/cbd\/swiss-hemp-amnesia-cbd-flower\/#local-main-organization-logo\"},\"image\":{\"@id\":\"https:\/\/hotsmoke.eu\/shop\/cbd\/swiss-hemp-amnesia-cbd-flower\/#local-main-organization-logo\"},\"sameAs\":[\"https:\/\/www.facebook.com\/hotsmoke.eu\",\"https:\/\/twitter.com\/HotSmokeoffici1\"],\"publishingPrinciples\":\"https:\/\/hotsmoke.eu\/heat-not-burn-electronic-cigarettes\/\",\"ownershipFundingInfo\":\"https:\/\/hotsmoke.eu\/terms-conditions\/\",\"actionableFeedbackPolicy\":\"https:\/\/hotsmoke.eu\/privacy-policy\/\",\"correctionsPolicy\":\"https:\/\/hotsmoke.eu\/privacy-policy\/\",\"ethicsPolicy\":\"https:\/\/hotsmoke.eu\/privacy-policy\/\",\"diversityPolicy\":\"https:\/\/hotsmoke.eu\/privacy-policy\/\",\"diversityStaffingReport\":\"https:\/\/hotsmoke.eu\/shipping-warranty\/\",\"address\":{\"@id\":\"https:\/\/hotsmoke.eu\/shop\/cbd\/swiss-hemp-amnesia-cbd-flower\/#local-main-place-address\"},\"geo\":{\"@type\":\"GeoCoordinates\",\"latitude\":\"54.8733992\",\"longitude\":\"23.9492982\"},\"telephone\":[\"+37068673611\"],\"openingHoursSpecification\":[{\"@type\":\"OpeningHoursSpecification\",\"dayOfWeek\":[\"Monday\",\"Tuesday\",\"Wednesday\",\"Thursday\",\"Friday\"],\"opens\":\"10:00\",\"closes\":\"17:00\"},{\"@type\":\"OpeningHoursSpecification\",\"dayOfWeek\":[\"Saturday\",\"Sunday\"],\"opens\":\"00:00\",\"closes\":\"00:00\"}],\"email\":\"info@hotsmoke.eu\",\"areaServed\":\"Lithuania\",\"vatID\":\"LT100013495416\",\"priceRange\":\"$$\",\"currenciesAccepted\":\"Euro\",\"paymentAccepted\":\"Visa, mastercard\"},{\"@type\":\"PostalAddress\",\"@id\":\"https:\/\/hotsmoke.eu\/shop\/cbd\/swiss-hemp-amnesia-cbd-flower\/#local-main-place-address\",\"streetAddress\":\"L.Ivinskio 18a, L.Ivinskio 18a\",\"addressLocality\":\"Kaunas\",\"postalCode\":\"45151\",\"addressRegion\":\"Lithuania\",\"addressCountry\":\"LT\"},{\"@type\":\"ImageObject\",\"inLanguage\":\"es\",\"@id\":\"https:\/\/hotsmoke.eu\/shop\/cbd\/swiss-hemp-amnesia-cbd-flower\/#local-main-organization-logo\",\"url\":\"https:\/\/hotsmoke.eu\/wp-content\/uploads\/2022\/12\/hs_black.svg\",\"contentUrl\":\"https:\/\/hotsmoke.eu\/wp-content\/uploads\/2022\/12\/hs_black.svg\",\"caption\":\"HotSmoke\"}]}<\/script>\n<meta name=\"geo.placename\" content=\"Kaunas\" \/>\n<meta name=\"geo.position\" content=\"54.8733992;23.9492982\" \/>\n<meta name=\"geo.region\" content=\"Lituania\" \/>\n<!-- \/ Yoast SEO Premium plugin. -->","yoast_head_json":{"title":"Swiss Hemp Amnesia CBD Flower - HotSmoke","robots":{"index":"index","follow":"follow","max-snippet":"max-snippet:-1","max-image-preview":"max-image-preview:large","max-video-preview":"max-video-preview:-1"},"canonical":"https:\/\/hotsmoke.eu\/es\/shop\/cbd\/swiss-hemp-amnesia-cbd-flower\/","og_locale":"es_ES","og_type":"article","og_title":"Swiss Hemp Amnesia CBD Flower","og_description":"FLOWER (CBD &lt;10%) Swiss Hemp Amnesia - CBD flowers. Amnesia Cannabis is the name of several strains that have won a total of at least 18 awards. Amnesia was officially registered as a cross between Bubblegum and Super Silver Haze. Cannabis flowers also contain woody notes, especially cedar. When the flowers are broken, a delicate, savory fragrance is released. Despite all this richness, the aroma is mild with a sharp and citrusy undertaste.   Obtained from certified industrial hemp varieties listed in the EU.  CBD dried hemp flowers are certified.  Lab-tested \u2014 every batch is analyzed in accredited laboratories.  The product is completely legal, allowed to be purchased and sold in the European Union.  Natural Cannabinoids: CBDA, CBDV, CBG, CBGA, CBC, CBN, THC, THCV, THCA and many phenols, flavonoids and terpenes.  THC in cannabis flowers is less than 0.2%.  Swiss Hemp Amnesia Flowers only from organic fertilizers.  Without GMO modifications.  No seeds.  The product is 100% natural.  \u26a0\ufe0f Warning: Not intended for use by individuals under 18 years of age. According to Europe law, declared flowers are not intended for internal consumption. All products comply with legal &lt;0.2% THC limits in Europe. \u26a0\ufe0f Technical cannabis flowers. Technical hemp is derived from seeds of varieties listed in the Common Catalogue of Varieties of Agricultural Plant Species. This product complies with all applicable laws and regulations and is intended solely for industrial, food, cosmetic, technical, or horticultural purposes. Not for direct consumption or smoking. The product may naturally lose weight over time. Store in a dry and dark place. Keep out of reach of children.","og_url":"https:\/\/hotsmoke.eu\/es\/shop\/cbd\/swiss-hemp-amnesia-cbd-flower\/","og_site_name":"HotSmoke","article_publisher":"https:\/\/www.facebook.com\/hotsmoke.eu","article_modified_time":"2026-04-27T19:46:14+00:00","og_image":[{"width":2120,"height":2080,"url":"https:\/\/hotsmoke.eu\/wp-content\/uploads\/2024\/01\/swiss-hemp-amnesia-hotsmoke.eu_.webp","type":"image\/webp"}],"twitter_card":"summary_large_image","twitter_site":"@HotSmokeoffici1","twitter_misc":{"Availability":"In stock"},"schema":{"@context":"https:\/\/schema.org","@graph":[{"@type":["WebPage","ItemPage"],"@id":"https:\/\/hotsmoke.eu\/shop\/cbd\/swiss-hemp-amnesia-cbd-flower\/","url":"https:\/\/hotsmoke.eu\/shop\/cbd\/swiss-hemp-amnesia-cbd-flower\/","name":"Swiss Hemp Amnesia CBD Flower - HotSmoke","isPartOf":{"@id":"https:\/\/hotsmoke.eu\/#website"},"datePublished":"2024-01-11T08:06:38+00:00","dateModified":"2026-04-27T19:46:14+00:00","breadcrumb":{"@id":"https:\/\/hotsmoke.eu\/shop\/cbd\/swiss-hemp-amnesia-cbd-flower\/#breadcrumb"},"inLanguage":"es","potentialAction":[{"@type":"ReadAction","target":["https:\/\/hotsmoke.eu\/shop\/cbd\/swiss-hemp-amnesia-cbd-flower\/"]}]},{"@type":"BreadcrumbList","@id":"https:\/\/hotsmoke.eu\/shop\/cbd\/swiss-hemp-amnesia-cbd-flower\/#breadcrumb","itemListElement":[{"@type":"ListItem","position":1,"name":"Home","item":"https:\/\/hotsmoke.eu\/"},{"@type":"ListItem","position":2,"name":"HeatSticks And Heat Not Burn Store","item":"https:\/\/hotsmoke.eu\/shop\/"},{"@type":"ListItem","position":3,"name":"Swiss Hemp Amnesia CBD Flower"}]},{"@type":"WebSite","@id":"https:\/\/hotsmoke.eu\/#website","url":"https:\/\/hotsmoke.eu\/","name":"Humo caliente","description":"Tienda de dispositivos de tabaco calentado Heat Not Burn | HotSmoke","publisher":{"@id":"https:\/\/hotsmoke.eu\/#organization"},"alternateName":"hotsmoke","potentialAction":[{"@type":"SearchAction","target":{"@type":"EntryPoint","urlTemplate":"https:\/\/hotsmoke.eu\/?s={search_term_string}"},"query-input":"required name=search_term_string"}],"inLanguage":"es"},{"@type":["Organization","Place","Store"],"@id":"https:\/\/hotsmoke.eu\/#organization","name":"Humo caliente","alternateName":"Hot Smoke","url":"https:\/\/hotsmoke.eu\/","logo":{"@id":"https:\/\/hotsmoke.eu\/shop\/cbd\/swiss-hemp-amnesia-cbd-flower\/#local-main-organization-logo"},"image":{"@id":"https:\/\/hotsmoke.eu\/shop\/cbd\/swiss-hemp-amnesia-cbd-flower\/#local-main-organization-logo"},"sameAs":["https:\/\/www.facebook.com\/hotsmoke.eu","https:\/\/twitter.com\/HotSmokeoffici1"],"publishingPrinciples":"https:\/\/hotsmoke.eu\/heat-not-burn-electronic-cigarettes\/","ownershipFundingInfo":"https:\/\/hotsmoke.eu\/terms-conditions\/","actionableFeedbackPolicy":"https:\/\/hotsmoke.eu\/privacy-policy\/","correctionsPolicy":"https:\/\/hotsmoke.eu\/privacy-policy\/","ethicsPolicy":"https:\/\/hotsmoke.eu\/privacy-policy\/","diversityPolicy":"https:\/\/hotsmoke.eu\/privacy-policy\/","diversityStaffingReport":"https:\/\/hotsmoke.eu\/shipping-warranty\/","address":{"@id":"https:\/\/hotsmoke.eu\/shop\/cbd\/swiss-hemp-amnesia-cbd-flower\/#local-main-place-address"},"geo":{"@type":"GeoCoordinates","latitude":"54.8733992","longitude":"23.9492982"},"telephone":["+37068673611"],"openingHoursSpecification":[{"@type":"OpeningHoursSpecification","dayOfWeek":["Monday","Tuesday","Wednesday","Thursday","Friday"],"opens":"10:00","closes":"17:00"},{"@type":"OpeningHoursSpecification","dayOfWeek":["Saturday","Sunday"],"opens":"00:00","closes":"00:00"}],"email":"info@hotsmoke.eu","areaServed":"Lithuania","vatID":"LT100013495416","priceRange":"$$","currenciesAccepted":"Euro","paymentAccepted":"Visa, mastercard"},{"@type":"PostalAddress","@id":"https:\/\/hotsmoke.eu\/shop\/cbd\/swiss-hemp-amnesia-cbd-flower\/#local-main-place-address","streetAddress":"L.Ivinskio 18a, L.Ivinskio 18a","addressLocality":"Kaunas","postalCode":"45151","addressRegion":"Lithuania","addressCountry":"LT"},{"@type":"ImageObject","inLanguage":"es","@id":"https:\/\/hotsmoke.eu\/shop\/cbd\/swiss-hemp-amnesia-cbd-flower\/#local-main-organization-logo","url":"https:\/\/hotsmoke.eu\/wp-content\/uploads\/2022\/12\/hs_black.svg","contentUrl":"https:\/\/hotsmoke.eu\/wp-content\/uploads\/2022\/12\/hs_black.svg","caption":"HotSmoke"}]},"geo.placename":"Kaunas","geo.position":{"lat":"54.8733992","long":"23.9492982"},"geo.region":"Lituania"},"_links":{"self":[{"href":"https:\/\/hotsmoke.eu\/es\/wp-json\/wp\/v2\/product\/24272","targetHints":{"allow":["GET"]}}],"collection":[{"href":"https:\/\/hotsmoke.eu\/es\/wp-json\/wp\/v2\/product"}],"about":[{"href":"https:\/\/hotsmoke.eu\/es\/wp-json\/wp\/v2\/types\/product"}],"replies":[{"embeddable":true,"href":"https:\/\/hotsmoke.eu\/es\/wp-json\/wp\/v2\/comments?post=24272"}],"wp:featuredmedia":[{"embeddable":true,"href":"https:\/\/hotsmoke.eu\/es\/wp-json\/wp\/v2\/media\/24276"}],"wp:attachment":[{"href":"https:\/\/hotsmoke.eu\/es\/wp-json\/wp\/v2\/media?parent=24272"}],"wp:term":[{"taxonomy":"product_cat","embeddable":true,"href":"https:\/\/hotsmoke.eu\/es\/wp-json\/wp\/v2\/product_cat?post=24272"},{"taxonomy":"product_tag","embeddable":true,"href":"https:\/\/hotsmoke.eu\/es\/wp-json\/wp\/v2\/product_tag?post=24272"}],"curies":[{"name":"wp","href":"https:\/\/api.w.org\/{rel}","templated":true}]}}