{"id":12917,"date":"2023-06-08T10:19:54","date_gmt":"2023-06-08T10:19:54","guid":{"rendered":"https:\/\/hotsmoke.eu\/?post_type=product&#038;p=12917"},"modified":"2026-04-27T20:30:36","modified_gmt":"2026-04-27T20:30:36","slug":"pluscig-s9","status":"publish","type":"product","link":"https:\/\/hotsmoke.eu\/es\/shop\/heat-not-burn-devices\/pluscig-s9\/","title":{"rendered":"Pluscig S9"},"content":{"rendered":"<h2>CARACTER\u00cdSTICAS DISTINTIVAS DEL PLUSCIG S9<\/h2>\n<p>El modelo Pluscig S9 cuenta con una bater\u00eda integrada de alta capacidad de 3500 mAh, lo que garantiza un rendimiento duradero. El dispositivo est\u00e1 equipado con el sistema de Control Inteligente de Temperatura (ICT), que permite una regulaci\u00f3n precisa del proceso de calentamiento.<\/p>\n<ul>\n<li>Rango de Temperatura: La temperatura m\u00e1xima de calentamiento alcanza hasta 390 \u00b0C.<\/li>\n<li>Control: Capacidad de configurar individualmente el tiempo de precalentamiento seg\u00fan los requisitos espec\u00edficos de los materiales utilizados.<\/li>\n<li>Construcci\u00f3n: La carcasa met\u00e1lica garantiza durabilidad mec\u00e1nica y una eficiente distribuci\u00f3n del calor.<\/li>\n<\/ul>\n<p><img decoding=\"async\" class=\"alignnone wp-image-28450\" src=\"https:\/\/hotsmoke.eu\/wp-content\/uploads\/2023\/06\/pluscig-s9_9-hotsmoke.lt_.webp\" alt=\"pluscig s9 heat not burn\" width=\"507\" height=\"634\" srcset=\"\/\/hotsmoke.eu\/wp-content\/uploads\/2023\/06\/pluscig-s9_9-hotsmoke.lt_.webp 800w, \/\/hotsmoke.eu\/wp-content\/uploads\/2023\/06\/pluscig-s9_9-hotsmoke.lt_-240x300.webp 240w, \/\/hotsmoke.eu\/wp-content\/uploads\/2023\/06\/pluscig-s9_9-hotsmoke.lt_-768x960.webp 768w, \/\/hotsmoke.eu\/wp-content\/uploads\/2023\/06\/pluscig-s9_9-hotsmoke.lt_-300x375.webp 300w\" sizes=\"(max-width: 507px) 100vw, 507px\" data-no-auto-translation=\"\" \/><\/p>","protected":false},"excerpt":{"rendered":"<h2>ACERCA DEL SISTEMA HNB<\/h2>\n<p>El Pluscig S9 es un avanzado sistema de calentamiento basado en la tecnolog\u00eda Heat-not-Burn (HNB). La pantalla OLED integrada garantiza un control y una monitorizaci\u00f3n sencillos y claros de los par\u00e1metros del sistema. Este modelo destaca por su bater\u00eda de alta capacidad de 3500 mAh, que proporciona hasta 40 ciclos de uso con una sola carga completa.<\/p>\n<p>El dispositivo garantiza un procesamiento t\u00e9rmico uniforme sin combusti\u00f3n, lo que resulta en la no formaci\u00f3n de cenizas durante su uso. Gracias al eficiente sistema de gesti\u00f3n de energ\u00eda, las sesiones consecutivas se pueden iniciar inmediatamente despu\u00e9s de la primera, sin tiempo de espera adicional para recargar.<\/p>\n<h2>VENTAJAS S9<\/h2>\n<ul>\n<li>Funci\u00f3n de Autolimpieza: Un programa de \u00faltima generaci\u00f3n que simplifica el mantenimiento interno del dispositivo.<\/li>\n<li>Pantalla OLED informativa: Proporciona una vista precisa de la temperatura, el tiempo de sesi\u00f3n y el nivel de bater\u00eda.<\/li>\n<li>Control de par\u00e1metros: Capacidad de ajustar individualmente la temperatura de calentamiento y la duraci\u00f3n de la sesi\u00f3n.<\/li>\n<li>Fuente de alimentaci\u00f3n: bater\u00eda de 3500 mAh con interfaz USB Type-C (Carga r\u00e1pida).<\/li>\n<li>Durabilidad: La carcasa est\u00e1 dise\u00f1ada para un rendimiento estable en condiciones de temperatura ambiente variables y es resistente a impactos mec\u00e1nicos.<\/li>\n<li>Especificaciones f\u00edsicas: Dimensiones \u2013 10,6 x 3,3 x 2,2 cm.<\/li>\n<li>Compatibilidad: HEETS, FIIT, NEXUS, NEAFS y otros productos dise\u00f1ados para dispositivos de calentamiento (<strong>utilizando un pin o cuchilla calefactora<\/strong>).<\/li>\n<\/ul>\n<p>El producto viene con una garant\u00eda de 12 meses.<\/p>","protected":false},"featured_media":25367,"comment_status":"open","ping_status":"closed","template":"","meta":{"inline_featured_image":false},"product_cat":[18,113],"product_tag":[],"class_list":["post-12917","product","type-product","status-publish","has-post-thumbnail","hentry","product_brand-pluscig","product_cat-heat-not-burn-devices","product_cat-with-heater"],"acf":[],"yoast_head":"<!-- This site is optimized with the Yoast SEO Premium plugin v20.11 (Yoast SEO v20.11) - https:\/\/yoast.com\/wordpress\/plugins\/seo\/ -->\n<title>Pluscig S9 - HotSmoke<\/title>\n<meta name=\"description\" content=\"Pluscig - S9 Heating cigarette system heat not burn cigarette is the result of a combination of technology. Use: HEETS, NEAFS, FIIT, NEXUS\" \/>\n<meta name=\"robots\" content=\"index, follow, max-snippet:-1, max-image-preview:large, max-video-preview:-1\" \/>\n<link rel=\"canonical\" href=\"https:\/\/hotsmoke.eu\/es\/shop\/calentar-no-quemar-dispositivos\/pluscig-s9\/\" \/>\n<meta property=\"og:locale\" content=\"es_ES\" \/>\n<meta property=\"og:type\" content=\"article\" \/>\n<meta property=\"og:title\" content=\"Pluscig S9\" \/>\n<meta property=\"og:description\" content=\"Pluscig - S9 Heating cigarette system heat not burn cigarette is the result of a combination of technology. Use: HEETS, NEAFS, FIIT, NEXUS\" \/>\n<meta property=\"og:url\" content=\"https:\/\/hotsmoke.eu\/es\/shop\/calentar-no-quemar-dispositivos\/pluscig-s9\/\" \/>\n<meta property=\"og:site_name\" content=\"HotSmoke\" \/>\n<meta property=\"article:publisher\" content=\"https:\/\/www.facebook.com\/hotsmoke.eu\" \/>\n<meta property=\"article:modified_time\" content=\"2026-04-27T20:30:36+00:00\" \/>\n<meta property=\"og:image\" content=\"https:\/\/hotsmoke.eu\/wp-content\/uploads\/2024\/05\/pluscig-s9-black-hotsmoke.lt_.webp\" \/>\n\t<meta property=\"og:image:width\" content=\"688\" \/>\n\t<meta property=\"og:image:height\" content=\"890\" \/>\n\t<meta property=\"og:image:type\" content=\"image\/webp\" \/>\n<meta name=\"twitter:card\" content=\"summary_large_image\" \/>\n<meta name=\"twitter:site\" content=\"@HotSmokeoffici1\" \/>\n<meta name=\"twitter:label1\" content=\"Availability\" \/>\n\t<meta name=\"twitter:data1\" content=\"In stock\" \/>\n<script type=\"application\/ld+json\" class=\"yoast-schema-graph\">{\"@context\":\"https:\/\/schema.org\",\"@graph\":[{\"@type\":[\"WebPage\",\"ItemPage\"],\"@id\":\"https:\/\/hotsmoke.eu\/shop\/heat-not-burn-devices\/pluscig-s9\/\",\"url\":\"https:\/\/hotsmoke.eu\/shop\/heat-not-burn-devices\/pluscig-s9\/\",\"name\":\"Pluscig S9 - HotSmoke\",\"isPartOf\":{\"@id\":\"https:\/\/hotsmoke.eu\/#website\"},\"datePublished\":\"2023-06-08T10:19:54+00:00\",\"dateModified\":\"2026-04-27T20:30:36+00:00\",\"description\":\"Pluscig - S9 Heating cigarette system heat not burn cigarette is the result of a combination of technology. Use: HEETS, NEAFS, FIIT, NEXUS\",\"breadcrumb\":{\"@id\":\"https:\/\/hotsmoke.eu\/shop\/heat-not-burn-devices\/pluscig-s9\/#breadcrumb\"},\"inLanguage\":\"es\",\"potentialAction\":[{\"@type\":\"ReadAction\",\"target\":[\"https:\/\/hotsmoke.eu\/shop\/heat-not-burn-devices\/pluscig-s9\/\"]}]},{\"@type\":\"BreadcrumbList\",\"@id\":\"https:\/\/hotsmoke.eu\/shop\/heat-not-burn-devices\/pluscig-s9\/#breadcrumb\",\"itemListElement\":[{\"@type\":\"ListItem\",\"position\":1,\"name\":\"Home\",\"item\":\"https:\/\/hotsmoke.eu\/\"},{\"@type\":\"ListItem\",\"position\":2,\"name\":\"HeatSticks And Heat Not Burn Store\",\"item\":\"https:\/\/hotsmoke.eu\/shop\/\"},{\"@type\":\"ListItem\",\"position\":3,\"name\":\"Pluscig S9\"}]},{\"@type\":\"WebSite\",\"@id\":\"https:\/\/hotsmoke.eu\/#website\",\"url\":\"https:\/\/hotsmoke.eu\/\",\"name\":\"HotSmoke\",\"description\":\"Heat Not Burn Heating Cigarettes Devices Shop | HotSmoke\",\"publisher\":{\"@id\":\"https:\/\/hotsmoke.eu\/#organization\"},\"alternateName\":\"hotsmoke\",\"potentialAction\":[{\"@type\":\"SearchAction\",\"target\":{\"@type\":\"EntryPoint\",\"urlTemplate\":\"https:\/\/hotsmoke.eu\/?s={search_term_string}\"},\"query-input\":\"required name=search_term_string\"}],\"inLanguage\":\"es\"},{\"@type\":[\"Organization\",\"Place\",\"Store\"],\"@id\":\"https:\/\/hotsmoke.eu\/#organization\",\"name\":\"HotSmoke\",\"alternateName\":\"Hot Smoke\",\"url\":\"https:\/\/hotsmoke.eu\/\",\"logo\":{\"@id\":\"https:\/\/hotsmoke.eu\/shop\/heat-not-burn-devices\/pluscig-s9\/#local-main-organization-logo\"},\"image\":{\"@id\":\"https:\/\/hotsmoke.eu\/shop\/heat-not-burn-devices\/pluscig-s9\/#local-main-organization-logo\"},\"sameAs\":[\"https:\/\/www.facebook.com\/hotsmoke.eu\",\"https:\/\/twitter.com\/HotSmokeoffici1\"],\"publishingPrinciples\":\"https:\/\/hotsmoke.eu\/heat-not-burn-electronic-cigarettes\/\",\"ownershipFundingInfo\":\"https:\/\/hotsmoke.eu\/terms-conditions\/\",\"actionableFeedbackPolicy\":\"https:\/\/hotsmoke.eu\/privacy-policy\/\",\"correctionsPolicy\":\"https:\/\/hotsmoke.eu\/privacy-policy\/\",\"ethicsPolicy\":\"https:\/\/hotsmoke.eu\/privacy-policy\/\",\"diversityPolicy\":\"https:\/\/hotsmoke.eu\/privacy-policy\/\",\"diversityStaffingReport\":\"https:\/\/hotsmoke.eu\/shipping-warranty\/\",\"address\":{\"@id\":\"https:\/\/hotsmoke.eu\/shop\/heat-not-burn-devices\/pluscig-s9\/#local-main-place-address\"},\"geo\":{\"@type\":\"GeoCoordinates\",\"latitude\":\"54.8733992\",\"longitude\":\"23.9492982\"},\"telephone\":[\"+37068673611\"],\"openingHoursSpecification\":[{\"@type\":\"OpeningHoursSpecification\",\"dayOfWeek\":[\"Monday\",\"Tuesday\",\"Wednesday\",\"Thursday\",\"Friday\"],\"opens\":\"10:00\",\"closes\":\"17:00\"},{\"@type\":\"OpeningHoursSpecification\",\"dayOfWeek\":[\"Saturday\",\"Sunday\"],\"opens\":\"00:00\",\"closes\":\"00:00\"}],\"email\":\"info@hotsmoke.eu\",\"areaServed\":\"Lithuania\",\"vatID\":\"LT100013495416\",\"priceRange\":\"$$\",\"currenciesAccepted\":\"Euro\",\"paymentAccepted\":\"Visa, mastercard\"},{\"@type\":\"PostalAddress\",\"@id\":\"https:\/\/hotsmoke.eu\/shop\/heat-not-burn-devices\/pluscig-s9\/#local-main-place-address\",\"streetAddress\":\"L.Ivinskio 18a, L.Ivinskio 18a\",\"addressLocality\":\"Kaunas\",\"postalCode\":\"45151\",\"addressRegion\":\"Lithuania\",\"addressCountry\":\"LT\"},{\"@type\":\"ImageObject\",\"inLanguage\":\"es\",\"@id\":\"https:\/\/hotsmoke.eu\/shop\/heat-not-burn-devices\/pluscig-s9\/#local-main-organization-logo\",\"url\":\"https:\/\/hotsmoke.eu\/wp-content\/uploads\/2022\/12\/hs_black.svg\",\"contentUrl\":\"https:\/\/hotsmoke.eu\/wp-content\/uploads\/2022\/12\/hs_black.svg\",\"caption\":\"HotSmoke\"}]}<\/script>\n<meta name=\"geo.placename\" content=\"Kaunas\" \/>\n<meta name=\"geo.position\" content=\"54.8733992;23.9492982\" \/>\n<meta name=\"geo.region\" content=\"Lituania\" \/>\n<!-- \/ Yoast SEO Premium plugin. -->","yoast_head_json":{"title":"Pluscig S9 - HotSmoke","description":"Pluscig - S9 Sistema de calentamiento de cigarrillos heat not burn es el resultado de una combinaci\u00f3n de tecnolog\u00eda. Uso: HEETS, NEAFS, FIIT, NEXUS","robots":{"index":"index","follow":"follow","max-snippet":"max-snippet:-1","max-image-preview":"max-image-preview:large","max-video-preview":"max-video-preview:-1"},"canonical":"https:\/\/hotsmoke.eu\/es\/shop\/calentar-no-quemar-dispositivos\/pluscig-s9\/","og_locale":"es_ES","og_type":"article","og_title":"Pluscig S9","og_description":"Pluscig - S9 Heating cigarette system heat not burn cigarette is the result of a combination of technology. Use: HEETS, NEAFS, FIIT, NEXUS","og_url":"https:\/\/hotsmoke.eu\/es\/shop\/calentar-no-quemar-dispositivos\/pluscig-s9\/","og_site_name":"HotSmoke","article_publisher":"https:\/\/www.facebook.com\/hotsmoke.eu","article_modified_time":"2026-04-27T20:30:36+00:00","og_image":[{"width":688,"height":890,"url":"https:\/\/hotsmoke.eu\/wp-content\/uploads\/2024\/05\/pluscig-s9-black-hotsmoke.lt_.webp","type":"image\/webp"}],"twitter_card":"summary_large_image","twitter_site":"@HotSmokeoffici1","twitter_misc":{"Availability":"In stock"},"schema":{"@context":"https:\/\/schema.org","@graph":[{"@type":["WebPage","ItemPage"],"@id":"https:\/\/hotsmoke.eu\/shop\/heat-not-burn-devices\/pluscig-s9\/","url":"https:\/\/hotsmoke.eu\/shop\/heat-not-burn-devices\/pluscig-s9\/","name":"Pluscig S9 - HotSmoke","isPartOf":{"@id":"https:\/\/hotsmoke.eu\/#website"},"datePublished":"2023-06-08T10:19:54+00:00","dateModified":"2026-04-27T20:30:36+00:00","description":"Pluscig - S9 Sistema de calentamiento de cigarrillos heat not burn es el resultado de una combinaci\u00f3n de tecnolog\u00eda. Uso: HEETS, NEAFS, FIIT, NEXUS","breadcrumb":{"@id":"https:\/\/hotsmoke.eu\/shop\/heat-not-burn-devices\/pluscig-s9\/#breadcrumb"},"inLanguage":"es","potentialAction":[{"@type":"ReadAction","target":["https:\/\/hotsmoke.eu\/shop\/heat-not-burn-devices\/pluscig-s9\/"]}]},{"@type":"BreadcrumbList","@id":"https:\/\/hotsmoke.eu\/shop\/heat-not-burn-devices\/pluscig-s9\/#breadcrumb","itemListElement":[{"@type":"ListItem","position":1,"name":"Home","item":"https:\/\/hotsmoke.eu\/"},{"@type":"ListItem","position":2,"name":"HeatSticks And Heat Not Burn Store","item":"https:\/\/hotsmoke.eu\/shop\/"},{"@type":"ListItem","position":3,"name":"Pluscig S9"}]},{"@type":"WebSite","@id":"https:\/\/hotsmoke.eu\/#website","url":"https:\/\/hotsmoke.eu\/","name":"Humo caliente","description":"Tienda de dispositivos de tabaco calentado Heat Not Burn | HotSmoke","publisher":{"@id":"https:\/\/hotsmoke.eu\/#organization"},"alternateName":"hotsmoke","potentialAction":[{"@type":"SearchAction","target":{"@type":"EntryPoint","urlTemplate":"https:\/\/hotsmoke.eu\/?s={search_term_string}"},"query-input":"required name=search_term_string"}],"inLanguage":"es"},{"@type":["Organization","Place","Store"],"@id":"https:\/\/hotsmoke.eu\/#organization","name":"Humo caliente","alternateName":"Hot Smoke","url":"https:\/\/hotsmoke.eu\/","logo":{"@id":"https:\/\/hotsmoke.eu\/shop\/heat-not-burn-devices\/pluscig-s9\/#local-main-organization-logo"},"image":{"@id":"https:\/\/hotsmoke.eu\/shop\/heat-not-burn-devices\/pluscig-s9\/#local-main-organization-logo"},"sameAs":["https:\/\/www.facebook.com\/hotsmoke.eu","https:\/\/twitter.com\/HotSmokeoffici1"],"publishingPrinciples":"https:\/\/hotsmoke.eu\/heat-not-burn-electronic-cigarettes\/","ownershipFundingInfo":"https:\/\/hotsmoke.eu\/terms-conditions\/","actionableFeedbackPolicy":"https:\/\/hotsmoke.eu\/privacy-policy\/","correctionsPolicy":"https:\/\/hotsmoke.eu\/privacy-policy\/","ethicsPolicy":"https:\/\/hotsmoke.eu\/privacy-policy\/","diversityPolicy":"https:\/\/hotsmoke.eu\/privacy-policy\/","diversityStaffingReport":"https:\/\/hotsmoke.eu\/shipping-warranty\/","address":{"@id":"https:\/\/hotsmoke.eu\/shop\/heat-not-burn-devices\/pluscig-s9\/#local-main-place-address"},"geo":{"@type":"GeoCoordinates","latitude":"54.8733992","longitude":"23.9492982"},"telephone":["+37068673611"],"openingHoursSpecification":[{"@type":"OpeningHoursSpecification","dayOfWeek":["Monday","Tuesday","Wednesday","Thursday","Friday"],"opens":"10:00","closes":"17:00"},{"@type":"OpeningHoursSpecification","dayOfWeek":["Saturday","Sunday"],"opens":"00:00","closes":"00:00"}],"email":"info@hotsmoke.eu","areaServed":"Lithuania","vatID":"LT100013495416","priceRange":"$$","currenciesAccepted":"Euro","paymentAccepted":"Visa, mastercard"},{"@type":"PostalAddress","@id":"https:\/\/hotsmoke.eu\/shop\/heat-not-burn-devices\/pluscig-s9\/#local-main-place-address","streetAddress":"L.Ivinskio 18a, L.Ivinskio 18a","addressLocality":"Kaunas","postalCode":"45151","addressRegion":"Lithuania","addressCountry":"LT"},{"@type":"ImageObject","inLanguage":"es","@id":"https:\/\/hotsmoke.eu\/shop\/heat-not-burn-devices\/pluscig-s9\/#local-main-organization-logo","url":"https:\/\/hotsmoke.eu\/wp-content\/uploads\/2022\/12\/hs_black.svg","contentUrl":"https:\/\/hotsmoke.eu\/wp-content\/uploads\/2022\/12\/hs_black.svg","caption":"HotSmoke"}]},"geo.placename":"Kaunas","geo.position":{"lat":"54.8733992","long":"23.9492982"},"geo.region":"Lituania"},"_links":{"self":[{"href":"https:\/\/hotsmoke.eu\/es\/wp-json\/wp\/v2\/product\/12917","targetHints":{"allow":["GET"]}}],"collection":[{"href":"https:\/\/hotsmoke.eu\/es\/wp-json\/wp\/v2\/product"}],"about":[{"href":"https:\/\/hotsmoke.eu\/es\/wp-json\/wp\/v2\/types\/product"}],"replies":[{"embeddable":true,"href":"https:\/\/hotsmoke.eu\/es\/wp-json\/wp\/v2\/comments?post=12917"}],"wp:featuredmedia":[{"embeddable":true,"href":"https:\/\/hotsmoke.eu\/es\/wp-json\/wp\/v2\/media\/25367"}],"wp:attachment":[{"href":"https:\/\/hotsmoke.eu\/es\/wp-json\/wp\/v2\/media?parent=12917"}],"wp:term":[{"taxonomy":"product_cat","embeddable":true,"href":"https:\/\/hotsmoke.eu\/es\/wp-json\/wp\/v2\/product_cat?post=12917"},{"taxonomy":"product_tag","embeddable":true,"href":"https:\/\/hotsmoke.eu\/es\/wp-json\/wp\/v2\/product_tag?post=12917"}],"curies":[{"name":"wp","href":"https:\/\/api.w.org\/{rel}","templated":true}]}}