{"id":12781,"date":"2023-04-19T07:43:37","date_gmt":"2023-04-19T07:43:37","guid":{"rendered":"https:\/\/hotsmoke.eu\/?post_type=product&#038;p=12781"},"modified":"2026-04-27T20:38:45","modified_gmt":"2026-04-27T20:38:45","slug":"hi30","status":"publish","type":"product","link":"https:\/\/hotsmoke.eu\/es\/shop\/heat-not-burn-devices\/hitaste-hi30\/","title":{"rendered":"Grasias HI30"},"content":{"rendered":"<h2>HITASTE HI30 SISTEMA DE DOBLE CALEFACCI\u00d3N<\/h2>\n<p>El dispositivo HiTaste HI30 cuenta con una tecnolog\u00eda de calentamiento combinada que integra un pin calefactor y el calentamiento de la c\u00e1mara. Esta soluci\u00f3n de ingenier\u00eda garantiza una preparaci\u00f3n r\u00e1pida del dispositivo para su uso. El dise\u00f1o no solo optimiza la distribuci\u00f3n del calor, sino que tambi\u00e9n simplifica el mantenimiento (limpieza) de la c\u00e1mara de calentamiento y aumenta la resistencia del elemento calefactor a los da\u00f1os mec\u00e1nicos.<\/p>\n<p><img decoding=\"async\" class=\"alignnone wp-image-25238\" src=\"https:\/\/hotsmoke.eu\/wp-content\/uploads\/2023\/04\/hitastehi30.webp\" alt=\"hitaste hi30 Caracter\u00edsticas\" width=\"701\" height=\"701\" srcset=\"\/\/hotsmoke.eu\/wp-content\/uploads\/2023\/04\/hitastehi30.webp 1080w, \/\/hotsmoke.eu\/wp-content\/uploads\/2023\/04\/hitastehi30-300x300.webp 300w, \/\/hotsmoke.eu\/wp-content\/uploads\/2023\/04\/hitastehi30-1024x1024.webp 1024w, \/\/hotsmoke.eu\/wp-content\/uploads\/2023\/04\/hitastehi30-150x150.webp 150w, \/\/hotsmoke.eu\/wp-content\/uploads\/2023\/04\/hitastehi30-768x768.webp 768w, \/\/hotsmoke.eu\/wp-content\/uploads\/2023\/04\/hitastehi30-100x100.webp 100w\" sizes=\"(max-width: 701px) 100vw, 701px\" \/><\/p>\n<p>El dispositivo est\u00e1 construido bajo el principio de dise\u00f1o modular, lo que permite separar el m\u00f3dulo de calentamiento de la unidad de bater\u00eda. En caso de da\u00f1os en el pin de calentamiento o problemas t\u00e9cnicos dentro de la secci\u00f3n de calentamiento, esta construcci\u00f3n modular permite el reemplazo de solo ese componente espec\u00edfico, extendiendo as\u00ed la vida \u00fatil general del dispositivo.<\/p>\n<ul>\n<li>La pantalla OLED integrada permite al usuario supervisar claramente todos los procesos del dispositivo.<\/li>\n<li>Rango de temperatura: ajustable de 200 \u00b0C a 300 \u00b0C.<\/li>\n<li>Precisi\u00f3n: El control inteligente permite seleccionar el modo t\u00e9rmico \u00f3ptimo seg\u00fan las caracter\u00edsticas del producto utilizado.<\/li>\n<\/ul>\n<p><img decoding=\"async\" class=\"alignnone wp-image-25240\" src=\"https:\/\/hotsmoke.eu\/wp-content\/uploads\/2023\/04\/hitastehi30-anglu.webp\" alt=\"manual hi30 hitaste\" width=\"703\" height=\"703\" srcset=\"\/\/hotsmoke.eu\/wp-content\/uploads\/2023\/04\/hitastehi30-anglu.webp 1080w, \/\/hotsmoke.eu\/wp-content\/uploads\/2023\/04\/hitastehi30-anglu-300x300.webp 300w, \/\/hotsmoke.eu\/wp-content\/uploads\/2023\/04\/hitastehi30-anglu-1024x1024.webp 1024w, \/\/hotsmoke.eu\/wp-content\/uploads\/2023\/04\/hitastehi30-anglu-150x150.webp 150w, \/\/hotsmoke.eu\/wp-content\/uploads\/2023\/04\/hitastehi30-anglu-768x768.webp 768w, \/\/hotsmoke.eu\/wp-content\/uploads\/2023\/04\/hitastehi30-anglu-100x100.webp 100w\" sizes=\"(max-width: 703px) 100vw, 703px\" \/><\/p>","protected":false},"excerpt":{"rendered":"<h2>ACERCA DEL SISTEMA HNB<\/h2>\n<p>El HiTaste HI30 es un dispositivo avanzado de tecnolog\u00eda Heat-not-Burn (HNB). Est\u00e1 equipado con una pantalla OLED informativa y una bater\u00eda de alta capacidad de 3200 mAh, lo que garantiza un rendimiento estable. Este modelo cuenta con tecnolog\u00eda optimizada de distribuci\u00f3n de calor, que logra la temperatura de funcionamiento deseada sin combusti\u00f3n.<\/p>\n<p>Una bater\u00eda completamente cargada proporciona energ\u00eda para hasta 30 ciclos de uso. Gracias a la gesti\u00f3n eficiente de la energ\u00eda, el dispositivo est\u00e1 listo para la siguiente sesi\u00f3n sin largos periodos de espera entre ciclos.<\/p>\n<h2>VENTAJAS HI30<\/h2>\n<ul>\n<li>Sistema de Calentamiento Dual: Un pin cer\u00e1mico combinado con el calentamiento de la c\u00e1mara asegura una distribuci\u00f3n uniforme de la temperatura.<\/li>\n<li>Funci\u00f3n de Autolimpieza: Un programa integrado simplifica el mantenimiento interno del dispositivo.<\/li>\n<li>Funci\u00f3n de Pausa: Una capacidad t\u00e9cnica para suspender temporalmente el proceso de calentamiento durante una sesi\u00f3n.<\/li>\n<li>Calentador Reemplazable: El dise\u00f1o modular permite el reemplazo del pin de calentamiento si es necesario, asegurando la durabilidad a largo plazo del dispositivo.<\/li>\n<li>Control de Par\u00e1metros: Posibilidad de configurar individualmente la temperatura de calentamiento y la duraci\u00f3n de la sesi\u00f3n a trav\u00e9s de la pantalla OLED.<\/li>\n<li>Fuente de alimentaci\u00f3n: bater\u00eda de 3200 mAh con interfaz USB Tipo-C (Carga r\u00e1pida).<\/li>\n<li>Durabilidad: La carcasa est\u00e1 dise\u00f1ada para un rendimiento estable en condiciones de temperatura ambiente variables y es resistente a impactos mec\u00e1nicos.<\/li>\n<li>Especificaciones F\u00edsicas: Dimensiones \u2013 32 x 22 x 112 mm; peso \u2013 98 g.<\/li>\n<li>Compatibilidad: HEETS, FIIT, NEXUS, NEAFS y otros productos dise\u00f1ados para dispositivos de calentamiento (<strong>utilizando un pin o cuchilla calefactora<\/strong>).<\/li>\n<\/ul>\n<p>El producto viene con una garant\u00eda de 12 meses.<\/p>","protected":false},"featured_media":12784,"comment_status":"open","ping_status":"closed","template":"","meta":{"inline_featured_image":false},"product_cat":[18,113],"product_tag":[],"class_list":["post-12781","product","type-product","status-publish","has-post-thumbnail","hentry","product_brand-hitaste","product_cat-heat-not-burn-devices","product_cat-with-heater"],"acf":[],"yoast_head":"<!-- This site is optimized with the Yoast SEO Premium plugin v20.11 (Yoast SEO v20.11) - https:\/\/yoast.com\/wordpress\/plugins\/seo\/ -->\n<title>Hitaste HI30 - HotSmoke<\/title>\n<meta name=\"description\" content=\"HiTaste - HI30 Heating cigarette system - heat not burn cigarette is the result of a combination of technology. 30 complete cycles of HEETS cigarettes.\" \/>\n<meta name=\"robots\" content=\"index, follow, max-snippet:-1, max-image-preview:large, max-video-preview:-1\" \/>\n<link rel=\"canonical\" href=\"https:\/\/hotsmoke.eu\/es\/shop\/calentar-no-quemar-dispositivos\/hi30\/\" \/>\n<meta property=\"og:locale\" content=\"es_ES\" \/>\n<meta property=\"og:type\" content=\"article\" \/>\n<meta property=\"og:title\" content=\"Hitaste HI30\" \/>\n<meta property=\"og:description\" content=\"HiTaste - HI30 Heating cigarette system - heat not burn cigarette is the result of a combination of technology. 30 complete cycles of HEETS cigarettes.\" \/>\n<meta property=\"og:url\" content=\"https:\/\/hotsmoke.eu\/es\/shop\/calentar-no-quemar-dispositivos\/hi30\/\" \/>\n<meta property=\"og:site_name\" content=\"HotSmoke\" \/>\n<meta property=\"article:publisher\" content=\"https:\/\/www.facebook.com\/hotsmoke.eu\" \/>\n<meta property=\"article:modified_time\" content=\"2026-04-27T20:38:45+00:00\" \/>\n<meta property=\"og:image\" content=\"https:\/\/hotsmoke.eu\/wp-content\/uploads\/2023\/04\/Hitaste-hi30-hotmoke.eu_.webp\" \/>\n\t<meta property=\"og:image:width\" content=\"1000\" \/>\n\t<meta property=\"og:image:height\" content=\"1000\" \/>\n\t<meta property=\"og:image:type\" content=\"image\/webp\" \/>\n<meta name=\"twitter:card\" content=\"summary_large_image\" \/>\n<meta name=\"twitter:site\" content=\"@HotSmokeoffici1\" \/>\n<meta name=\"twitter:label1\" content=\"Availability\" \/>\n\t<meta name=\"twitter:data1\" content=\"In stock\" \/>\n<script type=\"application\/ld+json\" class=\"yoast-schema-graph\">{\"@context\":\"https:\/\/schema.org\",\"@graph\":[{\"@type\":[\"WebPage\",\"ItemPage\"],\"@id\":\"https:\/\/hotsmoke.eu\/shop\/heat-not-burn-devices\/hitaste-hi30\/\",\"url\":\"https:\/\/hotsmoke.eu\/shop\/heat-not-burn-devices\/hitaste-hi30\/\",\"name\":\"Hitaste HI30 - HotSmoke\",\"isPartOf\":{\"@id\":\"https:\/\/hotsmoke.eu\/#website\"},\"datePublished\":\"2023-04-19T07:43:37+00:00\",\"dateModified\":\"2026-04-27T20:38:45+00:00\",\"description\":\"HiTaste - HI30 Heating cigarette system - heat not burn cigarette is the result of a combination of technology. 30 complete cycles of HEETS cigarettes.\",\"breadcrumb\":{\"@id\":\"https:\/\/hotsmoke.eu\/shop\/heat-not-burn-devices\/hitaste-hi30\/#breadcrumb\"},\"inLanguage\":\"es\",\"potentialAction\":[{\"@type\":\"ReadAction\",\"target\":[\"https:\/\/hotsmoke.eu\/shop\/heat-not-burn-devices\/hitaste-hi30\/\"]}]},{\"@type\":\"BreadcrumbList\",\"@id\":\"https:\/\/hotsmoke.eu\/shop\/heat-not-burn-devices\/hitaste-hi30\/#breadcrumb\",\"itemListElement\":[{\"@type\":\"ListItem\",\"position\":1,\"name\":\"Home\",\"item\":\"https:\/\/hotsmoke.eu\/\"},{\"@type\":\"ListItem\",\"position\":2,\"name\":\"HeatSticks And Heat Not Burn Store\",\"item\":\"https:\/\/hotsmoke.eu\/shop\/\"},{\"@type\":\"ListItem\",\"position\":3,\"name\":\"Hitaste HI30\"}]},{\"@type\":\"WebSite\",\"@id\":\"https:\/\/hotsmoke.eu\/#website\",\"url\":\"https:\/\/hotsmoke.eu\/\",\"name\":\"HotSmoke\",\"description\":\"Heat Not Burn Heating Cigarettes Devices Shop | HotSmoke\",\"publisher\":{\"@id\":\"https:\/\/hotsmoke.eu\/#organization\"},\"alternateName\":\"hotsmoke\",\"potentialAction\":[{\"@type\":\"SearchAction\",\"target\":{\"@type\":\"EntryPoint\",\"urlTemplate\":\"https:\/\/hotsmoke.eu\/?s={search_term_string}\"},\"query-input\":\"required name=search_term_string\"}],\"inLanguage\":\"es\"},{\"@type\":[\"Organization\",\"Place\",\"Store\"],\"@id\":\"https:\/\/hotsmoke.eu\/#organization\",\"name\":\"HotSmoke\",\"alternateName\":\"Hot Smoke\",\"url\":\"https:\/\/hotsmoke.eu\/\",\"logo\":{\"@id\":\"https:\/\/hotsmoke.eu\/shop\/heat-not-burn-devices\/hitaste-hi30\/#local-main-organization-logo\"},\"image\":{\"@id\":\"https:\/\/hotsmoke.eu\/shop\/heat-not-burn-devices\/hitaste-hi30\/#local-main-organization-logo\"},\"sameAs\":[\"https:\/\/www.facebook.com\/hotsmoke.eu\",\"https:\/\/twitter.com\/HotSmokeoffici1\"],\"publishingPrinciples\":\"https:\/\/hotsmoke.eu\/heat-not-burn-electronic-cigarettes\/\",\"ownershipFundingInfo\":\"https:\/\/hotsmoke.eu\/terms-conditions\/\",\"actionableFeedbackPolicy\":\"https:\/\/hotsmoke.eu\/privacy-policy\/\",\"correctionsPolicy\":\"https:\/\/hotsmoke.eu\/privacy-policy\/\",\"ethicsPolicy\":\"https:\/\/hotsmoke.eu\/privacy-policy\/\",\"diversityPolicy\":\"https:\/\/hotsmoke.eu\/privacy-policy\/\",\"diversityStaffingReport\":\"https:\/\/hotsmoke.eu\/shipping-warranty\/\",\"address\":{\"@id\":\"https:\/\/hotsmoke.eu\/shop\/heat-not-burn-devices\/hitaste-hi30\/#local-main-place-address\"},\"geo\":{\"@type\":\"GeoCoordinates\",\"latitude\":\"54.8733992\",\"longitude\":\"23.9492982\"},\"telephone\":[\"+37068673611\"],\"openingHoursSpecification\":[{\"@type\":\"OpeningHoursSpecification\",\"dayOfWeek\":[\"Monday\",\"Tuesday\",\"Wednesday\",\"Thursday\",\"Friday\"],\"opens\":\"10:00\",\"closes\":\"17:00\"},{\"@type\":\"OpeningHoursSpecification\",\"dayOfWeek\":[\"Saturday\",\"Sunday\"],\"opens\":\"00:00\",\"closes\":\"00:00\"}],\"email\":\"info@hotsmoke.eu\",\"areaServed\":\"Lithuania\",\"vatID\":\"LT100013495416\",\"priceRange\":\"$$\",\"currenciesAccepted\":\"Euro\",\"paymentAccepted\":\"Visa, mastercard\"},{\"@type\":\"PostalAddress\",\"@id\":\"https:\/\/hotsmoke.eu\/shop\/heat-not-burn-devices\/hitaste-hi30\/#local-main-place-address\",\"streetAddress\":\"L.Ivinskio 18a, L.Ivinskio 18a\",\"addressLocality\":\"Kaunas\",\"postalCode\":\"45151\",\"addressRegion\":\"Lithuania\",\"addressCountry\":\"LT\"},{\"@type\":\"ImageObject\",\"inLanguage\":\"es\",\"@id\":\"https:\/\/hotsmoke.eu\/shop\/heat-not-burn-devices\/hitaste-hi30\/#local-main-organization-logo\",\"url\":\"https:\/\/hotsmoke.eu\/wp-content\/uploads\/2022\/12\/hs_black.svg\",\"contentUrl\":\"https:\/\/hotsmoke.eu\/wp-content\/uploads\/2022\/12\/hs_black.svg\",\"caption\":\"HotSmoke\"}]}<\/script>\n<meta name=\"geo.placename\" content=\"Kaunas\" \/>\n<meta name=\"geo.position\" content=\"54.8733992;23.9492982\" \/>\n<meta name=\"geo.region\" content=\"Lituania\" \/>\n<!-- \/ Yoast SEO Premium plugin. -->","yoast_head_json":{"title":"Hitaste HI30 - HotSmoke","description":"HiTaste - Sistema de calentamiento de cigarrillos HI30 - el cigarrillo de calor no quemado es el resultado de una combinaci\u00f3n de tecnolog\u00eda. 30 ciclos completos de cigarrillos HEETS.","robots":{"index":"index","follow":"follow","max-snippet":"max-snippet:-1","max-image-preview":"max-image-preview:large","max-video-preview":"max-video-preview:-1"},"canonical":"https:\/\/hotsmoke.eu\/es\/shop\/calentar-no-quemar-dispositivos\/hi30\/","og_locale":"es_ES","og_type":"article","og_title":"Hitaste HI30","og_description":"HiTaste - HI30 Heating cigarette system - heat not burn cigarette is the result of a combination of technology. 30 complete cycles of HEETS cigarettes.","og_url":"https:\/\/hotsmoke.eu\/es\/shop\/calentar-no-quemar-dispositivos\/hi30\/","og_site_name":"HotSmoke","article_publisher":"https:\/\/www.facebook.com\/hotsmoke.eu","article_modified_time":"2026-04-27T20:38:45+00:00","og_image":[{"width":1000,"height":1000,"url":"https:\/\/hotsmoke.eu\/wp-content\/uploads\/2023\/04\/Hitaste-hi30-hotmoke.eu_.webp","type":"image\/webp"}],"twitter_card":"summary_large_image","twitter_site":"@HotSmokeoffici1","twitter_misc":{"Availability":"In stock"},"schema":{"@context":"https:\/\/schema.org","@graph":[{"@type":["WebPage","ItemPage"],"@id":"https:\/\/hotsmoke.eu\/shop\/heat-not-burn-devices\/hitaste-hi30\/","url":"https:\/\/hotsmoke.eu\/shop\/heat-not-burn-devices\/hitaste-hi30\/","name":"Hitaste HI30 - HotSmoke","isPartOf":{"@id":"https:\/\/hotsmoke.eu\/#website"},"datePublished":"2023-04-19T07:43:37+00:00","dateModified":"2026-04-27T20:38:45+00:00","description":"HiTaste - Sistema de calentamiento de cigarrillos HI30 - el cigarrillo de calor no quemado es el resultado de una combinaci\u00f3n de tecnolog\u00eda. 30 ciclos completos de cigarrillos HEETS.","breadcrumb":{"@id":"https:\/\/hotsmoke.eu\/shop\/heat-not-burn-devices\/hitaste-hi30\/#breadcrumb"},"inLanguage":"es","potentialAction":[{"@type":"ReadAction","target":["https:\/\/hotsmoke.eu\/shop\/heat-not-burn-devices\/hitaste-hi30\/"]}]},{"@type":"BreadcrumbList","@id":"https:\/\/hotsmoke.eu\/shop\/heat-not-burn-devices\/hitaste-hi30\/#breadcrumb","itemListElement":[{"@type":"ListItem","position":1,"name":"Home","item":"https:\/\/hotsmoke.eu\/"},{"@type":"ListItem","position":2,"name":"HeatSticks And Heat Not Burn Store","item":"https:\/\/hotsmoke.eu\/shop\/"},{"@type":"ListItem","position":3,"name":"Hitaste HI30"}]},{"@type":"WebSite","@id":"https:\/\/hotsmoke.eu\/#website","url":"https:\/\/hotsmoke.eu\/","name":"Humo caliente","description":"Tienda de dispositivos de tabaco calentado Heat Not Burn | HotSmoke","publisher":{"@id":"https:\/\/hotsmoke.eu\/#organization"},"alternateName":"hotsmoke","potentialAction":[{"@type":"SearchAction","target":{"@type":"EntryPoint","urlTemplate":"https:\/\/hotsmoke.eu\/?s={search_term_string}"},"query-input":"required name=search_term_string"}],"inLanguage":"es"},{"@type":["Organization","Place","Store"],"@id":"https:\/\/hotsmoke.eu\/#organization","name":"Humo caliente","alternateName":"Hot Smoke","url":"https:\/\/hotsmoke.eu\/","logo":{"@id":"https:\/\/hotsmoke.eu\/shop\/heat-not-burn-devices\/hitaste-hi30\/#local-main-organization-logo"},"image":{"@id":"https:\/\/hotsmoke.eu\/shop\/heat-not-burn-devices\/hitaste-hi30\/#local-main-organization-logo"},"sameAs":["https:\/\/www.facebook.com\/hotsmoke.eu","https:\/\/twitter.com\/HotSmokeoffici1"],"publishingPrinciples":"https:\/\/hotsmoke.eu\/heat-not-burn-electronic-cigarettes\/","ownershipFundingInfo":"https:\/\/hotsmoke.eu\/terms-conditions\/","actionableFeedbackPolicy":"https:\/\/hotsmoke.eu\/privacy-policy\/","correctionsPolicy":"https:\/\/hotsmoke.eu\/privacy-policy\/","ethicsPolicy":"https:\/\/hotsmoke.eu\/privacy-policy\/","diversityPolicy":"https:\/\/hotsmoke.eu\/privacy-policy\/","diversityStaffingReport":"https:\/\/hotsmoke.eu\/shipping-warranty\/","address":{"@id":"https:\/\/hotsmoke.eu\/shop\/heat-not-burn-devices\/hitaste-hi30\/#local-main-place-address"},"geo":{"@type":"GeoCoordinates","latitude":"54.8733992","longitude":"23.9492982"},"telephone":["+37068673611"],"openingHoursSpecification":[{"@type":"OpeningHoursSpecification","dayOfWeek":["Monday","Tuesday","Wednesday","Thursday","Friday"],"opens":"10:00","closes":"17:00"},{"@type":"OpeningHoursSpecification","dayOfWeek":["Saturday","Sunday"],"opens":"00:00","closes":"00:00"}],"email":"info@hotsmoke.eu","areaServed":"Lithuania","vatID":"LT100013495416","priceRange":"$$","currenciesAccepted":"Euro","paymentAccepted":"Visa, mastercard"},{"@type":"PostalAddress","@id":"https:\/\/hotsmoke.eu\/shop\/heat-not-burn-devices\/hitaste-hi30\/#local-main-place-address","streetAddress":"L.Ivinskio 18a, L.Ivinskio 18a","addressLocality":"Kaunas","postalCode":"45151","addressRegion":"Lithuania","addressCountry":"LT"},{"@type":"ImageObject","inLanguage":"es","@id":"https:\/\/hotsmoke.eu\/shop\/heat-not-burn-devices\/hitaste-hi30\/#local-main-organization-logo","url":"https:\/\/hotsmoke.eu\/wp-content\/uploads\/2022\/12\/hs_black.svg","contentUrl":"https:\/\/hotsmoke.eu\/wp-content\/uploads\/2022\/12\/hs_black.svg","caption":"HotSmoke"}]},"geo.placename":"Kaunas","geo.position":{"lat":"54.8733992","long":"23.9492982"},"geo.region":"Lituania"},"_links":{"self":[{"href":"https:\/\/hotsmoke.eu\/es\/wp-json\/wp\/v2\/product\/12781","targetHints":{"allow":["GET"]}}],"collection":[{"href":"https:\/\/hotsmoke.eu\/es\/wp-json\/wp\/v2\/product"}],"about":[{"href":"https:\/\/hotsmoke.eu\/es\/wp-json\/wp\/v2\/types\/product"}],"replies":[{"embeddable":true,"href":"https:\/\/hotsmoke.eu\/es\/wp-json\/wp\/v2\/comments?post=12781"}],"wp:featuredmedia":[{"embeddable":true,"href":"https:\/\/hotsmoke.eu\/es\/wp-json\/wp\/v2\/media\/12784"}],"wp:attachment":[{"href":"https:\/\/hotsmoke.eu\/es\/wp-json\/wp\/v2\/media?parent=12781"}],"wp:term":[{"taxonomy":"product_cat","embeddable":true,"href":"https:\/\/hotsmoke.eu\/es\/wp-json\/wp\/v2\/product_cat?post=12781"},{"taxonomy":"product_tag","embeddable":true,"href":"https:\/\/hotsmoke.eu\/es\/wp-json\/wp\/v2\/product_tag?post=12781"}],"curies":[{"name":"wp","href":"https:\/\/api.w.org\/{rel}","templated":true}]}}