{"id":623,"date":"2021-06-02T19:21:52","date_gmt":"2021-06-02T19:21:52","guid":{"rendered":"https:\/\/hotsmoke.eu\/?page_id=623"},"modified":"2026-04-27T14:20:01","modified_gmt":"2026-04-27T14:20:01","slug":"cigarrillos-ccobato-heatsticks","status":"publish","type":"page","link":"https:\/\/hotsmoke.eu\/es\/ccobato-cigarettes-heatsticks\/","title":{"rendered":"CCOBATO &amp; UNICCO: Bastones de hierbas premium sin tabaco"},"content":{"rendered":"<p>Establecida en abril de 2019, <strong>Ccobato (Shenzhen) Technology Ltd<\/strong> se ha convertido r\u00e1pidamente en un pionero en la industria del calor no quema. Impulsada por la filosof\u00eda de \u201cmentalidad saludable, productos saludables, vida saludable\u201d, la empresa se dedica a ofrecer alternativas innovadoras y de alta calidad para los consumidores modernos que buscan un ritual de fumar m\u00e1s limpio.<\/p>\n\n\n\n<p><strong>CCOBATO: Lo opuesto al tabaco<\/strong> CCOBATO es nuestra marca insignia de <strong>bastoncillos herbales sin nicotina<\/strong>. Fiel a su nombre \u2013una inversi\u00f3n creativa de \u201cTobacco\u201d\u2013 la marca representa un compromiso total con un estilo de vida libre de tabaco y nicotina. Estos bastoncillos est\u00e1n dise\u00f1ados para ayudar a los fumadores habituales a transitar hacia una experiencia m\u00e1s limpia, sin metales pesados \u200b\u200bnocivos ni humos t\u00f3xicos.<\/p>\n\n\n\n<p>En febrero de 2020, CCOBATO Electronic Herbal pas\u00f3 con \u00e9xito rigurosos <strong>Pruebas de JFRL<\/strong> (Centro de Investigaci\u00f3n y An\u00e1lisis de Alimentos de Jap\u00f3n) y <strong>Pruebas de seguridad de la TCT<\/strong>, certificando que los productos est\u00e1n libres de nicotina, tabaco y subproductos nocivos de la combusti\u00f3n.<\/p>\n\n\n\n<p><strong>UNICCO: La Elecci\u00f3n Herbal con Nicotina de Sal<\/strong> Para aquellos que desean la pureza de las hierbas pero a\u00fan requieren la satisfacci\u00f3n de la nicotina, ofrecemos <strong>UNICCO<\/strong>:<\/p>\n\n\n\n<ul class=\"wp-block-list\">\n<li><strong>Innovaci\u00f3n Herbal:<\/strong> UNICCO sticks are made from organic herbal blends, 100% free of tobacco.<\/li>\n\n\n\n<li><strong>Infusi\u00f3n de Sales de Nicotina:<\/strong> Estos bastoncillos contienen sales de nicotina de alta calidad para ofrecer una experiencia familiar y satisfactoria.<\/li>\n\n\n\n<li><strong>Calidad Premium<\/strong> Al igual que CCOBATO, UNICCO se centra en la seguridad y un sabor refinado y suave.<\/li>\n<\/ul>\n\n\n\n<p><strong>Compatibilidad Universal<\/strong> Tanto los calentadores CCOBATO como los UNICCO est\u00e1n dise\u00f1ados para un m\u00e1ximo rendimiento y son <strong>completamente compatible<\/strong> con todos los dispositivos de tabaco calentado l\u00edderes, incluyendo:<\/p>\n\n\n\n<ul class=\"wp-block-list\">\n<li><strong>IQOS, HITASTE, ISMOD, NEAFS<\/strong> y otros sistemas HNB modernos.<\/li>\n<\/ul>","protected":false},"excerpt":{"rendered":"<p>Established in April 2019, Ccobato (Shenzhen) Technology Ltd has quickly become a pioneer in the heat-not-burn industry. Driven by a [&hellip;]<\/p>\n","protected":false},"author":17,"featured_media":0,"parent":0,"menu_order":0,"comment_status":"closed","ping_status":"closed","template":"","meta":{"inline_featured_image":false,"footnotes":""},"class_list":["post-623","page","type-page","status-publish","hentry"],"acf":[],"yoast_head":"<!-- This site is optimized with the Yoast SEO Premium plugin v20.11 (Yoast SEO v20.11) - https:\/\/yoast.com\/wordpress\/plugins\/seo\/ -->\n<title>CCOBATO &amp; UNICCO | Premium Nicotine-Free Herbal Heatsticks<\/title>\n<meta name=\"description\" content=\"Discover CCOBATO and UNICCO herbal heatsticks. 100% tobacco-free, lab-tested, and compatible with IQOS &amp; HITASTE. Shop the alternatives now.\" \/>\n<meta name=\"robots\" content=\"index, follow, max-snippet:-1, max-image-preview:large, max-video-preview:-1\" \/>\n<link rel=\"canonical\" href=\"https:\/\/hotsmoke.eu\/es\/cigarrillos-ccobato-heatsticks\/\" \/>\n<meta property=\"og:locale\" content=\"es_ES\" \/>\n<meta property=\"og:type\" content=\"article\" \/>\n<meta property=\"og:title\" content=\"CCOBATO &amp; UNICCO: Premium Tobacco-Free Herbal Heatsticks\" \/>\n<meta property=\"og:description\" content=\"Established in April 2019, Ccobato (Shenzhen) Technology Ltd has quickly become a pioneer in the heat-not-burn industry. Driven by a philosophy of\" \/>\n<meta property=\"og:url\" content=\"https:\/\/hotsmoke.eu\/es\/cigarrillos-ccobato-heatsticks\/\" \/>\n<meta property=\"og:site_name\" content=\"HotSmoke\" \/>\n<meta property=\"article:publisher\" content=\"https:\/\/www.facebook.com\/hotsmoke.eu\" \/>\n<meta property=\"article:modified_time\" content=\"2026-04-27T14:20:01+00:00\" \/>\n<meta property=\"og:image\" content=\"https:\/\/hotsmoke.eu\/wp-content\/uploads\/2024\/04\/heatsticks-hotsmoke.eu_.webp\" \/>\n\t<meta property=\"og:image:width\" content=\"350\" \/>\n\t<meta property=\"og:image:height\" content=\"350\" \/>\n\t<meta property=\"og:image:type\" content=\"image\/webp\" \/>\n<meta name=\"twitter:card\" content=\"summary_large_image\" \/>\n<meta name=\"twitter:site\" content=\"@HotSmokeoffici1\" \/>\n<meta name=\"twitter:label1\" content=\"Tiempo de lectura\" \/>\n\t<meta name=\"twitter:data1\" content=\"2 minutos\" \/>\n<script type=\"application\/ld+json\" class=\"yoast-schema-graph\">{\"@context\":\"https:\/\/schema.org\",\"@graph\":[{\"@type\":\"WebPage\",\"@id\":\"https:\/\/hotsmoke.eu\/ccobato-cigarettes-heatsticks\/\",\"url\":\"https:\/\/hotsmoke.eu\/ccobato-cigarettes-heatsticks\/\",\"name\":\"CCOBATO & UNICCO | Premium Nicotine-Free Herbal Heatsticks\",\"isPartOf\":{\"@id\":\"https:\/\/hotsmoke.eu\/#website\"},\"datePublished\":\"2021-06-02T19:21:52+00:00\",\"dateModified\":\"2026-04-27T14:20:01+00:00\",\"description\":\"Discover CCOBATO and UNICCO herbal heatsticks. 100% tobacco-free, lab-tested, and compatible with IQOS & HITASTE. Shop the alternatives now.\",\"breadcrumb\":{\"@id\":\"https:\/\/hotsmoke.eu\/ccobato-cigarettes-heatsticks\/#breadcrumb\"},\"inLanguage\":\"es\",\"potentialAction\":[{\"@type\":\"ReadAction\",\"target\":[\"https:\/\/hotsmoke.eu\/ccobato-cigarettes-heatsticks\/\"]}]},{\"@type\":\"BreadcrumbList\",\"@id\":\"https:\/\/hotsmoke.eu\/ccobato-cigarettes-heatsticks\/#breadcrumb\",\"itemListElement\":[{\"@type\":\"ListItem\",\"position\":1,\"name\":\"Home\",\"item\":\"https:\/\/hotsmoke.eu\/\"},{\"@type\":\"ListItem\",\"position\":2,\"name\":\"CCOBATO &amp; UNICCO: Premium Tobacco-Free Herbal Heatsticks\"}]},{\"@type\":\"WebSite\",\"@id\":\"https:\/\/hotsmoke.eu\/#website\",\"url\":\"https:\/\/hotsmoke.eu\/\",\"name\":\"HotSmoke\",\"description\":\"Heat Not Burn Heating Cigarettes Devices Shop | HotSmoke\",\"publisher\":{\"@id\":\"https:\/\/hotsmoke.eu\/#organization\"},\"alternateName\":\"hotsmoke\",\"potentialAction\":[{\"@type\":\"SearchAction\",\"target\":{\"@type\":\"EntryPoint\",\"urlTemplate\":\"https:\/\/hotsmoke.eu\/?s={search_term_string}\"},\"query-input\":\"required name=search_term_string\"}],\"inLanguage\":\"es\"},{\"@type\":[\"Organization\",\"Place\",\"Store\"],\"@id\":\"https:\/\/hotsmoke.eu\/#organization\",\"name\":\"HotSmoke\",\"alternateName\":\"Hot Smoke\",\"url\":\"https:\/\/hotsmoke.eu\/\",\"logo\":{\"@id\":\"https:\/\/hotsmoke.eu\/ccobato-cigarettes-heatsticks\/#local-main-organization-logo\"},\"image\":{\"@id\":\"https:\/\/hotsmoke.eu\/ccobato-cigarettes-heatsticks\/#local-main-organization-logo\"},\"sameAs\":[\"https:\/\/www.facebook.com\/hotsmoke.eu\",\"https:\/\/twitter.com\/HotSmokeoffici1\"],\"publishingPrinciples\":\"https:\/\/hotsmoke.eu\/heat-not-burn-electronic-cigarettes\/\",\"ownershipFundingInfo\":\"https:\/\/hotsmoke.eu\/terms-conditions\/\",\"actionableFeedbackPolicy\":\"https:\/\/hotsmoke.eu\/privacy-policy\/\",\"correctionsPolicy\":\"https:\/\/hotsmoke.eu\/privacy-policy\/\",\"ethicsPolicy\":\"https:\/\/hotsmoke.eu\/privacy-policy\/\",\"diversityPolicy\":\"https:\/\/hotsmoke.eu\/privacy-policy\/\",\"diversityStaffingReport\":\"https:\/\/hotsmoke.eu\/shipping-warranty\/\",\"address\":{\"@id\":\"https:\/\/hotsmoke.eu\/ccobato-cigarettes-heatsticks\/#local-main-place-address\"},\"geo\":{\"@type\":\"GeoCoordinates\",\"latitude\":\"54.8733992\",\"longitude\":\"23.9492982\"},\"telephone\":[\"+37068673611\"],\"openingHoursSpecification\":[{\"@type\":\"OpeningHoursSpecification\",\"dayOfWeek\":[\"Monday\",\"Tuesday\",\"Wednesday\",\"Thursday\",\"Friday\"],\"opens\":\"10:00\",\"closes\":\"17:00\"},{\"@type\":\"OpeningHoursSpecification\",\"dayOfWeek\":[\"Saturday\",\"Sunday\"],\"opens\":\"00:00\",\"closes\":\"00:00\"}],\"email\":\"info@hotsmoke.eu\",\"areaServed\":\"Lithuania\",\"vatID\":\"LT100013495416\",\"priceRange\":\"$$\",\"currenciesAccepted\":\"Euro\",\"paymentAccepted\":\"Visa, mastercard\"},{\"@type\":\"PostalAddress\",\"@id\":\"https:\/\/hotsmoke.eu\/ccobato-cigarettes-heatsticks\/#local-main-place-address\",\"streetAddress\":\"L.Ivinskio 18a, L.Ivinskio 18a\",\"addressLocality\":\"Kaunas\",\"postalCode\":\"45151\",\"addressRegion\":\"Lithuania\",\"addressCountry\":\"LT\"},{\"@type\":\"ImageObject\",\"inLanguage\":\"es\",\"@id\":\"https:\/\/hotsmoke.eu\/ccobato-cigarettes-heatsticks\/#local-main-organization-logo\",\"url\":\"https:\/\/hotsmoke.eu\/wp-content\/uploads\/2022\/12\/hs_black.svg\",\"contentUrl\":\"https:\/\/hotsmoke.eu\/wp-content\/uploads\/2022\/12\/hs_black.svg\",\"caption\":\"HotSmoke\"}]}<\/script>\n<meta name=\"geo.placename\" content=\"Kaunas\" \/>\n<meta name=\"geo.position\" content=\"54.8733992;23.9492982\" \/>\n<meta name=\"geo.region\" content=\"Lituania\" \/>\n<!-- \/ Yoast SEO Premium plugin. -->","yoast_head_json":{"title":"CCOBATO &amp; UNICCO | Heatsticks Herbales Premium Sin Nicotina","description":"Descubre los bastoncillos de calor herbales CCOBATO y UNICCO. 100% sin tabaco, probados en laboratorio y compatibles con IQOS y HITASTE. Compra las alternativas ahora.","robots":{"index":"index","follow":"follow","max-snippet":"max-snippet:-1","max-image-preview":"max-image-preview:large","max-video-preview":"max-video-preview:-1"},"canonical":"https:\/\/hotsmoke.eu\/es\/cigarrillos-ccobato-heatsticks\/","og_locale":"es_ES","og_type":"article","og_title":"CCOBATO &amp; UNICCO: Premium Tobacco-Free Herbal Heatsticks","og_description":"Established in April 2019, Ccobato (Shenzhen) Technology Ltd has quickly become a pioneer in the heat-not-burn industry. Driven by a philosophy of","og_url":"https:\/\/hotsmoke.eu\/es\/cigarrillos-ccobato-heatsticks\/","og_site_name":"HotSmoke","article_publisher":"https:\/\/www.facebook.com\/hotsmoke.eu","article_modified_time":"2026-04-27T14:20:01+00:00","og_image":[{"width":350,"height":350,"url":"https:\/\/hotsmoke.eu\/wp-content\/uploads\/2024\/04\/heatsticks-hotsmoke.eu_.webp","type":"image\/webp"}],"twitter_card":"summary_large_image","twitter_site":"@HotSmokeoffici1","twitter_misc":{"Tiempo de lectura":"2 minutos"},"schema":{"@context":"https:\/\/schema.org","@graph":[{"@type":"WebPage","@id":"https:\/\/hotsmoke.eu\/ccobato-cigarettes-heatsticks\/","url":"https:\/\/hotsmoke.eu\/ccobato-cigarettes-heatsticks\/","name":"CCOBATO &amp; UNICCO | Heatsticks Herbales Premium Sin Nicotina","isPartOf":{"@id":"https:\/\/hotsmoke.eu\/#website"},"datePublished":"2021-06-02T19:21:52+00:00","dateModified":"2026-04-27T14:20:01+00:00","description":"Descubre los bastoncillos de calor herbales CCOBATO y UNICCO. 100% sin tabaco, probados en laboratorio y compatibles con IQOS y HITASTE. Compra las alternativas ahora.","breadcrumb":{"@id":"https:\/\/hotsmoke.eu\/ccobato-cigarettes-heatsticks\/#breadcrumb"},"inLanguage":"es","potentialAction":[{"@type":"ReadAction","target":["https:\/\/hotsmoke.eu\/ccobato-cigarettes-heatsticks\/"]}]},{"@type":"BreadcrumbList","@id":"https:\/\/hotsmoke.eu\/ccobato-cigarettes-heatsticks\/#breadcrumb","itemListElement":[{"@type":"ListItem","position":1,"name":"Home","item":"https:\/\/hotsmoke.eu\/"},{"@type":"ListItem","position":2,"name":"CCOBATO &amp; UNICCO: Premium Tobacco-Free Herbal Heatsticks"}]},{"@type":"WebSite","@id":"https:\/\/hotsmoke.eu\/#website","url":"https:\/\/hotsmoke.eu\/","name":"Humo caliente","description":"Tienda de dispositivos de tabaco calentado Heat Not Burn | HotSmoke","publisher":{"@id":"https:\/\/hotsmoke.eu\/#organization"},"alternateName":"hotsmoke","potentialAction":[{"@type":"SearchAction","target":{"@type":"EntryPoint","urlTemplate":"https:\/\/hotsmoke.eu\/?s={search_term_string}"},"query-input":"required name=search_term_string"}],"inLanguage":"es"},{"@type":["Organization","Place","Store"],"@id":"https:\/\/hotsmoke.eu\/#organization","name":"Humo caliente","alternateName":"Hot Smoke","url":"https:\/\/hotsmoke.eu\/","logo":{"@id":"https:\/\/hotsmoke.eu\/ccobato-cigarettes-heatsticks\/#local-main-organization-logo"},"image":{"@id":"https:\/\/hotsmoke.eu\/ccobato-cigarettes-heatsticks\/#local-main-organization-logo"},"sameAs":["https:\/\/www.facebook.com\/hotsmoke.eu","https:\/\/twitter.com\/HotSmokeoffici1"],"publishingPrinciples":"https:\/\/hotsmoke.eu\/heat-not-burn-electronic-cigarettes\/","ownershipFundingInfo":"https:\/\/hotsmoke.eu\/terms-conditions\/","actionableFeedbackPolicy":"https:\/\/hotsmoke.eu\/privacy-policy\/","correctionsPolicy":"https:\/\/hotsmoke.eu\/privacy-policy\/","ethicsPolicy":"https:\/\/hotsmoke.eu\/privacy-policy\/","diversityPolicy":"https:\/\/hotsmoke.eu\/privacy-policy\/","diversityStaffingReport":"https:\/\/hotsmoke.eu\/shipping-warranty\/","address":{"@id":"https:\/\/hotsmoke.eu\/ccobato-cigarettes-heatsticks\/#local-main-place-address"},"geo":{"@type":"GeoCoordinates","latitude":"54.8733992","longitude":"23.9492982"},"telephone":["+37068673611"],"openingHoursSpecification":[{"@type":"OpeningHoursSpecification","dayOfWeek":["Monday","Tuesday","Wednesday","Thursday","Friday"],"opens":"10:00","closes":"17:00"},{"@type":"OpeningHoursSpecification","dayOfWeek":["Saturday","Sunday"],"opens":"00:00","closes":"00:00"}],"email":"info@hotsmoke.eu","areaServed":"Lithuania","vatID":"LT100013495416","priceRange":"$$","currenciesAccepted":"Euro","paymentAccepted":"Visa, mastercard"},{"@type":"PostalAddress","@id":"https:\/\/hotsmoke.eu\/ccobato-cigarettes-heatsticks\/#local-main-place-address","streetAddress":"L.Ivinskio 18a, L.Ivinskio 18a","addressLocality":"Kaunas","postalCode":"45151","addressRegion":"Lithuania","addressCountry":"LT"},{"@type":"ImageObject","inLanguage":"es","@id":"https:\/\/hotsmoke.eu\/ccobato-cigarettes-heatsticks\/#local-main-organization-logo","url":"https:\/\/hotsmoke.eu\/wp-content\/uploads\/2022\/12\/hs_black.svg","contentUrl":"https:\/\/hotsmoke.eu\/wp-content\/uploads\/2022\/12\/hs_black.svg","caption":"HotSmoke"}]},"geo.placename":"Kaunas","geo.position":{"lat":"54.8733992","long":"23.9492982"},"geo.region":"Lituania"},"_links":{"self":[{"href":"https:\/\/hotsmoke.eu\/es\/wp-json\/wp\/v2\/pages\/623","targetHints":{"allow":["GET"]}}],"collection":[{"href":"https:\/\/hotsmoke.eu\/es\/wp-json\/wp\/v2\/pages"}],"about":[{"href":"https:\/\/hotsmoke.eu\/es\/wp-json\/wp\/v2\/types\/page"}],"author":[{"embeddable":true,"href":"https:\/\/hotsmoke.eu\/es\/wp-json\/wp\/v2\/users\/17"}],"replies":[{"embeddable":true,"href":"https:\/\/hotsmoke.eu\/es\/wp-json\/wp\/v2\/comments?post=623"}],"version-history":[{"count":1,"href":"https:\/\/hotsmoke.eu\/es\/wp-json\/wp\/v2\/pages\/623\/revisions"}],"predecessor-version":[{"id":28435,"href":"https:\/\/hotsmoke.eu\/es\/wp-json\/wp\/v2\/pages\/623\/revisions\/28435"}],"wp:attachment":[{"href":"https:\/\/hotsmoke.eu\/es\/wp-json\/wp\/v2\/media?parent=623"}],"curies":[{"name":"wp","href":"https:\/\/api.w.org\/{rel}","templated":true}]}}