{"id":11322,"date":"2021-08-13T08:16:12","date_gmt":"2021-08-13T08:16:12","guid":{"rendered":"https:\/\/hotsmoke.eu\/?page_id=11322"},"modified":"2026-04-27T14:23:47","modified_gmt":"2026-04-27T14:23:47","slug":"palitos-de-calentamiento-neafs","status":"publish","type":"page","link":"https:\/\/hotsmoke.eu\/es\/neafs-heatsticks\/","title":{"rendered":"NEAFS Heatsticks: Alternativas Herbales Premium Sin Tabaco"},"content":{"rendered":"<p>Desde 2015, <strong>NEAFS<\/strong> ha sido un l\u00edder mundial en la provisi\u00f3n de experiencias de sabor de alta calidad para aquellos que buscan una alternativa moderna al tabaco tradicional. Al combinar tecnolog\u00eda innovadora con la naturaleza, NEAFS ha creado un producto que imita perfectamente el ritual de fumar al tiempo que elimina los efectos nocivos de la combusti\u00f3n del tabaco.<\/p>\n\n\n\n<p><strong>El secreto detr\u00e1s del sabor: hojas de t\u00e9 y hierbas naturales<\/strong> A trav\u00e9s de una I+D constante y la excelencia en laboratorio, NEAFS ha desarrollado una mezcla \u00fanica de <strong>hierbas naturales y hojas de t\u00e9<\/strong>. Esta base de origen vegetal proporciona un perfil de sabor inolvidable que iguala la satisfacci\u00f3n de las marcas a base de tabaco, pero ofrece una experiencia significativamente m\u00e1s limpia.<\/p>\n\n\n\n<ul class=\"wp-block-list\">\n<li><strong>Amplia variedad de sabores<\/strong> Explora todo, desde el cl\u00e1sico <strong>Tabaco de Virginia<\/strong> y refrescante <strong>Menta<\/strong> a vibrante <strong>Mojito y fresa<\/strong> notas.<\/li>\n\n\n\n<li><strong>Seguridad Primero<\/strong> Nuestro compromiso con la investigaci\u00f3n asegura que disfrutes de un rico aerosol sin el alquitr\u00e1n, las cenizas ni los olores desagradables asociados a la quema de tabaco.<\/li>\n<\/ul>\n\n\n\n<p><strong>Una Transici\u00f3n M\u00e1s Inteligente<\/strong> Los productos NEAFS est\u00e1n dise\u00f1ados para aquellos que valoran su bienestar pero no est\u00e1n dispuestos a renunciar a la satisfacci\u00f3n. Al eliminar completamente el tabaco, NEAFS reduce significativamente la exposici\u00f3n a qu\u00edmicos da\u00f1inos, ofreciendo una sofisticada <strong>transici\u00f3n libre de tabaco<\/strong> para el usuario moderno.<\/p>\n\n\n\n<p><strong>Compatibilidad Universal y Flexibilidad<\/strong> Ya sea que prefieras una experiencia herbal pura o una dosis familiar de nicotina, NEAFS te cubre:<\/p>\n\n\n\n<ul class=\"wp-block-list\">\n<li><strong>Opciones de Sales de Nicotina:<\/strong> Para una calada de garganta suave y satisfactoria (nicotina de 1,5%).<\/li>\n\n\n\n<li><strong>Gama sin nicotina:<\/strong> 100% herbales y sin nicotina para una experiencia de sabor pura.<\/li>\n\n\n\n<li><strong>Compatibilidad del dispositivo:<\/strong> Los palitos NEAFS est\u00e1n dise\u00f1ados para funcionar a la perfecci\u00f3n con todos los principales <strong>dispositivos de calentamiento de tabaco<\/strong>, incluyendo <strong>IQOS, HITASTE, ISMOD, NEAFS y otros dispositivos de calentamiento sin combusti\u00f3n<\/strong>.<\/li>\n<\/ul>\n\n\n\n<p><strong>Compre NEAFS en la tienda HotSmoke<\/strong> \u2013 su fuente de confianza para heatsticks herbales premium en Europa. \u00a1Experimente el futuro de las alternativas al tabaco hoy mismo!<\/p>","protected":false},"excerpt":{"rendered":"<p>Since 2015, NEAFS has been a global leader in providing high-quality taste experiences for those seeking a modern alternative to [&hellip;]<\/p>\n","protected":false},"author":17,"featured_media":0,"parent":0,"menu_order":0,"comment_status":"closed","ping_status":"closed","template":"","meta":{"inline_featured_image":false,"footnotes":""},"class_list":["post-11322","page","type-page","status-publish","hentry"],"acf":[],"yoast_head":"<!-- This site is optimized with the Yoast SEO Premium plugin v20.11 (Yoast SEO v20.11) - https:\/\/yoast.com\/wordpress\/plugins\/seo\/ -->\n<title>NEAFS Heatsticks | Premium Tobacco-Free Herbal Sticks<\/title>\n<meta name=\"description\" content=\"Discover NEAFS heatsticks \u2013 the ultimate tobacco-free alternative. Made from tea leaves &amp; natural herbs. Compatible with IQOS &amp; HiTaste.\" \/>\n<meta name=\"robots\" content=\"index, follow, max-snippet:-1, max-image-preview:large, max-video-preview:-1\" \/>\n<link rel=\"canonical\" href=\"https:\/\/hotsmoke.eu\/es\/palitos-de-calentamiento-neafs\/\" \/>\n<meta property=\"og:locale\" content=\"es_ES\" \/>\n<meta property=\"og:type\" content=\"article\" \/>\n<meta property=\"og:title\" content=\"NEAFS Heatsticks: Premium Tobacco-Free Herbal Alternatives\" \/>\n<meta property=\"og:description\" content=\"Since 2015, NEAFS has been a global leader in providing high-quality taste experiences for those seeking a modern alternative to traditional tobacco. By\" \/>\n<meta property=\"og:url\" content=\"https:\/\/hotsmoke.eu\/es\/palitos-de-calentamiento-neafs\/\" \/>\n<meta property=\"og:site_name\" content=\"HotSmoke\" \/>\n<meta property=\"article:publisher\" content=\"https:\/\/www.facebook.com\/hotsmoke.eu\" \/>\n<meta property=\"article:modified_time\" content=\"2026-04-27T14:23:47+00:00\" \/>\n<meta property=\"og:image\" content=\"https:\/\/hotsmoke.eu\/wp-content\/uploads\/2024\/04\/heatsticks-hotsmoke.eu_.webp\" \/>\n\t<meta property=\"og:image:width\" content=\"350\" \/>\n\t<meta property=\"og:image:height\" content=\"350\" \/>\n\t<meta property=\"og:image:type\" content=\"image\/webp\" \/>\n<meta name=\"twitter:card\" content=\"summary_large_image\" \/>\n<meta name=\"twitter:site\" content=\"@HotSmokeoffici1\" \/>\n<meta name=\"twitter:label1\" content=\"Tiempo de lectura\" \/>\n\t<meta name=\"twitter:data1\" content=\"2 minutos\" \/>\n<script type=\"application\/ld+json\" class=\"yoast-schema-graph\">{\"@context\":\"https:\/\/schema.org\",\"@graph\":[{\"@type\":\"WebPage\",\"@id\":\"https:\/\/hotsmoke.eu\/neafs-heatsticks\/\",\"url\":\"https:\/\/hotsmoke.eu\/neafs-heatsticks\/\",\"name\":\"NEAFS Heatsticks | Premium Tobacco-Free Herbal Sticks\",\"isPartOf\":{\"@id\":\"https:\/\/hotsmoke.eu\/#website\"},\"datePublished\":\"2021-08-13T08:16:12+00:00\",\"dateModified\":\"2026-04-27T14:23:47+00:00\",\"description\":\"Discover NEAFS heatsticks \u2013 the ultimate tobacco-free alternative. Made from tea leaves & natural herbs. Compatible with IQOS & HiTaste.\",\"breadcrumb\":{\"@id\":\"https:\/\/hotsmoke.eu\/neafs-heatsticks\/#breadcrumb\"},\"inLanguage\":\"es\",\"potentialAction\":[{\"@type\":\"ReadAction\",\"target\":[\"https:\/\/hotsmoke.eu\/neafs-heatsticks\/\"]}]},{\"@type\":\"BreadcrumbList\",\"@id\":\"https:\/\/hotsmoke.eu\/neafs-heatsticks\/#breadcrumb\",\"itemListElement\":[{\"@type\":\"ListItem\",\"position\":1,\"name\":\"Home\",\"item\":\"https:\/\/hotsmoke.eu\/\"},{\"@type\":\"ListItem\",\"position\":2,\"name\":\"NEAFS Heatsticks: Premium Tobacco-Free Herbal Alternatives\"}]},{\"@type\":\"WebSite\",\"@id\":\"https:\/\/hotsmoke.eu\/#website\",\"url\":\"https:\/\/hotsmoke.eu\/\",\"name\":\"HotSmoke\",\"description\":\"Heat Not Burn Heating Cigarettes Devices Shop | HotSmoke\",\"publisher\":{\"@id\":\"https:\/\/hotsmoke.eu\/#organization\"},\"alternateName\":\"hotsmoke\",\"potentialAction\":[{\"@type\":\"SearchAction\",\"target\":{\"@type\":\"EntryPoint\",\"urlTemplate\":\"https:\/\/hotsmoke.eu\/?s={search_term_string}\"},\"query-input\":\"required name=search_term_string\"}],\"inLanguage\":\"es\"},{\"@type\":[\"Organization\",\"Place\",\"Store\"],\"@id\":\"https:\/\/hotsmoke.eu\/#organization\",\"name\":\"HotSmoke\",\"alternateName\":\"Hot Smoke\",\"url\":\"https:\/\/hotsmoke.eu\/\",\"logo\":{\"@id\":\"https:\/\/hotsmoke.eu\/neafs-heatsticks\/#local-main-organization-logo\"},\"image\":{\"@id\":\"https:\/\/hotsmoke.eu\/neafs-heatsticks\/#local-main-organization-logo\"},\"sameAs\":[\"https:\/\/www.facebook.com\/hotsmoke.eu\",\"https:\/\/twitter.com\/HotSmokeoffici1\"],\"publishingPrinciples\":\"https:\/\/hotsmoke.eu\/heat-not-burn-electronic-cigarettes\/\",\"ownershipFundingInfo\":\"https:\/\/hotsmoke.eu\/terms-conditions\/\",\"actionableFeedbackPolicy\":\"https:\/\/hotsmoke.eu\/privacy-policy\/\",\"correctionsPolicy\":\"https:\/\/hotsmoke.eu\/privacy-policy\/\",\"ethicsPolicy\":\"https:\/\/hotsmoke.eu\/privacy-policy\/\",\"diversityPolicy\":\"https:\/\/hotsmoke.eu\/privacy-policy\/\",\"diversityStaffingReport\":\"https:\/\/hotsmoke.eu\/shipping-warranty\/\",\"address\":{\"@id\":\"https:\/\/hotsmoke.eu\/neafs-heatsticks\/#local-main-place-address\"},\"geo\":{\"@type\":\"GeoCoordinates\",\"latitude\":\"54.8733992\",\"longitude\":\"23.9492982\"},\"telephone\":[\"+37068673611\"],\"openingHoursSpecification\":[{\"@type\":\"OpeningHoursSpecification\",\"dayOfWeek\":[\"Monday\",\"Tuesday\",\"Wednesday\",\"Thursday\",\"Friday\"],\"opens\":\"10:00\",\"closes\":\"17:00\"},{\"@type\":\"OpeningHoursSpecification\",\"dayOfWeek\":[\"Saturday\",\"Sunday\"],\"opens\":\"00:00\",\"closes\":\"00:00\"}],\"email\":\"info@hotsmoke.eu\",\"areaServed\":\"Lithuania\",\"vatID\":\"LT100013495416\",\"priceRange\":\"$$\",\"currenciesAccepted\":\"Euro\",\"paymentAccepted\":\"Visa, mastercard\"},{\"@type\":\"PostalAddress\",\"@id\":\"https:\/\/hotsmoke.eu\/neafs-heatsticks\/#local-main-place-address\",\"streetAddress\":\"L.Ivinskio 18a, L.Ivinskio 18a\",\"addressLocality\":\"Kaunas\",\"postalCode\":\"45151\",\"addressRegion\":\"Lithuania\",\"addressCountry\":\"LT\"},{\"@type\":\"ImageObject\",\"inLanguage\":\"es\",\"@id\":\"https:\/\/hotsmoke.eu\/neafs-heatsticks\/#local-main-organization-logo\",\"url\":\"https:\/\/hotsmoke.eu\/wp-content\/uploads\/2022\/12\/hs_black.svg\",\"contentUrl\":\"https:\/\/hotsmoke.eu\/wp-content\/uploads\/2022\/12\/hs_black.svg\",\"caption\":\"HotSmoke\"}]}<\/script>\n<meta name=\"geo.placename\" content=\"Kaunas\" \/>\n<meta name=\"geo.position\" content=\"54.8733992;23.9492982\" \/>\n<meta name=\"geo.region\" content=\"Lituania\" \/>\n<!-- \/ Yoast SEO Premium plugin. -->","yoast_head_json":{"title":"NEAFS Heatsticks | Bastoncillos Herbales Premium Sin Tabaco","description":"Descubre los heatsticks de NEAFS: la alternativa definitiva sin tabaco. Hechos de hojas de t\u00e9 y hierbas naturales. Compatibles con IQOS y HiTaste.","robots":{"index":"index","follow":"follow","max-snippet":"max-snippet:-1","max-image-preview":"max-image-preview:large","max-video-preview":"max-video-preview:-1"},"canonical":"https:\/\/hotsmoke.eu\/es\/palitos-de-calentamiento-neafs\/","og_locale":"es_ES","og_type":"article","og_title":"NEAFS Heatsticks: Premium Tobacco-Free Herbal Alternatives","og_description":"Since 2015, NEAFS has been a global leader in providing high-quality taste experiences for those seeking a modern alternative to traditional tobacco. By","og_url":"https:\/\/hotsmoke.eu\/es\/palitos-de-calentamiento-neafs\/","og_site_name":"HotSmoke","article_publisher":"https:\/\/www.facebook.com\/hotsmoke.eu","article_modified_time":"2026-04-27T14:23:47+00:00","og_image":[{"width":350,"height":350,"url":"https:\/\/hotsmoke.eu\/wp-content\/uploads\/2024\/04\/heatsticks-hotsmoke.eu_.webp","type":"image\/webp"}],"twitter_card":"summary_large_image","twitter_site":"@HotSmokeoffici1","twitter_misc":{"Tiempo de lectura":"2 minutos"},"schema":{"@context":"https:\/\/schema.org","@graph":[{"@type":"WebPage","@id":"https:\/\/hotsmoke.eu\/neafs-heatsticks\/","url":"https:\/\/hotsmoke.eu\/neafs-heatsticks\/","name":"NEAFS Heatsticks | Bastoncillos Herbales Premium Sin Tabaco","isPartOf":{"@id":"https:\/\/hotsmoke.eu\/#website"},"datePublished":"2021-08-13T08:16:12+00:00","dateModified":"2026-04-27T14:23:47+00:00","description":"Descubre los heatsticks de NEAFS: la alternativa definitiva sin tabaco. Hechos de hojas de t\u00e9 y hierbas naturales. Compatibles con IQOS y HiTaste.","breadcrumb":{"@id":"https:\/\/hotsmoke.eu\/neafs-heatsticks\/#breadcrumb"},"inLanguage":"es","potentialAction":[{"@type":"ReadAction","target":["https:\/\/hotsmoke.eu\/neafs-heatsticks\/"]}]},{"@type":"BreadcrumbList","@id":"https:\/\/hotsmoke.eu\/neafs-heatsticks\/#breadcrumb","itemListElement":[{"@type":"ListItem","position":1,"name":"Home","item":"https:\/\/hotsmoke.eu\/"},{"@type":"ListItem","position":2,"name":"NEAFS Heatsticks: Premium Tobacco-Free Herbal Alternatives"}]},{"@type":"WebSite","@id":"https:\/\/hotsmoke.eu\/#website","url":"https:\/\/hotsmoke.eu\/","name":"Humo caliente","description":"Tienda de dispositivos de tabaco calentado Heat Not Burn | HotSmoke","publisher":{"@id":"https:\/\/hotsmoke.eu\/#organization"},"alternateName":"hotsmoke","potentialAction":[{"@type":"SearchAction","target":{"@type":"EntryPoint","urlTemplate":"https:\/\/hotsmoke.eu\/?s={search_term_string}"},"query-input":"required name=search_term_string"}],"inLanguage":"es"},{"@type":["Organization","Place","Store"],"@id":"https:\/\/hotsmoke.eu\/#organization","name":"Humo caliente","alternateName":"Hot Smoke","url":"https:\/\/hotsmoke.eu\/","logo":{"@id":"https:\/\/hotsmoke.eu\/neafs-heatsticks\/#local-main-organization-logo"},"image":{"@id":"https:\/\/hotsmoke.eu\/neafs-heatsticks\/#local-main-organization-logo"},"sameAs":["https:\/\/www.facebook.com\/hotsmoke.eu","https:\/\/twitter.com\/HotSmokeoffici1"],"publishingPrinciples":"https:\/\/hotsmoke.eu\/heat-not-burn-electronic-cigarettes\/","ownershipFundingInfo":"https:\/\/hotsmoke.eu\/terms-conditions\/","actionableFeedbackPolicy":"https:\/\/hotsmoke.eu\/privacy-policy\/","correctionsPolicy":"https:\/\/hotsmoke.eu\/privacy-policy\/","ethicsPolicy":"https:\/\/hotsmoke.eu\/privacy-policy\/","diversityPolicy":"https:\/\/hotsmoke.eu\/privacy-policy\/","diversityStaffingReport":"https:\/\/hotsmoke.eu\/shipping-warranty\/","address":{"@id":"https:\/\/hotsmoke.eu\/neafs-heatsticks\/#local-main-place-address"},"geo":{"@type":"GeoCoordinates","latitude":"54.8733992","longitude":"23.9492982"},"telephone":["+37068673611"],"openingHoursSpecification":[{"@type":"OpeningHoursSpecification","dayOfWeek":["Monday","Tuesday","Wednesday","Thursday","Friday"],"opens":"10:00","closes":"17:00"},{"@type":"OpeningHoursSpecification","dayOfWeek":["Saturday","Sunday"],"opens":"00:00","closes":"00:00"}],"email":"info@hotsmoke.eu","areaServed":"Lithuania","vatID":"LT100013495416","priceRange":"$$","currenciesAccepted":"Euro","paymentAccepted":"Visa, mastercard"},{"@type":"PostalAddress","@id":"https:\/\/hotsmoke.eu\/neafs-heatsticks\/#local-main-place-address","streetAddress":"L.Ivinskio 18a, L.Ivinskio 18a","addressLocality":"Kaunas","postalCode":"45151","addressRegion":"Lithuania","addressCountry":"LT"},{"@type":"ImageObject","inLanguage":"es","@id":"https:\/\/hotsmoke.eu\/neafs-heatsticks\/#local-main-organization-logo","url":"https:\/\/hotsmoke.eu\/wp-content\/uploads\/2022\/12\/hs_black.svg","contentUrl":"https:\/\/hotsmoke.eu\/wp-content\/uploads\/2022\/12\/hs_black.svg","caption":"HotSmoke"}]},"geo.placename":"Kaunas","geo.position":{"lat":"54.8733992","long":"23.9492982"},"geo.region":"Lituania"},"_links":{"self":[{"href":"https:\/\/hotsmoke.eu\/es\/wp-json\/wp\/v2\/pages\/11322","targetHints":{"allow":["GET"]}}],"collection":[{"href":"https:\/\/hotsmoke.eu\/es\/wp-json\/wp\/v2\/pages"}],"about":[{"href":"https:\/\/hotsmoke.eu\/es\/wp-json\/wp\/v2\/types\/page"}],"author":[{"embeddable":true,"href":"https:\/\/hotsmoke.eu\/es\/wp-json\/wp\/v2\/users\/17"}],"replies":[{"embeddable":true,"href":"https:\/\/hotsmoke.eu\/es\/wp-json\/wp\/v2\/comments?post=11322"}],"version-history":[{"count":1,"href":"https:\/\/hotsmoke.eu\/es\/wp-json\/wp\/v2\/pages\/11322\/revisions"}],"predecessor-version":[{"id":28437,"href":"https:\/\/hotsmoke.eu\/es\/wp-json\/wp\/v2\/pages\/11322\/revisions\/28437"}],"wp:attachment":[{"href":"https:\/\/hotsmoke.eu\/es\/wp-json\/wp\/v2\/media?parent=11322"}],"curies":[{"name":"wp","href":"https:\/\/api.w.org\/{rel}","templated":true}]}}