{"id":25527,"date":"2024-06-28T06:50:22","date_gmt":"2024-06-28T06:50:22","guid":{"rendered":"https:\/\/hotsmoke.eu\/?post_type=product&#038;p=25527"},"modified":"2026-04-27T18:30:32","modified_gmt":"2026-04-27T18:30:32","slug":"nexus-regular-heatsticks","status":"publish","type":"product","link":"https:\/\/hotsmoke.eu\/de\/shop\/heatsticks\/nexus-regular-heatsticks\/","title":{"rendered":"Nexus Regular Heatsticks"},"content":{"rendered":"","protected":false},"excerpt":{"rendered":"<h2>\u00dcBER HEATSTICKS<\/h2>\n<p>Nexus Regular \u2013 die perfekte tabakfreie Alternative, angereichert mit Premium-Nikotinsalz. Nexus Regular bietet ein einzigartiges, aromatisches Erlebnis durch die Kombination hochwertiger Kr\u00e4uterzutaten. Es wurde f\u00fcr alle entwickelt, die einen befriedigenden Nikotinkick genie\u00dfen m\u00f6chten, ohne die sch\u00e4dlichen Auswirkungen des Verbrennens von Tabak.<\/p>\n<ul>\n<li>Rauchfreie Innovation: Hergestellt aus einer Mischung aus Kr\u00e4uterextrakten und Teebl\u00e4ttern anstelle von herk\u00f6mmlichem Tabak.<\/li>\n<li><strong>2% Nikotinsalz<\/strong>Bietet einen sanften Rachenkick und schnelle Befriedigung, was es zu einer ausgezeichneten Wahl f\u00fcr einen tabakfreien \u00dcbergang macht.<\/li>\n<li>Sauber &amp; Sicher: Laborgepr\u00fcft auf Freiheit von Schwermetallen, Formaldehyd und Teer. Kein Asche, kein Rauch, kein anhaltender Geruch.<\/li>\n<li>Universelle Kompatibilit\u00e4t: Optimiert f\u00fcr alle HNB-Ger\u00e4te (Heat-not-Burn), ausgestattet mit <strong>Heizung<\/strong> m\u00f6gen <strong>Heizstift oder -klinge<\/strong>, wie HiTaste, IQOS, ISMOD, LIL Solid und TEO.<\/li>\n<\/ul>\n<p>\u26a0\ufe0f Enth\u00e4lt Nikotin, welches eine s\u00fcchtig machende Substanz ist. Nur f\u00fcr Erwachsene (N-18). Nicht geeignet f\u00fcr schwangere oder stillende Frauen. Packung enth\u00e4lt 20 Sticks.<\/p>","protected":false},"featured_media":25529,"comment_status":"open","ping_status":"closed","template":"","meta":{"inline_featured_image":false},"product_cat":[24,26],"product_tag":[],"class_list":["post-25527","product","type-product","status-publish","has-post-thumbnail","hentry","product_brand-nexus","product_cat-heatsticks","product_cat-with-nicotine"],"acf":[],"yoast_head":"<!-- This site is optimized with the Yoast SEO Premium plugin v20.11 (Yoast SEO v20.11) - https:\/\/yoast.com\/wordpress\/plugins\/seo\/ -->\n<title>Nexus Regular | Tobacco-Free Nicotine Salt Heatsticks<\/title>\n<meta name=\"description\" content=\"Nexus Regular tobacco-free heatsticks with 2% nicotine salt. Compatible with IQOS &amp; HiTaste. Tea leaves instead of traditional tobacco. Buy now!\" \/>\n<meta name=\"robots\" content=\"index, follow, max-snippet:-1, max-image-preview:large, max-video-preview:-1\" \/>\n<link rel=\"canonical\" href=\"https:\/\/hotsmoke.eu\/de\/shop\/heatsticks\/nexus-regular-heatsticks\/\" \/>\n<meta property=\"og:locale\" content=\"de_DE\" \/>\n<meta property=\"og:type\" content=\"article\" \/>\n<meta property=\"og:title\" content=\"Nexus Regular Heatsticks\" \/>\n<meta property=\"og:description\" content=\"Nexus Regular tobacco-free heatsticks with 2% nicotine salt. Compatible with IQOS &amp; HiTaste. Tea leaves instead of traditional tobacco. Buy now!\" \/>\n<meta property=\"og:url\" content=\"https:\/\/hotsmoke.eu\/de\/shop\/heatsticks\/nexus-regular-heatsticks\/\" \/>\n<meta property=\"og:site_name\" content=\"HotSmoke\" \/>\n<meta property=\"article:publisher\" content=\"https:\/\/www.facebook.com\/hotsmoke.eu\" \/>\n<meta property=\"article:modified_time\" content=\"2026-04-27T18:30:32+00:00\" \/>\n<meta property=\"og:image\" content=\"https:\/\/hotsmoke.eu\/wp-content\/uploads\/2024\/06\/nexus-regular-heatsticks-hotsmoke.eu_.webp\" \/>\n\t<meta property=\"og:image:width\" content=\"1868\" \/>\n\t<meta property=\"og:image:height\" content=\"1804\" \/>\n\t<meta property=\"og:image:type\" content=\"image\/webp\" \/>\n<meta name=\"twitter:card\" content=\"summary_large_image\" \/>\n<meta name=\"twitter:site\" content=\"@HotSmokeoffici1\" \/>\n<meta name=\"twitter:label1\" content=\"Preis\" \/>\n\t<meta name=\"twitter:data1\" content=\"5.69&euro;\" \/>\n\t<meta name=\"twitter:label2\" content=\"Availability\" \/>\n\t<meta name=\"twitter:data2\" content=\"In stock\" \/>\n<script type=\"application\/ld+json\" class=\"yoast-schema-graph\">{\"@context\":\"https:\/\/schema.org\",\"@graph\":[{\"@type\":[\"WebPage\",\"ItemPage\"],\"@id\":\"https:\/\/hotsmoke.eu\/shop\/heatsticks\/nexus-regular-heatsticks\/\",\"url\":\"https:\/\/hotsmoke.eu\/shop\/heatsticks\/nexus-regular-heatsticks\/\",\"name\":\"Nexus Regular | Tobacco-Free Nicotine Salt Heatsticks\",\"isPartOf\":{\"@id\":\"https:\/\/hotsmoke.eu\/#website\"},\"datePublished\":\"2024-06-28T06:50:22+00:00\",\"dateModified\":\"2026-04-27T18:30:32+00:00\",\"description\":\"Nexus Regular tobacco-free heatsticks with 2% nicotine salt. Compatible with IQOS & HiTaste. Tea leaves instead of traditional tobacco. Buy now!\",\"breadcrumb\":{\"@id\":\"https:\/\/hotsmoke.eu\/shop\/heatsticks\/nexus-regular-heatsticks\/#breadcrumb\"},\"inLanguage\":\"de\",\"potentialAction\":[{\"@type\":\"ReadAction\",\"target\":[\"https:\/\/hotsmoke.eu\/shop\/heatsticks\/nexus-regular-heatsticks\/\"]}]},{\"@type\":\"BreadcrumbList\",\"@id\":\"https:\/\/hotsmoke.eu\/shop\/heatsticks\/nexus-regular-heatsticks\/#breadcrumb\",\"itemListElement\":[{\"@type\":\"ListItem\",\"position\":1,\"name\":\"Home\",\"item\":\"https:\/\/hotsmoke.eu\/\"},{\"@type\":\"ListItem\",\"position\":2,\"name\":\"HeatSticks And Heat Not Burn Store\",\"item\":\"https:\/\/hotsmoke.eu\/shop\/\"},{\"@type\":\"ListItem\",\"position\":3,\"name\":\"Nexus Regular Heatsticks\"}]},{\"@type\":\"WebSite\",\"@id\":\"https:\/\/hotsmoke.eu\/#website\",\"url\":\"https:\/\/hotsmoke.eu\/\",\"name\":\"HotSmoke\",\"description\":\"Heat Not Burn Heating Cigarettes Devices Shop | HotSmoke\",\"publisher\":{\"@id\":\"https:\/\/hotsmoke.eu\/#organization\"},\"alternateName\":\"hotsmoke\",\"potentialAction\":[{\"@type\":\"SearchAction\",\"target\":{\"@type\":\"EntryPoint\",\"urlTemplate\":\"https:\/\/hotsmoke.eu\/?s={search_term_string}\"},\"query-input\":\"required name=search_term_string\"}],\"inLanguage\":\"de\"},{\"@type\":[\"Organization\",\"Place\",\"Store\"],\"@id\":\"https:\/\/hotsmoke.eu\/#organization\",\"name\":\"HotSmoke\",\"alternateName\":\"Hot Smoke\",\"url\":\"https:\/\/hotsmoke.eu\/\",\"logo\":{\"@id\":\"https:\/\/hotsmoke.eu\/shop\/heatsticks\/nexus-regular-heatsticks\/#local-main-organization-logo\"},\"image\":{\"@id\":\"https:\/\/hotsmoke.eu\/shop\/heatsticks\/nexus-regular-heatsticks\/#local-main-organization-logo\"},\"sameAs\":[\"https:\/\/www.facebook.com\/hotsmoke.eu\",\"https:\/\/twitter.com\/HotSmokeoffici1\"],\"publishingPrinciples\":\"https:\/\/hotsmoke.eu\/heat-not-burn-electronic-cigarettes\/\",\"ownershipFundingInfo\":\"https:\/\/hotsmoke.eu\/terms-conditions\/\",\"actionableFeedbackPolicy\":\"https:\/\/hotsmoke.eu\/privacy-policy\/\",\"correctionsPolicy\":\"https:\/\/hotsmoke.eu\/privacy-policy\/\",\"ethicsPolicy\":\"https:\/\/hotsmoke.eu\/privacy-policy\/\",\"diversityPolicy\":\"https:\/\/hotsmoke.eu\/privacy-policy\/\",\"diversityStaffingReport\":\"https:\/\/hotsmoke.eu\/shipping-warranty\/\",\"address\":{\"@id\":\"https:\/\/hotsmoke.eu\/shop\/heatsticks\/nexus-regular-heatsticks\/#local-main-place-address\"},\"geo\":{\"@type\":\"GeoCoordinates\",\"latitude\":\"54.8733992\",\"longitude\":\"23.9492982\"},\"telephone\":[\"+37068673611\"],\"openingHoursSpecification\":[{\"@type\":\"OpeningHoursSpecification\",\"dayOfWeek\":[\"Monday\",\"Tuesday\",\"Wednesday\",\"Thursday\",\"Friday\"],\"opens\":\"10:00\",\"closes\":\"17:00\"},{\"@type\":\"OpeningHoursSpecification\",\"dayOfWeek\":[\"Saturday\",\"Sunday\"],\"opens\":\"00:00\",\"closes\":\"00:00\"}],\"email\":\"info@hotsmoke.eu\",\"areaServed\":\"Lithuania\",\"vatID\":\"LT100013495416\",\"priceRange\":\"$$\",\"currenciesAccepted\":\"Euro\",\"paymentAccepted\":\"Visa, mastercard\"},{\"@type\":\"PostalAddress\",\"@id\":\"https:\/\/hotsmoke.eu\/shop\/heatsticks\/nexus-regular-heatsticks\/#local-main-place-address\",\"streetAddress\":\"L.Ivinskio 18a, L.Ivinskio 18a\",\"addressLocality\":\"Kaunas\",\"postalCode\":\"45151\",\"addressRegion\":\"Lithuania\",\"addressCountry\":\"LT\"},{\"@type\":\"ImageObject\",\"inLanguage\":\"de\",\"@id\":\"https:\/\/hotsmoke.eu\/shop\/heatsticks\/nexus-regular-heatsticks\/#local-main-organization-logo\",\"url\":\"https:\/\/hotsmoke.eu\/wp-content\/uploads\/2022\/12\/hs_black.svg\",\"contentUrl\":\"https:\/\/hotsmoke.eu\/wp-content\/uploads\/2022\/12\/hs_black.svg\",\"caption\":\"HotSmoke\"}]}<\/script>\n<meta name=\"geo.placename\" content=\"Kaunas\" \/>\n<meta name=\"geo.position\" content=\"54.8733992;23.9492982\" \/>\n<meta name=\"geo.region\" content=\"Litauen\" \/>\n<!-- \/ Yoast SEO Premium plugin. -->","yoast_head_json":{"title":"Nexus Regular | Nikotinsalz-Heatsticks ohne Tabak","description":"Nexus Regular tabakfreie Hitzesticks mit 2% Nikotinsalz. Kompatibel mit IQOS &amp; HiTaste. Teebl\u00e4tter statt traditionellem Tabak. Jetzt kaufen!","robots":{"index":"index","follow":"follow","max-snippet":"max-snippet:-1","max-image-preview":"max-image-preview:large","max-video-preview":"max-video-preview:-1"},"canonical":"https:\/\/hotsmoke.eu\/de\/shop\/heatsticks\/nexus-regular-heatsticks\/","og_locale":"de_DE","og_type":"article","og_title":"Nexus Regular Heatsticks","og_description":"Nexus Regular tobacco-free heatsticks with 2% nicotine salt. Compatible with IQOS & HiTaste. Tea leaves instead of traditional tobacco. Buy now!","og_url":"https:\/\/hotsmoke.eu\/de\/shop\/heatsticks\/nexus-regular-heatsticks\/","og_site_name":"HotSmoke","article_publisher":"https:\/\/www.facebook.com\/hotsmoke.eu","article_modified_time":"2026-04-27T18:30:32+00:00","og_image":[{"width":1868,"height":1804,"url":"https:\/\/hotsmoke.eu\/wp-content\/uploads\/2024\/06\/nexus-regular-heatsticks-hotsmoke.eu_.webp","type":"image\/webp"}],"twitter_card":"summary_large_image","twitter_site":"@HotSmokeoffici1","twitter_misc":{"Preis":"5.69&euro;","Availability":"In stock"},"schema":{"@context":"https:\/\/schema.org","@graph":[{"@type":["WebPage","ItemPage"],"@id":"https:\/\/hotsmoke.eu\/shop\/heatsticks\/nexus-regular-heatsticks\/","url":"https:\/\/hotsmoke.eu\/shop\/heatsticks\/nexus-regular-heatsticks\/","name":"Nexus Regular | Nikotinsalz-Heatsticks ohne Tabak","isPartOf":{"@id":"https:\/\/hotsmoke.eu\/#website"},"datePublished":"2024-06-28T06:50:22+00:00","dateModified":"2026-04-27T18:30:32+00:00","description":"Nexus Regular tabakfreie Hitzesticks mit 2% Nikotinsalz. Kompatibel mit IQOS &amp; HiTaste. Teebl\u00e4tter statt traditionellem Tabak. Jetzt kaufen!","breadcrumb":{"@id":"https:\/\/hotsmoke.eu\/shop\/heatsticks\/nexus-regular-heatsticks\/#breadcrumb"},"inLanguage":"de","potentialAction":[{"@type":"ReadAction","target":["https:\/\/hotsmoke.eu\/shop\/heatsticks\/nexus-regular-heatsticks\/"]}]},{"@type":"BreadcrumbList","@id":"https:\/\/hotsmoke.eu\/shop\/heatsticks\/nexus-regular-heatsticks\/#breadcrumb","itemListElement":[{"@type":"ListItem","position":1,"name":"Home","item":"https:\/\/hotsmoke.eu\/"},{"@type":"ListItem","position":2,"name":"HeatSticks And Heat Not Burn Store","item":"https:\/\/hotsmoke.eu\/shop\/"},{"@type":"ListItem","position":3,"name":"Nexus Regular Heatsticks"}]},{"@type":"WebSite","@id":"https:\/\/hotsmoke.eu\/#website","url":"https:\/\/hotsmoke.eu\/","name":"Hei\u00dfer Rauch","description":"Heat Not Burn Heizzigaretten Ger\u00e4te Shop | HotSmoke","publisher":{"@id":"https:\/\/hotsmoke.eu\/#organization"},"alternateName":"hotsmoke","potentialAction":[{"@type":"SearchAction","target":{"@type":"EntryPoint","urlTemplate":"https:\/\/hotsmoke.eu\/?s={search_term_string}"},"query-input":"required name=search_term_string"}],"inLanguage":"de"},{"@type":["Organization","Place","Store"],"@id":"https:\/\/hotsmoke.eu\/#organization","name":"Hei\u00dfer Rauch","alternateName":"Hot Smoke","url":"https:\/\/hotsmoke.eu\/","logo":{"@id":"https:\/\/hotsmoke.eu\/shop\/heatsticks\/nexus-regular-heatsticks\/#local-main-organization-logo"},"image":{"@id":"https:\/\/hotsmoke.eu\/shop\/heatsticks\/nexus-regular-heatsticks\/#local-main-organization-logo"},"sameAs":["https:\/\/www.facebook.com\/hotsmoke.eu","https:\/\/twitter.com\/HotSmokeoffici1"],"publishingPrinciples":"https:\/\/hotsmoke.eu\/heat-not-burn-electronic-cigarettes\/","ownershipFundingInfo":"https:\/\/hotsmoke.eu\/terms-conditions\/","actionableFeedbackPolicy":"https:\/\/hotsmoke.eu\/privacy-policy\/","correctionsPolicy":"https:\/\/hotsmoke.eu\/privacy-policy\/","ethicsPolicy":"https:\/\/hotsmoke.eu\/privacy-policy\/","diversityPolicy":"https:\/\/hotsmoke.eu\/privacy-policy\/","diversityStaffingReport":"https:\/\/hotsmoke.eu\/shipping-warranty\/","address":{"@id":"https:\/\/hotsmoke.eu\/shop\/heatsticks\/nexus-regular-heatsticks\/#local-main-place-address"},"geo":{"@type":"GeoCoordinates","latitude":"54.8733992","longitude":"23.9492982"},"telephone":["+37068673611"],"openingHoursSpecification":[{"@type":"OpeningHoursSpecification","dayOfWeek":["Monday","Tuesday","Wednesday","Thursday","Friday"],"opens":"10:00","closes":"17:00"},{"@type":"OpeningHoursSpecification","dayOfWeek":["Saturday","Sunday"],"opens":"00:00","closes":"00:00"}],"email":"info@hotsmoke.eu","areaServed":"Lithuania","vatID":"LT100013495416","priceRange":"$$","currenciesAccepted":"Euro","paymentAccepted":"Visa, mastercard"},{"@type":"PostalAddress","@id":"https:\/\/hotsmoke.eu\/shop\/heatsticks\/nexus-regular-heatsticks\/#local-main-place-address","streetAddress":"L.Ivinskio 18a, L.Ivinskio 18a","addressLocality":"Kaunas","postalCode":"45151","addressRegion":"Lithuania","addressCountry":"LT"},{"@type":"ImageObject","inLanguage":"de","@id":"https:\/\/hotsmoke.eu\/shop\/heatsticks\/nexus-regular-heatsticks\/#local-main-organization-logo","url":"https:\/\/hotsmoke.eu\/wp-content\/uploads\/2022\/12\/hs_black.svg","contentUrl":"https:\/\/hotsmoke.eu\/wp-content\/uploads\/2022\/12\/hs_black.svg","caption":"HotSmoke"}]},"geo.placename":"Kaunas","geo.position":{"lat":"54.8733992","long":"23.9492982"},"geo.region":"Litauen"},"_links":{"self":[{"href":"https:\/\/hotsmoke.eu\/de\/wp-json\/wp\/v2\/product\/25527","targetHints":{"allow":["GET"]}}],"collection":[{"href":"https:\/\/hotsmoke.eu\/de\/wp-json\/wp\/v2\/product"}],"about":[{"href":"https:\/\/hotsmoke.eu\/de\/wp-json\/wp\/v2\/types\/product"}],"replies":[{"embeddable":true,"href":"https:\/\/hotsmoke.eu\/de\/wp-json\/wp\/v2\/comments?post=25527"}],"wp:featuredmedia":[{"embeddable":true,"href":"https:\/\/hotsmoke.eu\/de\/wp-json\/wp\/v2\/media\/25529"}],"wp:attachment":[{"href":"https:\/\/hotsmoke.eu\/de\/wp-json\/wp\/v2\/media?parent=25527"}],"wp:term":[{"taxonomy":"product_cat","embeddable":true,"href":"https:\/\/hotsmoke.eu\/de\/wp-json\/wp\/v2\/product_cat?post=25527"},{"taxonomy":"product_tag","embeddable":true,"href":"https:\/\/hotsmoke.eu\/de\/wp-json\/wp\/v2\/product_tag?post=25527"}],"curies":[{"name":"wp","href":"https:\/\/api.w.org\/{rel}","templated":true}]}}