{"id":25136,"date":"2024-04-26T05:48:36","date_gmt":"2024-04-26T05:48:36","guid":{"rendered":"https:\/\/hotsmoke.eu\/?post_type=product&#038;p=25136"},"modified":"2024-04-26T05:56:46","modified_gmt":"2024-04-26T05:56:46","slug":"cannabis-bakehouse-girl-scout-cookies","status":"publish","type":"product","link":"https:\/\/hotsmoke.eu\/de\/shop\/cbd\/cannabis-bakehouse-girl-scout-cookies\/","title":{"rendered":"Cannabis Bakehouse Girl Scout Cookies"},"content":{"rendered":"","protected":false},"excerpt":{"rendered":"<h2>\u00dcBER COOKIES<\/h2>\n<p>Cannabis Bakehouse Girl Scout Cookies. Girl Scout cannabis cookies from Cannabis Bakehouse have a peppery taste mixed with a citrus flavour. The result is a happy feeling, calming and you get lots of energy. Cannabis Bakehouse has combined the OG Kush and Durban Poison flavours with their special cannabis biscuits, resulting in these delicious Girl Scout cannabis biscuits. They&#8217;re perfect as a snack when hanging out with friends or to pack along on a family outing.<\/p>\n<p><strong>Zutaten:<\/strong> WEIZENmehl, Pflanzen\u00f6l (Palm, Kokosnuss), Zucker, Wasser, Pflanzen\u00f6l (Raps), Terpen\u00f6l, Kakaopulver, Glyzerin (E422), Salz, jodiertes Salz, Backtriebmittel (E500), Konservierungsmittel (E202), Trennmittel (E535), Antioxidationsmittel (E330), Emulgator (E471), Enzym (Alpha-Amylase (Weizen)), Kaliumiodid, Ascorbins\u00e4ure (E300), Calciumphosphate (E341).<\/p>\n<p><strong>N\u00e4hrwert pro 100 g:<\/strong> energ\u00e9tico 1.930,00 kJ; Kalorien 461,00 kcal; Protein 5,14 g; Kohlenhydrate 49,64 g; Zucker 17,84 g; Fett 26,50 g (davon ges\u00e4ttigte Fetts\u00e4uren 11,24 g, davon unges\u00e4ttigte Fetts\u00e4uren 11,09 g); Ballaststoffe 1,39 g; Salz 0,53 g.<\/p>","protected":false},"featured_media":25138,"comment_status":"open","ping_status":"closed","template":"","meta":{"inline_featured_image":false},"product_cat":[43],"product_tag":[],"class_list":["post-25136","product","type-product","status-publish","has-post-thumbnail","hentry","product_brand-cannabis-bakehouse","product_cat-cbd"],"acf":[],"yoast_head":"<!-- This site is optimized with the Yoast SEO Premium plugin v20.11 (Yoast SEO v20.11) - https:\/\/yoast.com\/wordpress\/plugins\/seo\/ -->\n<title>Cannabis Bakehouse Girl Scout Cookies - HotSmoke<\/title>\n<meta name=\"robots\" content=\"index, follow, max-snippet:-1, max-image-preview:large, max-video-preview:-1\" \/>\n<link rel=\"canonical\" href=\"https:\/\/hotsmoke.eu\/de\/shop\/cbd\/cannabis-bakehouse-girl-scout-cookies\/\" \/>\n<meta property=\"og:locale\" content=\"de_DE\" \/>\n<meta property=\"og:type\" content=\"article\" \/>\n<meta property=\"og:title\" content=\"Cannabis Bakehouse Girl Scout Cookies\" \/>\n<meta property=\"og:description\" content=\"ABOUT COOKIES Cannabis Bakehouse Girl Scout Cookies. Girl Scout cannabis cookies from Cannabis Bakehouse have a peppery taste mixed with a citrus flavour. The result is a happy feeling, calming and you get lots of energy. Cannabis Bakehouse has combined the OG Kush and Durban Poison flavours with their special cannabis biscuits, resulting in these delicious Girl Scout cannabis biscuits. They&#039;re perfect as a snack when hanging out with friends or to pack along on a family outing.  Ingredients: WHEAT flour, vegetable oil (palm, coconut), sugar, water, vegetable oil (rapeseed), terpene oil, cocoa powder, glycerol (E422), salt, iodized salt, raising agent (E500), preservative (E202), adhesive (E535), antioxidant (E330), emulsifier (E471), enzyme (alpha-amylase (wheat)), potassium iodide, ascorbic acid (E300), calcium phosphate (E341).  Nutritional value per 100 g: Kj 1,930.00; calories 461.00; Protein 5.14 g; Carbohydrates 49.64 g; Sugar 17.84g; Fat 26.50 g (of which saturated 11.24 g, of which unsaturated 11.09 g); Fiber 1.39 g; Salt 0.53 g.\" \/>\n<meta property=\"og:url\" content=\"https:\/\/hotsmoke.eu\/de\/shop\/cbd\/cannabis-bakehouse-girl-scout-cookies\/\" \/>\n<meta property=\"og:site_name\" content=\"HotSmoke\" \/>\n<meta property=\"article:publisher\" content=\"https:\/\/www.facebook.com\/hotsmoke.eu\" \/>\n<meta property=\"article:modified_time\" content=\"2024-04-26T05:56:46+00:00\" \/>\n<meta property=\"og:image\" content=\"https:\/\/hotsmoke.eu\/wp-content\/uploads\/2024\/04\/cannabis-bakehouse-girl-scout-cookies-hotsmoke.eu_.webp\" \/>\n\t<meta property=\"og:image:width\" content=\"1080\" \/>\n\t<meta property=\"og:image:height\" content=\"1080\" \/>\n\t<meta property=\"og:image:type\" content=\"image\/webp\" \/>\n<meta name=\"twitter:card\" content=\"summary_large_image\" \/>\n<meta name=\"twitter:site\" content=\"@HotSmokeoffici1\" \/>\n<meta name=\"twitter:label1\" content=\"Preis\" \/>\n\t<meta name=\"twitter:data1\" content=\"19.99&euro;\" \/>\n\t<meta name=\"twitter:label2\" content=\"Availability\" \/>\n\t<meta name=\"twitter:data2\" content=\"In stock\" \/>\n<script type=\"application\/ld+json\" class=\"yoast-schema-graph\">{\"@context\":\"https:\/\/schema.org\",\"@graph\":[{\"@type\":[\"WebPage\",\"ItemPage\"],\"@id\":\"https:\/\/hotsmoke.eu\/shop\/cbd\/cannabis-bakehouse-girl-scout-cookies\/\",\"url\":\"https:\/\/hotsmoke.eu\/shop\/cbd\/cannabis-bakehouse-girl-scout-cookies\/\",\"name\":\"Cannabis Bakehouse Girl Scout Cookies - HotSmoke\",\"isPartOf\":{\"@id\":\"https:\/\/hotsmoke.eu\/#website\"},\"datePublished\":\"2024-04-26T05:48:36+00:00\",\"dateModified\":\"2024-04-26T05:56:46+00:00\",\"breadcrumb\":{\"@id\":\"https:\/\/hotsmoke.eu\/shop\/cbd\/cannabis-bakehouse-girl-scout-cookies\/#breadcrumb\"},\"inLanguage\":\"de\",\"potentialAction\":[{\"@type\":\"ReadAction\",\"target\":[\"https:\/\/hotsmoke.eu\/shop\/cbd\/cannabis-bakehouse-girl-scout-cookies\/\"]}]},{\"@type\":\"BreadcrumbList\",\"@id\":\"https:\/\/hotsmoke.eu\/shop\/cbd\/cannabis-bakehouse-girl-scout-cookies\/#breadcrumb\",\"itemListElement\":[{\"@type\":\"ListItem\",\"position\":1,\"name\":\"Home\",\"item\":\"https:\/\/hotsmoke.eu\/\"},{\"@type\":\"ListItem\",\"position\":2,\"name\":\"HeatSticks And Heat Not Burn Store\",\"item\":\"https:\/\/hotsmoke.eu\/shop\/\"},{\"@type\":\"ListItem\",\"position\":3,\"name\":\"Cannabis Bakehouse Girl Scout Cookies\"}]},{\"@type\":\"WebSite\",\"@id\":\"https:\/\/hotsmoke.eu\/#website\",\"url\":\"https:\/\/hotsmoke.eu\/\",\"name\":\"HotSmoke\",\"description\":\"Heat Not Burn Heating Cigarettes Devices Shop | HotSmoke\",\"publisher\":{\"@id\":\"https:\/\/hotsmoke.eu\/#organization\"},\"alternateName\":\"hotsmoke\",\"potentialAction\":[{\"@type\":\"SearchAction\",\"target\":{\"@type\":\"EntryPoint\",\"urlTemplate\":\"https:\/\/hotsmoke.eu\/?s={search_term_string}\"},\"query-input\":\"required name=search_term_string\"}],\"inLanguage\":\"de\"},{\"@type\":[\"Organization\",\"Place\",\"Store\"],\"@id\":\"https:\/\/hotsmoke.eu\/#organization\",\"name\":\"HotSmoke\",\"alternateName\":\"Hot Smoke\",\"url\":\"https:\/\/hotsmoke.eu\/\",\"logo\":{\"@id\":\"https:\/\/hotsmoke.eu\/shop\/cbd\/cannabis-bakehouse-girl-scout-cookies\/#local-main-organization-logo\"},\"image\":{\"@id\":\"https:\/\/hotsmoke.eu\/shop\/cbd\/cannabis-bakehouse-girl-scout-cookies\/#local-main-organization-logo\"},\"sameAs\":[\"https:\/\/www.facebook.com\/hotsmoke.eu\",\"https:\/\/twitter.com\/HotSmokeoffici1\"],\"publishingPrinciples\":\"https:\/\/hotsmoke.eu\/heat-not-burn-electronic-cigarettes\/\",\"ownershipFundingInfo\":\"https:\/\/hotsmoke.eu\/terms-conditions\/\",\"actionableFeedbackPolicy\":\"https:\/\/hotsmoke.eu\/privacy-policy\/\",\"correctionsPolicy\":\"https:\/\/hotsmoke.eu\/privacy-policy\/\",\"ethicsPolicy\":\"https:\/\/hotsmoke.eu\/privacy-policy\/\",\"diversityPolicy\":\"https:\/\/hotsmoke.eu\/privacy-policy\/\",\"diversityStaffingReport\":\"https:\/\/hotsmoke.eu\/shipping-warranty\/\",\"address\":{\"@id\":\"https:\/\/hotsmoke.eu\/shop\/cbd\/cannabis-bakehouse-girl-scout-cookies\/#local-main-place-address\"},\"geo\":{\"@type\":\"GeoCoordinates\",\"latitude\":\"54.8733992\",\"longitude\":\"23.9492982\"},\"telephone\":[\"+37068673611\"],\"openingHoursSpecification\":[{\"@type\":\"OpeningHoursSpecification\",\"dayOfWeek\":[\"Monday\",\"Tuesday\",\"Wednesday\",\"Thursday\",\"Friday\"],\"opens\":\"10:00\",\"closes\":\"17:00\"},{\"@type\":\"OpeningHoursSpecification\",\"dayOfWeek\":[\"Saturday\",\"Sunday\"],\"opens\":\"00:00\",\"closes\":\"00:00\"}],\"email\":\"info@hotsmoke.eu\",\"areaServed\":\"Lithuania\",\"vatID\":\"LT100013495416\",\"priceRange\":\"$$\",\"currenciesAccepted\":\"Euro\",\"paymentAccepted\":\"Visa, mastercard\"},{\"@type\":\"PostalAddress\",\"@id\":\"https:\/\/hotsmoke.eu\/shop\/cbd\/cannabis-bakehouse-girl-scout-cookies\/#local-main-place-address\",\"streetAddress\":\"L.Ivinskio 18a, L.Ivinskio 18a\",\"addressLocality\":\"Kaunas\",\"postalCode\":\"45151\",\"addressRegion\":\"Lithuania\",\"addressCountry\":\"LT\"},{\"@type\":\"ImageObject\",\"inLanguage\":\"de\",\"@id\":\"https:\/\/hotsmoke.eu\/shop\/cbd\/cannabis-bakehouse-girl-scout-cookies\/#local-main-organization-logo\",\"url\":\"https:\/\/hotsmoke.eu\/wp-content\/uploads\/2022\/12\/hs_black.svg\",\"contentUrl\":\"https:\/\/hotsmoke.eu\/wp-content\/uploads\/2022\/12\/hs_black.svg\",\"caption\":\"HotSmoke\"}]}<\/script>\n<meta name=\"geo.placename\" content=\"Kaunas\" \/>\n<meta name=\"geo.position\" content=\"54.8733992;23.9492982\" \/>\n<meta name=\"geo.region\" content=\"Litauen\" \/>\n<!-- \/ Yoast SEO Premium plugin. -->","yoast_head_json":{"title":"Cannabis Bakehouse Girl Scout Cookies - HotSmoke","robots":{"index":"index","follow":"follow","max-snippet":"max-snippet:-1","max-image-preview":"max-image-preview:large","max-video-preview":"max-video-preview:-1"},"canonical":"https:\/\/hotsmoke.eu\/de\/shop\/cbd\/cannabis-bakehouse-girl-scout-cookies\/","og_locale":"de_DE","og_type":"article","og_title":"Cannabis Bakehouse Girl Scout Cookies","og_description":"ABOUT COOKIES Cannabis Bakehouse Girl Scout Cookies. Girl Scout cannabis cookies from Cannabis Bakehouse have a peppery taste mixed with a citrus flavour. The result is a happy feeling, calming and you get lots of energy. Cannabis Bakehouse has combined the OG Kush and Durban Poison flavours with their special cannabis biscuits, resulting in these delicious Girl Scout cannabis biscuits. They're perfect as a snack when hanging out with friends or to pack along on a family outing.  Ingredients: WHEAT flour, vegetable oil (palm, coconut), sugar, water, vegetable oil (rapeseed), terpene oil, cocoa powder, glycerol (E422), salt, iodized salt, raising agent (E500), preservative (E202), adhesive (E535), antioxidant (E330), emulsifier (E471), enzyme (alpha-amylase (wheat)), potassium iodide, ascorbic acid (E300), calcium phosphate (E341).  Nutritional value per 100 g: Kj 1,930.00; calories 461.00; Protein 5.14 g; Carbohydrates 49.64 g; Sugar 17.84g; Fat 26.50 g (of which saturated 11.24 g, of which unsaturated 11.09 g); Fiber 1.39 g; Salt 0.53 g.","og_url":"https:\/\/hotsmoke.eu\/de\/shop\/cbd\/cannabis-bakehouse-girl-scout-cookies\/","og_site_name":"HotSmoke","article_publisher":"https:\/\/www.facebook.com\/hotsmoke.eu","article_modified_time":"2024-04-26T05:56:46+00:00","og_image":[{"width":1080,"height":1080,"url":"https:\/\/hotsmoke.eu\/wp-content\/uploads\/2024\/04\/cannabis-bakehouse-girl-scout-cookies-hotsmoke.eu_.webp","type":"image\/webp"}],"twitter_card":"summary_large_image","twitter_site":"@HotSmokeoffici1","twitter_misc":{"Preis":"19.99&euro;","Availability":"In stock"},"schema":{"@context":"https:\/\/schema.org","@graph":[{"@type":["WebPage","ItemPage"],"@id":"https:\/\/hotsmoke.eu\/shop\/cbd\/cannabis-bakehouse-girl-scout-cookies\/","url":"https:\/\/hotsmoke.eu\/shop\/cbd\/cannabis-bakehouse-girl-scout-cookies\/","name":"Cannabis Bakehouse Girl Scout Cookies - HotSmoke","isPartOf":{"@id":"https:\/\/hotsmoke.eu\/#website"},"datePublished":"2024-04-26T05:48:36+00:00","dateModified":"2024-04-26T05:56:46+00:00","breadcrumb":{"@id":"https:\/\/hotsmoke.eu\/shop\/cbd\/cannabis-bakehouse-girl-scout-cookies\/#breadcrumb"},"inLanguage":"de","potentialAction":[{"@type":"ReadAction","target":["https:\/\/hotsmoke.eu\/shop\/cbd\/cannabis-bakehouse-girl-scout-cookies\/"]}]},{"@type":"BreadcrumbList","@id":"https:\/\/hotsmoke.eu\/shop\/cbd\/cannabis-bakehouse-girl-scout-cookies\/#breadcrumb","itemListElement":[{"@type":"ListItem","position":1,"name":"Home","item":"https:\/\/hotsmoke.eu\/"},{"@type":"ListItem","position":2,"name":"HeatSticks And Heat Not Burn Store","item":"https:\/\/hotsmoke.eu\/shop\/"},{"@type":"ListItem","position":3,"name":"Cannabis Bakehouse Girl Scout Cookies"}]},{"@type":"WebSite","@id":"https:\/\/hotsmoke.eu\/#website","url":"https:\/\/hotsmoke.eu\/","name":"Hei\u00dfer Rauch","description":"Heat Not Burn Heizzigaretten Ger\u00e4te Shop | HotSmoke","publisher":{"@id":"https:\/\/hotsmoke.eu\/#organization"},"alternateName":"hotsmoke","potentialAction":[{"@type":"SearchAction","target":{"@type":"EntryPoint","urlTemplate":"https:\/\/hotsmoke.eu\/?s={search_term_string}"},"query-input":"required name=search_term_string"}],"inLanguage":"de"},{"@type":["Organization","Place","Store"],"@id":"https:\/\/hotsmoke.eu\/#organization","name":"Hei\u00dfer Rauch","alternateName":"Hot Smoke","url":"https:\/\/hotsmoke.eu\/","logo":{"@id":"https:\/\/hotsmoke.eu\/shop\/cbd\/cannabis-bakehouse-girl-scout-cookies\/#local-main-organization-logo"},"image":{"@id":"https:\/\/hotsmoke.eu\/shop\/cbd\/cannabis-bakehouse-girl-scout-cookies\/#local-main-organization-logo"},"sameAs":["https:\/\/www.facebook.com\/hotsmoke.eu","https:\/\/twitter.com\/HotSmokeoffici1"],"publishingPrinciples":"https:\/\/hotsmoke.eu\/heat-not-burn-electronic-cigarettes\/","ownershipFundingInfo":"https:\/\/hotsmoke.eu\/terms-conditions\/","actionableFeedbackPolicy":"https:\/\/hotsmoke.eu\/privacy-policy\/","correctionsPolicy":"https:\/\/hotsmoke.eu\/privacy-policy\/","ethicsPolicy":"https:\/\/hotsmoke.eu\/privacy-policy\/","diversityPolicy":"https:\/\/hotsmoke.eu\/privacy-policy\/","diversityStaffingReport":"https:\/\/hotsmoke.eu\/shipping-warranty\/","address":{"@id":"https:\/\/hotsmoke.eu\/shop\/cbd\/cannabis-bakehouse-girl-scout-cookies\/#local-main-place-address"},"geo":{"@type":"GeoCoordinates","latitude":"54.8733992","longitude":"23.9492982"},"telephone":["+37068673611"],"openingHoursSpecification":[{"@type":"OpeningHoursSpecification","dayOfWeek":["Monday","Tuesday","Wednesday","Thursday","Friday"],"opens":"10:00","closes":"17:00"},{"@type":"OpeningHoursSpecification","dayOfWeek":["Saturday","Sunday"],"opens":"00:00","closes":"00:00"}],"email":"info@hotsmoke.eu","areaServed":"Lithuania","vatID":"LT100013495416","priceRange":"$$","currenciesAccepted":"Euro","paymentAccepted":"Visa, mastercard"},{"@type":"PostalAddress","@id":"https:\/\/hotsmoke.eu\/shop\/cbd\/cannabis-bakehouse-girl-scout-cookies\/#local-main-place-address","streetAddress":"L.Ivinskio 18a, L.Ivinskio 18a","addressLocality":"Kaunas","postalCode":"45151","addressRegion":"Lithuania","addressCountry":"LT"},{"@type":"ImageObject","inLanguage":"de","@id":"https:\/\/hotsmoke.eu\/shop\/cbd\/cannabis-bakehouse-girl-scout-cookies\/#local-main-organization-logo","url":"https:\/\/hotsmoke.eu\/wp-content\/uploads\/2022\/12\/hs_black.svg","contentUrl":"https:\/\/hotsmoke.eu\/wp-content\/uploads\/2022\/12\/hs_black.svg","caption":"HotSmoke"}]},"geo.placename":"Kaunas","geo.position":{"lat":"54.8733992","long":"23.9492982"},"geo.region":"Litauen"},"_links":{"self":[{"href":"https:\/\/hotsmoke.eu\/de\/wp-json\/wp\/v2\/product\/25136","targetHints":{"allow":["GET"]}}],"collection":[{"href":"https:\/\/hotsmoke.eu\/de\/wp-json\/wp\/v2\/product"}],"about":[{"href":"https:\/\/hotsmoke.eu\/de\/wp-json\/wp\/v2\/types\/product"}],"replies":[{"embeddable":true,"href":"https:\/\/hotsmoke.eu\/de\/wp-json\/wp\/v2\/comments?post=25136"}],"wp:featuredmedia":[{"embeddable":true,"href":"https:\/\/hotsmoke.eu\/de\/wp-json\/wp\/v2\/media\/25138"}],"wp:attachment":[{"href":"https:\/\/hotsmoke.eu\/de\/wp-json\/wp\/v2\/media?parent=25136"}],"wp:term":[{"taxonomy":"product_cat","embeddable":true,"href":"https:\/\/hotsmoke.eu\/de\/wp-json\/wp\/v2\/product_cat?post=25136"},{"taxonomy":"product_tag","embeddable":true,"href":"https:\/\/hotsmoke.eu\/de\/wp-json\/wp\/v2\/product_tag?post=25136"}],"curies":[{"name":"wp","href":"https:\/\/api.w.org\/{rel}","templated":true}]}}