{"id":25020,"date":"2024-04-16T11:56:11","date_gmt":"2024-04-16T11:56:11","guid":{"rendered":"https:\/\/hotsmoke.eu\/?post_type=product&#038;p=25020"},"modified":"2026-01-27T23:22:03","modified_gmt":"2026-01-27T23:22:03","slug":"vitacig-max-menthol-inhaler","status":"publish","type":"product","link":"https:\/\/hotsmoke.eu\/de\/shop\/vape\/vitacig-max-menthol-inhaler\/","title":{"rendered":"VitaCig Max Menthol Inhalator"},"content":{"rendered":"","protected":false},"excerpt":{"rendered":"<h2>\u00dcBER INHALATOR<\/h2>\n<p>VitaCig Max Menthol Inhaler. VitaCig Max Menthol aromatherapy device brings powerful arctic mint aroma, gives you that refreshing lift you need to get through the day. VitaCig Max Menthol Aroma Inhaler acts as the perfect natural minty freshener for your breathe and mind. Breathe in through your mouth, not necessarily letting it go into your lungs, but exhale through your nose.<\/p>\n<p><strong>Nikotinfrei und tabakfrei.<\/strong><\/p>\n<p><strong>Duft<\/strong> Intense Fresh, Very Minty, Cool, Bright.<\/p>\n<p><strong>Eigenschaften<\/strong> Tonic, Refreshing, Clearing, Restorative.<\/p>\n<p><strong>NICHT<\/strong> Bedienen Sie schwere Maschinen oder fahren Sie Auto, w\u00e4hrend Sie dieses Produkt verwenden. Je nach Anwender reichen etwa 300 Z\u00fcge. Bei n\u00e4chtlicher Anwendung reicht eine VitaCig Sleep f\u00fcr ca. 4-5 Wochen!<\/p>\n<p><strong>Zutaten:<\/strong> Vitamin A, Vitamin B2, Vitamin B6, Vitamin B12, Eucalyptus Oil, Peppermint Oil, Spearmint Oil, MaxVG, Distilled Water.<\/p>\n<p><strong>Wie aufbewahren:<\/strong> Wir empfehlen, den VitaCig Aroma Disposable Inhaler vor direkter Sonneneinstrahlung, Hitze und Feuchtigkeit zu lagern, da dies die Batterielebensdauer und Leistung erheblich beeintr\u00e4chtigen kann. Wir empfehlen au\u00dferdem, die Silikonkappen immer zu verwenden, wenn Sie den Inhalator nicht benutzen. Dies verhindert die Verdunstung und den Verbrauch von Fl\u00fcssigkeiten.<\/p>","protected":false},"featured_media":25022,"comment_status":"open","ping_status":"closed","template":"","meta":{"inline_featured_image":false},"product_cat":[160,110],"product_tag":[],"class_list":["post-25020","product","type-product","status-publish","has-post-thumbnail","hentry","product_brand-vitacig","product_cat-vitamin","product_cat-vape"],"acf":[],"yoast_head":"<!-- This site is optimized with the Yoast SEO Premium plugin v20.11 (Yoast SEO v20.11) - https:\/\/yoast.com\/wordpress\/plugins\/seo\/ -->\n<title>VitaCig Max Menthol Inhaler - HotSmoke<\/title>\n<meta name=\"robots\" content=\"index, follow, max-snippet:-1, max-image-preview:large, max-video-preview:-1\" \/>\n<link rel=\"canonical\" href=\"https:\/\/hotsmoke.eu\/de\/shop\/vape\/vitacig-max-menthol-inhaler\/\" \/>\n<meta property=\"og:locale\" content=\"de_DE\" \/>\n<meta property=\"og:type\" content=\"article\" \/>\n<meta property=\"og:title\" content=\"VitaCig Max Menthol Inhaler\" \/>\n<meta property=\"og:description\" content=\"ABOUT INHALER VitaCig Max Menthol Inhaler. VitaCig Max Menthol aromatherapy device brings powerful arctic mint aroma, gives you that refreshing lift you need to get through the day. VitaCig Max Menthol Aroma Inhaler acts as the perfect natural minty freshener for your breathe and mind. Breathe in through your mouth, not necessarily letting it go into your lungs, but exhale through your nose.  No nicotine and tobacco free.  Scent: Intense Fresh, Very Minty, Cool, Bright.  Properties: Tonic, Refreshing, Clearing, Restorative.  DO NOT operate heavy machinery or drive while using this product. Depending on the user, there are about 300 breaths. If used nightly, one VitaCig Sleep lasts approximately 4-5 weeks!  Ingredients: Vitamin A, Vitamin B2, Vitamin B6, Vitamin B12, Eucalyptus Oil, Peppermint Oil, Spearmint Oil, MaxVG, Distilled Water.  How to store: We recommend that you store the VitaCig Aroma Disposable Inhaler away from direct sunlight, heat and moisture, as this can significantly affect battery life and performance. We also recommend that you always use the silicone end caps when you are not using the inhaler. This will prevent evaporation and depletion of fluids.\" \/>\n<meta property=\"og:url\" content=\"https:\/\/hotsmoke.eu\/de\/shop\/vape\/vitacig-max-menthol-inhaler\/\" \/>\n<meta property=\"og:site_name\" content=\"HotSmoke\" \/>\n<meta property=\"article:publisher\" content=\"https:\/\/www.facebook.com\/hotsmoke.eu\" \/>\n<meta property=\"article:modified_time\" content=\"2026-01-27T23:22:03+00:00\" \/>\n<meta property=\"og:image\" content=\"https:\/\/hotsmoke.eu\/wp-content\/uploads\/2024\/04\/vitacig-max-menthol-inhaler-hotsmoke.eu_.webp\" \/>\n\t<meta property=\"og:image:width\" content=\"1080\" \/>\n\t<meta property=\"og:image:height\" content=\"1080\" \/>\n\t<meta property=\"og:image:type\" content=\"image\/webp\" \/>\n<meta name=\"twitter:card\" content=\"summary_large_image\" \/>\n<meta name=\"twitter:site\" content=\"@HotSmokeoffici1\" \/>\n<meta name=\"twitter:label1\" content=\"Preis\" \/>\n\t<meta name=\"twitter:data1\" content=\"19.99&euro;\" \/>\n\t<meta name=\"twitter:label2\" content=\"Availability\" \/>\n\t<meta name=\"twitter:data2\" content=\"In stock\" \/>\n<script type=\"application\/ld+json\" class=\"yoast-schema-graph\">{\"@context\":\"https:\/\/schema.org\",\"@graph\":[{\"@type\":[\"WebPage\",\"ItemPage\"],\"@id\":\"https:\/\/hotsmoke.eu\/shop\/vape\/vitacig-max-menthol-inhaler\/\",\"url\":\"https:\/\/hotsmoke.eu\/shop\/vape\/vitacig-max-menthol-inhaler\/\",\"name\":\"VitaCig Max Menthol Inhaler - HotSmoke\",\"isPartOf\":{\"@id\":\"https:\/\/hotsmoke.eu\/#website\"},\"datePublished\":\"2024-04-16T11:56:11+00:00\",\"dateModified\":\"2026-01-27T23:22:03+00:00\",\"breadcrumb\":{\"@id\":\"https:\/\/hotsmoke.eu\/shop\/vape\/vitacig-max-menthol-inhaler\/#breadcrumb\"},\"inLanguage\":\"de\",\"potentialAction\":[{\"@type\":\"ReadAction\",\"target\":[\"https:\/\/hotsmoke.eu\/shop\/vape\/vitacig-max-menthol-inhaler\/\"]}]},{\"@type\":\"BreadcrumbList\",\"@id\":\"https:\/\/hotsmoke.eu\/shop\/vape\/vitacig-max-menthol-inhaler\/#breadcrumb\",\"itemListElement\":[{\"@type\":\"ListItem\",\"position\":1,\"name\":\"Home\",\"item\":\"https:\/\/hotsmoke.eu\/\"},{\"@type\":\"ListItem\",\"position\":2,\"name\":\"HeatSticks And Heat Not Burn Store\",\"item\":\"https:\/\/hotsmoke.eu\/shop\/\"},{\"@type\":\"ListItem\",\"position\":3,\"name\":\"VitaCig Max Menthol Inhaler\"}]},{\"@type\":\"WebSite\",\"@id\":\"https:\/\/hotsmoke.eu\/#website\",\"url\":\"https:\/\/hotsmoke.eu\/\",\"name\":\"HotSmoke\",\"description\":\"Heat Not Burn Heating Cigarettes Devices Shop | HotSmoke\",\"publisher\":{\"@id\":\"https:\/\/hotsmoke.eu\/#organization\"},\"alternateName\":\"hotsmoke\",\"potentialAction\":[{\"@type\":\"SearchAction\",\"target\":{\"@type\":\"EntryPoint\",\"urlTemplate\":\"https:\/\/hotsmoke.eu\/?s={search_term_string}\"},\"query-input\":\"required name=search_term_string\"}],\"inLanguage\":\"de\"},{\"@type\":[\"Organization\",\"Place\",\"Store\"],\"@id\":\"https:\/\/hotsmoke.eu\/#organization\",\"name\":\"HotSmoke\",\"alternateName\":\"Hot Smoke\",\"url\":\"https:\/\/hotsmoke.eu\/\",\"logo\":{\"@id\":\"https:\/\/hotsmoke.eu\/shop\/vape\/vitacig-max-menthol-inhaler\/#local-main-organization-logo\"},\"image\":{\"@id\":\"https:\/\/hotsmoke.eu\/shop\/vape\/vitacig-max-menthol-inhaler\/#local-main-organization-logo\"},\"sameAs\":[\"https:\/\/www.facebook.com\/hotsmoke.eu\",\"https:\/\/twitter.com\/HotSmokeoffici1\"],\"publishingPrinciples\":\"https:\/\/hotsmoke.eu\/heat-not-burn-electronic-cigarettes\/\",\"ownershipFundingInfo\":\"https:\/\/hotsmoke.eu\/terms-conditions\/\",\"actionableFeedbackPolicy\":\"https:\/\/hotsmoke.eu\/privacy-policy\/\",\"correctionsPolicy\":\"https:\/\/hotsmoke.eu\/privacy-policy\/\",\"ethicsPolicy\":\"https:\/\/hotsmoke.eu\/privacy-policy\/\",\"diversityPolicy\":\"https:\/\/hotsmoke.eu\/privacy-policy\/\",\"diversityStaffingReport\":\"https:\/\/hotsmoke.eu\/shipping-warranty\/\",\"address\":{\"@id\":\"https:\/\/hotsmoke.eu\/shop\/vape\/vitacig-max-menthol-inhaler\/#local-main-place-address\"},\"geo\":{\"@type\":\"GeoCoordinates\",\"latitude\":\"54.8733992\",\"longitude\":\"23.9492982\"},\"telephone\":[\"+37068673611\"],\"openingHoursSpecification\":[{\"@type\":\"OpeningHoursSpecification\",\"dayOfWeek\":[\"Monday\",\"Tuesday\",\"Wednesday\",\"Thursday\",\"Friday\"],\"opens\":\"10:00\",\"closes\":\"17:00\"},{\"@type\":\"OpeningHoursSpecification\",\"dayOfWeek\":[\"Saturday\",\"Sunday\"],\"opens\":\"00:00\",\"closes\":\"00:00\"}],\"email\":\"info@hotsmoke.eu\",\"areaServed\":\"Lithuania\",\"vatID\":\"LT100013495416\",\"priceRange\":\"$$\",\"currenciesAccepted\":\"Euro\",\"paymentAccepted\":\"Visa, mastercard\"},{\"@type\":\"PostalAddress\",\"@id\":\"https:\/\/hotsmoke.eu\/shop\/vape\/vitacig-max-menthol-inhaler\/#local-main-place-address\",\"streetAddress\":\"L.Ivinskio 18a, L.Ivinskio 18a\",\"addressLocality\":\"Kaunas\",\"postalCode\":\"45151\",\"addressRegion\":\"Lithuania\",\"addressCountry\":\"LT\"},{\"@type\":\"ImageObject\",\"inLanguage\":\"de\",\"@id\":\"https:\/\/hotsmoke.eu\/shop\/vape\/vitacig-max-menthol-inhaler\/#local-main-organization-logo\",\"url\":\"https:\/\/hotsmoke.eu\/wp-content\/uploads\/2022\/12\/hs_black.svg\",\"contentUrl\":\"https:\/\/hotsmoke.eu\/wp-content\/uploads\/2022\/12\/hs_black.svg\",\"caption\":\"HotSmoke\"}]}<\/script>\n<meta name=\"geo.placename\" content=\"Kaunas\" \/>\n<meta name=\"geo.position\" content=\"54.8733992;23.9492982\" \/>\n<meta name=\"geo.region\" content=\"Litauen\" \/>\n<!-- \/ Yoast SEO Premium plugin. -->","yoast_head_json":{"title":"VitaCig Max Menthol Inhaler - HotSmoke","robots":{"index":"index","follow":"follow","max-snippet":"max-snippet:-1","max-image-preview":"max-image-preview:large","max-video-preview":"max-video-preview:-1"},"canonical":"https:\/\/hotsmoke.eu\/de\/shop\/vape\/vitacig-max-menthol-inhaler\/","og_locale":"de_DE","og_type":"article","og_title":"VitaCig Max Menthol Inhaler","og_description":"ABOUT INHALER VitaCig Max Menthol Inhaler. VitaCig Max Menthol aromatherapy device brings powerful arctic mint aroma, gives you that refreshing lift you need to get through the day. VitaCig Max Menthol Aroma Inhaler acts as the perfect natural minty freshener for your breathe and mind. Breathe in through your mouth, not necessarily letting it go into your lungs, but exhale through your nose.  No nicotine and tobacco free.  Scent: Intense Fresh, Very Minty, Cool, Bright.  Properties: Tonic, Refreshing, Clearing, Restorative.  DO NOT operate heavy machinery or drive while using this product. Depending on the user, there are about 300 breaths. If used nightly, one VitaCig Sleep lasts approximately 4-5 weeks!  Ingredients: Vitamin A, Vitamin B2, Vitamin B6, Vitamin B12, Eucalyptus Oil, Peppermint Oil, Spearmint Oil, MaxVG, Distilled Water.  How to store: We recommend that you store the VitaCig Aroma Disposable Inhaler away from direct sunlight, heat and moisture, as this can significantly affect battery life and performance. We also recommend that you always use the silicone end caps when you are not using the inhaler. This will prevent evaporation and depletion of fluids.","og_url":"https:\/\/hotsmoke.eu\/de\/shop\/vape\/vitacig-max-menthol-inhaler\/","og_site_name":"HotSmoke","article_publisher":"https:\/\/www.facebook.com\/hotsmoke.eu","article_modified_time":"2026-01-27T23:22:03+00:00","og_image":[{"width":1080,"height":1080,"url":"https:\/\/hotsmoke.eu\/wp-content\/uploads\/2024\/04\/vitacig-max-menthol-inhaler-hotsmoke.eu_.webp","type":"image\/webp"}],"twitter_card":"summary_large_image","twitter_site":"@HotSmokeoffici1","twitter_misc":{"Preis":"19.99&euro;","Availability":"In stock"},"schema":{"@context":"https:\/\/schema.org","@graph":[{"@type":["WebPage","ItemPage"],"@id":"https:\/\/hotsmoke.eu\/shop\/vape\/vitacig-max-menthol-inhaler\/","url":"https:\/\/hotsmoke.eu\/shop\/vape\/vitacig-max-menthol-inhaler\/","name":"VitaCig Max Menthol Inhaler - HotSmoke","isPartOf":{"@id":"https:\/\/hotsmoke.eu\/#website"},"datePublished":"2024-04-16T11:56:11+00:00","dateModified":"2026-01-27T23:22:03+00:00","breadcrumb":{"@id":"https:\/\/hotsmoke.eu\/shop\/vape\/vitacig-max-menthol-inhaler\/#breadcrumb"},"inLanguage":"de","potentialAction":[{"@type":"ReadAction","target":["https:\/\/hotsmoke.eu\/shop\/vape\/vitacig-max-menthol-inhaler\/"]}]},{"@type":"BreadcrumbList","@id":"https:\/\/hotsmoke.eu\/shop\/vape\/vitacig-max-menthol-inhaler\/#breadcrumb","itemListElement":[{"@type":"ListItem","position":1,"name":"Home","item":"https:\/\/hotsmoke.eu\/"},{"@type":"ListItem","position":2,"name":"HeatSticks And Heat Not Burn Store","item":"https:\/\/hotsmoke.eu\/shop\/"},{"@type":"ListItem","position":3,"name":"VitaCig Max Menthol Inhaler"}]},{"@type":"WebSite","@id":"https:\/\/hotsmoke.eu\/#website","url":"https:\/\/hotsmoke.eu\/","name":"Hei\u00dfer Rauch","description":"Heat Not Burn Heizzigaretten Ger\u00e4te Shop | HotSmoke","publisher":{"@id":"https:\/\/hotsmoke.eu\/#organization"},"alternateName":"hotsmoke","potentialAction":[{"@type":"SearchAction","target":{"@type":"EntryPoint","urlTemplate":"https:\/\/hotsmoke.eu\/?s={search_term_string}"},"query-input":"required name=search_term_string"}],"inLanguage":"de"},{"@type":["Organization","Place","Store"],"@id":"https:\/\/hotsmoke.eu\/#organization","name":"Hei\u00dfer Rauch","alternateName":"Hot Smoke","url":"https:\/\/hotsmoke.eu\/","logo":{"@id":"https:\/\/hotsmoke.eu\/shop\/vape\/vitacig-max-menthol-inhaler\/#local-main-organization-logo"},"image":{"@id":"https:\/\/hotsmoke.eu\/shop\/vape\/vitacig-max-menthol-inhaler\/#local-main-organization-logo"},"sameAs":["https:\/\/www.facebook.com\/hotsmoke.eu","https:\/\/twitter.com\/HotSmokeoffici1"],"publishingPrinciples":"https:\/\/hotsmoke.eu\/heat-not-burn-electronic-cigarettes\/","ownershipFundingInfo":"https:\/\/hotsmoke.eu\/terms-conditions\/","actionableFeedbackPolicy":"https:\/\/hotsmoke.eu\/privacy-policy\/","correctionsPolicy":"https:\/\/hotsmoke.eu\/privacy-policy\/","ethicsPolicy":"https:\/\/hotsmoke.eu\/privacy-policy\/","diversityPolicy":"https:\/\/hotsmoke.eu\/privacy-policy\/","diversityStaffingReport":"https:\/\/hotsmoke.eu\/shipping-warranty\/","address":{"@id":"https:\/\/hotsmoke.eu\/shop\/vape\/vitacig-max-menthol-inhaler\/#local-main-place-address"},"geo":{"@type":"GeoCoordinates","latitude":"54.8733992","longitude":"23.9492982"},"telephone":["+37068673611"],"openingHoursSpecification":[{"@type":"OpeningHoursSpecification","dayOfWeek":["Monday","Tuesday","Wednesday","Thursday","Friday"],"opens":"10:00","closes":"17:00"},{"@type":"OpeningHoursSpecification","dayOfWeek":["Saturday","Sunday"],"opens":"00:00","closes":"00:00"}],"email":"info@hotsmoke.eu","areaServed":"Lithuania","vatID":"LT100013495416","priceRange":"$$","currenciesAccepted":"Euro","paymentAccepted":"Visa, mastercard"},{"@type":"PostalAddress","@id":"https:\/\/hotsmoke.eu\/shop\/vape\/vitacig-max-menthol-inhaler\/#local-main-place-address","streetAddress":"L.Ivinskio 18a, L.Ivinskio 18a","addressLocality":"Kaunas","postalCode":"45151","addressRegion":"Lithuania","addressCountry":"LT"},{"@type":"ImageObject","inLanguage":"de","@id":"https:\/\/hotsmoke.eu\/shop\/vape\/vitacig-max-menthol-inhaler\/#local-main-organization-logo","url":"https:\/\/hotsmoke.eu\/wp-content\/uploads\/2022\/12\/hs_black.svg","contentUrl":"https:\/\/hotsmoke.eu\/wp-content\/uploads\/2022\/12\/hs_black.svg","caption":"HotSmoke"}]},"geo.placename":"Kaunas","geo.position":{"lat":"54.8733992","long":"23.9492982"},"geo.region":"Litauen"},"_links":{"self":[{"href":"https:\/\/hotsmoke.eu\/de\/wp-json\/wp\/v2\/product\/25020","targetHints":{"allow":["GET"]}}],"collection":[{"href":"https:\/\/hotsmoke.eu\/de\/wp-json\/wp\/v2\/product"}],"about":[{"href":"https:\/\/hotsmoke.eu\/de\/wp-json\/wp\/v2\/types\/product"}],"replies":[{"embeddable":true,"href":"https:\/\/hotsmoke.eu\/de\/wp-json\/wp\/v2\/comments?post=25020"}],"wp:featuredmedia":[{"embeddable":true,"href":"https:\/\/hotsmoke.eu\/de\/wp-json\/wp\/v2\/media\/25022"}],"wp:attachment":[{"href":"https:\/\/hotsmoke.eu\/de\/wp-json\/wp\/v2\/media?parent=25020"}],"wp:term":[{"taxonomy":"product_cat","embeddable":true,"href":"https:\/\/hotsmoke.eu\/de\/wp-json\/wp\/v2\/product_cat?post=25020"},{"taxonomy":"product_tag","embeddable":true,"href":"https:\/\/hotsmoke.eu\/de\/wp-json\/wp\/v2\/product_tag?post=25020"}],"curies":[{"name":"wp","href":"https:\/\/api.w.org\/{rel}","templated":true}]}}