{"id":25013,"date":"2024-04-16T11:35:53","date_gmt":"2024-04-16T11:35:53","guid":{"rendered":"https:\/\/hotsmoke.eu\/?post_type=product&#038;p=25013"},"modified":"2026-01-27T23:22:08","modified_gmt":"2026-01-27T23:22:08","slug":"vitacig-schlaf-inhalator","status":"publish","type":"product","link":"https:\/\/hotsmoke.eu\/de\/shop\/vape\/vitacig-sleep-inhaler\/","title":{"rendered":"VitaCig Schlaf-Inhalator"},"content":{"rendered":"","protected":false},"excerpt":{"rendered":"<h2>\u00dcBER INHALATOR<\/h2>\n<p>VitaCig Sleep Inhaler. Der Vitacig Sleep S-Edition Aroma Inhaler kombiniert das beruhigende Aroma von Lavendel mit einem Hauch von Vanille. Das VitaCig Sleep Aroma Ger\u00e4t ist f\u00fcr die Anwendung gedacht, wenn Sie bereit sind, sich zu entspannen, zu meditieren, zur Ruhe zu kommen oder schlafen zu gehen. Extrakte aus Baldrian, Zitrone und Neroli\u00f6l helfen, die Wirkung zu verst\u00e4rken. Schlafmangel schw\u00e4cht Ihr Immunsystem, verlangsamt Ihre Reaktionszeit und macht Sie anf\u00e4lliger f\u00fcr Depressionen, Angstzust\u00e4nde und schlechte Laune. Atmen Sie durch den Mund ein, lassen Sie es nicht unbedingt in Ihre Lungen, und atmen Sie durch die Nase aus.<\/p>\n<p><strong>Nikotinfrei und tabakfrei.<\/strong><\/p>\n<p><strong>Duft<\/strong> blumig, leicht, mild, leicht holzig.<\/p>\n<p><strong>Eigenschaften<\/strong> beruhigend, lindernd, ausgleichend, wiederherstellend<\/p>\n<p><strong>NICHT<\/strong> Bedienen Sie schwere Maschinen oder fahren Sie Auto, w\u00e4hrend Sie dieses Produkt verwenden. Je nach Anwender reichen etwa 300 Z\u00fcge. Bei n\u00e4chtlicher Anwendung reicht eine VitaCig Sleep f\u00fcr ca. 4-5 Wochen!<\/p>\n<p><strong>Zutaten:<\/strong> Vitamin A, Vitamin B2, Vitamin B6, Vitamin B12, Vanilleextrakt, Baldrian\u00f6l, Neroli\u00f6l, Lavendel\u00f6l, Zitronen\u00f6l, Melatonin, MaxVG, destilliertes Wasser.<\/p>\n<p><strong>Wie aufbewahren:<\/strong> Wir empfehlen, den VitaCig Aroma Disposable Inhaler vor direkter Sonneneinstrahlung, Hitze und Feuchtigkeit zu lagern, da dies die Batterielebensdauer und Leistung erheblich beeintr\u00e4chtigen kann. Wir empfehlen au\u00dferdem, die Silikonkappen immer zu verwenden, wenn Sie den Inhalator nicht benutzen. Dies verhindert die Verdunstung und den Verbrauch von Fl\u00fcssigkeiten.<\/p>","protected":false},"featured_media":25015,"comment_status":"open","ping_status":"closed","template":"","meta":{"inline_featured_image":false},"product_cat":[160,110],"product_tag":[],"class_list":["post-25013","product","type-product","status-publish","has-post-thumbnail","hentry","product_brand-vitacig","product_cat-vitamin","product_cat-vape"],"acf":[],"yoast_head":"<!-- This site is optimized with the Yoast SEO Premium plugin v20.11 (Yoast SEO v20.11) - https:\/\/yoast.com\/wordpress\/plugins\/seo\/ -->\n<title>VitaCig Sleep Inhaler - HotSmoke<\/title>\n<meta name=\"robots\" content=\"index, follow, max-snippet:-1, max-image-preview:large, max-video-preview:-1\" \/>\n<link rel=\"canonical\" href=\"https:\/\/hotsmoke.eu\/de\/shop\/vape\/vitacig-schlaf-inhalator\/\" \/>\n<meta property=\"og:locale\" content=\"de_DE\" \/>\n<meta property=\"og:type\" content=\"article\" \/>\n<meta property=\"og:title\" content=\"VitaCig Sleep Inhaler\" \/>\n<meta property=\"og:description\" content=\"ABOUT INHALER VitaCig Sleep Inhaler. Vitacig Sleep S-Edition Aroma Inhaler combines the soothing aroma of lavender with a hint of vanilla. The VitaCig Sleep Aroma device is designed to be used when you are ready to relax, meditate, relax or go to sleep. Extracts of valerian, lemon and neroli oil help to enhance the effect. Lack of sleep weakens your immune system, slows your reaction time, and makes you more prone to depression, anxiety, and low mood. Breathe in through your mouth, not necessarily letting it go into your lungs, but exhale through your nose.  No nicotine and tobacco free.  Scent: floral, light, mild, slightly woody.  Properties: comforting, soothing, balancing, restorative  DO NOT operate heavy machinery or drive while using this product. Depending on the user, there are about 300 breaths. If used nightly, one VitaCig Sleep lasts approximately 4-5 weeks!  Ingredients: vitamin A, vitamin B2, vitamin B6, vitamin B12, vanilla extract, valerian oil, neroli oil, lavender oil, lemon oil, melatonin, MaxVG, distilled water.  How to store: We recommend that you store the VitaCig Aroma Disposable Inhaler away from direct sunlight, heat and moisture, as this can significantly affect battery life and performance. We also recommend that you always use the silicone end caps when you are not using the inhaler. This will prevent evaporation and depletion of fluids.\" \/>\n<meta property=\"og:url\" content=\"https:\/\/hotsmoke.eu\/de\/shop\/vape\/vitacig-schlaf-inhalator\/\" \/>\n<meta property=\"og:site_name\" content=\"HotSmoke\" \/>\n<meta property=\"article:publisher\" content=\"https:\/\/www.facebook.com\/hotsmoke.eu\" \/>\n<meta property=\"article:modified_time\" content=\"2026-01-27T23:22:08+00:00\" \/>\n<meta property=\"og:image\" content=\"https:\/\/hotsmoke.eu\/wp-content\/uploads\/2024\/04\/vitacig-sleep-inhaler-hotsmoke.eu-_1_.webp\" \/>\n\t<meta property=\"og:image:width\" content=\"1080\" \/>\n\t<meta property=\"og:image:height\" content=\"1080\" \/>\n\t<meta property=\"og:image:type\" content=\"image\/webp\" \/>\n<meta name=\"twitter:card\" content=\"summary_large_image\" \/>\n<meta name=\"twitter:site\" content=\"@HotSmokeoffici1\" \/>\n<meta name=\"twitter:label1\" content=\"Preis\" \/>\n\t<meta name=\"twitter:data1\" content=\"19.99&euro;\" \/>\n\t<meta name=\"twitter:label2\" content=\"Availability\" \/>\n\t<meta name=\"twitter:data2\" content=\"In stock\" \/>\n<script type=\"application\/ld+json\" class=\"yoast-schema-graph\">{\"@context\":\"https:\/\/schema.org\",\"@graph\":[{\"@type\":[\"WebPage\",\"ItemPage\"],\"@id\":\"https:\/\/hotsmoke.eu\/shop\/vape\/vitacig-sleep-inhaler\/\",\"url\":\"https:\/\/hotsmoke.eu\/shop\/vape\/vitacig-sleep-inhaler\/\",\"name\":\"VitaCig Sleep Inhaler - HotSmoke\",\"isPartOf\":{\"@id\":\"https:\/\/hotsmoke.eu\/#website\"},\"datePublished\":\"2024-04-16T11:35:53+00:00\",\"dateModified\":\"2026-01-27T23:22:08+00:00\",\"breadcrumb\":{\"@id\":\"https:\/\/hotsmoke.eu\/shop\/vape\/vitacig-sleep-inhaler\/#breadcrumb\"},\"inLanguage\":\"de\",\"potentialAction\":[{\"@type\":\"ReadAction\",\"target\":[\"https:\/\/hotsmoke.eu\/shop\/vape\/vitacig-sleep-inhaler\/\"]}]},{\"@type\":\"BreadcrumbList\",\"@id\":\"https:\/\/hotsmoke.eu\/shop\/vape\/vitacig-sleep-inhaler\/#breadcrumb\",\"itemListElement\":[{\"@type\":\"ListItem\",\"position\":1,\"name\":\"Home\",\"item\":\"https:\/\/hotsmoke.eu\/\"},{\"@type\":\"ListItem\",\"position\":2,\"name\":\"HeatSticks And Heat Not Burn Store\",\"item\":\"https:\/\/hotsmoke.eu\/shop\/\"},{\"@type\":\"ListItem\",\"position\":3,\"name\":\"VitaCig Sleep Inhaler\"}]},{\"@type\":\"WebSite\",\"@id\":\"https:\/\/hotsmoke.eu\/#website\",\"url\":\"https:\/\/hotsmoke.eu\/\",\"name\":\"HotSmoke\",\"description\":\"Heat Not Burn Heating Cigarettes Devices Shop | HotSmoke\",\"publisher\":{\"@id\":\"https:\/\/hotsmoke.eu\/#organization\"},\"alternateName\":\"hotsmoke\",\"potentialAction\":[{\"@type\":\"SearchAction\",\"target\":{\"@type\":\"EntryPoint\",\"urlTemplate\":\"https:\/\/hotsmoke.eu\/?s={search_term_string}\"},\"query-input\":\"required name=search_term_string\"}],\"inLanguage\":\"de\"},{\"@type\":[\"Organization\",\"Place\",\"Store\"],\"@id\":\"https:\/\/hotsmoke.eu\/#organization\",\"name\":\"HotSmoke\",\"alternateName\":\"Hot Smoke\",\"url\":\"https:\/\/hotsmoke.eu\/\",\"logo\":{\"@id\":\"https:\/\/hotsmoke.eu\/shop\/vape\/vitacig-sleep-inhaler\/#local-main-organization-logo\"},\"image\":{\"@id\":\"https:\/\/hotsmoke.eu\/shop\/vape\/vitacig-sleep-inhaler\/#local-main-organization-logo\"},\"sameAs\":[\"https:\/\/www.facebook.com\/hotsmoke.eu\",\"https:\/\/twitter.com\/HotSmokeoffici1\"],\"publishingPrinciples\":\"https:\/\/hotsmoke.eu\/heat-not-burn-electronic-cigarettes\/\",\"ownershipFundingInfo\":\"https:\/\/hotsmoke.eu\/terms-conditions\/\",\"actionableFeedbackPolicy\":\"https:\/\/hotsmoke.eu\/privacy-policy\/\",\"correctionsPolicy\":\"https:\/\/hotsmoke.eu\/privacy-policy\/\",\"ethicsPolicy\":\"https:\/\/hotsmoke.eu\/privacy-policy\/\",\"diversityPolicy\":\"https:\/\/hotsmoke.eu\/privacy-policy\/\",\"diversityStaffingReport\":\"https:\/\/hotsmoke.eu\/shipping-warranty\/\",\"address\":{\"@id\":\"https:\/\/hotsmoke.eu\/shop\/vape\/vitacig-sleep-inhaler\/#local-main-place-address\"},\"geo\":{\"@type\":\"GeoCoordinates\",\"latitude\":\"54.8733992\",\"longitude\":\"23.9492982\"},\"telephone\":[\"+37068673611\"],\"openingHoursSpecification\":[{\"@type\":\"OpeningHoursSpecification\",\"dayOfWeek\":[\"Monday\",\"Tuesday\",\"Wednesday\",\"Thursday\",\"Friday\"],\"opens\":\"10:00\",\"closes\":\"17:00\"},{\"@type\":\"OpeningHoursSpecification\",\"dayOfWeek\":[\"Saturday\",\"Sunday\"],\"opens\":\"00:00\",\"closes\":\"00:00\"}],\"email\":\"info@hotsmoke.eu\",\"areaServed\":\"Lithuania\",\"vatID\":\"LT100013495416\",\"priceRange\":\"$$\",\"currenciesAccepted\":\"Euro\",\"paymentAccepted\":\"Visa, mastercard\"},{\"@type\":\"PostalAddress\",\"@id\":\"https:\/\/hotsmoke.eu\/shop\/vape\/vitacig-sleep-inhaler\/#local-main-place-address\",\"streetAddress\":\"L.Ivinskio 18a, L.Ivinskio 18a\",\"addressLocality\":\"Kaunas\",\"postalCode\":\"45151\",\"addressRegion\":\"Lithuania\",\"addressCountry\":\"LT\"},{\"@type\":\"ImageObject\",\"inLanguage\":\"de\",\"@id\":\"https:\/\/hotsmoke.eu\/shop\/vape\/vitacig-sleep-inhaler\/#local-main-organization-logo\",\"url\":\"https:\/\/hotsmoke.eu\/wp-content\/uploads\/2022\/12\/hs_black.svg\",\"contentUrl\":\"https:\/\/hotsmoke.eu\/wp-content\/uploads\/2022\/12\/hs_black.svg\",\"caption\":\"HotSmoke\"}]}<\/script>\n<meta name=\"geo.placename\" content=\"Kaunas\" \/>\n<meta name=\"geo.position\" content=\"54.8733992;23.9492982\" \/>\n<meta name=\"geo.region\" content=\"Litauen\" \/>\n<!-- \/ Yoast SEO Premium plugin. -->","yoast_head_json":{"title":"VitaCig Sleep Inhaler - HotSmoke","robots":{"index":"index","follow":"follow","max-snippet":"max-snippet:-1","max-image-preview":"max-image-preview:large","max-video-preview":"max-video-preview:-1"},"canonical":"https:\/\/hotsmoke.eu\/de\/shop\/vape\/vitacig-schlaf-inhalator\/","og_locale":"de_DE","og_type":"article","og_title":"VitaCig Sleep Inhaler","og_description":"ABOUT INHALER VitaCig Sleep Inhaler. Vitacig Sleep S-Edition Aroma Inhaler combines the soothing aroma of lavender with a hint of vanilla. The VitaCig Sleep Aroma device is designed to be used when you are ready to relax, meditate, relax or go to sleep. Extracts of valerian, lemon and neroli oil help to enhance the effect. Lack of sleep weakens your immune system, slows your reaction time, and makes you more prone to depression, anxiety, and low mood. Breathe in through your mouth, not necessarily letting it go into your lungs, but exhale through your nose.  No nicotine and tobacco free.  Scent: floral, light, mild, slightly woody.  Properties: comforting, soothing, balancing, restorative  DO NOT operate heavy machinery or drive while using this product. Depending on the user, there are about 300 breaths. If used nightly, one VitaCig Sleep lasts approximately 4-5 weeks!  Ingredients: vitamin A, vitamin B2, vitamin B6, vitamin B12, vanilla extract, valerian oil, neroli oil, lavender oil, lemon oil, melatonin, MaxVG, distilled water.  How to store: We recommend that you store the VitaCig Aroma Disposable Inhaler away from direct sunlight, heat and moisture, as this can significantly affect battery life and performance. We also recommend that you always use the silicone end caps when you are not using the inhaler. This will prevent evaporation and depletion of fluids.","og_url":"https:\/\/hotsmoke.eu\/de\/shop\/vape\/vitacig-schlaf-inhalator\/","og_site_name":"HotSmoke","article_publisher":"https:\/\/www.facebook.com\/hotsmoke.eu","article_modified_time":"2026-01-27T23:22:08+00:00","og_image":[{"width":1080,"height":1080,"url":"https:\/\/hotsmoke.eu\/wp-content\/uploads\/2024\/04\/vitacig-sleep-inhaler-hotsmoke.eu-_1_.webp","type":"image\/webp"}],"twitter_card":"summary_large_image","twitter_site":"@HotSmokeoffici1","twitter_misc":{"Preis":"19.99&euro;","Availability":"In stock"},"schema":{"@context":"https:\/\/schema.org","@graph":[{"@type":["WebPage","ItemPage"],"@id":"https:\/\/hotsmoke.eu\/shop\/vape\/vitacig-sleep-inhaler\/","url":"https:\/\/hotsmoke.eu\/shop\/vape\/vitacig-sleep-inhaler\/","name":"VitaCig Sleep Inhaler - HotSmoke","isPartOf":{"@id":"https:\/\/hotsmoke.eu\/#website"},"datePublished":"2024-04-16T11:35:53+00:00","dateModified":"2026-01-27T23:22:08+00:00","breadcrumb":{"@id":"https:\/\/hotsmoke.eu\/shop\/vape\/vitacig-sleep-inhaler\/#breadcrumb"},"inLanguage":"de","potentialAction":[{"@type":"ReadAction","target":["https:\/\/hotsmoke.eu\/shop\/vape\/vitacig-sleep-inhaler\/"]}]},{"@type":"BreadcrumbList","@id":"https:\/\/hotsmoke.eu\/shop\/vape\/vitacig-sleep-inhaler\/#breadcrumb","itemListElement":[{"@type":"ListItem","position":1,"name":"Home","item":"https:\/\/hotsmoke.eu\/"},{"@type":"ListItem","position":2,"name":"HeatSticks And Heat Not Burn Store","item":"https:\/\/hotsmoke.eu\/shop\/"},{"@type":"ListItem","position":3,"name":"VitaCig Sleep Inhaler"}]},{"@type":"WebSite","@id":"https:\/\/hotsmoke.eu\/#website","url":"https:\/\/hotsmoke.eu\/","name":"Hei\u00dfer Rauch","description":"Heat Not Burn Heizzigaretten Ger\u00e4te Shop | HotSmoke","publisher":{"@id":"https:\/\/hotsmoke.eu\/#organization"},"alternateName":"hotsmoke","potentialAction":[{"@type":"SearchAction","target":{"@type":"EntryPoint","urlTemplate":"https:\/\/hotsmoke.eu\/?s={search_term_string}"},"query-input":"required name=search_term_string"}],"inLanguage":"de"},{"@type":["Organization","Place","Store"],"@id":"https:\/\/hotsmoke.eu\/#organization","name":"Hei\u00dfer Rauch","alternateName":"Hot Smoke","url":"https:\/\/hotsmoke.eu\/","logo":{"@id":"https:\/\/hotsmoke.eu\/shop\/vape\/vitacig-sleep-inhaler\/#local-main-organization-logo"},"image":{"@id":"https:\/\/hotsmoke.eu\/shop\/vape\/vitacig-sleep-inhaler\/#local-main-organization-logo"},"sameAs":["https:\/\/www.facebook.com\/hotsmoke.eu","https:\/\/twitter.com\/HotSmokeoffici1"],"publishingPrinciples":"https:\/\/hotsmoke.eu\/heat-not-burn-electronic-cigarettes\/","ownershipFundingInfo":"https:\/\/hotsmoke.eu\/terms-conditions\/","actionableFeedbackPolicy":"https:\/\/hotsmoke.eu\/privacy-policy\/","correctionsPolicy":"https:\/\/hotsmoke.eu\/privacy-policy\/","ethicsPolicy":"https:\/\/hotsmoke.eu\/privacy-policy\/","diversityPolicy":"https:\/\/hotsmoke.eu\/privacy-policy\/","diversityStaffingReport":"https:\/\/hotsmoke.eu\/shipping-warranty\/","address":{"@id":"https:\/\/hotsmoke.eu\/shop\/vape\/vitacig-sleep-inhaler\/#local-main-place-address"},"geo":{"@type":"GeoCoordinates","latitude":"54.8733992","longitude":"23.9492982"},"telephone":["+37068673611"],"openingHoursSpecification":[{"@type":"OpeningHoursSpecification","dayOfWeek":["Monday","Tuesday","Wednesday","Thursday","Friday"],"opens":"10:00","closes":"17:00"},{"@type":"OpeningHoursSpecification","dayOfWeek":["Saturday","Sunday"],"opens":"00:00","closes":"00:00"}],"email":"info@hotsmoke.eu","areaServed":"Lithuania","vatID":"LT100013495416","priceRange":"$$","currenciesAccepted":"Euro","paymentAccepted":"Visa, mastercard"},{"@type":"PostalAddress","@id":"https:\/\/hotsmoke.eu\/shop\/vape\/vitacig-sleep-inhaler\/#local-main-place-address","streetAddress":"L.Ivinskio 18a, L.Ivinskio 18a","addressLocality":"Kaunas","postalCode":"45151","addressRegion":"Lithuania","addressCountry":"LT"},{"@type":"ImageObject","inLanguage":"de","@id":"https:\/\/hotsmoke.eu\/shop\/vape\/vitacig-sleep-inhaler\/#local-main-organization-logo","url":"https:\/\/hotsmoke.eu\/wp-content\/uploads\/2022\/12\/hs_black.svg","contentUrl":"https:\/\/hotsmoke.eu\/wp-content\/uploads\/2022\/12\/hs_black.svg","caption":"HotSmoke"}]},"geo.placename":"Kaunas","geo.position":{"lat":"54.8733992","long":"23.9492982"},"geo.region":"Litauen"},"_links":{"self":[{"href":"https:\/\/hotsmoke.eu\/de\/wp-json\/wp\/v2\/product\/25013","targetHints":{"allow":["GET"]}}],"collection":[{"href":"https:\/\/hotsmoke.eu\/de\/wp-json\/wp\/v2\/product"}],"about":[{"href":"https:\/\/hotsmoke.eu\/de\/wp-json\/wp\/v2\/types\/product"}],"replies":[{"embeddable":true,"href":"https:\/\/hotsmoke.eu\/de\/wp-json\/wp\/v2\/comments?post=25013"}],"wp:featuredmedia":[{"embeddable":true,"href":"https:\/\/hotsmoke.eu\/de\/wp-json\/wp\/v2\/media\/25015"}],"wp:attachment":[{"href":"https:\/\/hotsmoke.eu\/de\/wp-json\/wp\/v2\/media?parent=25013"}],"wp:term":[{"taxonomy":"product_cat","embeddable":true,"href":"https:\/\/hotsmoke.eu\/de\/wp-json\/wp\/v2\/product_cat?post=25013"},{"taxonomy":"product_tag","embeddable":true,"href":"https:\/\/hotsmoke.eu\/de\/wp-json\/wp\/v2\/product_tag?post=25013"}],"curies":[{"name":"wp","href":"https:\/\/api.w.org\/{rel}","templated":true}]}}