{"id":24692,"date":"2024-03-14T08:59:10","date_gmt":"2024-03-14T08:59:10","guid":{"rendered":"https:\/\/hotsmoke.eu\/?post_type=product&#038;p=24692"},"modified":"2026-04-27T19:42:00","modified_gmt":"2026-04-27T19:42:00","slug":"cannastra-h4cbd-40-flower-cloud-giant-cannabis","status":"publish","type":"product","link":"https:\/\/hotsmoke.eu\/de\/shop\/cbd\/cannastra-h4cbd-40-flower-cloud-giant-cannabis\/","title":{"rendered":"Cannastra H4CBD 40% Bl\u00fctenwolke Riesen Cannabis"},"content":{"rendered":"","protected":false},"excerpt":{"rendered":"<h2>FLOWER (H4CBD &lt;40%)<\/h2>\n<p>Cannastra H4CBD 40% Flower Cloud Giant Premium Cannabis. The dense green flowers of H4CBD cannabis are often spotted with purple and red. The colors are due to a high concentration of pigments called anthocyanins. However, blueberry buds are very sticky. The scent of H4CBD cannabis creates a relaxing atmosphere. The structure of these H4CBD cannabis flowers is characterized by density. The flowers burning session is extremely long.<\/p>\n<h2>MEHR \u00dcBER H4CBD<\/h2>\n<p>H4CBD ist ein Cannabinoid, das durch synthetische Modifikation von CBD entsteht. Dieses Cannabinoid ist ein Hexahydro-Derivat von CBD, was bedeutet, dass vier Wasserstoffatome zum CBD-Molek\u00fcl hinzugef\u00fcgt wurden. Wie wird H4CBD hergestellt? Vereinfacht ausgedr\u00fcckt k\u00f6nnen wir den Produktionsprozess mit der Herstellung von Margarine aus Pflanzen\u00f6l vergleichen. H4CBD ist eine neue Form von CBD, die aufgrund ihrer hohen Potenz immer beliebter wird. Einige Quellen behaupten sogar, sie sei 100-mal wirksamer als CBD. Kein Wunder also, dass das hydrierte Cannabinoid H4CBD viel Aufmerksamkeit erregt. Sowohl CBD als auch H4CBD stammen aus Nutzhanf. CBD ist ein direktes Derivat von Nutzhanf, w\u00e4hrend H4CBD durch Umwandlung, einschlie\u00dflich Hydrierung, in seine endg\u00fcltige Form gebracht wird.<\/p>\n<ul>\n<li>Hanffbl\u00fcten sind zertifiziert.<\/li>\n<li>Erh\u00e4ltlich aus zertifizierten Industriehanfsorten, die in der EU aufgef\u00fchrt sind.<\/li>\n<li>Labortestiert \u2014 jede Charge wird in akkreditierten Laboren analysiert.<\/li>\n<li>Das Produkt ist v\u00f6llig legal, darf in der Europ\u00e4ischen Union gekauft und verkauft werden.<\/li>\n<li>Nat\u00fcrliche Cannabinoide: CBD, CBDA, CBDV, CBG, CBGA, CBC, CBN, THC, THCV, THCA und viele Phenole, Flavonoide und Terpene.<\/li>\n<li>Der THC-Gehalt in Cannabisbl\u00fcten betr\u00e4gt weniger als 0,2%.<\/li>\n<li>Zutaten: CBD-Hanfbl\u00fcten\/H4CBD-Destillat<\/li>\n<\/ul>\n<p>\u26a0\ufe0f Warnung: Nicht f\u00fcr Personen unter 18 Jahren bestimmt. Gem\u00e4\u00df europ\u00e4ischem Recht sind deklarierte Bl\u00fcten nicht zum inneren Verzehr bestimmt. Alle Produkte entsprechen den gesetzlichen Grenzwerten von &lt;0,2% THC in Europa.<br \/>\n\u26a0\ufe0f Technische Hanfbl\u00fcten. Technischer Hanf wird aus den Samen von Sorten gewonnen, die im Gemeinsamen Sortenkatalog f\u00fcr landwirtschaftliche Pflanzenarten aufgef\u00fchrt sind. Dieses Produkt entspricht allen geltenden Gesetzen und Vorschriften und ist ausschlie\u00dflich f\u00fcr industrielle, lebensmitteltechnische, kosmetische, technische oder g\u00e4rtnerische Zwecke bestimmt. Nicht zum direkten Verzehr oder Rauchen bestimmt. Das Produkt kann im Laufe der Zeit nat\u00fcrlich an Gewicht verlieren. Trocken und dunkel lagern. Au\u00dferhalb der Reichweite von Kindern aufbewahren.<\/p>","protected":false},"featured_media":24696,"comment_status":"open","ping_status":"closed","template":"","meta":{"inline_featured_image":false},"product_cat":[43,44],"product_tag":[],"class_list":["post-24692","product","type-product","status-publish","has-post-thumbnail","hentry","product_brand-cannastra","product_cat-cbd","product_cat-cbd-flower"],"acf":[],"yoast_head":"<!-- This site is optimized with the Yoast SEO Premium plugin v20.11 (Yoast SEO v20.11) - https:\/\/yoast.com\/wordpress\/plugins\/seo\/ -->\n<title>Cannastra H4CBD 40% Flower Cloud Giant Cannabis - HotSmoke<\/title>\n<meta name=\"robots\" content=\"index, follow, max-snippet:-1, max-image-preview:large, max-video-preview:-1\" \/>\n<link rel=\"canonical\" href=\"https:\/\/hotsmoke.eu\/de\/shop\/cbd\/cannastra-h4cbd-40-flower-cloud-giant-cannabis\/\" \/>\n<meta property=\"og:locale\" content=\"de_DE\" \/>\n<meta property=\"og:type\" content=\"article\" \/>\n<meta property=\"og:title\" content=\"Cannastra H4CBD 40% Flower Cloud Giant Cannabis\" \/>\n<meta property=\"og:description\" content=\"FLOWER (H4CBD &lt;40%) Cannastra H4CBD 40% Flower Cloud Giant Premium Cannabis. The dense green flowers of H4CBD cannabis are often spotted with purple and red. The colors are due to a high concentration of pigments called anthocyanins. However, blueberry buds are very sticky. The scent of H4CBD cannabis creates a relaxing atmosphere. The structure of these H4CBD cannabis flowers is characterized by density. The flowers burning session is extremely long. MORE ABOUT H4CBD H4CBD is a cannabinoid created by synthetically modifying CBD. This cannabinoid is a hexahydro derivative of CBD, which means that four hydrogen atoms have been added to the CBD molecule. How is H4CBD made? Simply put, we can compare the production process to how margarine is made from vegetable oil. H4CBD is a new form of CBD that is gaining popularity due to its high potency, with some sources boasting that it is 100 times more effective than CBD, it is no wonder that the hydrogenated cannabinoid H4CBD is getting a lot of attention. Both CBD and H4CBD are derived from hemp. CBD is a direct derivative of hemp, while H4CBD is transformed, including hydrogenation, to reach its final form.   Hemp flowers are certified.  Obtained from certified industrial hemp varieties listed in the EU.  Lab-tested \u2014 every batch is analyzed in accredited laboratories.  The product is completely legal, allowed to be purchased and sold in the European Union.  Natural Cannabinoids: CBD, CBDA, CBDV, CBG, CBGA, CBC, CBN, THC, THCV, THCA and many phenols, flavonoids and terpenes.  THC in cannabis flowers is less than 0.2%.  Ingredients: CBD hemp flowers\/H4CBD distillate  \u26a0\ufe0f Warning: Not intended for use by individuals under 18 years of age. According to Europe law, declared flowers are not intended for internal consumption. All products comply with legal &lt;0.2% THC limits in Europe. \u26a0\ufe0f Technical cannabis flowers. Technical hemp is derived from seeds of varieties listed in the Common Catalogue of Varieties of Agricultural Plant Species. This product complies with all applicable laws and regulations and is intended solely for industrial, food, cosmetic, technical, or horticultural purposes. Not for direct consumption or smoking. The product may naturally lose weight over time. Store in a dry and dark place. Keep out of reach of children.\" \/>\n<meta property=\"og:url\" content=\"https:\/\/hotsmoke.eu\/de\/shop\/cbd\/cannastra-h4cbd-40-flower-cloud-giant-cannabis\/\" \/>\n<meta property=\"og:site_name\" content=\"HotSmoke\" \/>\n<meta property=\"article:publisher\" content=\"https:\/\/www.facebook.com\/hotsmoke.eu\" \/>\n<meta property=\"article:modified_time\" content=\"2026-04-27T19:42:00+00:00\" \/>\n<meta property=\"og:image\" content=\"https:\/\/hotsmoke.eu\/wp-content\/uploads\/2024\/03\/cannastra-h4cbd-flower-cloud-giant-cannabis-hotsmoke.eu_.webp\" \/>\n\t<meta property=\"og:image:width\" content=\"1080\" \/>\n\t<meta property=\"og:image:height\" content=\"1080\" \/>\n\t<meta property=\"og:image:type\" content=\"image\/webp\" \/>\n<meta name=\"twitter:card\" content=\"summary_large_image\" \/>\n<meta name=\"twitter:site\" content=\"@HotSmokeoffici1\" \/>\n<meta name=\"twitter:label1\" content=\"Availability\" \/>\n\t<meta name=\"twitter:data1\" content=\"In stock\" \/>\n<script type=\"application\/ld+json\" class=\"yoast-schema-graph\">{\"@context\":\"https:\/\/schema.org\",\"@graph\":[{\"@type\":[\"WebPage\",\"ItemPage\"],\"@id\":\"https:\/\/hotsmoke.eu\/shop\/cbd\/cannastra-h4cbd-40-flower-cloud-giant-cannabis\/\",\"url\":\"https:\/\/hotsmoke.eu\/shop\/cbd\/cannastra-h4cbd-40-flower-cloud-giant-cannabis\/\",\"name\":\"Cannastra H4CBD 40% Flower Cloud Giant Cannabis - HotSmoke\",\"isPartOf\":{\"@id\":\"https:\/\/hotsmoke.eu\/#website\"},\"datePublished\":\"2024-03-14T08:59:10+00:00\",\"dateModified\":\"2026-04-27T19:42:00+00:00\",\"breadcrumb\":{\"@id\":\"https:\/\/hotsmoke.eu\/shop\/cbd\/cannastra-h4cbd-40-flower-cloud-giant-cannabis\/#breadcrumb\"},\"inLanguage\":\"de\",\"potentialAction\":[{\"@type\":\"ReadAction\",\"target\":[\"https:\/\/hotsmoke.eu\/shop\/cbd\/cannastra-h4cbd-40-flower-cloud-giant-cannabis\/\"]}]},{\"@type\":\"BreadcrumbList\",\"@id\":\"https:\/\/hotsmoke.eu\/shop\/cbd\/cannastra-h4cbd-40-flower-cloud-giant-cannabis\/#breadcrumb\",\"itemListElement\":[{\"@type\":\"ListItem\",\"position\":1,\"name\":\"Home\",\"item\":\"https:\/\/hotsmoke.eu\/\"},{\"@type\":\"ListItem\",\"position\":2,\"name\":\"HeatSticks And Heat Not Burn Store\",\"item\":\"https:\/\/hotsmoke.eu\/shop\/\"},{\"@type\":\"ListItem\",\"position\":3,\"name\":\"Cannastra H4CBD 40% Flower Cloud Giant Cannabis\"}]},{\"@type\":\"WebSite\",\"@id\":\"https:\/\/hotsmoke.eu\/#website\",\"url\":\"https:\/\/hotsmoke.eu\/\",\"name\":\"HotSmoke\",\"description\":\"Heat Not Burn Heating Cigarettes Devices Shop | HotSmoke\",\"publisher\":{\"@id\":\"https:\/\/hotsmoke.eu\/#organization\"},\"alternateName\":\"hotsmoke\",\"potentialAction\":[{\"@type\":\"SearchAction\",\"target\":{\"@type\":\"EntryPoint\",\"urlTemplate\":\"https:\/\/hotsmoke.eu\/?s={search_term_string}\"},\"query-input\":\"required name=search_term_string\"}],\"inLanguage\":\"de\"},{\"@type\":[\"Organization\",\"Place\",\"Store\"],\"@id\":\"https:\/\/hotsmoke.eu\/#organization\",\"name\":\"HotSmoke\",\"alternateName\":\"Hot Smoke\",\"url\":\"https:\/\/hotsmoke.eu\/\",\"logo\":{\"@id\":\"https:\/\/hotsmoke.eu\/shop\/cbd\/cannastra-h4cbd-40-flower-cloud-giant-cannabis\/#local-main-organization-logo\"},\"image\":{\"@id\":\"https:\/\/hotsmoke.eu\/shop\/cbd\/cannastra-h4cbd-40-flower-cloud-giant-cannabis\/#local-main-organization-logo\"},\"sameAs\":[\"https:\/\/www.facebook.com\/hotsmoke.eu\",\"https:\/\/twitter.com\/HotSmokeoffici1\"],\"publishingPrinciples\":\"https:\/\/hotsmoke.eu\/heat-not-burn-electronic-cigarettes\/\",\"ownershipFundingInfo\":\"https:\/\/hotsmoke.eu\/terms-conditions\/\",\"actionableFeedbackPolicy\":\"https:\/\/hotsmoke.eu\/privacy-policy\/\",\"correctionsPolicy\":\"https:\/\/hotsmoke.eu\/privacy-policy\/\",\"ethicsPolicy\":\"https:\/\/hotsmoke.eu\/privacy-policy\/\",\"diversityPolicy\":\"https:\/\/hotsmoke.eu\/privacy-policy\/\",\"diversityStaffingReport\":\"https:\/\/hotsmoke.eu\/shipping-warranty\/\",\"address\":{\"@id\":\"https:\/\/hotsmoke.eu\/shop\/cbd\/cannastra-h4cbd-40-flower-cloud-giant-cannabis\/#local-main-place-address\"},\"geo\":{\"@type\":\"GeoCoordinates\",\"latitude\":\"54.8733992\",\"longitude\":\"23.9492982\"},\"telephone\":[\"+37068673611\"],\"openingHoursSpecification\":[{\"@type\":\"OpeningHoursSpecification\",\"dayOfWeek\":[\"Monday\",\"Tuesday\",\"Wednesday\",\"Thursday\",\"Friday\"],\"opens\":\"10:00\",\"closes\":\"17:00\"},{\"@type\":\"OpeningHoursSpecification\",\"dayOfWeek\":[\"Saturday\",\"Sunday\"],\"opens\":\"00:00\",\"closes\":\"00:00\"}],\"email\":\"info@hotsmoke.eu\",\"areaServed\":\"Lithuania\",\"vatID\":\"LT100013495416\",\"priceRange\":\"$$\",\"currenciesAccepted\":\"Euro\",\"paymentAccepted\":\"Visa, mastercard\"},{\"@type\":\"PostalAddress\",\"@id\":\"https:\/\/hotsmoke.eu\/shop\/cbd\/cannastra-h4cbd-40-flower-cloud-giant-cannabis\/#local-main-place-address\",\"streetAddress\":\"L.Ivinskio 18a, L.Ivinskio 18a\",\"addressLocality\":\"Kaunas\",\"postalCode\":\"45151\",\"addressRegion\":\"Lithuania\",\"addressCountry\":\"LT\"},{\"@type\":\"ImageObject\",\"inLanguage\":\"de\",\"@id\":\"https:\/\/hotsmoke.eu\/shop\/cbd\/cannastra-h4cbd-40-flower-cloud-giant-cannabis\/#local-main-organization-logo\",\"url\":\"https:\/\/hotsmoke.eu\/wp-content\/uploads\/2022\/12\/hs_black.svg\",\"contentUrl\":\"https:\/\/hotsmoke.eu\/wp-content\/uploads\/2022\/12\/hs_black.svg\",\"caption\":\"HotSmoke\"}]}<\/script>\n<meta name=\"geo.placename\" content=\"Kaunas\" \/>\n<meta name=\"geo.position\" content=\"54.8733992;23.9492982\" \/>\n<meta name=\"geo.region\" content=\"Litauen\" \/>\n<!-- \/ Yoast SEO Premium plugin. -->","yoast_head_json":{"title":"Cannastra H4CBD 40% Flower Cloud Giant Cannabis - HotSmoke","robots":{"index":"index","follow":"follow","max-snippet":"max-snippet:-1","max-image-preview":"max-image-preview:large","max-video-preview":"max-video-preview:-1"},"canonical":"https:\/\/hotsmoke.eu\/de\/shop\/cbd\/cannastra-h4cbd-40-flower-cloud-giant-cannabis\/","og_locale":"de_DE","og_type":"article","og_title":"Cannastra H4CBD 40% Flower Cloud Giant Cannabis","og_description":"FLOWER (H4CBD &lt;40%) Cannastra H4CBD 40% Flower Cloud Giant Premium Cannabis. The dense green flowers of H4CBD cannabis are often spotted with purple and red. The colors are due to a high concentration of pigments called anthocyanins. However, blueberry buds are very sticky. The scent of H4CBD cannabis creates a relaxing atmosphere. The structure of these H4CBD cannabis flowers is characterized by density. The flowers burning session is extremely long. MORE ABOUT H4CBD H4CBD is a cannabinoid created by synthetically modifying CBD. This cannabinoid is a hexahydro derivative of CBD, which means that four hydrogen atoms have been added to the CBD molecule. How is H4CBD made? Simply put, we can compare the production process to how margarine is made from vegetable oil. H4CBD is a new form of CBD that is gaining popularity due to its high potency, with some sources boasting that it is 100 times more effective than CBD, it is no wonder that the hydrogenated cannabinoid H4CBD is getting a lot of attention. Both CBD and H4CBD are derived from hemp. CBD is a direct derivative of hemp, while H4CBD is transformed, including hydrogenation, to reach its final form.   Hemp flowers are certified.  Obtained from certified industrial hemp varieties listed in the EU.  Lab-tested \u2014 every batch is analyzed in accredited laboratories.  The product is completely legal, allowed to be purchased and sold in the European Union.  Natural Cannabinoids: CBD, CBDA, CBDV, CBG, CBGA, CBC, CBN, THC, THCV, THCA and many phenols, flavonoids and terpenes.  THC in cannabis flowers is less than 0.2%.  Ingredients: CBD hemp flowers\/H4CBD distillate  \u26a0\ufe0f Warning: Not intended for use by individuals under 18 years of age. According to Europe law, declared flowers are not intended for internal consumption. All products comply with legal &lt;0.2% THC limits in Europe. \u26a0\ufe0f Technical cannabis flowers. Technical hemp is derived from seeds of varieties listed in the Common Catalogue of Varieties of Agricultural Plant Species. This product complies with all applicable laws and regulations and is intended solely for industrial, food, cosmetic, technical, or horticultural purposes. Not for direct consumption or smoking. The product may naturally lose weight over time. Store in a dry and dark place. Keep out of reach of children.","og_url":"https:\/\/hotsmoke.eu\/de\/shop\/cbd\/cannastra-h4cbd-40-flower-cloud-giant-cannabis\/","og_site_name":"HotSmoke","article_publisher":"https:\/\/www.facebook.com\/hotsmoke.eu","article_modified_time":"2026-04-27T19:42:00+00:00","og_image":[{"width":1080,"height":1080,"url":"https:\/\/hotsmoke.eu\/wp-content\/uploads\/2024\/03\/cannastra-h4cbd-flower-cloud-giant-cannabis-hotsmoke.eu_.webp","type":"image\/webp"}],"twitter_card":"summary_large_image","twitter_site":"@HotSmokeoffici1","twitter_misc":{"Availability":"In stock"},"schema":{"@context":"https:\/\/schema.org","@graph":[{"@type":["WebPage","ItemPage"],"@id":"https:\/\/hotsmoke.eu\/shop\/cbd\/cannastra-h4cbd-40-flower-cloud-giant-cannabis\/","url":"https:\/\/hotsmoke.eu\/shop\/cbd\/cannastra-h4cbd-40-flower-cloud-giant-cannabis\/","name":"Cannastra H4CBD 40% Flower Cloud Giant Cannabis - HotSmoke","isPartOf":{"@id":"https:\/\/hotsmoke.eu\/#website"},"datePublished":"2024-03-14T08:59:10+00:00","dateModified":"2026-04-27T19:42:00+00:00","breadcrumb":{"@id":"https:\/\/hotsmoke.eu\/shop\/cbd\/cannastra-h4cbd-40-flower-cloud-giant-cannabis\/#breadcrumb"},"inLanguage":"de","potentialAction":[{"@type":"ReadAction","target":["https:\/\/hotsmoke.eu\/shop\/cbd\/cannastra-h4cbd-40-flower-cloud-giant-cannabis\/"]}]},{"@type":"BreadcrumbList","@id":"https:\/\/hotsmoke.eu\/shop\/cbd\/cannastra-h4cbd-40-flower-cloud-giant-cannabis\/#breadcrumb","itemListElement":[{"@type":"ListItem","position":1,"name":"Home","item":"https:\/\/hotsmoke.eu\/"},{"@type":"ListItem","position":2,"name":"HeatSticks And Heat Not Burn Store","item":"https:\/\/hotsmoke.eu\/shop\/"},{"@type":"ListItem","position":3,"name":"Cannastra H4CBD 40% Flower Cloud Giant Cannabis"}]},{"@type":"WebSite","@id":"https:\/\/hotsmoke.eu\/#website","url":"https:\/\/hotsmoke.eu\/","name":"Hei\u00dfer Rauch","description":"Heat Not Burn Heizzigaretten Ger\u00e4te Shop | HotSmoke","publisher":{"@id":"https:\/\/hotsmoke.eu\/#organization"},"alternateName":"hotsmoke","potentialAction":[{"@type":"SearchAction","target":{"@type":"EntryPoint","urlTemplate":"https:\/\/hotsmoke.eu\/?s={search_term_string}"},"query-input":"required name=search_term_string"}],"inLanguage":"de"},{"@type":["Organization","Place","Store"],"@id":"https:\/\/hotsmoke.eu\/#organization","name":"Hei\u00dfer Rauch","alternateName":"Hot Smoke","url":"https:\/\/hotsmoke.eu\/","logo":{"@id":"https:\/\/hotsmoke.eu\/shop\/cbd\/cannastra-h4cbd-40-flower-cloud-giant-cannabis\/#local-main-organization-logo"},"image":{"@id":"https:\/\/hotsmoke.eu\/shop\/cbd\/cannastra-h4cbd-40-flower-cloud-giant-cannabis\/#local-main-organization-logo"},"sameAs":["https:\/\/www.facebook.com\/hotsmoke.eu","https:\/\/twitter.com\/HotSmokeoffici1"],"publishingPrinciples":"https:\/\/hotsmoke.eu\/heat-not-burn-electronic-cigarettes\/","ownershipFundingInfo":"https:\/\/hotsmoke.eu\/terms-conditions\/","actionableFeedbackPolicy":"https:\/\/hotsmoke.eu\/privacy-policy\/","correctionsPolicy":"https:\/\/hotsmoke.eu\/privacy-policy\/","ethicsPolicy":"https:\/\/hotsmoke.eu\/privacy-policy\/","diversityPolicy":"https:\/\/hotsmoke.eu\/privacy-policy\/","diversityStaffingReport":"https:\/\/hotsmoke.eu\/shipping-warranty\/","address":{"@id":"https:\/\/hotsmoke.eu\/shop\/cbd\/cannastra-h4cbd-40-flower-cloud-giant-cannabis\/#local-main-place-address"},"geo":{"@type":"GeoCoordinates","latitude":"54.8733992","longitude":"23.9492982"},"telephone":["+37068673611"],"openingHoursSpecification":[{"@type":"OpeningHoursSpecification","dayOfWeek":["Monday","Tuesday","Wednesday","Thursday","Friday"],"opens":"10:00","closes":"17:00"},{"@type":"OpeningHoursSpecification","dayOfWeek":["Saturday","Sunday"],"opens":"00:00","closes":"00:00"}],"email":"info@hotsmoke.eu","areaServed":"Lithuania","vatID":"LT100013495416","priceRange":"$$","currenciesAccepted":"Euro","paymentAccepted":"Visa, mastercard"},{"@type":"PostalAddress","@id":"https:\/\/hotsmoke.eu\/shop\/cbd\/cannastra-h4cbd-40-flower-cloud-giant-cannabis\/#local-main-place-address","streetAddress":"L.Ivinskio 18a, L.Ivinskio 18a","addressLocality":"Kaunas","postalCode":"45151","addressRegion":"Lithuania","addressCountry":"LT"},{"@type":"ImageObject","inLanguage":"de","@id":"https:\/\/hotsmoke.eu\/shop\/cbd\/cannastra-h4cbd-40-flower-cloud-giant-cannabis\/#local-main-organization-logo","url":"https:\/\/hotsmoke.eu\/wp-content\/uploads\/2022\/12\/hs_black.svg","contentUrl":"https:\/\/hotsmoke.eu\/wp-content\/uploads\/2022\/12\/hs_black.svg","caption":"HotSmoke"}]},"geo.placename":"Kaunas","geo.position":{"lat":"54.8733992","long":"23.9492982"},"geo.region":"Litauen"},"_links":{"self":[{"href":"https:\/\/hotsmoke.eu\/de\/wp-json\/wp\/v2\/product\/24692","targetHints":{"allow":["GET"]}}],"collection":[{"href":"https:\/\/hotsmoke.eu\/de\/wp-json\/wp\/v2\/product"}],"about":[{"href":"https:\/\/hotsmoke.eu\/de\/wp-json\/wp\/v2\/types\/product"}],"replies":[{"embeddable":true,"href":"https:\/\/hotsmoke.eu\/de\/wp-json\/wp\/v2\/comments?post=24692"}],"wp:featuredmedia":[{"embeddable":true,"href":"https:\/\/hotsmoke.eu\/de\/wp-json\/wp\/v2\/media\/24696"}],"wp:attachment":[{"href":"https:\/\/hotsmoke.eu\/de\/wp-json\/wp\/v2\/media?parent=24692"}],"wp:term":[{"taxonomy":"product_cat","embeddable":true,"href":"https:\/\/hotsmoke.eu\/de\/wp-json\/wp\/v2\/product_cat?post=24692"},{"taxonomy":"product_tag","embeddable":true,"href":"https:\/\/hotsmoke.eu\/de\/wp-json\/wp\/v2\/product_tag?post=24692"}],"curies":[{"name":"wp","href":"https:\/\/api.w.org\/{rel}","templated":true}]}}