{"id":23364,"date":"2023-07-26T08:24:37","date_gmt":"2023-07-26T08:24:37","guid":{"rendered":"https:\/\/hotsmoke.eu\/?post_type=product&#038;p=23364"},"modified":"2026-04-27T19:52:40","modified_gmt":"2026-04-27T19:52:40","slug":"cannaline-30-thc-free-cbd-oil","status":"publish","type":"product","link":"https:\/\/hotsmoke.eu\/de\/shop\/cbd\/cannaline-30-thc-free-cbd-oil\/","title":{"rendered":"Cannaline 30% THC-freies CBD-\u00d6l"},"content":{"rendered":"","protected":false},"excerpt":{"rendered":"<h2>\u00d6L (CBD 30%)<\/h2>\n<p>Cannaline 30% THC FREE &#8211; CBD hemp oil. No THC, 3000 mg CBD. The highest quality indoor CBD hemp and the product meets all legal conditions of sale and the levels do not exceed the required levels and are regularly tested in certified laboratories. Czech Cannaline 30% THC FREE oils contain naturally isolated CBD. Extracted in a supercritical extraction process without the use of solvents. CBD oil does not contain 9-THC and other cannabinoids other than CBD. The oil is light in color because it contains only isolated CBD and a carrier which is MCT coconut oil. One of the most famous manufacturers in Europe.<\/p>\n<ul>\n<li>Erh\u00e4ltlich aus zertifizierten Industriehanfsorten, die in der EU aufgef\u00fchrt sind.<\/li>\n<li>CBD-\u00d6l ist in der Europ\u00e4ischen Union vollst\u00e4ndig legal, darf verwendet und verkauft werden.<\/li>\n<li>Nat\u00fcrliche Cannabinoide: CBD.<\/li>\n<li>THC in Hanf\u00f6l 0%.<\/li>\n<li>Labortestiert \u2014 jede Charge wird in akkreditierten Laboren analysiert.<\/li>\n<li>Das Produkt enth\u00e4lt keine Giftstoffe oder Schwermetalle.<\/li>\n<li>Das Produkt wird nur aus organischen D\u00fcngemitteln hergestellt.<\/li>\n<li>Ohne GVO-Modifikationen.<\/li>\n<\/ul>\n<h2>Cannaline 30% THC FREE Ingredients:<\/h2>\n<ul>\n<li>MCT-Kokos\u00f6l.<\/li>\n<li>CBD-Isolat (Cannabidiol-Isolat)<\/li>\n<li>Cannabis Sativa L.<\/li>\n<\/ul>\n<p>\u26a0\ufe0f Au\u00dferhalb der Reichweite von Kindern und Tieren aufbewahren. Nur f\u00fcr Erwachsene. Nicht empfohlen f\u00fcr schwangere und stillende Frauen. Nicht zum direkten Verzehr oder Rauchen bestimmt.<\/p>","protected":false},"featured_media":23367,"comment_status":"open","ping_status":"closed","template":"","meta":{"inline_featured_image":false},"product_cat":[43,52],"product_tag":[],"class_list":["post-23364","product","type-product","status-publish","has-post-thumbnail","hentry","product_brand-cannaline","product_cat-cbd","product_cat-oil"],"acf":[],"yoast_head":"<!-- This site is optimized with the Yoast SEO Premium plugin v20.11 (Yoast SEO v20.11) - https:\/\/yoast.com\/wordpress\/plugins\/seo\/ -->\n<title>Cannaline 30% THC Free CBD Oil - HotSmoke<\/title>\n<meta name=\"description\" content=\"Extracted in a supercritical extraction process without the use of solvents. CBD oil does not contain 9-THC and other cannabinoids other than CBD.\" \/>\n<meta name=\"robots\" content=\"index, follow, max-snippet:-1, max-image-preview:large, max-video-preview:-1\" \/>\n<link rel=\"canonical\" href=\"https:\/\/hotsmoke.eu\/de\/shop\/cbd\/cannaline-30-thc-free-cbd-oil\/\" \/>\n<meta property=\"og:locale\" content=\"de_DE\" \/>\n<meta property=\"og:type\" content=\"article\" \/>\n<meta property=\"og:title\" content=\"Cannaline 30% THC Free CBD Oil\" \/>\n<meta property=\"og:description\" content=\"Extracted in a supercritical extraction process without the use of solvents. CBD oil does not contain 9-THC and other cannabinoids other than CBD.\" \/>\n<meta property=\"og:url\" content=\"https:\/\/hotsmoke.eu\/de\/shop\/cbd\/cannaline-30-thc-free-cbd-oil\/\" \/>\n<meta property=\"og:site_name\" content=\"HotSmoke\" \/>\n<meta property=\"article:publisher\" content=\"https:\/\/www.facebook.com\/hotsmoke.eu\" \/>\n<meta property=\"article:modified_time\" content=\"2026-04-27T19:52:40+00:00\" \/>\n<meta property=\"og:image\" content=\"https:\/\/hotsmoke.eu\/wp-content\/uploads\/2023\/07\/Cannaline-30-thc-free-cbd-oil-hotsmoke.eu_.webp\" \/>\n\t<meta property=\"og:image:width\" content=\"1090\" \/>\n\t<meta property=\"og:image:height\" content=\"1090\" \/>\n\t<meta property=\"og:image:type\" content=\"image\/webp\" \/>\n<meta name=\"twitter:card\" content=\"summary_large_image\" \/>\n<meta name=\"twitter:site\" content=\"@HotSmokeoffici1\" \/>\n<meta name=\"twitter:label1\" content=\"Availability\" \/>\n\t<meta name=\"twitter:data1\" content=\"In stock\" \/>\n<script type=\"application\/ld+json\" class=\"yoast-schema-graph\">{\"@context\":\"https:\/\/schema.org\",\"@graph\":[{\"@type\":[\"WebPage\",\"ItemPage\"],\"@id\":\"https:\/\/hotsmoke.eu\/shop\/cbd\/cannaline-30-thc-free-cbd-oil\/\",\"url\":\"https:\/\/hotsmoke.eu\/shop\/cbd\/cannaline-30-thc-free-cbd-oil\/\",\"name\":\"Cannaline 30% THC Free CBD Oil - HotSmoke\",\"isPartOf\":{\"@id\":\"https:\/\/hotsmoke.eu\/#website\"},\"datePublished\":\"2023-07-26T08:24:37+00:00\",\"dateModified\":\"2026-04-27T19:52:40+00:00\",\"description\":\"Extracted in a supercritical extraction process without the use of solvents. CBD oil does not contain 9-THC and other cannabinoids other than CBD.\",\"breadcrumb\":{\"@id\":\"https:\/\/hotsmoke.eu\/shop\/cbd\/cannaline-30-thc-free-cbd-oil\/#breadcrumb\"},\"inLanguage\":\"de\",\"potentialAction\":[{\"@type\":\"ReadAction\",\"target\":[\"https:\/\/hotsmoke.eu\/shop\/cbd\/cannaline-30-thc-free-cbd-oil\/\"]}]},{\"@type\":\"BreadcrumbList\",\"@id\":\"https:\/\/hotsmoke.eu\/shop\/cbd\/cannaline-30-thc-free-cbd-oil\/#breadcrumb\",\"itemListElement\":[{\"@type\":\"ListItem\",\"position\":1,\"name\":\"Home\",\"item\":\"https:\/\/hotsmoke.eu\/\"},{\"@type\":\"ListItem\",\"position\":2,\"name\":\"HeatSticks And Heat Not Burn Store\",\"item\":\"https:\/\/hotsmoke.eu\/shop\/\"},{\"@type\":\"ListItem\",\"position\":3,\"name\":\"Cannaline 30% THC Free CBD Oil\"}]},{\"@type\":\"WebSite\",\"@id\":\"https:\/\/hotsmoke.eu\/#website\",\"url\":\"https:\/\/hotsmoke.eu\/\",\"name\":\"HotSmoke\",\"description\":\"Heat Not Burn Heating Cigarettes Devices Shop | HotSmoke\",\"publisher\":{\"@id\":\"https:\/\/hotsmoke.eu\/#organization\"},\"alternateName\":\"hotsmoke\",\"potentialAction\":[{\"@type\":\"SearchAction\",\"target\":{\"@type\":\"EntryPoint\",\"urlTemplate\":\"https:\/\/hotsmoke.eu\/?s={search_term_string}\"},\"query-input\":\"required name=search_term_string\"}],\"inLanguage\":\"de\"},{\"@type\":[\"Organization\",\"Place\",\"Store\"],\"@id\":\"https:\/\/hotsmoke.eu\/#organization\",\"name\":\"HotSmoke\",\"alternateName\":\"Hot Smoke\",\"url\":\"https:\/\/hotsmoke.eu\/\",\"logo\":{\"@id\":\"https:\/\/hotsmoke.eu\/shop\/cbd\/cannaline-30-thc-free-cbd-oil\/#local-main-organization-logo\"},\"image\":{\"@id\":\"https:\/\/hotsmoke.eu\/shop\/cbd\/cannaline-30-thc-free-cbd-oil\/#local-main-organization-logo\"},\"sameAs\":[\"https:\/\/www.facebook.com\/hotsmoke.eu\",\"https:\/\/twitter.com\/HotSmokeoffici1\"],\"publishingPrinciples\":\"https:\/\/hotsmoke.eu\/heat-not-burn-electronic-cigarettes\/\",\"ownershipFundingInfo\":\"https:\/\/hotsmoke.eu\/terms-conditions\/\",\"actionableFeedbackPolicy\":\"https:\/\/hotsmoke.eu\/privacy-policy\/\",\"correctionsPolicy\":\"https:\/\/hotsmoke.eu\/privacy-policy\/\",\"ethicsPolicy\":\"https:\/\/hotsmoke.eu\/privacy-policy\/\",\"diversityPolicy\":\"https:\/\/hotsmoke.eu\/privacy-policy\/\",\"diversityStaffingReport\":\"https:\/\/hotsmoke.eu\/shipping-warranty\/\",\"address\":{\"@id\":\"https:\/\/hotsmoke.eu\/shop\/cbd\/cannaline-30-thc-free-cbd-oil\/#local-main-place-address\"},\"geo\":{\"@type\":\"GeoCoordinates\",\"latitude\":\"54.8733992\",\"longitude\":\"23.9492982\"},\"telephone\":[\"+37068673611\"],\"openingHoursSpecification\":[{\"@type\":\"OpeningHoursSpecification\",\"dayOfWeek\":[\"Monday\",\"Tuesday\",\"Wednesday\",\"Thursday\",\"Friday\"],\"opens\":\"10:00\",\"closes\":\"17:00\"},{\"@type\":\"OpeningHoursSpecification\",\"dayOfWeek\":[\"Saturday\",\"Sunday\"],\"opens\":\"00:00\",\"closes\":\"00:00\"}],\"email\":\"info@hotsmoke.eu\",\"areaServed\":\"Lithuania\",\"vatID\":\"LT100013495416\",\"priceRange\":\"$$\",\"currenciesAccepted\":\"Euro\",\"paymentAccepted\":\"Visa, mastercard\"},{\"@type\":\"PostalAddress\",\"@id\":\"https:\/\/hotsmoke.eu\/shop\/cbd\/cannaline-30-thc-free-cbd-oil\/#local-main-place-address\",\"streetAddress\":\"L.Ivinskio 18a, L.Ivinskio 18a\",\"addressLocality\":\"Kaunas\",\"postalCode\":\"45151\",\"addressRegion\":\"Lithuania\",\"addressCountry\":\"LT\"},{\"@type\":\"ImageObject\",\"inLanguage\":\"de\",\"@id\":\"https:\/\/hotsmoke.eu\/shop\/cbd\/cannaline-30-thc-free-cbd-oil\/#local-main-organization-logo\",\"url\":\"https:\/\/hotsmoke.eu\/wp-content\/uploads\/2022\/12\/hs_black.svg\",\"contentUrl\":\"https:\/\/hotsmoke.eu\/wp-content\/uploads\/2022\/12\/hs_black.svg\",\"caption\":\"HotSmoke\"}]}<\/script>\n<meta name=\"geo.placename\" content=\"Kaunas\" \/>\n<meta name=\"geo.position\" content=\"54.8733992;23.9492982\" \/>\n<meta name=\"geo.region\" content=\"Litauen\" \/>\n<!-- \/ Yoast SEO Premium plugin. -->","yoast_head_json":{"title":"Cannaline 30% THC Free CBD Oil - HotSmoke","description":"Extrahiert in einem \u00fcberkritischen Extraktionsverfahren ohne den Einsatz von L\u00f6sungsmitteln. CBD-\u00d6l enth\u00e4lt kein 9-THC und keine anderen Cannabinoide au\u00dfer CBD.","robots":{"index":"index","follow":"follow","max-snippet":"max-snippet:-1","max-image-preview":"max-image-preview:large","max-video-preview":"max-video-preview:-1"},"canonical":"https:\/\/hotsmoke.eu\/de\/shop\/cbd\/cannaline-30-thc-free-cbd-oil\/","og_locale":"de_DE","og_type":"article","og_title":"Cannaline 30% THC Free CBD Oil","og_description":"Extracted in a supercritical extraction process without the use of solvents. CBD oil does not contain 9-THC and other cannabinoids other than CBD.","og_url":"https:\/\/hotsmoke.eu\/de\/shop\/cbd\/cannaline-30-thc-free-cbd-oil\/","og_site_name":"HotSmoke","article_publisher":"https:\/\/www.facebook.com\/hotsmoke.eu","article_modified_time":"2026-04-27T19:52:40+00:00","og_image":[{"width":1090,"height":1090,"url":"https:\/\/hotsmoke.eu\/wp-content\/uploads\/2023\/07\/Cannaline-30-thc-free-cbd-oil-hotsmoke.eu_.webp","type":"image\/webp"}],"twitter_card":"summary_large_image","twitter_site":"@HotSmokeoffici1","twitter_misc":{"Availability":"In stock"},"schema":{"@context":"https:\/\/schema.org","@graph":[{"@type":["WebPage","ItemPage"],"@id":"https:\/\/hotsmoke.eu\/shop\/cbd\/cannaline-30-thc-free-cbd-oil\/","url":"https:\/\/hotsmoke.eu\/shop\/cbd\/cannaline-30-thc-free-cbd-oil\/","name":"Cannaline 30% THC Free CBD Oil - HotSmoke","isPartOf":{"@id":"https:\/\/hotsmoke.eu\/#website"},"datePublished":"2023-07-26T08:24:37+00:00","dateModified":"2026-04-27T19:52:40+00:00","description":"Extrahiert in einem \u00fcberkritischen Extraktionsverfahren ohne den Einsatz von L\u00f6sungsmitteln. CBD-\u00d6l enth\u00e4lt kein 9-THC und keine anderen Cannabinoide au\u00dfer CBD.","breadcrumb":{"@id":"https:\/\/hotsmoke.eu\/shop\/cbd\/cannaline-30-thc-free-cbd-oil\/#breadcrumb"},"inLanguage":"de","potentialAction":[{"@type":"ReadAction","target":["https:\/\/hotsmoke.eu\/shop\/cbd\/cannaline-30-thc-free-cbd-oil\/"]}]},{"@type":"BreadcrumbList","@id":"https:\/\/hotsmoke.eu\/shop\/cbd\/cannaline-30-thc-free-cbd-oil\/#breadcrumb","itemListElement":[{"@type":"ListItem","position":1,"name":"Home","item":"https:\/\/hotsmoke.eu\/"},{"@type":"ListItem","position":2,"name":"HeatSticks And Heat Not Burn Store","item":"https:\/\/hotsmoke.eu\/shop\/"},{"@type":"ListItem","position":3,"name":"Cannaline 30% THC Free CBD Oil"}]},{"@type":"WebSite","@id":"https:\/\/hotsmoke.eu\/#website","url":"https:\/\/hotsmoke.eu\/","name":"Hei\u00dfer Rauch","description":"Heat Not Burn Heizzigaretten Ger\u00e4te Shop | HotSmoke","publisher":{"@id":"https:\/\/hotsmoke.eu\/#organization"},"alternateName":"hotsmoke","potentialAction":[{"@type":"SearchAction","target":{"@type":"EntryPoint","urlTemplate":"https:\/\/hotsmoke.eu\/?s={search_term_string}"},"query-input":"required name=search_term_string"}],"inLanguage":"de"},{"@type":["Organization","Place","Store"],"@id":"https:\/\/hotsmoke.eu\/#organization","name":"Hei\u00dfer Rauch","alternateName":"Hot Smoke","url":"https:\/\/hotsmoke.eu\/","logo":{"@id":"https:\/\/hotsmoke.eu\/shop\/cbd\/cannaline-30-thc-free-cbd-oil\/#local-main-organization-logo"},"image":{"@id":"https:\/\/hotsmoke.eu\/shop\/cbd\/cannaline-30-thc-free-cbd-oil\/#local-main-organization-logo"},"sameAs":["https:\/\/www.facebook.com\/hotsmoke.eu","https:\/\/twitter.com\/HotSmokeoffici1"],"publishingPrinciples":"https:\/\/hotsmoke.eu\/heat-not-burn-electronic-cigarettes\/","ownershipFundingInfo":"https:\/\/hotsmoke.eu\/terms-conditions\/","actionableFeedbackPolicy":"https:\/\/hotsmoke.eu\/privacy-policy\/","correctionsPolicy":"https:\/\/hotsmoke.eu\/privacy-policy\/","ethicsPolicy":"https:\/\/hotsmoke.eu\/privacy-policy\/","diversityPolicy":"https:\/\/hotsmoke.eu\/privacy-policy\/","diversityStaffingReport":"https:\/\/hotsmoke.eu\/shipping-warranty\/","address":{"@id":"https:\/\/hotsmoke.eu\/shop\/cbd\/cannaline-30-thc-free-cbd-oil\/#local-main-place-address"},"geo":{"@type":"GeoCoordinates","latitude":"54.8733992","longitude":"23.9492982"},"telephone":["+37068673611"],"openingHoursSpecification":[{"@type":"OpeningHoursSpecification","dayOfWeek":["Monday","Tuesday","Wednesday","Thursday","Friday"],"opens":"10:00","closes":"17:00"},{"@type":"OpeningHoursSpecification","dayOfWeek":["Saturday","Sunday"],"opens":"00:00","closes":"00:00"}],"email":"info@hotsmoke.eu","areaServed":"Lithuania","vatID":"LT100013495416","priceRange":"$$","currenciesAccepted":"Euro","paymentAccepted":"Visa, mastercard"},{"@type":"PostalAddress","@id":"https:\/\/hotsmoke.eu\/shop\/cbd\/cannaline-30-thc-free-cbd-oil\/#local-main-place-address","streetAddress":"L.Ivinskio 18a, L.Ivinskio 18a","addressLocality":"Kaunas","postalCode":"45151","addressRegion":"Lithuania","addressCountry":"LT"},{"@type":"ImageObject","inLanguage":"de","@id":"https:\/\/hotsmoke.eu\/shop\/cbd\/cannaline-30-thc-free-cbd-oil\/#local-main-organization-logo","url":"https:\/\/hotsmoke.eu\/wp-content\/uploads\/2022\/12\/hs_black.svg","contentUrl":"https:\/\/hotsmoke.eu\/wp-content\/uploads\/2022\/12\/hs_black.svg","caption":"HotSmoke"}]},"geo.placename":"Kaunas","geo.position":{"lat":"54.8733992","long":"23.9492982"},"geo.region":"Litauen"},"_links":{"self":[{"href":"https:\/\/hotsmoke.eu\/de\/wp-json\/wp\/v2\/product\/23364","targetHints":{"allow":["GET"]}}],"collection":[{"href":"https:\/\/hotsmoke.eu\/de\/wp-json\/wp\/v2\/product"}],"about":[{"href":"https:\/\/hotsmoke.eu\/de\/wp-json\/wp\/v2\/types\/product"}],"replies":[{"embeddable":true,"href":"https:\/\/hotsmoke.eu\/de\/wp-json\/wp\/v2\/comments?post=23364"}],"wp:featuredmedia":[{"embeddable":true,"href":"https:\/\/hotsmoke.eu\/de\/wp-json\/wp\/v2\/media\/23367"}],"wp:attachment":[{"href":"https:\/\/hotsmoke.eu\/de\/wp-json\/wp\/v2\/media?parent=23364"}],"wp:term":[{"taxonomy":"product_cat","embeddable":true,"href":"https:\/\/hotsmoke.eu\/de\/wp-json\/wp\/v2\/product_cat?post=23364"},{"taxonomy":"product_tag","embeddable":true,"href":"https:\/\/hotsmoke.eu\/de\/wp-json\/wp\/v2\/product_tag?post=23364"}],"curies":[{"name":"wp","href":"https:\/\/api.w.org\/{rel}","templated":true}]}}