{"id":23325,"date":"2023-07-25T10:28:42","date_gmt":"2023-07-25T10:28:42","guid":{"rendered":"https:\/\/hotsmoke.eu\/?post_type=product&#038;p=23325"},"modified":"2026-04-27T19:47:18","modified_gmt":"2026-04-27T19:47:18","slug":"swiss-hemp-v1-superman-cbd-flower","status":"publish","type":"product","link":"https:\/\/hotsmoke.eu\/de\/shop\/cbd\/cbd-flower\/swiss-hemp-v1-superman-cbd-flower\/","title":{"rendered":"Schweizer Hanf V1 SuperMan CBD Bl\u00fcte"},"content":{"rendered":"","protected":false},"excerpt":{"rendered":"<h2>FLOWER (CBD &lt;22%)<\/h2>\n<p>Swiss Hemp V1 Superman &#8211; CBD flower. Flower V1 Superman is only as strong as its effects. It has a strong skunk smell with a hint of pine. According to V1 Superman, most cannabis users should find a pleasant skunky smell with a strong piney smell. Named after V1, a superhero strong enough to create a strong atmosphere of peace in your home.<\/p>\n<ul>\n<li>Erh\u00e4ltlich aus zertifizierten Industriehanfsorten, die in der EU aufgef\u00fchrt sind.<\/li>\n<li>CBD-getrocknete Hanfbl\u00fcten sind zertifiziert.<\/li>\n<li>Labortestiert \u2014 jede Charge wird in akkreditierten Laboren analysiert.<\/li>\n<li>Das Produkt ist v\u00f6llig legal, darf in der Europ\u00e4ischen Union gekauft und verkauft werden.<\/li>\n<li>Nat\u00fcrliche Cannabinoide: CBDA, CBDV, CBG, CBGA, CBC, CBN, THC, THCV, THCA und viele Phenole, Flavonoide und Terpene.<\/li>\n<li>Der THC-Gehalt in Cannabisbl\u00fcten betr\u00e4gt weniger als 0,2%.<\/li>\n<li>Swiss Hemp V1 SuperMan CBD Flower only from organic fertilizers.<\/li>\n<li>Ohne GVO-Modifikationen.<\/li>\n<li>Keine Samen.<\/li>\n<\/ul>\n<p><strong>Das Produkt ist 100% nat\u00fcrlich.<\/strong><\/p>\n<p>\u26a0\ufe0f Warnung: Nicht f\u00fcr Personen unter 18 Jahren bestimmt. Gem\u00e4\u00df europ\u00e4ischem Recht sind deklarierte Bl\u00fcten nicht zum inneren Verzehr bestimmt. Alle Produkte entsprechen den gesetzlichen Grenzwerten von &lt;0,2% THC in Europa.<br \/>\n\u26a0\ufe0f Technische Hanfbl\u00fcten. Technischer Hanf wird aus den Samen von Sorten gewonnen, die im Gemeinsamen Sortenkatalog f\u00fcr landwirtschaftliche Pflanzenarten aufgef\u00fchrt sind. Dieses Produkt entspricht allen geltenden Gesetzen und Vorschriften und ist ausschlie\u00dflich f\u00fcr industrielle, lebensmitteltechnische, kosmetische, technische oder g\u00e4rtnerische Zwecke bestimmt. Nicht zum direkten Verzehr oder Rauchen bestimmt. Das Produkt kann im Laufe der Zeit nat\u00fcrlich an Gewicht verlieren. Trocken und dunkel lagern. Au\u00dferhalb der Reichweite von Kindern aufbewahren.<\/p>","protected":false},"featured_media":23331,"comment_status":"open","ping_status":"closed","template":"","meta":{"inline_featured_image":false},"product_cat":[43,44],"product_tag":[],"class_list":["post-23325","product","type-product","status-publish","has-post-thumbnail","hentry","product_brand-swiss-hemp","product_cat-cbd","product_cat-cbd-flower"],"acf":[],"yoast_head":"<!-- This site is optimized with the Yoast SEO Premium plugin v20.11 (Yoast SEO v20.11) - https:\/\/yoast.com\/wordpress\/plugins\/seo\/ -->\n<title>Swiss Hemp V1 SuperMan CBD Flower - HotSmoke<\/title>\n<meta name=\"description\" content=\"Swiss Hemp V1 Superman - CBD flower. Recommended for use at night. The V1 variety is ideal for combating insomnia. Stress, anxiety and depression\" \/>\n<meta name=\"robots\" content=\"index, follow, max-snippet:-1, max-image-preview:large, max-video-preview:-1\" \/>\n<link rel=\"canonical\" href=\"https:\/\/hotsmoke.eu\/de\/shop\/cbd\/cbd-bluten\/swiss-hemp-v1-superman-cbd-flower\/\" \/>\n<meta property=\"og:locale\" content=\"de_DE\" \/>\n<meta property=\"og:type\" content=\"article\" \/>\n<meta property=\"og:title\" content=\"Swiss Hemp V1 SuperMan CBD Flower\" \/>\n<meta property=\"og:description\" content=\"Swiss Hemp V1 Superman - CBD flower. Recommended for use at night. The V1 variety is ideal for combating insomnia. Stress, anxiety and depression\" \/>\n<meta property=\"og:url\" content=\"https:\/\/hotsmoke.eu\/de\/shop\/cbd\/cbd-bluten\/swiss-hemp-v1-superman-cbd-flower\/\" \/>\n<meta property=\"og:site_name\" content=\"HotSmoke\" \/>\n<meta property=\"article:publisher\" content=\"https:\/\/www.facebook.com\/hotsmoke.eu\" \/>\n<meta property=\"article:modified_time\" content=\"2026-04-27T19:47:18+00:00\" \/>\n<meta property=\"og:image\" content=\"https:\/\/hotsmoke.eu\/wp-content\/uploads\/2023\/07\/swiss-hemp-v1-superman-hotsmoke.eu_.webp\" \/>\n\t<meta property=\"og:image:width\" content=\"2300\" \/>\n\t<meta property=\"og:image:height\" content=\"2140\" \/>\n\t<meta property=\"og:image:type\" content=\"image\/webp\" \/>\n<meta name=\"twitter:card\" content=\"summary_large_image\" \/>\n<meta name=\"twitter:site\" content=\"@HotSmokeoffici1\" \/>\n<meta name=\"twitter:label1\" content=\"Availability\" \/>\n\t<meta name=\"twitter:data1\" content=\"In stock\" \/>\n<script type=\"application\/ld+json\" class=\"yoast-schema-graph\">{\"@context\":\"https:\/\/schema.org\",\"@graph\":[{\"@type\":[\"WebPage\",\"ItemPage\"],\"@id\":\"https:\/\/hotsmoke.eu\/shop\/cbd\/cbd-flower\/swiss-hemp-v1-superman-cbd-flower\/\",\"url\":\"https:\/\/hotsmoke.eu\/shop\/cbd\/cbd-flower\/swiss-hemp-v1-superman-cbd-flower\/\",\"name\":\"Swiss Hemp V1 SuperMan CBD Flower - HotSmoke\",\"isPartOf\":{\"@id\":\"https:\/\/hotsmoke.eu\/#website\"},\"datePublished\":\"2023-07-25T10:28:42+00:00\",\"dateModified\":\"2026-04-27T19:47:18+00:00\",\"description\":\"Swiss Hemp V1 Superman - CBD flower. Recommended for use at night. The V1 variety is ideal for combating insomnia. Stress, anxiety and depression\",\"breadcrumb\":{\"@id\":\"https:\/\/hotsmoke.eu\/shop\/cbd\/cbd-flower\/swiss-hemp-v1-superman-cbd-flower\/#breadcrumb\"},\"inLanguage\":\"de\",\"potentialAction\":[{\"@type\":\"ReadAction\",\"target\":[\"https:\/\/hotsmoke.eu\/shop\/cbd\/cbd-flower\/swiss-hemp-v1-superman-cbd-flower\/\"]}]},{\"@type\":\"BreadcrumbList\",\"@id\":\"https:\/\/hotsmoke.eu\/shop\/cbd\/cbd-flower\/swiss-hemp-v1-superman-cbd-flower\/#breadcrumb\",\"itemListElement\":[{\"@type\":\"ListItem\",\"position\":1,\"name\":\"Home\",\"item\":\"https:\/\/hotsmoke.eu\/\"},{\"@type\":\"ListItem\",\"position\":2,\"name\":\"HeatSticks And Heat Not Burn Store\",\"item\":\"https:\/\/hotsmoke.eu\/shop\/\"},{\"@type\":\"ListItem\",\"position\":3,\"name\":\"Swiss Hemp V1 SuperMan CBD Flower\"}]},{\"@type\":\"WebSite\",\"@id\":\"https:\/\/hotsmoke.eu\/#website\",\"url\":\"https:\/\/hotsmoke.eu\/\",\"name\":\"HotSmoke\",\"description\":\"Heat Not Burn Heating Cigarettes Devices Shop | HotSmoke\",\"publisher\":{\"@id\":\"https:\/\/hotsmoke.eu\/#organization\"},\"alternateName\":\"hotsmoke\",\"potentialAction\":[{\"@type\":\"SearchAction\",\"target\":{\"@type\":\"EntryPoint\",\"urlTemplate\":\"https:\/\/hotsmoke.eu\/?s={search_term_string}\"},\"query-input\":\"required name=search_term_string\"}],\"inLanguage\":\"de\"},{\"@type\":[\"Organization\",\"Place\",\"Store\"],\"@id\":\"https:\/\/hotsmoke.eu\/#organization\",\"name\":\"HotSmoke\",\"alternateName\":\"Hot Smoke\",\"url\":\"https:\/\/hotsmoke.eu\/\",\"logo\":{\"@id\":\"https:\/\/hotsmoke.eu\/shop\/cbd\/cbd-flower\/swiss-hemp-v1-superman-cbd-flower\/#local-main-organization-logo\"},\"image\":{\"@id\":\"https:\/\/hotsmoke.eu\/shop\/cbd\/cbd-flower\/swiss-hemp-v1-superman-cbd-flower\/#local-main-organization-logo\"},\"sameAs\":[\"https:\/\/www.facebook.com\/hotsmoke.eu\",\"https:\/\/twitter.com\/HotSmokeoffici1\"],\"publishingPrinciples\":\"https:\/\/hotsmoke.eu\/heat-not-burn-electronic-cigarettes\/\",\"ownershipFundingInfo\":\"https:\/\/hotsmoke.eu\/terms-conditions\/\",\"actionableFeedbackPolicy\":\"https:\/\/hotsmoke.eu\/privacy-policy\/\",\"correctionsPolicy\":\"https:\/\/hotsmoke.eu\/privacy-policy\/\",\"ethicsPolicy\":\"https:\/\/hotsmoke.eu\/privacy-policy\/\",\"diversityPolicy\":\"https:\/\/hotsmoke.eu\/privacy-policy\/\",\"diversityStaffingReport\":\"https:\/\/hotsmoke.eu\/shipping-warranty\/\",\"address\":{\"@id\":\"https:\/\/hotsmoke.eu\/shop\/cbd\/cbd-flower\/swiss-hemp-v1-superman-cbd-flower\/#local-main-place-address\"},\"geo\":{\"@type\":\"GeoCoordinates\",\"latitude\":\"54.8733992\",\"longitude\":\"23.9492982\"},\"telephone\":[\"+37068673611\"],\"openingHoursSpecification\":[{\"@type\":\"OpeningHoursSpecification\",\"dayOfWeek\":[\"Monday\",\"Tuesday\",\"Wednesday\",\"Thursday\",\"Friday\"],\"opens\":\"10:00\",\"closes\":\"17:00\"},{\"@type\":\"OpeningHoursSpecification\",\"dayOfWeek\":[\"Saturday\",\"Sunday\"],\"opens\":\"00:00\",\"closes\":\"00:00\"}],\"email\":\"info@hotsmoke.eu\",\"areaServed\":\"Lithuania\",\"vatID\":\"LT100013495416\",\"priceRange\":\"$$\",\"currenciesAccepted\":\"Euro\",\"paymentAccepted\":\"Visa, mastercard\"},{\"@type\":\"PostalAddress\",\"@id\":\"https:\/\/hotsmoke.eu\/shop\/cbd\/cbd-flower\/swiss-hemp-v1-superman-cbd-flower\/#local-main-place-address\",\"streetAddress\":\"L.Ivinskio 18a, L.Ivinskio 18a\",\"addressLocality\":\"Kaunas\",\"postalCode\":\"45151\",\"addressRegion\":\"Lithuania\",\"addressCountry\":\"LT\"},{\"@type\":\"ImageObject\",\"inLanguage\":\"de\",\"@id\":\"https:\/\/hotsmoke.eu\/shop\/cbd\/cbd-flower\/swiss-hemp-v1-superman-cbd-flower\/#local-main-organization-logo\",\"url\":\"https:\/\/hotsmoke.eu\/wp-content\/uploads\/2022\/12\/hs_black.svg\",\"contentUrl\":\"https:\/\/hotsmoke.eu\/wp-content\/uploads\/2022\/12\/hs_black.svg\",\"caption\":\"HotSmoke\"}]}<\/script>\n<meta name=\"geo.placename\" content=\"Kaunas\" \/>\n<meta name=\"geo.position\" content=\"54.8733992;23.9492982\" \/>\n<meta name=\"geo.region\" content=\"Litauen\" \/>\n<!-- \/ Yoast SEO Premium plugin. -->","yoast_head_json":{"title":"Swiss Hemp V1 SuperMan CBD Flower - HotSmoke","description":"Swiss Hemp V1 Superman - CBD flower. Recommended for use at night. The V1 variety is ideal for combating insomnia. Stress, anxiety and depression","robots":{"index":"index","follow":"follow","max-snippet":"max-snippet:-1","max-image-preview":"max-image-preview:large","max-video-preview":"max-video-preview:-1"},"canonical":"https:\/\/hotsmoke.eu\/de\/shop\/cbd\/cbd-bluten\/swiss-hemp-v1-superman-cbd-flower\/","og_locale":"de_DE","og_type":"article","og_title":"Swiss Hemp V1 SuperMan CBD Flower","og_description":"Swiss Hemp V1 Superman - CBD flower. Recommended for use at night. The V1 variety is ideal for combating insomnia. Stress, anxiety and depression","og_url":"https:\/\/hotsmoke.eu\/de\/shop\/cbd\/cbd-bluten\/swiss-hemp-v1-superman-cbd-flower\/","og_site_name":"HotSmoke","article_publisher":"https:\/\/www.facebook.com\/hotsmoke.eu","article_modified_time":"2026-04-27T19:47:18+00:00","og_image":[{"width":2300,"height":2140,"url":"https:\/\/hotsmoke.eu\/wp-content\/uploads\/2023\/07\/swiss-hemp-v1-superman-hotsmoke.eu_.webp","type":"image\/webp"}],"twitter_card":"summary_large_image","twitter_site":"@HotSmokeoffici1","twitter_misc":{"Availability":"In stock"},"schema":{"@context":"https:\/\/schema.org","@graph":[{"@type":["WebPage","ItemPage"],"@id":"https:\/\/hotsmoke.eu\/shop\/cbd\/cbd-flower\/swiss-hemp-v1-superman-cbd-flower\/","url":"https:\/\/hotsmoke.eu\/shop\/cbd\/cbd-flower\/swiss-hemp-v1-superman-cbd-flower\/","name":"Swiss Hemp V1 SuperMan CBD Flower - HotSmoke","isPartOf":{"@id":"https:\/\/hotsmoke.eu\/#website"},"datePublished":"2023-07-25T10:28:42+00:00","dateModified":"2026-04-27T19:47:18+00:00","description":"Swiss Hemp V1 Superman - CBD flower. Recommended for use at night. The V1 variety is ideal for combating insomnia. Stress, anxiety and depression","breadcrumb":{"@id":"https:\/\/hotsmoke.eu\/shop\/cbd\/cbd-flower\/swiss-hemp-v1-superman-cbd-flower\/#breadcrumb"},"inLanguage":"de","potentialAction":[{"@type":"ReadAction","target":["https:\/\/hotsmoke.eu\/shop\/cbd\/cbd-flower\/swiss-hemp-v1-superman-cbd-flower\/"]}]},{"@type":"BreadcrumbList","@id":"https:\/\/hotsmoke.eu\/shop\/cbd\/cbd-flower\/swiss-hemp-v1-superman-cbd-flower\/#breadcrumb","itemListElement":[{"@type":"ListItem","position":1,"name":"Home","item":"https:\/\/hotsmoke.eu\/"},{"@type":"ListItem","position":2,"name":"HeatSticks And Heat Not Burn Store","item":"https:\/\/hotsmoke.eu\/shop\/"},{"@type":"ListItem","position":3,"name":"Swiss Hemp V1 SuperMan CBD Flower"}]},{"@type":"WebSite","@id":"https:\/\/hotsmoke.eu\/#website","url":"https:\/\/hotsmoke.eu\/","name":"Hei\u00dfer Rauch","description":"Heat Not Burn Heizzigaretten Ger\u00e4te Shop | HotSmoke","publisher":{"@id":"https:\/\/hotsmoke.eu\/#organization"},"alternateName":"hotsmoke","potentialAction":[{"@type":"SearchAction","target":{"@type":"EntryPoint","urlTemplate":"https:\/\/hotsmoke.eu\/?s={search_term_string}"},"query-input":"required name=search_term_string"}],"inLanguage":"de"},{"@type":["Organization","Place","Store"],"@id":"https:\/\/hotsmoke.eu\/#organization","name":"Hei\u00dfer Rauch","alternateName":"Hot Smoke","url":"https:\/\/hotsmoke.eu\/","logo":{"@id":"https:\/\/hotsmoke.eu\/shop\/cbd\/cbd-flower\/swiss-hemp-v1-superman-cbd-flower\/#local-main-organization-logo"},"image":{"@id":"https:\/\/hotsmoke.eu\/shop\/cbd\/cbd-flower\/swiss-hemp-v1-superman-cbd-flower\/#local-main-organization-logo"},"sameAs":["https:\/\/www.facebook.com\/hotsmoke.eu","https:\/\/twitter.com\/HotSmokeoffici1"],"publishingPrinciples":"https:\/\/hotsmoke.eu\/heat-not-burn-electronic-cigarettes\/","ownershipFundingInfo":"https:\/\/hotsmoke.eu\/terms-conditions\/","actionableFeedbackPolicy":"https:\/\/hotsmoke.eu\/privacy-policy\/","correctionsPolicy":"https:\/\/hotsmoke.eu\/privacy-policy\/","ethicsPolicy":"https:\/\/hotsmoke.eu\/privacy-policy\/","diversityPolicy":"https:\/\/hotsmoke.eu\/privacy-policy\/","diversityStaffingReport":"https:\/\/hotsmoke.eu\/shipping-warranty\/","address":{"@id":"https:\/\/hotsmoke.eu\/shop\/cbd\/cbd-flower\/swiss-hemp-v1-superman-cbd-flower\/#local-main-place-address"},"geo":{"@type":"GeoCoordinates","latitude":"54.8733992","longitude":"23.9492982"},"telephone":["+37068673611"],"openingHoursSpecification":[{"@type":"OpeningHoursSpecification","dayOfWeek":["Monday","Tuesday","Wednesday","Thursday","Friday"],"opens":"10:00","closes":"17:00"},{"@type":"OpeningHoursSpecification","dayOfWeek":["Saturday","Sunday"],"opens":"00:00","closes":"00:00"}],"email":"info@hotsmoke.eu","areaServed":"Lithuania","vatID":"LT100013495416","priceRange":"$$","currenciesAccepted":"Euro","paymentAccepted":"Visa, mastercard"},{"@type":"PostalAddress","@id":"https:\/\/hotsmoke.eu\/shop\/cbd\/cbd-flower\/swiss-hemp-v1-superman-cbd-flower\/#local-main-place-address","streetAddress":"L.Ivinskio 18a, L.Ivinskio 18a","addressLocality":"Kaunas","postalCode":"45151","addressRegion":"Lithuania","addressCountry":"LT"},{"@type":"ImageObject","inLanguage":"de","@id":"https:\/\/hotsmoke.eu\/shop\/cbd\/cbd-flower\/swiss-hemp-v1-superman-cbd-flower\/#local-main-organization-logo","url":"https:\/\/hotsmoke.eu\/wp-content\/uploads\/2022\/12\/hs_black.svg","contentUrl":"https:\/\/hotsmoke.eu\/wp-content\/uploads\/2022\/12\/hs_black.svg","caption":"HotSmoke"}]},"geo.placename":"Kaunas","geo.position":{"lat":"54.8733992","long":"23.9492982"},"geo.region":"Litauen"},"_links":{"self":[{"href":"https:\/\/hotsmoke.eu\/de\/wp-json\/wp\/v2\/product\/23325","targetHints":{"allow":["GET"]}}],"collection":[{"href":"https:\/\/hotsmoke.eu\/de\/wp-json\/wp\/v2\/product"}],"about":[{"href":"https:\/\/hotsmoke.eu\/de\/wp-json\/wp\/v2\/types\/product"}],"replies":[{"embeddable":true,"href":"https:\/\/hotsmoke.eu\/de\/wp-json\/wp\/v2\/comments?post=23325"}],"wp:featuredmedia":[{"embeddable":true,"href":"https:\/\/hotsmoke.eu\/de\/wp-json\/wp\/v2\/media\/23331"}],"wp:attachment":[{"href":"https:\/\/hotsmoke.eu\/de\/wp-json\/wp\/v2\/media?parent=23325"}],"wp:term":[{"taxonomy":"product_cat","embeddable":true,"href":"https:\/\/hotsmoke.eu\/de\/wp-json\/wp\/v2\/product_cat?post=23325"},{"taxonomy":"product_tag","embeddable":true,"href":"https:\/\/hotsmoke.eu\/de\/wp-json\/wp\/v2\/product_tag?post=23325"}],"curies":[{"name":"wp","href":"https:\/\/api.w.org\/{rel}","templated":true}]}}