{"id":12781,"date":"2023-04-19T07:43:37","date_gmt":"2023-04-19T07:43:37","guid":{"rendered":"https:\/\/hotsmoke.eu\/?post_type=product&#038;p=12781"},"modified":"2026-04-27T20:38:45","modified_gmt":"2026-04-27T20:38:45","slug":"hitaste-hi30","status":"publish","type":"product","link":"https:\/\/hotsmoke.eu\/de\/shop\/heat-not-burn-devices\/hitaste-hi30\/","title":{"rendered":"Hitaste HI30"},"content":{"rendered":"<h2>HITASTE HI30 DOPPELHEIZSYSTEM<\/h2>\n<p>Das HiTaste HI30 Ger\u00e4t verf\u00fcgt \u00fcber eine kombinierte Heiztechnologie, die einen Heizstift und eine Kammerheizung integriert. Diese technische L\u00f6sung gew\u00e4hrleistet eine schnelle Bereitschaft des Ger\u00e4ts f\u00fcr den Einsatz. Das Design optimiert nicht nur die W\u00e4rmeverteilung, sondern vereinfacht auch die Wartung (Reinigung) der Heizkammer und erh\u00f6ht die Widerstandsf\u00e4higkeit des Heizelements gegen mechanische Besch\u00e4digungen.<\/p>\n<p><img decoding=\"async\" class=\"alignnone wp-image-25238\" src=\"https:\/\/hotsmoke.eu\/wp-content\/uploads\/2023\/04\/hitastehi30.webp\" alt=\"hitaste hi30 Funktionen\" width=\"701\" height=\"701\" srcset=\"\/\/hotsmoke.eu\/wp-content\/uploads\/2023\/04\/hitastehi30.webp 1080w, \/\/hotsmoke.eu\/wp-content\/uploads\/2023\/04\/hitastehi30-300x300.webp 300w, \/\/hotsmoke.eu\/wp-content\/uploads\/2023\/04\/hitastehi30-1024x1024.webp 1024w, \/\/hotsmoke.eu\/wp-content\/uploads\/2023\/04\/hitastehi30-150x150.webp 150w, \/\/hotsmoke.eu\/wp-content\/uploads\/2023\/04\/hitastehi30-768x768.webp 768w, \/\/hotsmoke.eu\/wp-content\/uploads\/2023\/04\/hitastehi30-100x100.webp 100w\" sizes=\"(max-width: 701px) 100vw, 701px\" \/><\/p>\n<p>Das Ger\u00e4t ist nach einem modularen Designprinzip aufgebaut, das es erm\u00f6glicht, das Heizmodul von der Batterieeinheit zu trennen. Bei Besch\u00e4digung des Heizstifts oder technischen Problemen im Heizbereich erm\u00f6glicht diese modulare Bauweise den Austausch nur dieser spezifischen Komponente, wodurch die allgemeine Lebensdauer des Ger\u00e4ts verl\u00e4ngert wird.<\/p>\n<ul>\n<li>Das integrierte OLED-Display erm\u00f6glicht dem Benutzer eine klare \u00dcberwachung aller Ger\u00e4teprozesse.<\/li>\n<li>Temperaturbereich: Einstellbar von 200\u00b0C bis 300\u00b0C.<\/li>\n<li>Pr\u00e4zision: Eine intelligente Steuerung erm\u00f6glicht die Auswahl des optimalen thermischen Modus basierend auf den Eigenschaften des verwendeten Produkts.<\/li>\n<\/ul>\n<p><img decoding=\"async\" class=\"alignnone wp-image-25240\" src=\"https:\/\/hotsmoke.eu\/wp-content\/uploads\/2023\/04\/hitastehi30-anglu.webp\" alt=\"Hitaste Hi30 Bedienungsanleitung\" width=\"703\" height=\"703\" srcset=\"\/\/hotsmoke.eu\/wp-content\/uploads\/2023\/04\/hitastehi30-anglu.webp 1080w, \/\/hotsmoke.eu\/wp-content\/uploads\/2023\/04\/hitastehi30-anglu-300x300.webp 300w, \/\/hotsmoke.eu\/wp-content\/uploads\/2023\/04\/hitastehi30-anglu-1024x1024.webp 1024w, \/\/hotsmoke.eu\/wp-content\/uploads\/2023\/04\/hitastehi30-anglu-150x150.webp 150w, \/\/hotsmoke.eu\/wp-content\/uploads\/2023\/04\/hitastehi30-anglu-768x768.webp 768w, \/\/hotsmoke.eu\/wp-content\/uploads\/2023\/04\/hitastehi30-anglu-100x100.webp 100w\" sizes=\"(max-width: 703px) 100vw, 703px\" \/><\/p>","protected":false},"excerpt":{"rendered":"<h2>\u00dcBER HNB SYSTEM<\/h2>\n<p>Das HiTaste HI30 ist ein fortschrittliches Heat-not-Burn (HNB)-Ger\u00e4t. Es ist mit einem informativen OLED-Display und einem Hochleistungsakku mit 3200 mAh ausgestattet, der eine stabile Leistung gew\u00e4hrleistet. Dieses Modell verf\u00fcgt \u00fcber eine optimierte W\u00e4rmeverteilungstechnologie, die die Zielbetriebstemperatur ohne Verbrennung erreicht.<\/p>\n<p>Ein voll aufgeladener Akku liefert Strom f\u00fcr bis zu 30 Nutzungszyklen. Dank eines effizienten Energiemanagements ist das Ger\u00e4t ohne lange Wartezeiten zwischen den Zyklen f\u00fcr die n\u00e4chste Nutzung bereit.<\/p>\n<h2>HI30 Vorteile<\/h2>\n<ul>\n<li>Doppelheizsystem: Ein Keramikstift in Kombination mit der Kammerheizung sorgt f\u00fcr eine gleichm\u00e4\u00dfige Temperaturverteilung.<\/li>\n<li>Selbstreinigungsfunktion: Ein integriertes Programm vereinfacht die interne Wartung des Ger\u00e4ts.<\/li>\n<li>Pausenfunktion: Eine technische F\u00e4higkeit, den Heizvorgang w\u00e4hrend einer Sitzung vor\u00fcbergehend zu unterbrechen.<\/li>\n<li>Austauschbare Heizung: Das modulare Design erm\u00f6glicht den Austausch des Heizstifts bei Bedarf und gew\u00e4hrleistet so die Langlebigkeit des Ger\u00e4ts.<\/li>\n<li>Parameterkontrolle: Individuelles Einstellen der Heiztemperatur und Sitzungsdauer \u00fcber den OLED-Bildschirm m\u00f6glich.<\/li>\n<li>Stromversorgung: 3200 mAh Akku mit USB Typ-C (Schnellladefunktion) Schnittstelle.<\/li>\n<li>Haltbarkeit: Das Geh\u00e4use ist f\u00fcr eine stabile Leistung bei unterschiedlichen Umgebungstemperaturen ausgelegt und widerstandsf\u00e4hig gegen mechanische St\u00f6\u00dfe.<\/li>\n<li>Physische Spezifikationen: Abmessungen \u2013 32 x 22 x 112 mm; Gewicht \u2013 98 g.<\/li>\n<li>Kompatibilit\u00e4t: HEETS, FIIT, NEXUS, NEAFS und andere Produkte f\u00fcr Heizger\u00e4te<strong>Verwendung eines Heizstifts oder einer Klinge<\/strong>).<\/li>\n<\/ul>\n<p>Das Produkt wird mit einer 12-monatigen Garantie geliefert.<\/p>","protected":false},"featured_media":12784,"comment_status":"open","ping_status":"closed","template":"","meta":{"inline_featured_image":false},"product_cat":[18,113],"product_tag":[],"class_list":["post-12781","product","type-product","status-publish","has-post-thumbnail","hentry","product_brand-hitaste","product_cat-heat-not-burn-devices","product_cat-with-heater"],"acf":[],"yoast_head":"<!-- This site is optimized with the Yoast SEO Premium plugin v20.11 (Yoast SEO v20.11) - https:\/\/yoast.com\/wordpress\/plugins\/seo\/ -->\n<title>Hitaste HI30 - HotSmoke<\/title>\n<meta name=\"description\" content=\"HiTaste - HI30 Heating cigarette system - heat not burn cigarette is the result of a combination of technology. 30 complete cycles of HEETS cigarettes.\" \/>\n<meta name=\"robots\" content=\"index, follow, max-snippet:-1, max-image-preview:large, max-video-preview:-1\" \/>\n<link rel=\"canonical\" href=\"https:\/\/hotsmoke.eu\/de\/shop\/heat-not-burn-gerate\/hitaste-hi30\/\" \/>\n<meta property=\"og:locale\" content=\"de_DE\" \/>\n<meta property=\"og:type\" content=\"article\" \/>\n<meta property=\"og:title\" content=\"Hitaste HI30\" \/>\n<meta property=\"og:description\" content=\"HiTaste - HI30 Heating cigarette system - heat not burn cigarette is the result of a combination of technology. 30 complete cycles of HEETS cigarettes.\" \/>\n<meta property=\"og:url\" content=\"https:\/\/hotsmoke.eu\/de\/shop\/heat-not-burn-gerate\/hitaste-hi30\/\" \/>\n<meta property=\"og:site_name\" content=\"HotSmoke\" \/>\n<meta property=\"article:publisher\" content=\"https:\/\/www.facebook.com\/hotsmoke.eu\" \/>\n<meta property=\"article:modified_time\" content=\"2026-04-27T20:38:45+00:00\" \/>\n<meta property=\"og:image\" content=\"https:\/\/hotsmoke.eu\/wp-content\/uploads\/2023\/04\/Hitaste-hi30-hotmoke.eu_.webp\" \/>\n\t<meta property=\"og:image:width\" content=\"1000\" \/>\n\t<meta property=\"og:image:height\" content=\"1000\" \/>\n\t<meta property=\"og:image:type\" content=\"image\/webp\" \/>\n<meta name=\"twitter:card\" content=\"summary_large_image\" \/>\n<meta name=\"twitter:site\" content=\"@HotSmokeoffici1\" \/>\n<meta name=\"twitter:label1\" content=\"Availability\" \/>\n\t<meta name=\"twitter:data1\" content=\"In stock\" \/>\n<script type=\"application\/ld+json\" class=\"yoast-schema-graph\">{\"@context\":\"https:\/\/schema.org\",\"@graph\":[{\"@type\":[\"WebPage\",\"ItemPage\"],\"@id\":\"https:\/\/hotsmoke.eu\/shop\/heat-not-burn-devices\/hitaste-hi30\/\",\"url\":\"https:\/\/hotsmoke.eu\/shop\/heat-not-burn-devices\/hitaste-hi30\/\",\"name\":\"Hitaste HI30 - HotSmoke\",\"isPartOf\":{\"@id\":\"https:\/\/hotsmoke.eu\/#website\"},\"datePublished\":\"2023-04-19T07:43:37+00:00\",\"dateModified\":\"2026-04-27T20:38:45+00:00\",\"description\":\"HiTaste - HI30 Heating cigarette system - heat not burn cigarette is the result of a combination of technology. 30 complete cycles of HEETS cigarettes.\",\"breadcrumb\":{\"@id\":\"https:\/\/hotsmoke.eu\/shop\/heat-not-burn-devices\/hitaste-hi30\/#breadcrumb\"},\"inLanguage\":\"de\",\"potentialAction\":[{\"@type\":\"ReadAction\",\"target\":[\"https:\/\/hotsmoke.eu\/shop\/heat-not-burn-devices\/hitaste-hi30\/\"]}]},{\"@type\":\"BreadcrumbList\",\"@id\":\"https:\/\/hotsmoke.eu\/shop\/heat-not-burn-devices\/hitaste-hi30\/#breadcrumb\",\"itemListElement\":[{\"@type\":\"ListItem\",\"position\":1,\"name\":\"Home\",\"item\":\"https:\/\/hotsmoke.eu\/\"},{\"@type\":\"ListItem\",\"position\":2,\"name\":\"HeatSticks And Heat Not Burn Store\",\"item\":\"https:\/\/hotsmoke.eu\/shop\/\"},{\"@type\":\"ListItem\",\"position\":3,\"name\":\"Hitaste HI30\"}]},{\"@type\":\"WebSite\",\"@id\":\"https:\/\/hotsmoke.eu\/#website\",\"url\":\"https:\/\/hotsmoke.eu\/\",\"name\":\"HotSmoke\",\"description\":\"Heat Not Burn Heating Cigarettes Devices Shop | HotSmoke\",\"publisher\":{\"@id\":\"https:\/\/hotsmoke.eu\/#organization\"},\"alternateName\":\"hotsmoke\",\"potentialAction\":[{\"@type\":\"SearchAction\",\"target\":{\"@type\":\"EntryPoint\",\"urlTemplate\":\"https:\/\/hotsmoke.eu\/?s={search_term_string}\"},\"query-input\":\"required name=search_term_string\"}],\"inLanguage\":\"de\"},{\"@type\":[\"Organization\",\"Place\",\"Store\"],\"@id\":\"https:\/\/hotsmoke.eu\/#organization\",\"name\":\"HotSmoke\",\"alternateName\":\"Hot Smoke\",\"url\":\"https:\/\/hotsmoke.eu\/\",\"logo\":{\"@id\":\"https:\/\/hotsmoke.eu\/shop\/heat-not-burn-devices\/hitaste-hi30\/#local-main-organization-logo\"},\"image\":{\"@id\":\"https:\/\/hotsmoke.eu\/shop\/heat-not-burn-devices\/hitaste-hi30\/#local-main-organization-logo\"},\"sameAs\":[\"https:\/\/www.facebook.com\/hotsmoke.eu\",\"https:\/\/twitter.com\/HotSmokeoffici1\"],\"publishingPrinciples\":\"https:\/\/hotsmoke.eu\/heat-not-burn-electronic-cigarettes\/\",\"ownershipFundingInfo\":\"https:\/\/hotsmoke.eu\/terms-conditions\/\",\"actionableFeedbackPolicy\":\"https:\/\/hotsmoke.eu\/privacy-policy\/\",\"correctionsPolicy\":\"https:\/\/hotsmoke.eu\/privacy-policy\/\",\"ethicsPolicy\":\"https:\/\/hotsmoke.eu\/privacy-policy\/\",\"diversityPolicy\":\"https:\/\/hotsmoke.eu\/privacy-policy\/\",\"diversityStaffingReport\":\"https:\/\/hotsmoke.eu\/shipping-warranty\/\",\"address\":{\"@id\":\"https:\/\/hotsmoke.eu\/shop\/heat-not-burn-devices\/hitaste-hi30\/#local-main-place-address\"},\"geo\":{\"@type\":\"GeoCoordinates\",\"latitude\":\"54.8733992\",\"longitude\":\"23.9492982\"},\"telephone\":[\"+37068673611\"],\"openingHoursSpecification\":[{\"@type\":\"OpeningHoursSpecification\",\"dayOfWeek\":[\"Monday\",\"Tuesday\",\"Wednesday\",\"Thursday\",\"Friday\"],\"opens\":\"10:00\",\"closes\":\"17:00\"},{\"@type\":\"OpeningHoursSpecification\",\"dayOfWeek\":[\"Saturday\",\"Sunday\"],\"opens\":\"00:00\",\"closes\":\"00:00\"}],\"email\":\"info@hotsmoke.eu\",\"areaServed\":\"Lithuania\",\"vatID\":\"LT100013495416\",\"priceRange\":\"$$\",\"currenciesAccepted\":\"Euro\",\"paymentAccepted\":\"Visa, mastercard\"},{\"@type\":\"PostalAddress\",\"@id\":\"https:\/\/hotsmoke.eu\/shop\/heat-not-burn-devices\/hitaste-hi30\/#local-main-place-address\",\"streetAddress\":\"L.Ivinskio 18a, L.Ivinskio 18a\",\"addressLocality\":\"Kaunas\",\"postalCode\":\"45151\",\"addressRegion\":\"Lithuania\",\"addressCountry\":\"LT\"},{\"@type\":\"ImageObject\",\"inLanguage\":\"de\",\"@id\":\"https:\/\/hotsmoke.eu\/shop\/heat-not-burn-devices\/hitaste-hi30\/#local-main-organization-logo\",\"url\":\"https:\/\/hotsmoke.eu\/wp-content\/uploads\/2022\/12\/hs_black.svg\",\"contentUrl\":\"https:\/\/hotsmoke.eu\/wp-content\/uploads\/2022\/12\/hs_black.svg\",\"caption\":\"HotSmoke\"}]}<\/script>\n<meta name=\"geo.placename\" content=\"Kaunas\" \/>\n<meta name=\"geo.position\" content=\"54.8733992;23.9492982\" \/>\n<meta name=\"geo.region\" content=\"Litauen\" \/>\n<!-- \/ Yoast SEO Premium plugin. -->","yoast_head_json":{"title":"Hitaste HI30 - HotSmoke","description":"HiTaste - HI30 Heizzigarettensystem - Heat-not-burn-Zigarette ist das Ergebnis einer Kombination aus Technologie. 30 vollst\u00e4ndige Zyklen von HEETS-Zigaretten.","robots":{"index":"index","follow":"follow","max-snippet":"max-snippet:-1","max-image-preview":"max-image-preview:large","max-video-preview":"max-video-preview:-1"},"canonical":"https:\/\/hotsmoke.eu\/de\/shop\/heat-not-burn-gerate\/hitaste-hi30\/","og_locale":"de_DE","og_type":"article","og_title":"Hitaste HI30","og_description":"HiTaste - HI30 Heating cigarette system - heat not burn cigarette is the result of a combination of technology. 30 complete cycles of HEETS cigarettes.","og_url":"https:\/\/hotsmoke.eu\/de\/shop\/heat-not-burn-gerate\/hitaste-hi30\/","og_site_name":"HotSmoke","article_publisher":"https:\/\/www.facebook.com\/hotsmoke.eu","article_modified_time":"2026-04-27T20:38:45+00:00","og_image":[{"width":1000,"height":1000,"url":"https:\/\/hotsmoke.eu\/wp-content\/uploads\/2023\/04\/Hitaste-hi30-hotmoke.eu_.webp","type":"image\/webp"}],"twitter_card":"summary_large_image","twitter_site":"@HotSmokeoffici1","twitter_misc":{"Availability":"In stock"},"schema":{"@context":"https:\/\/schema.org","@graph":[{"@type":["WebPage","ItemPage"],"@id":"https:\/\/hotsmoke.eu\/shop\/heat-not-burn-devices\/hitaste-hi30\/","url":"https:\/\/hotsmoke.eu\/shop\/heat-not-burn-devices\/hitaste-hi30\/","name":"Hitaste HI30 - HotSmoke","isPartOf":{"@id":"https:\/\/hotsmoke.eu\/#website"},"datePublished":"2023-04-19T07:43:37+00:00","dateModified":"2026-04-27T20:38:45+00:00","description":"HiTaste - HI30 Heizzigarettensystem - Heat-not-burn-Zigarette ist das Ergebnis einer Kombination aus Technologie. 30 vollst\u00e4ndige Zyklen von HEETS-Zigaretten.","breadcrumb":{"@id":"https:\/\/hotsmoke.eu\/shop\/heat-not-burn-devices\/hitaste-hi30\/#breadcrumb"},"inLanguage":"de","potentialAction":[{"@type":"ReadAction","target":["https:\/\/hotsmoke.eu\/shop\/heat-not-burn-devices\/hitaste-hi30\/"]}]},{"@type":"BreadcrumbList","@id":"https:\/\/hotsmoke.eu\/shop\/heat-not-burn-devices\/hitaste-hi30\/#breadcrumb","itemListElement":[{"@type":"ListItem","position":1,"name":"Home","item":"https:\/\/hotsmoke.eu\/"},{"@type":"ListItem","position":2,"name":"HeatSticks And Heat Not Burn Store","item":"https:\/\/hotsmoke.eu\/shop\/"},{"@type":"ListItem","position":3,"name":"Hitaste HI30"}]},{"@type":"WebSite","@id":"https:\/\/hotsmoke.eu\/#website","url":"https:\/\/hotsmoke.eu\/","name":"Hei\u00dfer Rauch","description":"Heat Not Burn Heizzigaretten Ger\u00e4te Shop | HotSmoke","publisher":{"@id":"https:\/\/hotsmoke.eu\/#organization"},"alternateName":"hotsmoke","potentialAction":[{"@type":"SearchAction","target":{"@type":"EntryPoint","urlTemplate":"https:\/\/hotsmoke.eu\/?s={search_term_string}"},"query-input":"required name=search_term_string"}],"inLanguage":"de"},{"@type":["Organization","Place","Store"],"@id":"https:\/\/hotsmoke.eu\/#organization","name":"Hei\u00dfer Rauch","alternateName":"Hot Smoke","url":"https:\/\/hotsmoke.eu\/","logo":{"@id":"https:\/\/hotsmoke.eu\/shop\/heat-not-burn-devices\/hitaste-hi30\/#local-main-organization-logo"},"image":{"@id":"https:\/\/hotsmoke.eu\/shop\/heat-not-burn-devices\/hitaste-hi30\/#local-main-organization-logo"},"sameAs":["https:\/\/www.facebook.com\/hotsmoke.eu","https:\/\/twitter.com\/HotSmokeoffici1"],"publishingPrinciples":"https:\/\/hotsmoke.eu\/heat-not-burn-electronic-cigarettes\/","ownershipFundingInfo":"https:\/\/hotsmoke.eu\/terms-conditions\/","actionableFeedbackPolicy":"https:\/\/hotsmoke.eu\/privacy-policy\/","correctionsPolicy":"https:\/\/hotsmoke.eu\/privacy-policy\/","ethicsPolicy":"https:\/\/hotsmoke.eu\/privacy-policy\/","diversityPolicy":"https:\/\/hotsmoke.eu\/privacy-policy\/","diversityStaffingReport":"https:\/\/hotsmoke.eu\/shipping-warranty\/","address":{"@id":"https:\/\/hotsmoke.eu\/shop\/heat-not-burn-devices\/hitaste-hi30\/#local-main-place-address"},"geo":{"@type":"GeoCoordinates","latitude":"54.8733992","longitude":"23.9492982"},"telephone":["+37068673611"],"openingHoursSpecification":[{"@type":"OpeningHoursSpecification","dayOfWeek":["Monday","Tuesday","Wednesday","Thursday","Friday"],"opens":"10:00","closes":"17:00"},{"@type":"OpeningHoursSpecification","dayOfWeek":["Saturday","Sunday"],"opens":"00:00","closes":"00:00"}],"email":"info@hotsmoke.eu","areaServed":"Lithuania","vatID":"LT100013495416","priceRange":"$$","currenciesAccepted":"Euro","paymentAccepted":"Visa, mastercard"},{"@type":"PostalAddress","@id":"https:\/\/hotsmoke.eu\/shop\/heat-not-burn-devices\/hitaste-hi30\/#local-main-place-address","streetAddress":"L.Ivinskio 18a, L.Ivinskio 18a","addressLocality":"Kaunas","postalCode":"45151","addressRegion":"Lithuania","addressCountry":"LT"},{"@type":"ImageObject","inLanguage":"de","@id":"https:\/\/hotsmoke.eu\/shop\/heat-not-burn-devices\/hitaste-hi30\/#local-main-organization-logo","url":"https:\/\/hotsmoke.eu\/wp-content\/uploads\/2022\/12\/hs_black.svg","contentUrl":"https:\/\/hotsmoke.eu\/wp-content\/uploads\/2022\/12\/hs_black.svg","caption":"HotSmoke"}]},"geo.placename":"Kaunas","geo.position":{"lat":"54.8733992","long":"23.9492982"},"geo.region":"Litauen"},"_links":{"self":[{"href":"https:\/\/hotsmoke.eu\/de\/wp-json\/wp\/v2\/product\/12781","targetHints":{"allow":["GET"]}}],"collection":[{"href":"https:\/\/hotsmoke.eu\/de\/wp-json\/wp\/v2\/product"}],"about":[{"href":"https:\/\/hotsmoke.eu\/de\/wp-json\/wp\/v2\/types\/product"}],"replies":[{"embeddable":true,"href":"https:\/\/hotsmoke.eu\/de\/wp-json\/wp\/v2\/comments?post=12781"}],"wp:featuredmedia":[{"embeddable":true,"href":"https:\/\/hotsmoke.eu\/de\/wp-json\/wp\/v2\/media\/12784"}],"wp:attachment":[{"href":"https:\/\/hotsmoke.eu\/de\/wp-json\/wp\/v2\/media?parent=12781"}],"wp:term":[{"taxonomy":"product_cat","embeddable":true,"href":"https:\/\/hotsmoke.eu\/de\/wp-json\/wp\/v2\/product_cat?post=12781"},{"taxonomy":"product_tag","embeddable":true,"href":"https:\/\/hotsmoke.eu\/de\/wp-json\/wp\/v2\/product_tag?post=12781"}],"curies":[{"name":"wp","href":"https:\/\/api.w.org\/{rel}","templated":true}]}}