{"id":625,"date":"2021-06-02T19:22:24","date_gmt":"2021-06-02T19:22:24","guid":{"rendered":"https:\/\/hotsmoke.eu\/?page_id=625"},"modified":"2023-07-28T09:18:55","modified_gmt":"2023-07-28T09:18:55","slug":"healcier-heatsticks-zigaretten","status":"publish","type":"page","link":"https:\/\/hotsmoke.eu\/de\/healcier-heatsticks-cigarettes\/","title":{"rendered":"Healcier Heatsticks Zigaretten"},"content":{"rendered":"<p>Healcier Zigaretten \u2013 Analoge Heets Zigaretten (erhitzen statt verbrennen, Heizzigaretten). Zigaretten sind organische nikotinfreie und tabakfreie Produkte. Ihr gr\u00f6\u00dfter Vorteil ist, dass diese Produkte v\u00f6llig ungiftig sind und keine Passivrauchsch\u00e4den am K\u00f6rper verursachen. Healcier Heizzigaretten sorgen f\u00fcr ein erfrischendes Mundgef\u00fchl.<\/p>\n\n\n\n<p>Healcier Heatsticks \u2013 Es handelt sich um hochwertige, in Japan patentierte Heizst\u00e4bchen, die feinste Zutaten aus Kr\u00e4utern (ohne Chemikalien) verwenden, um einen k\u00f6stlichen und wunderbaren Rauch zu erzeugen. Healcier-Zigaretten unterscheiden sich von Heets-Zigaretten dadurch, dass Healcier-Zigaretten weder Nikotin noch Tabak enthalten. Diese Zigaretten sind f\u00fcr diejenigen gedacht, die mit dem Rauchen aufh\u00f6ren oder ganz damit aufh\u00f6ren wollen.<\/p>\n\n\n\n<ul class=\"wp-block-list\">\n<li>Healcier-Zigaretten in unserem Gesch\u00e4ft.<\/li>\n\n\n\n<li>Healcier Heasticks Sie k\u00f6nnen unseren Laden finden, kaufen Sie jetzt!<\/li>\n\n\n\n<li>Diese Sticks k\u00f6nnen nur mit allen HET-Ger\u00e4ten verwendet werden: IQOS, HITASTE, QOQ, KAMRY und anderen HET-Systemen.<\/li>\n<\/ul>\n\n\n\n<p>Mehr \u00fcber ges\u00fcndere Heatsticks finden Sie: <a href=\"http:\/\/www.healcier.com\" target=\"_blank\" rel=\"noreferrer noopener\">www.healcier.com<\/a> <\/p>","protected":false},"excerpt":{"rendered":"<p>Healcier Cigarettes &#8211; Analog Heets Cigarettes (heat not burn heating cigarettes). Cigarettes are organic nicotine free and tobacco free products. [&hellip;]<\/p>\n","protected":false},"author":17,"featured_media":0,"parent":0,"menu_order":0,"comment_status":"closed","ping_status":"closed","template":"","meta":{"inline_featured_image":false,"footnotes":""},"class_list":["post-625","page","type-page","status-publish","hentry"],"acf":[],"yoast_head":"<!-- This site is optimized with the Yoast SEO Premium plugin v20.11 (Yoast SEO v20.11) - https:\/\/yoast.com\/wordpress\/plugins\/seo\/ -->\n<title>Healcier Heatsticks cigarettes - HotSmoke<\/title>\n<meta name=\"description\" content=\"Healcier Heatsticks cigarettes \u00b7 Healcier Cigarettes - Analog Heets Cigarettes heat not burn heating cigarettes cigarette smoking cigarettes\" \/>\n<meta name=\"robots\" content=\"index, follow, max-snippet:-1, max-image-preview:large, max-video-preview:-1\" \/>\n<link rel=\"canonical\" href=\"https:\/\/hotsmoke.eu\/de\/healcier-heatsticks-zigaretten\/\" \/>\n<meta property=\"og:locale\" content=\"de_DE\" \/>\n<meta property=\"og:type\" content=\"article\" \/>\n<meta property=\"og:title\" content=\"Healcier Heatsticks cigarettes\" \/>\n<meta property=\"og:description\" content=\"Healcier Cigarettes - Analog Heets Cigarettes (heat not burn heating cigarettes). Cigarettes are organic nicotine free and tobacco free products. Their\" \/>\n<meta property=\"og:url\" content=\"https:\/\/hotsmoke.eu\/de\/healcier-heatsticks-zigaretten\/\" \/>\n<meta property=\"og:site_name\" content=\"HotSmoke\" \/>\n<meta property=\"article:publisher\" content=\"https:\/\/www.facebook.com\/hotsmoke.eu\" \/>\n<meta property=\"article:modified_time\" content=\"2023-07-28T09:18:55+00:00\" \/>\n<meta property=\"og:image\" content=\"https:\/\/hotsmoke.eu\/wp-content\/uploads\/2024\/04\/heatsticks-hotsmoke.eu_.webp\" \/>\n\t<meta property=\"og:image:width\" content=\"350\" \/>\n\t<meta property=\"og:image:height\" content=\"350\" \/>\n\t<meta property=\"og:image:type\" content=\"image\/webp\" \/>\n<meta name=\"twitter:card\" content=\"summary_large_image\" \/>\n<meta name=\"twitter:site\" content=\"@HotSmokeoffici1\" \/>\n<meta name=\"twitter:label1\" content=\"Gesch\u00e4tzte Lesezeit\" \/>\n\t<meta name=\"twitter:data1\" content=\"1\u00a0Minute\" \/>\n<script type=\"application\/ld+json\" class=\"yoast-schema-graph\">{\"@context\":\"https:\/\/schema.org\",\"@graph\":[{\"@type\":\"WebPage\",\"@id\":\"https:\/\/hotsmoke.eu\/healcier-heatsticks-cigarettes\/\",\"url\":\"https:\/\/hotsmoke.eu\/healcier-heatsticks-cigarettes\/\",\"name\":\"Healcier Heatsticks cigarettes - HotSmoke\",\"isPartOf\":{\"@id\":\"https:\/\/hotsmoke.eu\/#website\"},\"datePublished\":\"2021-06-02T19:22:24+00:00\",\"dateModified\":\"2023-07-28T09:18:55+00:00\",\"description\":\"Healcier Heatsticks cigarettes \u00b7 Healcier Cigarettes - Analog Heets Cigarettes heat not burn heating cigarettes cigarette smoking cigarettes\",\"breadcrumb\":{\"@id\":\"https:\/\/hotsmoke.eu\/healcier-heatsticks-cigarettes\/#breadcrumb\"},\"inLanguage\":\"de\",\"potentialAction\":[{\"@type\":\"ReadAction\",\"target\":[\"https:\/\/hotsmoke.eu\/healcier-heatsticks-cigarettes\/\"]}]},{\"@type\":\"BreadcrumbList\",\"@id\":\"https:\/\/hotsmoke.eu\/healcier-heatsticks-cigarettes\/#breadcrumb\",\"itemListElement\":[{\"@type\":\"ListItem\",\"position\":1,\"name\":\"Home\",\"item\":\"https:\/\/hotsmoke.eu\/\"},{\"@type\":\"ListItem\",\"position\":2,\"name\":\"Healcier Heatsticks cigarettes\"}]},{\"@type\":\"WebSite\",\"@id\":\"https:\/\/hotsmoke.eu\/#website\",\"url\":\"https:\/\/hotsmoke.eu\/\",\"name\":\"HotSmoke\",\"description\":\"Heat Not Burn Heating Cigarettes Devices Shop | HotSmoke\",\"publisher\":{\"@id\":\"https:\/\/hotsmoke.eu\/#organization\"},\"alternateName\":\"hotsmoke\",\"potentialAction\":[{\"@type\":\"SearchAction\",\"target\":{\"@type\":\"EntryPoint\",\"urlTemplate\":\"https:\/\/hotsmoke.eu\/?s={search_term_string}\"},\"query-input\":\"required name=search_term_string\"}],\"inLanguage\":\"de\"},{\"@type\":[\"Organization\",\"Place\",\"Store\"],\"@id\":\"https:\/\/hotsmoke.eu\/#organization\",\"name\":\"HotSmoke\",\"alternateName\":\"Hot Smoke\",\"url\":\"https:\/\/hotsmoke.eu\/\",\"logo\":{\"@id\":\"https:\/\/hotsmoke.eu\/healcier-heatsticks-cigarettes\/#local-main-organization-logo\"},\"image\":{\"@id\":\"https:\/\/hotsmoke.eu\/healcier-heatsticks-cigarettes\/#local-main-organization-logo\"},\"sameAs\":[\"https:\/\/www.facebook.com\/hotsmoke.eu\",\"https:\/\/twitter.com\/HotSmokeoffici1\"],\"publishingPrinciples\":\"https:\/\/hotsmoke.eu\/heat-not-burn-electronic-cigarettes\/\",\"ownershipFundingInfo\":\"https:\/\/hotsmoke.eu\/terms-conditions\/\",\"actionableFeedbackPolicy\":\"https:\/\/hotsmoke.eu\/privacy-policy\/\",\"correctionsPolicy\":\"https:\/\/hotsmoke.eu\/privacy-policy\/\",\"ethicsPolicy\":\"https:\/\/hotsmoke.eu\/privacy-policy\/\",\"diversityPolicy\":\"https:\/\/hotsmoke.eu\/privacy-policy\/\",\"diversityStaffingReport\":\"https:\/\/hotsmoke.eu\/shipping-warranty\/\",\"address\":{\"@id\":\"https:\/\/hotsmoke.eu\/healcier-heatsticks-cigarettes\/#local-main-place-address\"},\"geo\":{\"@type\":\"GeoCoordinates\",\"latitude\":\"54.8733992\",\"longitude\":\"23.9492982\"},\"telephone\":[\"+37068673611\"],\"openingHoursSpecification\":[{\"@type\":\"OpeningHoursSpecification\",\"dayOfWeek\":[\"Monday\",\"Tuesday\",\"Wednesday\",\"Thursday\",\"Friday\"],\"opens\":\"10:00\",\"closes\":\"17:00\"},{\"@type\":\"OpeningHoursSpecification\",\"dayOfWeek\":[\"Saturday\",\"Sunday\"],\"opens\":\"00:00\",\"closes\":\"00:00\"}],\"email\":\"info@hotsmoke.eu\",\"areaServed\":\"Lithuania\",\"vatID\":\"LT100013495416\",\"priceRange\":\"$$\",\"currenciesAccepted\":\"Euro\",\"paymentAccepted\":\"Visa, mastercard\"},{\"@type\":\"PostalAddress\",\"@id\":\"https:\/\/hotsmoke.eu\/healcier-heatsticks-cigarettes\/#local-main-place-address\",\"streetAddress\":\"L.Ivinskio 18a, L.Ivinskio 18a\",\"addressLocality\":\"Kaunas\",\"postalCode\":\"45151\",\"addressRegion\":\"Lithuania\",\"addressCountry\":\"LT\"},{\"@type\":\"ImageObject\",\"inLanguage\":\"de\",\"@id\":\"https:\/\/hotsmoke.eu\/healcier-heatsticks-cigarettes\/#local-main-organization-logo\",\"url\":\"https:\/\/hotsmoke.eu\/wp-content\/uploads\/2022\/12\/hs_black.svg\",\"contentUrl\":\"https:\/\/hotsmoke.eu\/wp-content\/uploads\/2022\/12\/hs_black.svg\",\"caption\":\"HotSmoke\"}]}<\/script>\n<meta name=\"geo.placename\" content=\"Kaunas\" \/>\n<meta name=\"geo.position\" content=\"54.8733992;23.9492982\" \/>\n<meta name=\"geo.region\" content=\"Litauen\" \/>\n<!-- \/ Yoast SEO Premium plugin. -->","yoast_head_json":{"title":"Healcier Heatsticks Zigaretten - HotSmoke","description":"Healcier Heatsticks Zigaretten \u00b7 Healcier Zigaretten - Analoge Heets Zigaretten erhitzen nicht brennende Heizzigaretten Zigarettenrauchen Zigaretten","robots":{"index":"index","follow":"follow","max-snippet":"max-snippet:-1","max-image-preview":"max-image-preview:large","max-video-preview":"max-video-preview:-1"},"canonical":"https:\/\/hotsmoke.eu\/de\/healcier-heatsticks-zigaretten\/","og_locale":"de_DE","og_type":"article","og_title":"Healcier Heatsticks cigarettes","og_description":"Healcier Cigarettes - Analog Heets Cigarettes (heat not burn heating cigarettes). Cigarettes are organic nicotine free and tobacco free products. Their","og_url":"https:\/\/hotsmoke.eu\/de\/healcier-heatsticks-zigaretten\/","og_site_name":"HotSmoke","article_publisher":"https:\/\/www.facebook.com\/hotsmoke.eu","article_modified_time":"2023-07-28T09:18:55+00:00","og_image":[{"width":350,"height":350,"url":"https:\/\/hotsmoke.eu\/wp-content\/uploads\/2024\/04\/heatsticks-hotsmoke.eu_.webp","type":"image\/webp"}],"twitter_card":"summary_large_image","twitter_site":"@HotSmokeoffici1","twitter_misc":{"Gesch\u00e4tzte Lesezeit":"1\u00a0Minute"},"schema":{"@context":"https:\/\/schema.org","@graph":[{"@type":"WebPage","@id":"https:\/\/hotsmoke.eu\/healcier-heatsticks-cigarettes\/","url":"https:\/\/hotsmoke.eu\/healcier-heatsticks-cigarettes\/","name":"Healcier Heatsticks Zigaretten - HotSmoke","isPartOf":{"@id":"https:\/\/hotsmoke.eu\/#website"},"datePublished":"2021-06-02T19:22:24+00:00","dateModified":"2023-07-28T09:18:55+00:00","description":"Healcier Heatsticks Zigaretten \u00b7 Healcier Zigaretten - Analoge Heets Zigaretten erhitzen nicht brennende Heizzigaretten Zigarettenrauchen Zigaretten","breadcrumb":{"@id":"https:\/\/hotsmoke.eu\/healcier-heatsticks-cigarettes\/#breadcrumb"},"inLanguage":"de","potentialAction":[{"@type":"ReadAction","target":["https:\/\/hotsmoke.eu\/healcier-heatsticks-cigarettes\/"]}]},{"@type":"BreadcrumbList","@id":"https:\/\/hotsmoke.eu\/healcier-heatsticks-cigarettes\/#breadcrumb","itemListElement":[{"@type":"ListItem","position":1,"name":"Home","item":"https:\/\/hotsmoke.eu\/"},{"@type":"ListItem","position":2,"name":"Healcier Heatsticks cigarettes"}]},{"@type":"WebSite","@id":"https:\/\/hotsmoke.eu\/#website","url":"https:\/\/hotsmoke.eu\/","name":"Hei\u00dfer Rauch","description":"Heat Not Burn Heizzigaretten Ger\u00e4te Shop | HotSmoke","publisher":{"@id":"https:\/\/hotsmoke.eu\/#organization"},"alternateName":"hotsmoke","potentialAction":[{"@type":"SearchAction","target":{"@type":"EntryPoint","urlTemplate":"https:\/\/hotsmoke.eu\/?s={search_term_string}"},"query-input":"required name=search_term_string"}],"inLanguage":"de"},{"@type":["Organization","Place","Store"],"@id":"https:\/\/hotsmoke.eu\/#organization","name":"Hei\u00dfer Rauch","alternateName":"Hot Smoke","url":"https:\/\/hotsmoke.eu\/","logo":{"@id":"https:\/\/hotsmoke.eu\/healcier-heatsticks-cigarettes\/#local-main-organization-logo"},"image":{"@id":"https:\/\/hotsmoke.eu\/healcier-heatsticks-cigarettes\/#local-main-organization-logo"},"sameAs":["https:\/\/www.facebook.com\/hotsmoke.eu","https:\/\/twitter.com\/HotSmokeoffici1"],"publishingPrinciples":"https:\/\/hotsmoke.eu\/heat-not-burn-electronic-cigarettes\/","ownershipFundingInfo":"https:\/\/hotsmoke.eu\/terms-conditions\/","actionableFeedbackPolicy":"https:\/\/hotsmoke.eu\/privacy-policy\/","correctionsPolicy":"https:\/\/hotsmoke.eu\/privacy-policy\/","ethicsPolicy":"https:\/\/hotsmoke.eu\/privacy-policy\/","diversityPolicy":"https:\/\/hotsmoke.eu\/privacy-policy\/","diversityStaffingReport":"https:\/\/hotsmoke.eu\/shipping-warranty\/","address":{"@id":"https:\/\/hotsmoke.eu\/healcier-heatsticks-cigarettes\/#local-main-place-address"},"geo":{"@type":"GeoCoordinates","latitude":"54.8733992","longitude":"23.9492982"},"telephone":["+37068673611"],"openingHoursSpecification":[{"@type":"OpeningHoursSpecification","dayOfWeek":["Monday","Tuesday","Wednesday","Thursday","Friday"],"opens":"10:00","closes":"17:00"},{"@type":"OpeningHoursSpecification","dayOfWeek":["Saturday","Sunday"],"opens":"00:00","closes":"00:00"}],"email":"info@hotsmoke.eu","areaServed":"Lithuania","vatID":"LT100013495416","priceRange":"$$","currenciesAccepted":"Euro","paymentAccepted":"Visa, mastercard"},{"@type":"PostalAddress","@id":"https:\/\/hotsmoke.eu\/healcier-heatsticks-cigarettes\/#local-main-place-address","streetAddress":"L.Ivinskio 18a, L.Ivinskio 18a","addressLocality":"Kaunas","postalCode":"45151","addressRegion":"Lithuania","addressCountry":"LT"},{"@type":"ImageObject","inLanguage":"de","@id":"https:\/\/hotsmoke.eu\/healcier-heatsticks-cigarettes\/#local-main-organization-logo","url":"https:\/\/hotsmoke.eu\/wp-content\/uploads\/2022\/12\/hs_black.svg","contentUrl":"https:\/\/hotsmoke.eu\/wp-content\/uploads\/2022\/12\/hs_black.svg","caption":"HotSmoke"}]},"geo.placename":"Kaunas","geo.position":{"lat":"54.8733992","long":"23.9492982"},"geo.region":"Litauen"},"_links":{"self":[{"href":"https:\/\/hotsmoke.eu\/de\/wp-json\/wp\/v2\/pages\/625","targetHints":{"allow":["GET"]}}],"collection":[{"href":"https:\/\/hotsmoke.eu\/de\/wp-json\/wp\/v2\/pages"}],"about":[{"href":"https:\/\/hotsmoke.eu\/de\/wp-json\/wp\/v2\/types\/page"}],"author":[{"embeddable":true,"href":"https:\/\/hotsmoke.eu\/de\/wp-json\/wp\/v2\/users\/17"}],"replies":[{"embeddable":true,"href":"https:\/\/hotsmoke.eu\/de\/wp-json\/wp\/v2\/comments?post=625"}],"version-history":[{"count":0,"href":"https:\/\/hotsmoke.eu\/de\/wp-json\/wp\/v2\/pages\/625\/revisions"}],"wp:attachment":[{"href":"https:\/\/hotsmoke.eu\/de\/wp-json\/wp\/v2\/media?parent=625"}],"curies":[{"name":"wp","href":"https:\/\/api.w.org\/{rel}","templated":true}]}}